{"id":197,"date":"2021-04-29T13:37:39","date_gmt":"2021-04-29T16:37:39","guid":{"rendered":"https:\/\/wp.ufpel.edu.br\/lgea\/?page_id=197"},"modified":"2021-04-29T15:03:26","modified_gmt":"2021-04-29T18:03:26","slug":"desastres-naturais-em-arambare-rs-creative-commons-atribuicao-4-0-internacional","status":"publish","type":"page","link":"https:\/\/wp.ufpel.edu.br\/lgea\/desastres-naturais-em-arambare-rs-creative-commons-atribuicao-4-0-internacional\/","title":{"rendered":"Licen\u00e7a &#8211; Creative Commons &#8211; Atribui\u00e7\u00e3o 4.0 Internacional"},"content":{"rendered":"<p>Geotecnologias aplicadas \u00e0s Ci\u00eancias Ambientais\u00a0de\u00a0<a href=\"https:\/\/wp.ufpel.edu.br\/lgea\/livros\/\" rel=\"cc:attributionURL\">Diuliana Leandro<\/a>\u00a0est\u00e1 licenciado com uma Licen\u00e7a\u00a0<a href=\"http:\/\/creativecommons.org\/licenses\/by\/4.0\/\" rel=\"license\">Creative Commons &#8211; Atribui\u00e7\u00e3o 4.0 Internacional<\/a>.<br \/>\nBaseado no trabalho dispon\u00edvel em\u00a0<a href=\"https:\/\/wp.ufpel.edu.br\/lgea\/files\/2021\/04\/Geotecnologias-aplicadas-as-Ciencias-Ambientais_Volume1.pdf\" rel=\"dct:source\">https:\/\/wp.ufpel.edu.br\/lgea\/files\/2021\/04\/Geotecnologias-aplicadas-as-Ciencias-Ambientais_Volume1.pdf<\/a>.<br \/>\nPodem estar dispon\u00edveis autoriza\u00e7\u00f5es adicionais \u00e0s concedidas no \u00e2mbito desta licen\u00e7a em\u00a0<a href=\"https:\/\/wp.ufpel.edu.br\/lgea\/livros\/\" rel=\"cc:morePermissions\">https:\/\/wp.ufpel.edu.br\/lgea\/livros\/<\/a>.<\/p>\n<p>&nbsp;<\/p>\n<p>&nbsp;<\/p>\n<p><span style=\"font-size: 12pt\">DESASTRES NATURAIS EM ARAMBAR\u00c9-RS. COLE\u00c7\u00c3O DIAGN\u00d3STICO DOS DESASTRES NATURAIS NA METADE SUL DO RIO GRANDE DO SUL\u00a0de\u00a0<a href=\"https:\/\/wp.ufpel.edu.br\/lgea\" rel=\"cc:attributionURL\">Diuliana Leandro, Maurizio Silveira Quadro, Denise dos Santos Vieira, Larissa Aldrigh da Silva, Lismara Carvalho Marques, Everton Rodrigues Zirbes, Melory Maria Fernandes de Araujo, Gabriela Ponzi, Leticia Brandao Caldas, Vinicius D\u2019Avila Duarte, Andr\u00e9a Souza Castro<\/a>\u00a0est\u00e1 licenciado com uma Licen\u00e7a\u00a0<a href=\"http:\/\/creativecommons.org\/licenses\/by\/4.0\/\" rel=\"license\">Creative Commons &#8211; Atribui\u00e7\u00e3o 4.0 Internacional<\/a>.<\/span><br \/>\n<span style=\"font-size: 12pt\">Baseado no trabalho dispon\u00edvel em<a href=\"https:\/\/wp.ufpel.edu.br\/lgea\/files\/2021\/04\/Livro-DESASTRES-NATURAIS-EM-ARAMBARE-RS.pdf\">\u00a0<\/a><a href=\"https:\/\/wp.ufpel.edu.br\/lgea\/files\/2021\/04\/Livro-DESASTRES-NATURAIS-EM-ARAMBARE-RS.pdf\" rel=\"dct:source\">https:\/\/wp.ufpel.edu.br\/lgea\/files\/2021\/04\/Livro-DESASTRES-NATURAIS-EM-ARAMBARE-RS-1.pdf<\/a>.<\/span><br \/>\n<span style=\"font-size: 12pt\">Podem estar dispon\u00edveis autoriza\u00e7\u00f5es adicionais \u00e0s concedidas no \u00e2mbito desta licen\u00e7a em\u00a0<a href=\"https:\/\/wp.ufpel.edu.br\/lgea\" rel=\"cc:morePermissions\">https:\/\/wp.ufpel.edu.br\/lgea<\/a>.<\/span><\/p>\n<p>&nbsp;<\/p>\n<p>&lt;a rel=&#8221;license&#8221; href=&#8221;http:\/\/creativecommons.org\/licenses\/by\/4.0\/&#8221;&gt;&lt;img alt=&#8221;Licen\u00e7a Creative Commons&#8221; style=&#8221;border-width:0&#8243; src=&#8221;https:\/\/i.creativecommons.org\/l\/by\/4.0\/80&#215;15.png&#8221; \/&gt;&lt;\/a&gt;&lt;br \/&gt;&lt;span xmlns:dct=&#8221;http:\/\/purl.org\/dc\/terms\/&#8221; property=&#8221;dct:title&#8221;&gt;Geotecnologias aplicadas \u00e0s Ci\u00eancias Ambientais&lt;\/span&gt; de &lt;a xmlns:cc=&#8221;http:\/\/creativecommons.org\/ns#&#8221; href=&#8221;https:\/\/wp.ufpel.edu.br\/lgea\/livros\/&#8221; property=&#8221;cc:attributionName&#8221; rel=&#8221;cc:attributionURL&#8221;&gt;Diuliana Leandro&lt;\/a&gt; est\u00e1 licenciado com uma Licen\u00e7a &lt;a rel=&#8221;license&#8221; href=&#8221;http:\/\/creativecommons.org\/licenses\/by\/4.0\/&#8221;&gt;Creative Commons &#8211; Atribui\u00e7\u00e3o 4.0 Internacional&lt;\/a&gt;.&lt;br \/&gt;Baseado no trabalho dispon\u00edvel em &lt;a xmlns:dct=&#8221;http:\/\/purl.org\/dc\/terms\/&#8221; href=&#8221;https:\/\/wp.ufpel.edu.br\/lgea\/files\/2021\/04\/Geotecnologias-aplicadas-as-Ciencias-Ambientais_Volume1_Leandro_2021.pdf&#8221;\u00a0 rel=&#8221;dct:source&#8221;&gt;https:\/\/wp.ufpel.edu.br\/lgea\/files\/2021\/04\/Geotecnologias-aplicadas-as-Ciencias-Ambientais_Volume1.pdf&lt;\/a&gt;.&lt;br \/&gt;Podem estar dispon\u00edveis autoriza\u00e7\u00f5es adicionais \u00e0s concedidas no \u00e2mbito desta licen\u00e7a em &lt;a xmlns:cc=&#8221;http:\/\/creativecommons.org\/ns#&#8221; href=&#8221;https:\/\/wp.ufpel.edu.br\/lgea\/livros\/&#8221; rel=&#8221;cc:morePermissions&#8221;&gt;https:\/\/wp.ufpel.edu.br\/lgea\/livros\/&lt;\/a&gt;.<\/p>\n<p>&nbsp;<\/p>\n<p>&lt;a rel=&#8221;license&#8221; href=&#8221;http:\/\/creativecommons.org\/licenses\/by\/4.0\/&#8221;&gt;&lt;img alt=&#8221;Licen\u00e7a Creative Commons&#8221; style=&#8221;border-width:0&#8243; src=&#8221;https:\/\/i.creativecommons.org\/l\/by\/4.0\/88&#215;31.png&#8221; \/&gt;&lt;\/a&gt;&lt;br \/&gt;&lt;span xmlns:dct=&#8221;http:\/\/purl.org\/dc\/terms\/&#8221; property=&#8221;dct:title&#8221;&gt;DESASTRES NATURAIS EM ARAMBAR\u00c9-RS. COLE\u00c7\u00c3O DIAGN\u00d3STICO DOS DESASTRES NATURAIS NA METADE SUL DO RIO GRANDE DO SUL&lt;\/span&gt; de &lt;a xmlns:cc=&#8221;http:\/\/creativecommons.org\/ns#&#8221; href=&#8221;https:\/\/wp.ufpel.edu.br\/lgea&#8221; property=&#8221;cc:attributionName&#8221; rel=&#8221;cc:attributionURL&#8221;&gt;Diuliana Leandro, Maurizio Silveira Quadro, Denise dos Santos Vieira, Larissa Aldrigh da Silva, Lismara Carvalho Marques, Everton Rodrigues Zirbes, Melory Maria Fernandes de Araujo, Gabriela Ponzi, Leticia Brandao Caldas, Vinicius D\u2019Avila Duarte, Andr\u00e9a Souza Castro&lt;\/a&gt; est\u00e1 licenciado com uma Licen\u00e7a &lt;a rel=&#8221;license&#8221; href=&#8221;http:\/\/creativecommons.org\/licenses\/by\/4.0\/&#8221;&gt;Creative Commons &#8211; Atribui\u00e7\u00e3o 4.0 Internacional&lt;\/a&gt;.&lt;br \/&gt;Baseado no trabalho dispon\u00edvel em &lt;a xmlns:dct=&#8221;http:\/\/purl.org\/dc\/terms\/&#8221; href=&#8221;https:\/\/wp.ufpel.edu.br\/lgea\/files\/2021\/04\/Livro-DESASTRES-NATURAIS-EM-ARAMBARE-RS.pdf&#8221; rel=&#8221;dct:source&#8221;&gt;<a href=\"https:\/\/wp.ufpel.edu.br\/lgea\/files\/2021\/04\/Livro-DESASTRES-NATURAIS-EM-ARAMBARE-RS.pdf\">https:\/\/wp.ufpel.edu.br\/lgea\/files\/2021\/04\/Livro-DESASTRES-NATURAIS-EM-ARAMBARE-RS.pd<\/a>f&lt;\/a&gt;.&lt;br \/&gt;Podem estar dispon\u00edveis autoriza\u00e7\u00f5es adicionais \u00e0s concedidas no \u00e2mbito desta licen\u00e7a em &lt;a xmlns:cc=&#8221;http:\/\/creativecommons.org\/ns#&#8221; href=&#8221;https:\/\/wp.ufpel.edu.br\/lgea&#8221; rel=&#8221;cc:morePermissions&#8221;&gt;https:\/\/wp.ufpel.edu.br\/lgea&lt;\/a&gt;.<\/p>\n","protected":false},"excerpt":{"rendered":"<p>Geotecnologias aplicadas \u00e0s Ci\u00eancias Ambientais\u00a0de\u00a0Diuliana Leandro\u00a0est\u00e1 licenciado com uma Licen\u00e7a\u00a0Creative Commons &#8211; Atribui\u00e7\u00e3o 4.0 Internacional. Baseado no trabalho dispon\u00edvel em\u00a0https:\/\/wp.ufpel.edu.br\/lgea\/files\/2021\/04\/Geotecnologias-aplicadas-as-Ciencias-Ambientais_Volume1.pdf. Podem estar dispon\u00edveis autoriza\u00e7\u00f5es adicionais \u00e0s concedidas no \u00e2mbito desta licen\u00e7a em\u00a0https:\/\/wp.ufpel.edu.br\/lgea\/livros\/. &nbsp; &nbsp; DESASTRES NATURAIS EM ARAMBAR\u00c9-RS. COLE\u00c7\u00c3O DIAGN\u00d3STICO DOS DESASTRES NATURAIS NA METADE SUL DO RIO GRANDE DO SUL\u00a0de\u00a0Diuliana Leandro, Maurizio Silveira Quadro, [&hellip;]<\/p>\n","protected":false},"author":992,"featured_media":0,"parent":0,"menu_order":0,"comment_status":"closed","ping_status":"closed","template":"","meta":{"footnotes":""},"class_list":["post-197","page","type-page","status-publish","hentry"],"_links":{"self":[{"href":"https:\/\/wp.ufpel.edu.br\/lgea\/wp-json\/wp\/v2\/pages\/197","targetHints":{"allow":["GET"]}}],"collection":[{"href":"https:\/\/wp.ufpel.edu.br\/lgea\/wp-json\/wp\/v2\/pages"}],"about":[{"href":"https:\/\/wp.ufpel.edu.br\/lgea\/wp-json\/wp\/v2\/types\/page"}],"author":[{"embeddable":true,"href":"https:\/\/wp.ufpel.edu.br\/lgea\/wp-json\/wp\/v2\/users\/992"}],"replies":[{"embeddable":true,"href":"https:\/\/wp.ufpel.edu.br\/lgea\/wp-json\/wp\/v2\/comments?post=197"}],"version-history":[{"count":6,"href":"https:\/\/wp.ufpel.edu.br\/lgea\/wp-json\/wp\/v2\/pages\/197\/revisions"}],"predecessor-version":[{"id":221,"href":"https:\/\/wp.ufpel.edu.br\/lgea\/wp-json\/wp\/v2\/pages\/197\/revisions\/221"}],"wp:attachment":[{"href":"https:\/\/wp.ufpel.edu.br\/lgea\/wp-json\/wp\/v2\/media?parent=197"}],"curies":[{"name":"wp","href":"https:\/\/api.w.org\/{rel}","templated":true}]}}