{"id":141,"date":"2021-03-27T15:22:25","date_gmt":"2021-03-27T18:22:25","guid":{"rendered":"https:\/\/wp.ufpel.edu.br\/lgea\/?page_id=141"},"modified":"2026-02-14T20:42:56","modified_gmt":"2026-02-14T23:42:56","slug":"nosso-grupo","status":"publish","type":"page","link":"https:\/\/wp.ufpel.edu.br\/lgea\/nosso-grupo\/","title":{"rendered":"Nosso Grupo"},"content":{"rendered":"<p>O LGEA \u00e9 composto por uma rede de professores, alunos de IC, IT e extens\u00e3o, e colaboradores<\/p>\n<p>&nbsp;<\/p>\n<p><strong><img class=\"wp-image-2208 alignleft\" src=\"https:\/\/wp.ufpel.edu.br\/ppgcamb\/files\/2021\/01\/73381318_10219733942249427_32062652419145728_o.jpg\" alt=\"\" width=\"136\" height=\"181\" \/><\/strong><\/p>\n<p>&nbsp;<\/p>\n<p><strong>Diuliana Leandro<\/strong><\/p>\n<p>diuliana.leandro@gmail.com<\/p>\n<p><a href=\"http:\/\/buscatextual.cnpq.br\/buscatextual\/visualizacv.do?id=K4243548T1\" target=\"_blank\" rel=\"noopener noreferrer\">Curr\u00edculo<\/a><\/p>\n<p>Coordenadora<\/p>\n<p>&nbsp;<\/p>\n<p><img class=\"wp-image-202 alignleft\" src=\"https:\/\/wp.ufpel.edu.br\/ppgcamb\/files\/2016\/11\/andrea-283x318.png\" alt=\"andrea\" width=\"136\" height=\"153\" \/><\/p>\n<p><strong>Andr\u00e9a Souza Castro<\/strong><\/p>\n<p>andreascastro@gmail.com<\/p>\n<p><a href=\"http:\/\/buscatextual.cnpq.br\/buscatextual\/visualizacv.do?id=K4770495Z1\" target=\"_blank\" rel=\"noopener noreferrer\">Curr\u00edculo<\/a><\/p>\n<p>Coordenadora adjunta<\/p>\n<p>&nbsp;<\/p>\n<p><strong><img class=\" wp-image-294 alignleft\" src=\"https:\/\/wp.ufpel.edu.br\/ppgcamb\/files\/2016\/12\/maurizio-275x318.png\" alt=\"maurizio\" width=\"144\" height=\"167\" \/><\/strong><\/p>\n<p><strong>Maurizio Silveira Quadro<\/strong><\/p>\n<p>mausq@hotmail.com<\/p>\n<p><a href=\"http:\/\/buscatextual.cnpq.br\/buscatextual\/visualizacv.do?id=K4775497J6\">Curr\u00edculo<\/a><\/p>\n<p>&nbsp;<\/p>\n<p>&nbsp;<\/p>\n<p>&nbsp;<\/p>\n<p>&nbsp;<\/p>\n<h2><strong>Doutorandos<\/strong><\/h2>\n<p>&nbsp;<\/p>\n<p><img class=\"wp-image-409 alignleft\" src=\"https:\/\/wp.ufpel.edu.br\/lgea\/files\/2026\/02\/1000407611-362x400.jpg\" alt=\"\" width=\"169\" height=\"186\" srcset=\"https:\/\/wp.ufpel.edu.br\/lgea\/files\/2026\/02\/1000407611-362x400.jpg 362w, https:\/\/wp.ufpel.edu.br\/lgea\/files\/2026\/02\/1000407611-926x1024.jpg 926w, https:\/\/wp.ufpel.edu.br\/lgea\/files\/2026\/02\/1000407611-768x849.jpg 768w, https:\/\/wp.ufpel.edu.br\/lgea\/files\/2026\/02\/1000407611-1389x1536.jpg 1389w, https:\/\/wp.ufpel.edu.br\/lgea\/files\/2026\/02\/1000407611.jpg 1447w\" sizes=\"(max-width: 169px) 100vw, 169px\" \/><\/p>\n<p><strong>Larissa Aldrighi da Silva<\/strong><\/p>\n<p>Doutoranda em Ci\u00eancias Ambientais (UFPEL)<\/p>\n<p>larissa.aldrighi@gmail.com<\/p>\n<p><a href=\"http:\/\/lattes.cnpq.br\/1786513412610267\">Lattes<\/a><\/p>\n<p>&nbsp;<\/p>\n<p>&nbsp;<\/p>\n<p><strong><img class=\"alignleft wp-image-149\" src=\"https:\/\/wp.ufpel.edu.br\/lgea\/files\/2021\/03\/19420883_1175963709175359_3560673962028160589_n-400x400.jpg\" alt=\"\" width=\"169\" height=\"169\" srcset=\"https:\/\/wp.ufpel.edu.br\/lgea\/files\/2021\/03\/19420883_1175963709175359_3560673962028160589_n-400x400.jpg 400w, https:\/\/wp.ufpel.edu.br\/lgea\/files\/2021\/03\/19420883_1175963709175359_3560673962028160589_n-200x200.jpg 200w, https:\/\/wp.ufpel.edu.br\/lgea\/files\/2021\/03\/19420883_1175963709175359_3560673962028160589_n.jpg 661w\" sizes=\"(max-width: 169px) 100vw, 169px\" \/><\/strong><\/p>\n<p>&nbsp;<\/p>\n<p><strong>Everton Rodrigues Zirbes<\/strong><\/p>\n<p>Doutorando em Ci\u00eancias Ambientais (UFPEL)<\/p>\n<p>&nbsp;<\/p>\n<p>&nbsp;<\/p>\n<p>&nbsp;<\/p>\n<h2><strong>Mestres<\/strong><\/h2>\n<p><img class=\"alignleft\" src=\"http:\/\/servicosweb.cnpq.br\/wspessoa\/servletrecuperafoto?tipo=1&amp;id=K1194692Y9\" alt=\"Foto\" width=\"161\" height=\"194\" \/><\/p>\n<p>&nbsp;<\/p>\n<p><strong>Luciano Martins Tavares<\/strong><\/p>\n<p>Mestrando em Ci\u00eancias Ambientais (UFPEL)<\/p>\n<p>rstchemartins@gmail.com<\/p>\n<p><a href=\"http:\/\/lattes.cnpq.br\/2868359826117417\">Lattes<\/a><\/p>\n<p>&nbsp;<\/p>\n<p><img class=\"alignleft\" src=\"https:\/\/mail.google.com\/mail\/u\/0?ui=2&amp;ik=eff8a6f455&amp;attid=0.1&amp;permmsgid=msg-a:r8289239414147356625&amp;th=19c586edaf8d5860&amp;view=fimg&amp;fur=ip&amp;permmsgid=msg-a:r8289239414147356625&amp;sz=s0-l75-ft&amp;attbid=ANGjdJ9fludh3ysLu5ShCJDCsbXpLmNoAQ3-aJZZrj30Ktw4It4xP6o2Q_PYBKLCQdAa9TebwfzVWO-zpIhkNeE4uTs-gas5VN1zk1Bq6usrz6uA9obipMDPDEsjr-I&amp;disp=emb&amp;realattid=ii_19c586ec111918777ac1&amp;zw\" width=\"164\" height=\"218\" \/><\/p>\n<p>&nbsp;<\/p>\n<p><strong>T\u00e1ssia Parada Sampaio<\/strong><\/p>\n<p>Mestranda em Ci\u00eancias Ambientais (UFPEL)<\/p>\n<p><span style=\"font-weight: 400;\">tssiap.sampaio@gmail.com<\/span><\/p>\n<p><a href=\"http:\/\/lattes.cnpq.br\/8345169054935532\">Lattes<\/a><\/p>\n<p>&nbsp;<\/p>\n<p>&nbsp;<\/p>\n<p><img class=\"alignleft\" src=\"https:\/\/media.licdn.com\/dms\/image\/v2\/D4D03AQE80xqoHJ7kGQ\/profile-displayphoto-shrink_400_400\/B4DZi_bqc4GgAg-\/0\/1755558358473?e=1772668800&amp;v=beta&amp;t=83ClcAJu3SvSJyZnLzI9wojhJsDd7B7rAY6M6Ex-tNo\" alt=\"Tainara Goulart Corr\u00eaa\" width=\"169\" height=\"169\" \/><\/p>\n<p><strong>Tainara Goulart Corr\u00eaa<\/strong><\/p>\n<p>M.Sc. em C\u00eancias Ambientais (UFPEL)<\/p>\n<p><a class=\"qpvyUCpSNscGMOZQVBUhHmCgWhAQHsn link-without-visited-state t-14\" href=\"mailto:tainaragoulart15@gmail.com\" target=\"_blank\" rel=\"noopener noreferrer\">tainaragoulart15@gmail.com<\/a><\/p>\n<p><a href=\"http:\/\/lattes.cnpq.br\/2283640981198829\">Lattes<\/a><\/p>\n<p>&nbsp;<\/p>\n<h2><strong>ICs e ITs<\/strong><\/h2>\n<p><img class=\" wp-image-410 alignleft\" src=\"https:\/\/wp.ufpel.edu.br\/lgea\/files\/2026\/02\/1000407614-267x400.jpg\" alt=\"\" width=\"152\" height=\"228\" srcset=\"https:\/\/wp.ufpel.edu.br\/lgea\/files\/2026\/02\/1000407614-267x400.jpg 267w, https:\/\/wp.ufpel.edu.br\/lgea\/files\/2026\/02\/1000407614-682x1024.jpg 682w, https:\/\/wp.ufpel.edu.br\/lgea\/files\/2026\/02\/1000407614-768x1152.jpg 768w, https:\/\/wp.ufpel.edu.br\/lgea\/files\/2026\/02\/1000407614-1024x1536.jpg 1024w, https:\/\/wp.ufpel.edu.br\/lgea\/files\/2026\/02\/1000407614-1365x2048.jpg 1365w, https:\/\/wp.ufpel.edu.br\/lgea\/files\/2026\/02\/1000407614.jpg 1706w\" sizes=\"(max-width: 152px) 100vw, 152px\" \/><\/p>\n<p>&nbsp;<\/p>\n<p><strong>Carolina Moraes de Souza<\/strong><\/p>\n<p>Graduanda de Engenharia Ambiental e Sanit\u00e1ria (UFPEL)<\/p>\n<p>moraescarolinaeas@gmail.com<\/p>\n<p><a href=\"http:\/\/lattes.cnpq.br\/7679949178160402\">Lattes<\/a><\/p>\n<p>&nbsp;<\/p>\n<p>&nbsp;<\/p>\n<p><img class=\"alignleft\" src=\"https:\/\/media.licdn.com\/dms\/image\/v2\/D4D03AQGsJ7gUXK4LCw\/profile-displayphoto-scale_400_400\/B4DZeVmsP9GkAg-\/0\/1750561637986?e=1772668800&amp;v=beta&amp;t=pHuCG2xjL2JKk-ain7SEV1OJdHYokVxClK2_lO3ohgs\" alt=\"Marcela Plamer Larrossa\" width=\"177\" height=\"177\" \/><\/p>\n<p>&nbsp;<\/p>\n<p>Marcela Plamer Larrossa<\/p>\n<p>Graduanda de Engenharia Ambiental e Sanit\u00e1ria (UFPEL)<\/p>\n<p><span style=\"font-weight: 400;\">marcelalarrossa947@gmail.com<\/span><\/p>\n<p><a href=\"http:\/\/lattes.cnpq.br\/8827027206627812\">Lattes<\/a><\/p>\n<p>&nbsp;<\/p>\n<p><img class=\"alignleft\" src=\"https:\/\/media.licdn.com\/dms\/image\/v2\/D4D03AQFJqNBhHY9lIQ\/profile-displayphoto-shrink_400_400\/B4DZcWscfXGgAg-\/0\/1748432440230?e=1772668800&amp;v=beta&amp;t=GcUjJIeYi3nazNiiSvqyimajSBqEFgk2gv2ESeZaXF0\" alt=\"Wesley Farias Pereira\" width=\"173\" height=\"173\" \/><\/p>\n<p>&nbsp;<\/p>\n<p><strong>Wesley Farias Pereira<\/strong><\/p>\n<p>Graduando em Engenharia Ambiental e Sant\u00e1ria (UFPEL)<\/p>\n<p>eng.wesleyfariaspereira@gmail.com<\/p>\n<p><a href=\"http:\/\/lattes.cnpq.br\/4254478867630130\">Lattes<\/a><\/p>\n<p>&nbsp;<\/p>\n<p>&nbsp;<\/p>\n<p>&nbsp;<\/p>\n<h2><strong>Colaboradores<\/strong><\/h2>\n<p>&nbsp;<\/p>\n<p><strong><img class=\"alignleft wp-image-145\" src=\"https:\/\/wp.ufpel.edu.br\/lgea\/files\/2021\/03\/denise.png\" alt=\"\" width=\"150\" height=\"206\" \/><\/strong><\/p>\n<p>&nbsp;<\/p>\n<p><strong>Denise dos Santos Vieira<\/strong><\/p>\n<p>Mestre em Ci\u00eancias Ambientais<\/p>\n<p>Doutoranda em Recursos H\u00eddricos<\/p>\n<p>&nbsp;<\/p>\n<p>&nbsp;<\/p>\n<p>&nbsp;<\/p>\n<p><img class=\"wp-image-174 alignleft\" src=\"https:\/\/wp.ufpel.edu.br\/lgea\/files\/2021\/03\/luana-e1617049877429-333x400.gif\" alt=\"\" width=\"150\" height=\"180\" \/><\/p>\n<div class=\"infpessoa\"><\/div>\n<p><strong>Luana Nunes Centeno<\/strong><\/p>\n<p>Dra. em Recursos H\u00eddricos (UFPEL)<\/p>\n<p>&nbsp;<\/p>\n<p>&nbsp;<\/p>\n<p><strong>\u00a0<\/strong><\/p>\n<p><strong><img class=\"alignleft wp-image-148\" src=\"https:\/\/wp.ufpel.edu.br\/lgea\/files\/2021\/03\/meloty-369x400.png\" alt=\"\" width=\"150\" height=\"163\" srcset=\"https:\/\/wp.ufpel.edu.br\/lgea\/files\/2021\/03\/meloty-369x400.png 369w, https:\/\/wp.ufpel.edu.br\/lgea\/files\/2021\/03\/meloty.png 450w\" sizes=\"(max-width: 150px) 100vw, 150px\" \/><\/strong><\/p>\n<p>&nbsp;<\/p>\n<p><strong>Melory Maria Fernandes de Araujo<\/strong><\/p>\n<p>Dra. em em Manejo e Conserva\u00e7\u00e3o do Solo e da \u00c1gua<\/p>\n<p>M.Sc. em Engenharia Oce\u00e2nica pela\u00a0 (FURG).<\/p>\n<p>Engenheira H\u00eddrica (UFPEL)<\/p>\n<p>&nbsp;<\/p>\n<p>&nbsp;<\/p>\n<p><strong><img class=\"alignleft wp-image-151\" src=\"https:\/\/wp.ufpel.edu.br\/lgea\/files\/2021\/03\/Ottoni.png\" alt=\"\" width=\"150\" height=\"231\" \/><\/strong><\/p>\n<p><strong>\u00a0<\/strong><\/p>\n<p><strong>Ottoni Marques Moura de Leon<\/strong><\/p>\n<p>M.Sc. em Ci\u00eancias Ambientais (UFPEL)<\/p>\n<p>Doutorando em Recursos H\u00eddricos<\/p>\n<p>&nbsp;<\/p>\n<p>&nbsp;<\/p>\n<p>&nbsp;<\/p>\n<p><img class=\"wp-image-171 alignleft\" src=\"https:\/\/wp.ufpel.edu.br\/lgea\/files\/2021\/03\/sa-369x400.jpg\" alt=\"\" width=\"150\" height=\"163\" srcset=\"https:\/\/wp.ufpel.edu.br\/lgea\/files\/2021\/03\/sa-369x400.jpg 369w, https:\/\/wp.ufpel.edu.br\/lgea\/files\/2021\/03\/sa.jpg 501w\" sizes=\"(max-width: 150px) 100vw, 150px\" \/><\/p>\n<p><strong>Samanta Tolentino Cecconello<\/strong><\/p>\n<p>Doutora em em Manejo e Conserva\u00e7\u00e3o do Solo e da \u00c1gua<\/p>\n<p>M.Sc. em Ci\u00eancias Ambientais (UFPEL)<\/p>\n<p>Docente de Tecnologia em Gest\u00e3o e Saneamento Ambiental do Instituto Federal de Educa\u00e7\u00e3o, Ci\u00eancia e Tecnologia Sul-rio-grandense<\/p>\n","protected":false},"excerpt":{"rendered":"<p>O LGEA \u00e9 composto por uma rede de professores, alunos de IC, IT e extens\u00e3o, e colaboradores &nbsp; &nbsp; Diuliana Leandro diuliana.leandro@gmail.com Curr\u00edculo Coordenadora &nbsp; Andr\u00e9a Souza Castro andreascastro@gmail.com Curr\u00edculo Coordenadora adjunta &nbsp; Maurizio Silveira Quadro mausq@hotmail.com Curr\u00edculo &nbsp; &nbsp; &nbsp; &nbsp; Doutorandos &nbsp; Larissa Aldrighi da Silva Doutoranda em Ci\u00eancias Ambientais (UFPEL) larissa.aldrighi@gmail.com Lattes [&hellip;]<\/p>\n","protected":false},"author":992,"featured_media":0,"parent":0,"menu_order":0,"comment_status":"closed","ping_status":"closed","template":"","meta":{"footnotes":""},"class_list":["post-141","page","type-page","status-publish","hentry"],"_links":{"self":[{"href":"https:\/\/wp.ufpel.edu.br\/lgea\/wp-json\/wp\/v2\/pages\/141","targetHints":{"allow":["GET"]}}],"collection":[{"href":"https:\/\/wp.ufpel.edu.br\/lgea\/wp-json\/wp\/v2\/pages"}],"about":[{"href":"https:\/\/wp.ufpel.edu.br\/lgea\/wp-json\/wp\/v2\/types\/page"}],"author":[{"embeddable":true,"href":"https:\/\/wp.ufpel.edu.br\/lgea\/wp-json\/wp\/v2\/users\/992"}],"replies":[{"embeddable":true,"href":"https:\/\/wp.ufpel.edu.br\/lgea\/wp-json\/wp\/v2\/comments?post=141"}],"version-history":[{"count":4,"href":"https:\/\/wp.ufpel.edu.br\/lgea\/wp-json\/wp\/v2\/pages\/141\/revisions"}],"predecessor-version":[{"id":428,"href":"https:\/\/wp.ufpel.edu.br\/lgea\/wp-json\/wp\/v2\/pages\/141\/revisions\/428"}],"wp:attachment":[{"href":"https:\/\/wp.ufpel.edu.br\/lgea\/wp-json\/wp\/v2\/media?parent=141"}],"curies":[{"name":"wp","href":"https:\/\/api.w.org\/{rel}","templated":true}]}}