{"id":127,"date":"2021-03-27T13:48:57","date_gmt":"2021-03-27T16:48:57","guid":{"rendered":"https:\/\/wp.ufpel.edu.br\/lgea\/?page_id=127"},"modified":"2021-03-27T13:54:45","modified_gmt":"2021-03-27T16:54:45","slug":"projetos","status":"publish","type":"page","link":"https:\/\/wp.ufpel.edu.br\/lgea\/projetos\/","title":{"rendered":"Projetos"},"content":{"rendered":"<h2><span style=\"color: #00ccff\">Ci\u00eancias Geod\u00e9sicas como suporte a gest\u00e3o p\u00fablica e aos desafios ambientais do ordenamento territorial<\/span><\/h2>\n<p style=\"text-align: justify\">\u00c9 fun\u00e7\u00e3o da \u00f3rg\u00e3o p\u00fablicos (Governo Federal, Estados e munic\u00edpios) elaborar as pol\u00edticas de planejamento e gest\u00e3o do territ\u00f3rio. Esse processo \u00e9 altamente complexo e envolve considera\u00e7\u00f5es expl\u00edcitas de crit\u00e9rios m\u00faltiplos: sociais, econ\u00f4micos e ambientais. Um processo que precisa ser consciente e sistem\u00e1tico. Para que ocorra de forma a gerar resultados significativos para a gest\u00e3o publica e a sociedade, \u00e9 fundamental entender e respeitar as especificidades de cada regi\u00e3o, para tal existe a necessidade de conhecer o ambiente em estudo de forma ampla nos seus diferentes aspectos f\u00edsicos, biol\u00f3gicos, culturais e territoriais. Neste contexto, o projeto busca utilizar os conhecimentos oriundos do: Sensoriamento Remoto, Geod\u00e9sia, Cartografia, Sistemas de Informa\u00e7\u00f5es Geogr\u00e1ficas e Cadastro T\u00e9cnico Multifinalit\u00e1rio (CTM), associadas as informa\u00e7\u00f5es de \u00e1reas afins como uma ferramenta de gest\u00e3o p\u00fablica. Que possibilite mapear os munic\u00edpios estabelecer Sistema de Informa\u00e7\u00f5es Territoriais (SITs). E esses sejam utilizados para o equacionamento correto dos problemas ambientais em cada regi\u00e3o, para gerar subs\u00eddios para politicas de planejamento e a gest\u00e3o territorial ambientalmente correta.<\/p>\n<p>&nbsp;<\/p>\n<h2><span style=\"color: #00ccff\">Geotecnologias como instrumentos de pol\u00edticas p\u00fablicas para cidades inteligentes<\/span><\/h2>\n<p style=\"text-align: justify\">O conhecimento do uso e ocupa\u00e7\u00e3o do solo de um munic\u00edpio \u00e9 de extrema import\u00e2ncia para o planejamento municipal e ambiental, com o auxilio das geotecnologias pode-se ter mais seguran\u00e7a t\u00e9cnica nas tomadas de decis\u00f5es referente aos processos a serem aprovados e tamb\u00e9m na elabora\u00e7\u00e3o de projetos para a pr\u00f3pria gest\u00e3o p\u00fablica. O projeto visa promover atividades junto aos munic\u00edpios para a implementa\u00e7\u00e3o de solu\u00e7\u00f5es para a gest\u00e3o e planejamento com o uso de geotecnologias, assim como a possibilidade de atividades de capacita\u00e7\u00e3o para servidores t\u00e9cnicos municipais, estaduais e federais.<\/p>\n<p>&nbsp;<\/p>\n<h2><span style=\"color: #00ccff\">Fortalecimento da Defesa Civil nos munic\u00edpios da Regi\u00e3o Sul<\/span><\/h2>\n<p style=\"text-align: justify\">O Programa de fortalecimento da defesa civil nos munic\u00edpios da Regi\u00e3o Sul , visa consolidar o conhecimento institucional nos munic\u00edpios da regi\u00e3o, desenvolvendo mecanismos de constru\u00e7\u00e3o de solu\u00e7\u00f5es eficazes para combate a riscos e desastres ambientais. Para isto ser\u00e3o realizadas atividade de mapeamento da estrutura das defesas civis, capacidade de respostas \u00e1 eventos e mapeamento das \u00e1reas de risco nos munic\u00edpios, assim como atividades de capacita\u00e7\u00e3o para os t\u00e9cnicos ligados a defesa civil dos munic\u00edpios envolvidos e \u00f3rg\u00e3os competentes.<\/p>\n","protected":false},"excerpt":{"rendered":"<p>Ci\u00eancias Geod\u00e9sicas como suporte a gest\u00e3o p\u00fablica e aos desafios ambientais do ordenamento territorial \u00c9 fun\u00e7\u00e3o da \u00f3rg\u00e3o p\u00fablicos (Governo Federal, Estados e munic\u00edpios) elaborar as pol\u00edticas de planejamento e gest\u00e3o do territ\u00f3rio. Esse processo \u00e9 altamente complexo e envolve considera\u00e7\u00f5es expl\u00edcitas de crit\u00e9rios m\u00faltiplos: sociais, econ\u00f4micos e ambientais. Um processo que precisa ser consciente [&hellip;]<\/p>\n","protected":false},"author":992,"featured_media":0,"parent":0,"menu_order":0,"comment_status":"closed","ping_status":"closed","template":"","meta":{"footnotes":""},"class_list":["post-127","page","type-page","status-publish","hentry"],"_links":{"self":[{"href":"https:\/\/wp.ufpel.edu.br\/lgea\/wp-json\/wp\/v2\/pages\/127","targetHints":{"allow":["GET"]}}],"collection":[{"href":"https:\/\/wp.ufpel.edu.br\/lgea\/wp-json\/wp\/v2\/pages"}],"about":[{"href":"https:\/\/wp.ufpel.edu.br\/lgea\/wp-json\/wp\/v2\/types\/page"}],"author":[{"embeddable":true,"href":"https:\/\/wp.ufpel.edu.br\/lgea\/wp-json\/wp\/v2\/users\/992"}],"replies":[{"embeddable":true,"href":"https:\/\/wp.ufpel.edu.br\/lgea\/wp-json\/wp\/v2\/comments?post=127"}],"version-history":[{"count":3,"href":"https:\/\/wp.ufpel.edu.br\/lgea\/wp-json\/wp\/v2\/pages\/127\/revisions"}],"predecessor-version":[{"id":131,"href":"https:\/\/wp.ufpel.edu.br\/lgea\/wp-json\/wp\/v2\/pages\/127\/revisions\/131"}],"wp:attachment":[{"href":"https:\/\/wp.ufpel.edu.br\/lgea\/wp-json\/wp\/v2\/media?parent=127"}],"curies":[{"name":"wp","href":"https:\/\/api.w.org\/{rel}","templated":true}]}}