{"id":34,"date":"2015-02-25T02:18:21","date_gmt":"2015-02-25T05:18:21","guid":{"rendered":"https:\/\/wp.ufpel.edu.br\/leurengeo\/?page_id=34"},"modified":"2015-08-18T15:59:49","modified_gmt":"2015-08-18T18:59:49","slug":"expedicoes","status":"publish","type":"page","link":"https:\/\/wp.ufpel.edu.br\/leurengeo\/expedicoes\/","title":{"rendered":"Expedi\u00e7\u00f5es"},"content":{"rendered":"<p><a href=\"https:\/\/i0.wp.com\/wp.ufpel.edu.br\/leurengeo\/files\/2015\/02\/a4-impress%C3%A3o-v2.png?ssl=1\"><img data-recalc-dims=\"1\" loading=\"lazy\" decoding=\"async\" data-attachment-id=\"221\" data-permalink=\"https:\/\/wp.ufpel.edu.br\/leurengeo\/expedicoes\/a4-impressao-v2\/\" data-orig-file=\"https:\/\/i0.wp.com\/wp.ufpel.edu.br\/leurengeo\/files\/2015\/02\/a4-impress%C3%A3o-v2.png?fit=2480%2C3508&amp;ssl=1\" data-orig-size=\"2480,3508\" data-comments-opened=\"0\" data-image-meta=\"{&quot;aperture&quot;:&quot;0&quot;,&quot;credit&quot;:&quot;&quot;,&quot;camera&quot;:&quot;&quot;,&quot;caption&quot;:&quot;&quot;,&quot;created_timestamp&quot;:&quot;0&quot;,&quot;copyright&quot;:&quot;&quot;,&quot;focal_length&quot;:&quot;0&quot;,&quot;iso&quot;:&quot;0&quot;,&quot;shutter_speed&quot;:&quot;0&quot;,&quot;title&quot;:&quot;&quot;,&quot;orientation&quot;:&quot;0&quot;}\" data-image-title=\"Cartaz\" data-image-description=\"\" data-image-caption=\"\" data-medium-file=\"https:\/\/i0.wp.com\/wp.ufpel.edu.br\/leurengeo\/files\/2015\/02\/a4-impress%C3%A3o-v2.png?fit=225%2C318&amp;ssl=1\" data-large-file=\"https:\/\/i0.wp.com\/wp.ufpel.edu.br\/leurengeo\/files\/2015\/02\/a4-impress%C3%A3o-v2.png?fit=604%2C135&amp;ssl=1\" class=\" wp-image-221  alignleft\" src=\"https:\/\/i0.wp.com\/wp.ufpel.edu.br\/leurengeo\/files\/2015\/02\/a4-impress%C3%A3o-v2.png?resize=308%2C436&#038;ssl=1\" alt=\"\" width=\"308\" height=\"436\" srcset=\"https:\/\/i0.wp.com\/wp.ufpel.edu.br\/leurengeo\/files\/2015\/02\/a4-impress%C3%A3o-v2.png?w=2480&amp;ssl=1 2480w, https:\/\/i0.wp.com\/wp.ufpel.edu.br\/leurengeo\/files\/2015\/02\/a4-impress%C3%A3o-v2.png?resize=112%2C159&amp;ssl=1 112w, https:\/\/i0.wp.com\/wp.ufpel.edu.br\/leurengeo\/files\/2015\/02\/a4-impress%C3%A3o-v2.png?resize=225%2C318&amp;ssl=1 225w, https:\/\/i0.wp.com\/wp.ufpel.edu.br\/leurengeo\/files\/2015\/02\/a4-impress%C3%A3o-v2.png?w=1208&amp;ssl=1 1208w, https:\/\/i0.wp.com\/wp.ufpel.edu.br\/leurengeo\/files\/2015\/02\/a4-impress%C3%A3o-v2.png?w=1812&amp;ssl=1 1812w\" sizes=\"auto, (max-width: 308px) 100vw, 308px\" \/><\/a><br \/>\n<span style=\"color: #000000\"><strong><span style=\"font-size: 18pt\">EXPEDI\u00c7\u00c3O IX \u2013 MINAS GERAIS<\/span><\/strong><\/span><\/p>\n<p style=\"text-align: center\"><span style=\"color: #000000\">Congonhas, Diamantina, Mariana, Ouro Preto, Sabar\u00e1,\u00a0<\/span><span style=\"color: #000000\">Santana dos Montes, S\u00e3o Jo\u00e3o Del Rei e Tiradentes.<\/span><\/p>\n<p style=\"text-align: center\"><span style=\"color: #000000\"> De 17 a 24 de outubro de 2015 (8 dias\/6 pernoites)<\/span><\/p>\n<p style=\"text-align: justify\"><span style=\"color: #000000\">Roteiro Proposto:<\/span><br \/>\n<span style=\"color: #000000\"> 1\u00b0 Dia: Pelotas &gt; Diamantina: 17\/10 (s\u00e1bado) Sa\u00edda \u00e0s 15h de Pelotas com destino \u00e0 Diamantina.<\/span><br \/>\n<span style=\"color: #000000\"> 2\u00ba Dia: Diamantina: 18\/10 (domingo) Chegada \u00e0 Diamantina por volta das 17h. Pernoite em hotel local.<\/span><br \/>\n<span style=\"color: #000000\"> 3\u00b0 Dia: Diamantina &gt; Sabar\u00e1: 19\/10 (segunda-feira) City Tour em Diamantina. Sa\u00edda para Sabar\u00e1 \u00e0s 16h. Pernoite em\u00a0hotel local.<\/span><br \/>\n<span style=\"color: #000000\"> 4\u00b0 Dia: Sabar\u00e1 e Ouro Preto: 20\/10 (ter\u00e7a-feira) City tour pela manh\u00e3 em Sabar\u00e1. Sa\u00edda \u00e0s 13h com destino \u00e0 Ouro<\/span><br \/>\n<span style=\"color: #000000\"> Preto. City tour em Ouro Preto e pernoite em hotel local.<\/span><br \/>\n<span style=\"color: #000000\"> 5\u00b0 Dia: Mariana e Congonhas : 21\/10 (quarta-feira) City tour em Mariana. Sa\u00edda \u00e0s 13h com destino \u00e0 Congonhas. City\u00a0<\/span><span style=\"color: #000000\">tour em Congonhas e pernoite em hotel local.<\/span><br \/>\n<span style=\"color: #000000\"> 6\u00b0 Dia: Santana dos Montes e Tiradentes: 22\/10 (quinta-feira) Sa\u00edda do hotel com destino \u00e0 Santana dos Montes. City<\/span><br \/>\n<span style=\"color: #000000\"> tour local no per\u00edodo da manh\u00e3 com sa\u00edda prevista para Tiradentes \u00e0s 13h. City tour local em Tiradentes no per\u00edodo<\/span><br \/>\n<span style=\"color: #000000\"> da tarde e pernoite em hotel local.<\/span><br \/>\n<span style=\"color: #000000\"> 7\u00b0 Dia: S\u00e3o Joao Del Rei &gt; Pelotas: 23\/10 (sexta) Sa\u00edda do hotel com destino a S\u00e3o Jo\u00e3o Del Rei no per\u00edodo da manh\u00e3,<\/span><br \/>\n<span style=\"color: #000000\"> city tour em S\u00e3o Jo\u00e3o Del Rei durante o dia. Com sa\u00edda para Pelotas \u00e0 noite.<\/span><br \/>\n<span style=\"color: #000000\"> 8\u00b0 Dia: Pelotas: 24\/10 (s\u00e1bado) Chegada em Pelotas prevista \u00e0s 22h.<\/span><br \/>\n<span style=\"color: #000000\"> Incluindo: &#8211; Transporte em \u00f4nibus Leito especial. \u2013 Pernoites com caf\u00e9 da manh\u00e3. &#8211; City tour com guia local. &#8211; Taxas de ped\u00e1gios. &#8211; Guia MTUR &#8211; Servi\u00e7o de Bordo.<\/span><\/p>\n<p><span style=\"color: #000000\">Condi\u00e7\u00f5es Gerais: Inscri\u00e7\u00e3o no valor de R$50,00. Garantia de lugar somente mediante pagamento de sinal de reserva. Sa\u00edda confirmada com grupo m\u00ednimo de 25 passageiros. Crian\u00e7as de 0 a 4<\/span><br \/>\n<span style=\"color: #000000\"> anos (no colo e acompanhada de 02 adultos) n\u00e3o pagam, de 05 a 09 anos pagam com desconto de 15% e a partir de 10 anos pagam integral. Ocupa\u00e7\u00e3o dos apartamentos na chegada a partir<\/span><br \/>\n<span style=\"color: #000000\"> das 14 H. Documento necess\u00e1rio para viajar: carteira de identidade civil em perfeito estado ou passaporte v\u00e1lido. Menores desacompanhados dos pais devem possuir autoriza\u00e7\u00e3o do Juizado.<\/span><br \/>\n<span style=\"color: #000000\"> Cancelamentos: Consulte cl\u00e1usulas contratuais na ag\u00eancia.<\/span><br \/>\n<span style=\"color: #000000\"> PRE\u00c7OS E CONDI\u00c7\u00d5ES:<\/span><br \/>\n<span style=\"color: #000000\"> R$1.390,00 em 6 vezes de R$231,60<\/span><br \/>\n<span style=\"color: #000000\"> R$1.450,00 em 8 vezes de R$181,25<\/span><br \/>\n<span style=\"color: #000000\"> Parcelamento com cheque ou cart\u00e3o.<\/span><\/p>\n<p style=\"text-align: center\"><span style=\"font-size: 18pt;color: #ff0000\">Fa\u00e7a sua inscri\u00e7\u00e3o <a href=\"http:\/\/goo.gl\/forms\/tOJPXWNHPA\">aqui<\/a>.<\/span><\/p>\n<p>INSCRI\u00c7\u00d5ES\/INFORMA\u00c7\u00d5ES:<\/p>\n<p>LABORAT\u00d3RIO DE ESTUDOS URBANOS REGIONAIS E ENSINO DE GEOGRAFIA<br \/>\nRua Alberto Rosa, 154, Sala 134, Tel: 32845523<br \/>\nleur.ufpel@gmail.com<\/p>\n","protected":false},"excerpt":{"rendered":"<p>EXPEDI\u00c7\u00c3O IX \u2013 MINAS GERAIS Congonhas, Diamantina, Mariana, Ouro Preto, Sabar\u00e1,\u00a0Santana dos Montes, S\u00e3o Jo\u00e3o Del Rei e Tiradentes. De 17 a 24 de outubro de 2015 (8 dias\/6 pernoites) Roteiro Proposto: 1\u00b0 Dia: Pelotas &gt; Diamantina: 17\/10 (s\u00e1bado) Sa\u00edda \u00e0s 15h de Pelotas com destino \u00e0 Diamantina. 2\u00ba Dia: Diamantina: 18\/10 (domingo) Chegada \u00e0 &hellip; <a href=\"https:\/\/wp.ufpel.edu.br\/leurengeo\/expedicoes\/\" class=\"more-link\">Continue lendo <span class=\"screen-reader-text\">Expedi\u00e7\u00f5es<\/span> <span class=\"meta-nav\">&rarr;<\/span><\/a><\/p>\n","protected":false},"author":486,"featured_media":0,"parent":0,"menu_order":0,"comment_status":"closed","ping_status":"closed","template":"","meta":{"jetpack_post_was_ever_published":false,"footnotes":""},"class_list":["post-34","page","type-page","status-publish","hentry"],"jetpack_sharing_enabled":true,"jetpack_shortlink":"https:\/\/wp.me\/P6IcND-y","jetpack-related-posts":[],"_links":{"self":[{"href":"https:\/\/wp.ufpel.edu.br\/leurengeo\/wp-json\/wp\/v2\/pages\/34","targetHints":{"allow":["GET"]}}],"collection":[{"href":"https:\/\/wp.ufpel.edu.br\/leurengeo\/wp-json\/wp\/v2\/pages"}],"about":[{"href":"https:\/\/wp.ufpel.edu.br\/leurengeo\/wp-json\/wp\/v2\/types\/page"}],"author":[{"embeddable":true,"href":"https:\/\/wp.ufpel.edu.br\/leurengeo\/wp-json\/wp\/v2\/users\/486"}],"replies":[{"embeddable":true,"href":"https:\/\/wp.ufpel.edu.br\/leurengeo\/wp-json\/wp\/v2\/comments?post=34"}],"version-history":[{"count":9,"href":"https:\/\/wp.ufpel.edu.br\/leurengeo\/wp-json\/wp\/v2\/pages\/34\/revisions"}],"predecessor-version":[{"id":222,"href":"https:\/\/wp.ufpel.edu.br\/leurengeo\/wp-json\/wp\/v2\/pages\/34\/revisions\/222"}],"wp:attachment":[{"href":"https:\/\/wp.ufpel.edu.br\/leurengeo\/wp-json\/wp\/v2\/media?parent=34"}],"curies":[{"name":"wp","href":"https:\/\/api.w.org\/{rel}","templated":true}]}}