{"id":1241,"date":"2023-09-25T18:39:15","date_gmt":"2023-09-25T21:39:15","guid":{"rendered":"https:\/\/wp.ufpel.edu.br\/leurengeo\/?page_id=1241"},"modified":"2024-10-10T18:05:15","modified_gmt":"2024-10-10T21:05:15","slug":"equipe-2","status":"publish","type":"page","link":"https:\/\/wp.ufpel.edu.br\/leurengeo\/equipe-2\/","title":{"rendered":"Equipe"},"content":{"rendered":"<h2><strong>Equipe<\/strong><\/h2>\n<p><a href=\"https:\/\/i0.wp.com\/wp.ufpel.edu.br\/leurengeo\/files\/2024\/04\/Revelada20231123DSC_0037-2.jpg?ssl=1\"><img data-recalc-dims=\"1\" loading=\"lazy\" decoding=\"async\" data-attachment-id=\"1285\" data-permalink=\"https:\/\/wp.ufpel.edu.br\/leurengeo\/equipe-2\/revelada20231123dsc_0037-2\/\" data-orig-file=\"https:\/\/i0.wp.com\/wp.ufpel.edu.br\/leurengeo\/files\/2024\/04\/Revelada20231123DSC_0037-2.jpg?fit=864%2C1080&amp;ssl=1\" data-orig-size=\"864,1080\" data-comments-opened=\"0\" data-image-meta=\"{&quot;aperture&quot;:&quot;0&quot;,&quot;credit&quot;:&quot;&quot;,&quot;camera&quot;:&quot;&quot;,&quot;caption&quot;:&quot;&quot;,&quot;created_timestamp&quot;:&quot;0&quot;,&quot;copyright&quot;:&quot;&quot;,&quot;focal_length&quot;:&quot;0&quot;,&quot;iso&quot;:&quot;0&quot;,&quot;shutter_speed&quot;:&quot;0&quot;,&quot;title&quot;:&quot;&quot;,&quot;orientation&quot;:&quot;0&quot;}\" data-image-title=\"Revelada20231123DSC_0037-2\" data-image-description=\"\" data-image-caption=\"\" data-medium-file=\"https:\/\/i0.wp.com\/wp.ufpel.edu.br\/leurengeo\/files\/2024\/04\/Revelada20231123DSC_0037-2.jpg?fit=320%2C400&amp;ssl=1\" data-large-file=\"https:\/\/i0.wp.com\/wp.ufpel.edu.br\/leurengeo\/files\/2024\/04\/Revelada20231123DSC_0037-2.jpg?fit=604%2C755&amp;ssl=1\" class=\"alignnone wp-image-1285\" src=\"https:\/\/i0.wp.com\/wp.ufpel.edu.br\/leurengeo\/files\/2024\/04\/Revelada20231123DSC_0037-2.jpg?resize=155%2C194&#038;ssl=1\" alt=\"\" width=\"155\" height=\"194\" srcset=\"https:\/\/i0.wp.com\/wp.ufpel.edu.br\/leurengeo\/files\/2024\/04\/Revelada20231123DSC_0037-2.jpg?resize=320%2C400&amp;ssl=1 320w, https:\/\/i0.wp.com\/wp.ufpel.edu.br\/leurengeo\/files\/2024\/04\/Revelada20231123DSC_0037-2.jpg?resize=819%2C1024&amp;ssl=1 819w, https:\/\/i0.wp.com\/wp.ufpel.edu.br\/leurengeo\/files\/2024\/04\/Revelada20231123DSC_0037-2.jpg?resize=768%2C960&amp;ssl=1 768w, https:\/\/i0.wp.com\/wp.ufpel.edu.br\/leurengeo\/files\/2024\/04\/Revelada20231123DSC_0037-2.jpg?w=864&amp;ssl=1 864w\" sizes=\"auto, (max-width: 155px) 100vw, 155px\" \/><\/a><\/p>\n<p><a href=\"http:\/\/lattes.cnpq.br\/9341762649252420\" target=\"_blank\" rel=\"noopener\">Sidney Gon\u00e7alves Vieira<\/a><\/p>\n<p>&nbsp;<\/p>\n<p>&nbsp;<\/p>\n<p><a href=\"https:\/\/i0.wp.com\/wp.ufpel.edu.br\/leurengeo\/files\/2023\/07\/Theo.jpeg?ssl=1\"><img data-recalc-dims=\"1\" loading=\"lazy\" decoding=\"async\" data-attachment-id=\"1201\" data-permalink=\"https:\/\/wp.ufpel.edu.br\/leurengeo\/paisagens-alimentares\/theo-2\/\" data-orig-file=\"https:\/\/i0.wp.com\/wp.ufpel.edu.br\/leurengeo\/files\/2023\/07\/Theo.jpeg?fit=200%2C200&amp;ssl=1\" data-orig-size=\"200,200\" data-comments-opened=\"0\" data-image-meta=\"{&quot;aperture&quot;:&quot;0&quot;,&quot;credit&quot;:&quot;&quot;,&quot;camera&quot;:&quot;&quot;,&quot;caption&quot;:&quot;&quot;,&quot;created_timestamp&quot;:&quot;0&quot;,&quot;copyright&quot;:&quot;&quot;,&quot;focal_length&quot;:&quot;0&quot;,&quot;iso&quot;:&quot;0&quot;,&quot;shutter_speed&quot;:&quot;0&quot;,&quot;title&quot;:&quot;&quot;,&quot;orientation&quot;:&quot;0&quot;}\" data-image-title=\"Theo\" data-image-description=\"\" data-image-caption=\"\" data-medium-file=\"https:\/\/i0.wp.com\/wp.ufpel.edu.br\/leurengeo\/files\/2023\/07\/Theo.jpeg?fit=200%2C200&amp;ssl=1\" data-large-file=\"https:\/\/i0.wp.com\/wp.ufpel.edu.br\/leurengeo\/files\/2023\/07\/Theo.jpeg?fit=200%2C200&amp;ssl=1\" class=\"alignnone wp-image-1201\" src=\"https:\/\/i0.wp.com\/wp.ufpel.edu.br\/leurengeo\/files\/2023\/07\/Theo.jpeg?resize=174%2C174&#038;ssl=1\" alt=\"\" width=\"174\" height=\"174\" \/><\/a><\/p>\n<p><a href=\"http:\/\/lattes.cnpq.br\/5021527450240858\" target=\"_blank\" rel=\"noopener\">Theo Soares de Lima<\/a><\/p>\n<p>&nbsp;<\/p>\n<p>&nbsp;<\/p>\n<p><a href=\"https:\/\/i0.wp.com\/wp.ufpel.edu.br\/leurengeo\/files\/2023\/07\/andrea.jpeg?ssl=1\"><img data-recalc-dims=\"1\" loading=\"lazy\" decoding=\"async\" data-attachment-id=\"1161\" data-permalink=\"https:\/\/wp.ufpel.edu.br\/leurengeo\/paisagens-alimentares\/andrea\/\" data-orig-file=\"https:\/\/i0.wp.com\/wp.ufpel.edu.br\/leurengeo\/files\/2023\/07\/andrea.jpeg?fit=1055%2C1280&amp;ssl=1\" data-orig-size=\"1055,1280\" data-comments-opened=\"0\" data-image-meta=\"{&quot;aperture&quot;:&quot;0&quot;,&quot;credit&quot;:&quot;&quot;,&quot;camera&quot;:&quot;&quot;,&quot;caption&quot;:&quot;&quot;,&quot;created_timestamp&quot;:&quot;0&quot;,&quot;copyright&quot;:&quot;&quot;,&quot;focal_length&quot;:&quot;0&quot;,&quot;iso&quot;:&quot;0&quot;,&quot;shutter_speed&quot;:&quot;0&quot;,&quot;title&quot;:&quot;&quot;,&quot;orientation&quot;:&quot;0&quot;}\" data-image-title=\"andrea\" data-image-description=\"\" data-image-caption=\"\" data-medium-file=\"https:\/\/i0.wp.com\/wp.ufpel.edu.br\/leurengeo\/files\/2023\/07\/andrea.jpeg?fit=330%2C400&amp;ssl=1\" data-large-file=\"https:\/\/i0.wp.com\/wp.ufpel.edu.br\/leurengeo\/files\/2023\/07\/andrea.jpeg?fit=604%2C733&amp;ssl=1\" class=\"alignnone wp-image-1161\" src=\"https:\/\/i0.wp.com\/wp.ufpel.edu.br\/leurengeo\/files\/2023\/07\/andrea.jpeg?resize=168%2C204&#038;ssl=1\" alt=\"\" width=\"168\" height=\"204\" srcset=\"https:\/\/i0.wp.com\/wp.ufpel.edu.br\/leurengeo\/files\/2023\/07\/andrea.jpeg?resize=330%2C400&amp;ssl=1 330w, https:\/\/i0.wp.com\/wp.ufpel.edu.br\/leurengeo\/files\/2023\/07\/andrea.jpeg?resize=844%2C1024&amp;ssl=1 844w, https:\/\/i0.wp.com\/wp.ufpel.edu.br\/leurengeo\/files\/2023\/07\/andrea.jpeg?resize=768%2C932&amp;ssl=1 768w, https:\/\/i0.wp.com\/wp.ufpel.edu.br\/leurengeo\/files\/2023\/07\/andrea.jpeg?w=1055&amp;ssl=1 1055w\" sizes=\"auto, (max-width: 168px) 100vw, 168px\" \/><\/a><\/p>\n<p><a href=\"http:\/\/lattes.cnpq.br\/5530479873435706\">Andrea Maio Ortigara<\/a><\/p>\n<p>&nbsp;<\/p>\n<p>&nbsp;<\/p>\n<p><a href=\"https:\/\/i0.wp.com\/wp.ufpel.edu.br\/leurengeo\/files\/2023\/07\/fernanda.jpeg?ssl=1\"><img data-recalc-dims=\"1\" loading=\"lazy\" decoding=\"async\" data-attachment-id=\"1162\" data-permalink=\"https:\/\/wp.ufpel.edu.br\/leurengeo\/paisagens-alimentares\/fernanda\/\" data-orig-file=\"https:\/\/i0.wp.com\/wp.ufpel.edu.br\/leurengeo\/files\/2023\/07\/fernanda.jpeg?fit=640%2C640&amp;ssl=1\" data-orig-size=\"640,640\" data-comments-opened=\"0\" data-image-meta=\"{&quot;aperture&quot;:&quot;0&quot;,&quot;credit&quot;:&quot;&quot;,&quot;camera&quot;:&quot;&quot;,&quot;caption&quot;:&quot;&quot;,&quot;created_timestamp&quot;:&quot;0&quot;,&quot;copyright&quot;:&quot;&quot;,&quot;focal_length&quot;:&quot;0&quot;,&quot;iso&quot;:&quot;0&quot;,&quot;shutter_speed&quot;:&quot;0&quot;,&quot;title&quot;:&quot;&quot;,&quot;orientation&quot;:&quot;0&quot;}\" data-image-title=\"fernanda\" data-image-description=\"\" data-image-caption=\"\" data-medium-file=\"https:\/\/i0.wp.com\/wp.ufpel.edu.br\/leurengeo\/files\/2023\/07\/fernanda.jpeg?fit=400%2C400&amp;ssl=1\" data-large-file=\"https:\/\/i0.wp.com\/wp.ufpel.edu.br\/leurengeo\/files\/2023\/07\/fernanda.jpeg?fit=604%2C604&amp;ssl=1\" class=\"alignnone wp-image-1162\" src=\"https:\/\/i0.wp.com\/wp.ufpel.edu.br\/leurengeo\/files\/2023\/07\/fernanda.jpeg?resize=159%2C159&#038;ssl=1\" alt=\"\" width=\"159\" height=\"159\" srcset=\"https:\/\/i0.wp.com\/wp.ufpel.edu.br\/leurengeo\/files\/2023\/07\/fernanda.jpeg?resize=400%2C400&amp;ssl=1 400w, https:\/\/i0.wp.com\/wp.ufpel.edu.br\/leurengeo\/files\/2023\/07\/fernanda.jpeg?resize=200%2C200&amp;ssl=1 200w, https:\/\/i0.wp.com\/wp.ufpel.edu.br\/leurengeo\/files\/2023\/07\/fernanda.jpeg?w=640&amp;ssl=1 640w\" sizes=\"auto, (max-width: 159px) 100vw, 159px\" \/><\/a><\/p>\n<p><a href=\"http:\/\/lattes.cnpq.br\/1770912662486261\" target=\"_blank\" rel=\"noopener\">Fernanda Tomiello<\/a><\/p>\n<p>&nbsp;<\/p>\n<p><a href=\"https:\/\/i0.wp.com\/wp.ufpel.edu.br\/leurengeo\/files\/2023\/07\/maria_f.jpeg?ssl=1\"><img data-recalc-dims=\"1\" loading=\"lazy\" decoding=\"async\" data-attachment-id=\"1168\" data-permalink=\"https:\/\/wp.ufpel.edu.br\/leurengeo\/paisagens-alimentares\/maria_f\/\" data-orig-file=\"https:\/\/i0.wp.com\/wp.ufpel.edu.br\/leurengeo\/files\/2023\/07\/maria_f.jpeg?fit=501%2C662&amp;ssl=1\" data-orig-size=\"501,662\" data-comments-opened=\"0\" data-image-meta=\"{&quot;aperture&quot;:&quot;0&quot;,&quot;credit&quot;:&quot;&quot;,&quot;camera&quot;:&quot;&quot;,&quot;caption&quot;:&quot;&quot;,&quot;created_timestamp&quot;:&quot;0&quot;,&quot;copyright&quot;:&quot;Duolux&quot;,&quot;focal_length&quot;:&quot;0&quot;,&quot;iso&quot;:&quot;0&quot;,&quot;shutter_speed&quot;:&quot;0&quot;,&quot;title&quot;:&quot;&quot;,&quot;orientation&quot;:&quot;1&quot;}\" data-image-title=\"maria_f\" data-image-description=\"\" data-image-caption=\"\" data-medium-file=\"https:\/\/i0.wp.com\/wp.ufpel.edu.br\/leurengeo\/files\/2023\/07\/maria_f.jpeg?fit=303%2C400&amp;ssl=1\" data-large-file=\"https:\/\/i0.wp.com\/wp.ufpel.edu.br\/leurengeo\/files\/2023\/07\/maria_f.jpeg?fit=501%2C662&amp;ssl=1\" class=\"alignnone wp-image-1168\" src=\"https:\/\/i0.wp.com\/wp.ufpel.edu.br\/leurengeo\/files\/2023\/07\/maria_f.jpeg?resize=143%2C189&#038;ssl=1\" alt=\"\" width=\"143\" height=\"189\" srcset=\"https:\/\/i0.wp.com\/wp.ufpel.edu.br\/leurengeo\/files\/2023\/07\/maria_f.jpeg?resize=303%2C400&amp;ssl=1 303w, https:\/\/i0.wp.com\/wp.ufpel.edu.br\/leurengeo\/files\/2023\/07\/maria_f.jpeg?w=501&amp;ssl=1 501w\" sizes=\"auto, (max-width: 143px) 100vw, 143px\" \/><\/a><\/p>\n<p><a href=\"http:\/\/lattes.cnpq.br\/9175557244460962\" target=\"_blank\" rel=\"noopener\">Maria Fernanda Ghisi<\/a><\/p>\n<p>&nbsp;<\/p>\n<p><a href=\"https:\/\/i0.wp.com\/wp.ufpel.edu.br\/leurengeo\/files\/2023\/07\/Cristine.jpeg?ssl=1\"><img data-recalc-dims=\"1\" loading=\"lazy\" decoding=\"async\" data-attachment-id=\"1199\" data-permalink=\"https:\/\/wp.ufpel.edu.br\/leurengeo\/paisagens-alimentares\/cristine\/\" data-orig-file=\"https:\/\/i0.wp.com\/wp.ufpel.edu.br\/leurengeo\/files\/2023\/07\/Cristine.jpeg?fit=768%2C1024&amp;ssl=1\" data-orig-size=\"768,1024\" data-comments-opened=\"0\" data-image-meta=\"{&quot;aperture&quot;:&quot;0&quot;,&quot;credit&quot;:&quot;&quot;,&quot;camera&quot;:&quot;&quot;,&quot;caption&quot;:&quot;&quot;,&quot;created_timestamp&quot;:&quot;0&quot;,&quot;copyright&quot;:&quot;&quot;,&quot;focal_length&quot;:&quot;0&quot;,&quot;iso&quot;:&quot;0&quot;,&quot;shutter_speed&quot;:&quot;0&quot;,&quot;title&quot;:&quot;&quot;,&quot;orientation&quot;:&quot;0&quot;}\" data-image-title=\"Cristine\" data-image-description=\"\" data-image-caption=\"\" data-medium-file=\"https:\/\/i0.wp.com\/wp.ufpel.edu.br\/leurengeo\/files\/2023\/07\/Cristine.jpeg?fit=300%2C400&amp;ssl=1\" data-large-file=\"https:\/\/i0.wp.com\/wp.ufpel.edu.br\/leurengeo\/files\/2023\/07\/Cristine.jpeg?fit=604%2C805&amp;ssl=1\" class=\"alignnone wp-image-1199\" src=\"https:\/\/i0.wp.com\/wp.ufpel.edu.br\/leurengeo\/files\/2023\/07\/Cristine.jpeg?resize=146%2C195&#038;ssl=1\" alt=\"\" width=\"146\" height=\"195\" srcset=\"https:\/\/i0.wp.com\/wp.ufpel.edu.br\/leurengeo\/files\/2023\/07\/Cristine.jpeg?resize=300%2C400&amp;ssl=1 300w, https:\/\/i0.wp.com\/wp.ufpel.edu.br\/leurengeo\/files\/2023\/07\/Cristine.jpeg?w=768&amp;ssl=1 768w\" sizes=\"auto, (max-width: 146px) 100vw, 146px\" \/><\/a><\/p>\n<p><a href=\"http:\/\/lattes.cnpq.br\/8521859077411257\" target=\"_blank\" rel=\"noopener\">Cristine Jaques Ribeiro<\/a><\/p>\n<p>&nbsp;<\/p>\n<p tabindex=\"0\"><a href=\"https:\/\/i0.wp.com\/wp.ufpel.edu.br\/leurengeo\/files\/2023\/09\/Janice_Dutra.jpeg?ssl=1\"><img data-recalc-dims=\"1\" loading=\"lazy\" decoding=\"async\" data-attachment-id=\"1231\" data-permalink=\"https:\/\/wp.ufpel.edu.br\/leurengeo\/paisagens-alimentares\/janice_dutra\/\" data-orig-file=\"https:\/\/i0.wp.com\/wp.ufpel.edu.br\/leurengeo\/files\/2023\/09\/Janice_Dutra.jpeg?fit=720%2C806&amp;ssl=1\" data-orig-size=\"720,806\" data-comments-opened=\"0\" data-image-meta=\"{&quot;aperture&quot;:&quot;0&quot;,&quot;credit&quot;:&quot;&quot;,&quot;camera&quot;:&quot;&quot;,&quot;caption&quot;:&quot;&quot;,&quot;created_timestamp&quot;:&quot;1606573492&quot;,&quot;copyright&quot;:&quot;&quot;,&quot;focal_length&quot;:&quot;0&quot;,&quot;iso&quot;:&quot;0&quot;,&quot;shutter_speed&quot;:&quot;0&quot;,&quot;title&quot;:&quot;&quot;,&quot;orientation&quot;:&quot;1&quot;}\" data-image-title=\"Janice_Dutra\" data-image-description=\"\" data-image-caption=\"\" data-medium-file=\"https:\/\/i0.wp.com\/wp.ufpel.edu.br\/leurengeo\/files\/2023\/09\/Janice_Dutra.jpeg?fit=357%2C400&amp;ssl=1\" data-large-file=\"https:\/\/i0.wp.com\/wp.ufpel.edu.br\/leurengeo\/files\/2023\/09\/Janice_Dutra.jpeg?fit=604%2C676&amp;ssl=1\" class=\"alignnone wp-image-1231\" src=\"https:\/\/i0.wp.com\/wp.ufpel.edu.br\/leurengeo\/files\/2023\/09\/Janice_Dutra.jpeg?resize=144%2C161&#038;ssl=1\" alt=\"\" width=\"144\" height=\"161\" srcset=\"https:\/\/i0.wp.com\/wp.ufpel.edu.br\/leurengeo\/files\/2023\/09\/Janice_Dutra.jpeg?resize=357%2C400&amp;ssl=1 357w, https:\/\/i0.wp.com\/wp.ufpel.edu.br\/leurengeo\/files\/2023\/09\/Janice_Dutra.jpeg?w=720&amp;ssl=1 720w\" sizes=\"auto, (max-width: 144px) 100vw, 144px\" \/><\/a><\/p>\n<p tabindex=\"0\"><a href=\"http:\/\/lattes.cnpq.br\/4506121132596630\" target=\"_blank\" rel=\"noopener\">Janice Jara Concei\u00e7\u00e3o Dutra<\/a><\/p>\n<p tabindex=\"0\"><a href=\"https:\/\/i0.wp.com\/wp.ufpel.edu.br\/leurengeo\/files\/2023\/09\/Stefano_Paixao_Santos.jpeg?ssl=1\"><img data-recalc-dims=\"1\" loading=\"lazy\" decoding=\"async\" data-attachment-id=\"1234\" data-permalink=\"https:\/\/wp.ufpel.edu.br\/leurengeo\/paisagens-alimentares\/stefano_paixao_santos\/\" data-orig-file=\"https:\/\/i0.wp.com\/wp.ufpel.edu.br\/leurengeo\/files\/2023\/09\/Stefano_Paixao_Santos.jpeg?fit=960%2C960&amp;ssl=1\" data-orig-size=\"960,960\" data-comments-opened=\"0\" data-image-meta=\"{&quot;aperture&quot;:&quot;0&quot;,&quot;credit&quot;:&quot;&quot;,&quot;camera&quot;:&quot;&quot;,&quot;caption&quot;:&quot;&quot;,&quot;created_timestamp&quot;:&quot;0&quot;,&quot;copyright&quot;:&quot;&quot;,&quot;focal_length&quot;:&quot;0&quot;,&quot;iso&quot;:&quot;0&quot;,&quot;shutter_speed&quot;:&quot;0&quot;,&quot;title&quot;:&quot;&quot;,&quot;orientation&quot;:&quot;0&quot;}\" data-image-title=\"St\u00e9fano_Paix\u00e3o_Santos\" data-image-description=\"\" data-image-caption=\"\" data-medium-file=\"https:\/\/i0.wp.com\/wp.ufpel.edu.br\/leurengeo\/files\/2023\/09\/Stefano_Paixao_Santos.jpeg?fit=400%2C400&amp;ssl=1\" data-large-file=\"https:\/\/i0.wp.com\/wp.ufpel.edu.br\/leurengeo\/files\/2023\/09\/Stefano_Paixao_Santos.jpeg?fit=604%2C604&amp;ssl=1\" class=\"alignnone wp-image-1234\" src=\"https:\/\/i0.wp.com\/wp.ufpel.edu.br\/leurengeo\/files\/2023\/09\/Stefano_Paixao_Santos.jpeg?resize=145%2C145&#038;ssl=1\" alt=\"\" width=\"145\" height=\"145\" srcset=\"https:\/\/i0.wp.com\/wp.ufpel.edu.br\/leurengeo\/files\/2023\/09\/Stefano_Paixao_Santos.jpeg?resize=400%2C400&amp;ssl=1 400w, https:\/\/i0.wp.com\/wp.ufpel.edu.br\/leurengeo\/files\/2023\/09\/Stefano_Paixao_Santos.jpeg?resize=200%2C200&amp;ssl=1 200w, https:\/\/i0.wp.com\/wp.ufpel.edu.br\/leurengeo\/files\/2023\/09\/Stefano_Paixao_Santos.jpeg?resize=768%2C768&amp;ssl=1 768w, https:\/\/i0.wp.com\/wp.ufpel.edu.br\/leurengeo\/files\/2023\/09\/Stefano_Paixao_Santos.jpeg?w=960&amp;ssl=1 960w\" sizes=\"auto, (max-width: 145px) 100vw, 145px\" \/><\/a><\/p>\n<p tabindex=\"0\"><a href=\"http:\/\/lattes.cnpq.br\/1550919790824369\" target=\"_blank\" rel=\"noopener\">St\u00e9fano da Paix\u00e3o Santos<\/a><\/p>\n<p tabindex=\"0\"><a href=\"https:\/\/i0.wp.com\/wp.ufpel.edu.br\/leurengeo\/files\/2024\/09\/Clara.jpeg?ssl=1\"><img data-recalc-dims=\"1\" loading=\"lazy\" decoding=\"async\" data-attachment-id=\"1317\" data-permalink=\"https:\/\/wp.ufpel.edu.br\/leurengeo\/equipe-2\/clara\/\" data-orig-file=\"https:\/\/i0.wp.com\/wp.ufpel.edu.br\/leurengeo\/files\/2024\/09\/Clara.jpeg?fit=1125%2C1189&amp;ssl=1\" data-orig-size=\"1125,1189\" data-comments-opened=\"0\" data-image-meta=\"{&quot;aperture&quot;:&quot;0&quot;,&quot;credit&quot;:&quot;&quot;,&quot;camera&quot;:&quot;&quot;,&quot;caption&quot;:&quot;&quot;,&quot;created_timestamp&quot;:&quot;0&quot;,&quot;copyright&quot;:&quot;&quot;,&quot;focal_length&quot;:&quot;0&quot;,&quot;iso&quot;:&quot;0&quot;,&quot;shutter_speed&quot;:&quot;0&quot;,&quot;title&quot;:&quot;&quot;,&quot;orientation&quot;:&quot;0&quot;}\" data-image-title=\"Clara\" data-image-description=\"\" data-image-caption=\"\" data-medium-file=\"https:\/\/i0.wp.com\/wp.ufpel.edu.br\/leurengeo\/files\/2024\/09\/Clara.jpeg?fit=378%2C400&amp;ssl=1\" data-large-file=\"https:\/\/i0.wp.com\/wp.ufpel.edu.br\/leurengeo\/files\/2024\/09\/Clara.jpeg?fit=604%2C638&amp;ssl=1\" class=\"alignnone wp-image-1317\" src=\"https:\/\/i0.wp.com\/wp.ufpel.edu.br\/leurengeo\/files\/2024\/09\/Clara.jpeg?resize=147%2C156&#038;ssl=1\" alt=\"\" width=\"147\" height=\"156\" srcset=\"https:\/\/i0.wp.com\/wp.ufpel.edu.br\/leurengeo\/files\/2024\/09\/Clara.jpeg?resize=378%2C400&amp;ssl=1 378w, https:\/\/i0.wp.com\/wp.ufpel.edu.br\/leurengeo\/files\/2024\/09\/Clara.jpeg?resize=969%2C1024&amp;ssl=1 969w, https:\/\/i0.wp.com\/wp.ufpel.edu.br\/leurengeo\/files\/2024\/09\/Clara.jpeg?resize=768%2C812&amp;ssl=1 768w, https:\/\/i0.wp.com\/wp.ufpel.edu.br\/leurengeo\/files\/2024\/09\/Clara.jpeg?w=1125&amp;ssl=1 1125w\" sizes=\"auto, (max-width: 147px) 100vw, 147px\" \/><\/a><\/p>\n<p tabindex=\"0\"><a href=\"http:\/\/lattes.cnpq.br\/6127539782753722\" target=\"_blank\" rel=\"noopener\">Clara dos Santos Lenhad<\/a><\/p>\n<p tabindex=\"0\"><a href=\"https:\/\/i0.wp.com\/wp.ufpel.edu.br\/leurengeo\/files\/2024\/09\/Rovany.jpg?ssl=1\"><img data-recalc-dims=\"1\" loading=\"lazy\" decoding=\"async\" data-attachment-id=\"1318\" data-permalink=\"https:\/\/wp.ufpel.edu.br\/leurengeo\/equipe-2\/rovany\/\" data-orig-file=\"https:\/\/i0.wp.com\/wp.ufpel.edu.br\/leurengeo\/files\/2024\/09\/Rovany.jpg?fit=1102%2C1203&amp;ssl=1\" data-orig-size=\"1102,1203\" data-comments-opened=\"0\" data-image-meta=\"{&quot;aperture&quot;:&quot;0&quot;,&quot;credit&quot;:&quot;&quot;,&quot;camera&quot;:&quot;&quot;,&quot;caption&quot;:&quot;&quot;,&quot;created_timestamp&quot;:&quot;0&quot;,&quot;copyright&quot;:&quot;&quot;,&quot;focal_length&quot;:&quot;0&quot;,&quot;iso&quot;:&quot;0&quot;,&quot;shutter_speed&quot;:&quot;0&quot;,&quot;title&quot;:&quot;&quot;,&quot;orientation&quot;:&quot;0&quot;}\" data-image-title=\"Rovany\" data-image-description=\"\" data-image-caption=\"\" data-medium-file=\"https:\/\/i0.wp.com\/wp.ufpel.edu.br\/leurengeo\/files\/2024\/09\/Rovany.jpg?fit=366%2C400&amp;ssl=1\" data-large-file=\"https:\/\/i0.wp.com\/wp.ufpel.edu.br\/leurengeo\/files\/2024\/09\/Rovany.jpg?fit=604%2C659&amp;ssl=1\" class=\"alignnone wp-image-1318\" src=\"https:\/\/i0.wp.com\/wp.ufpel.edu.br\/leurengeo\/files\/2024\/09\/Rovany.jpg?resize=138%2C151&#038;ssl=1\" alt=\"\" width=\"138\" height=\"151\" srcset=\"https:\/\/i0.wp.com\/wp.ufpel.edu.br\/leurengeo\/files\/2024\/09\/Rovany.jpg?resize=366%2C400&amp;ssl=1 366w, https:\/\/i0.wp.com\/wp.ufpel.edu.br\/leurengeo\/files\/2024\/09\/Rovany.jpg?resize=938%2C1024&amp;ssl=1 938w, https:\/\/i0.wp.com\/wp.ufpel.edu.br\/leurengeo\/files\/2024\/09\/Rovany.jpg?resize=768%2C838&amp;ssl=1 768w, https:\/\/i0.wp.com\/wp.ufpel.edu.br\/leurengeo\/files\/2024\/09\/Rovany.jpg?w=1102&amp;ssl=1 1102w\" sizes=\"auto, (max-width: 138px) 100vw, 138px\" \/><\/a><\/p>\n<p tabindex=\"0\"><a href=\"http:\/\/lattes.cnpq.br\/2047699235035434\" target=\"_blank\" rel=\"noopener\">Rovany Gonzales Soares<\/a><\/p>\n<p tabindex=\"0\"><a href=\"https:\/\/i0.wp.com\/wp.ufpel.edu.br\/leurengeo\/files\/2024\/09\/Samuel-scaled.jpg?ssl=1\"><img data-recalc-dims=\"1\" loading=\"lazy\" decoding=\"async\" data-attachment-id=\"1319\" data-permalink=\"https:\/\/wp.ufpel.edu.br\/leurengeo\/equipe-2\/samuel\/\" data-orig-file=\"https:\/\/i0.wp.com\/wp.ufpel.edu.br\/leurengeo\/files\/2024\/09\/Samuel-scaled.jpg?fit=1920%2C2560&amp;ssl=1\" data-orig-size=\"1920,2560\" data-comments-opened=\"0\" data-image-meta=\"{&quot;aperture&quot;:&quot;0&quot;,&quot;credit&quot;:&quot;&quot;,&quot;camera&quot;:&quot;&quot;,&quot;caption&quot;:&quot;&quot;,&quot;created_timestamp&quot;:&quot;0&quot;,&quot;copyright&quot;:&quot;&quot;,&quot;focal_length&quot;:&quot;0&quot;,&quot;iso&quot;:&quot;0&quot;,&quot;shutter_speed&quot;:&quot;0&quot;,&quot;title&quot;:&quot;&quot;,&quot;orientation&quot;:&quot;0&quot;}\" data-image-title=\"Samuel\" data-image-description=\"\" data-image-caption=\"\" data-medium-file=\"https:\/\/i0.wp.com\/wp.ufpel.edu.br\/leurengeo\/files\/2024\/09\/Samuel-scaled.jpg?fit=300%2C400&amp;ssl=1\" data-large-file=\"https:\/\/i0.wp.com\/wp.ufpel.edu.br\/leurengeo\/files\/2024\/09\/Samuel-scaled.jpg?fit=604%2C805&amp;ssl=1\" class=\"alignnone wp-image-1319\" src=\"https:\/\/i0.wp.com\/wp.ufpel.edu.br\/leurengeo\/files\/2024\/09\/Samuel.jpg?resize=132%2C176&#038;ssl=1\" alt=\"\" width=\"132\" height=\"176\" srcset=\"https:\/\/i0.wp.com\/wp.ufpel.edu.br\/leurengeo\/files\/2024\/09\/Samuel-scaled.jpg?resize=300%2C400&amp;ssl=1 300w, https:\/\/i0.wp.com\/wp.ufpel.edu.br\/leurengeo\/files\/2024\/09\/Samuel-scaled.jpg?resize=768%2C1024&amp;ssl=1 768w, https:\/\/i0.wp.com\/wp.ufpel.edu.br\/leurengeo\/files\/2024\/09\/Samuel-scaled.jpg?resize=1152%2C1536&amp;ssl=1 1152w, https:\/\/i0.wp.com\/wp.ufpel.edu.br\/leurengeo\/files\/2024\/09\/Samuel-scaled.jpg?resize=1536%2C2048&amp;ssl=1 1536w, https:\/\/i0.wp.com\/wp.ufpel.edu.br\/leurengeo\/files\/2024\/09\/Samuel-scaled.jpg?w=1920&amp;ssl=1 1920w, https:\/\/i0.wp.com\/wp.ufpel.edu.br\/leurengeo\/files\/2024\/09\/Samuel-scaled.jpg?w=1208&amp;ssl=1 1208w, https:\/\/i0.wp.com\/wp.ufpel.edu.br\/leurengeo\/files\/2024\/09\/Samuel-scaled.jpg?w=1812&amp;ssl=1 1812w\" sizes=\"auto, (max-width: 132px) 100vw, 132px\" \/><\/a><\/p>\n<p tabindex=\"0\"><a href=\"http:\/\/lattes.cnpq.br\/3274086867756711\" target=\"_blank\" rel=\"noopener\">Samuel de Jesus Cabral<\/a><\/p>\n<p tabindex=\"0\">\n<p tabindex=\"0\"><a href=\"https:\/\/i0.wp.com\/wp.ufpel.edu.br\/leurengeo\/files\/2024\/10\/Dione-scaled.jpeg?ssl=1\"><img data-recalc-dims=\"1\" loading=\"lazy\" decoding=\"async\" data-attachment-id=\"1323\" data-permalink=\"https:\/\/wp.ufpel.edu.br\/leurengeo\/equipe-2\/dione\/\" data-orig-file=\"https:\/\/i0.wp.com\/wp.ufpel.edu.br\/leurengeo\/files\/2024\/10\/Dione-scaled.jpeg?fit=1920%2C2560&amp;ssl=1\" data-orig-size=\"1920,2560\" data-comments-opened=\"0\" data-image-meta=\"{&quot;aperture&quot;:&quot;2.2&quot;,&quot;credit&quot;:&quot;&quot;,&quot;camera&quot;:&quot;Moto G (5) Plus&quot;,&quot;caption&quot;:&quot;&quot;,&quot;created_timestamp&quot;:&quot;1570130046&quot;,&quot;copyright&quot;:&quot;&quot;,&quot;focal_length&quot;:&quot;2.44&quot;,&quot;iso&quot;:&quot;1600&quot;,&quot;shutter_speed&quot;:&quot;0.066666666666667&quot;,&quot;title&quot;:&quot;&quot;,&quot;orientation&quot;:&quot;1&quot;}\" data-image-title=\"Dione\" data-image-description=\"\" data-image-caption=\"\" data-medium-file=\"https:\/\/i0.wp.com\/wp.ufpel.edu.br\/leurengeo\/files\/2024\/10\/Dione-scaled.jpeg?fit=300%2C400&amp;ssl=1\" data-large-file=\"https:\/\/i0.wp.com\/wp.ufpel.edu.br\/leurengeo\/files\/2024\/10\/Dione-scaled.jpeg?fit=604%2C805&amp;ssl=1\" class=\"alignnone  wp-image-1323\" src=\"https:\/\/i0.wp.com\/wp.ufpel.edu.br\/leurengeo\/files\/2024\/10\/Dione.jpeg?resize=133%2C177&#038;ssl=1\" alt=\"\" width=\"133\" height=\"177\" srcset=\"https:\/\/i0.wp.com\/wp.ufpel.edu.br\/leurengeo\/files\/2024\/10\/Dione-scaled.jpeg?resize=300%2C400&amp;ssl=1 300w, https:\/\/i0.wp.com\/wp.ufpel.edu.br\/leurengeo\/files\/2024\/10\/Dione-scaled.jpeg?resize=768%2C1024&amp;ssl=1 768w, https:\/\/i0.wp.com\/wp.ufpel.edu.br\/leurengeo\/files\/2024\/10\/Dione-scaled.jpeg?resize=1152%2C1536&amp;ssl=1 1152w, https:\/\/i0.wp.com\/wp.ufpel.edu.br\/leurengeo\/files\/2024\/10\/Dione-scaled.jpeg?resize=1536%2C2048&amp;ssl=1 1536w, https:\/\/i0.wp.com\/wp.ufpel.edu.br\/leurengeo\/files\/2024\/10\/Dione-scaled.jpeg?w=1920&amp;ssl=1 1920w, https:\/\/i0.wp.com\/wp.ufpel.edu.br\/leurengeo\/files\/2024\/10\/Dione-scaled.jpeg?w=1208&amp;ssl=1 1208w, https:\/\/i0.wp.com\/wp.ufpel.edu.br\/leurengeo\/files\/2024\/10\/Dione-scaled.jpeg?w=1812&amp;ssl=1 1812w\" sizes=\"auto, (max-width: 133px) 100vw, 133px\" \/><\/a><\/p>\n<p tabindex=\"0\"><a href=\"http:\/\/lattes.cnpq.br\/8834403261171727\" target=\"_blank\" rel=\"noopener\">Dione Dutra Lihtnov<\/a><\/p>\n","protected":false},"excerpt":{"rendered":"<p>Equipe Sidney Gon\u00e7alves Vieira &nbsp; &nbsp; Theo Soares de Lima &nbsp; &nbsp; Andrea Maio Ortigara &nbsp; &nbsp; Fernanda Tomiello &nbsp; Maria Fernanda Ghisi &nbsp; Cristine Jaques Ribeiro &nbsp; Janice Jara Concei\u00e7\u00e3o Dutra St\u00e9fano da Paix\u00e3o Santos Clara dos Santos Lenhad Rovany Gonzales Soares Samuel de Jesus Cabral Dione Dutra Lihtnov<\/p>\n","protected":false},"author":486,"featured_media":0,"parent":0,"menu_order":0,"comment_status":"closed","ping_status":"closed","template":"","meta":{"jetpack_post_was_ever_published":false,"footnotes":""},"class_list":["post-1241","page","type-page","status-publish","hentry"],"jetpack_sharing_enabled":true,"jetpack_shortlink":"https:\/\/wp.me\/P6IcND-k1","jetpack-related-posts":[],"_links":{"self":[{"href":"https:\/\/wp.ufpel.edu.br\/leurengeo\/wp-json\/wp\/v2\/pages\/1241","targetHints":{"allow":["GET"]}}],"collection":[{"href":"https:\/\/wp.ufpel.edu.br\/leurengeo\/wp-json\/wp\/v2\/pages"}],"about":[{"href":"https:\/\/wp.ufpel.edu.br\/leurengeo\/wp-json\/wp\/v2\/types\/page"}],"author":[{"embeddable":true,"href":"https:\/\/wp.ufpel.edu.br\/leurengeo\/wp-json\/wp\/v2\/users\/486"}],"replies":[{"embeddable":true,"href":"https:\/\/wp.ufpel.edu.br\/leurengeo\/wp-json\/wp\/v2\/comments?post=1241"}],"version-history":[{"count":7,"href":"https:\/\/wp.ufpel.edu.br\/leurengeo\/wp-json\/wp\/v2\/pages\/1241\/revisions"}],"predecessor-version":[{"id":1324,"href":"https:\/\/wp.ufpel.edu.br\/leurengeo\/wp-json\/wp\/v2\/pages\/1241\/revisions\/1324"}],"wp:attachment":[{"href":"https:\/\/wp.ufpel.edu.br\/leurengeo\/wp-json\/wp\/v2\/media?parent=1241"}],"curies":[{"name":"wp","href":"https:\/\/api.w.org\/{rel}","templated":true}]}}