{"id":1238,"date":"2023-09-25T18:36:45","date_gmt":"2023-09-25T21:36:45","guid":{"rendered":"https:\/\/wp.ufpel.edu.br\/leurengeo\/?page_id=1238"},"modified":"2023-09-25T18:36:45","modified_gmt":"2023-09-25T21:36:45","slug":"diario-de-trabalho","status":"publish","type":"page","link":"https:\/\/wp.ufpel.edu.br\/leurengeo\/diario-de-trabalho\/","title":{"rendered":"Di\u00e1rio de Trabalho"},"content":{"rendered":"<h2>Di\u00e1rio de Trabalho<\/h2>\n<p><a href=\"https:\/\/docs.google.com\/document\/d\/1Q3snO4Le62HNqPv2SMRoPJ-bSgYtDcfs7GUnqvldjHk\/edit#heading=h.jxhl3ucwyti6\" target=\"_blank\" rel=\"noopener\">Aqui<\/a> voc\u00ea tem acesso ao relat\u00f3rio de atividades desenvolvidas pelo grupo em rela\u00e7\u00e3o \u00e0 pesquisa em andamento.<\/p>\n","protected":false},"excerpt":{"rendered":"<p>Di\u00e1rio de Trabalho Aqui voc\u00ea tem acesso ao relat\u00f3rio de atividades desenvolvidas pelo grupo em rela\u00e7\u00e3o \u00e0 pesquisa em andamento.<\/p>\n","protected":false},"author":486,"featured_media":0,"parent":0,"menu_order":0,"comment_status":"closed","ping_status":"closed","template":"","meta":{"jetpack_post_was_ever_published":false,"footnotes":""},"class_list":["post-1238","page","type-page","status-publish","hentry"],"jetpack_sharing_enabled":true,"jetpack_shortlink":"https:\/\/wp.me\/P6IcND-jY","jetpack-related-posts":[],"_links":{"self":[{"href":"https:\/\/wp.ufpel.edu.br\/leurengeo\/wp-json\/wp\/v2\/pages\/1238","targetHints":{"allow":["GET"]}}],"collection":[{"href":"https:\/\/wp.ufpel.edu.br\/leurengeo\/wp-json\/wp\/v2\/pages"}],"about":[{"href":"https:\/\/wp.ufpel.edu.br\/leurengeo\/wp-json\/wp\/v2\/types\/page"}],"author":[{"embeddable":true,"href":"https:\/\/wp.ufpel.edu.br\/leurengeo\/wp-json\/wp\/v2\/users\/486"}],"replies":[{"embeddable":true,"href":"https:\/\/wp.ufpel.edu.br\/leurengeo\/wp-json\/wp\/v2\/comments?post=1238"}],"version-history":[{"count":1,"href":"https:\/\/wp.ufpel.edu.br\/leurengeo\/wp-json\/wp\/v2\/pages\/1238\/revisions"}],"predecessor-version":[{"id":1240,"href":"https:\/\/wp.ufpel.edu.br\/leurengeo\/wp-json\/wp\/v2\/pages\/1238\/revisions\/1240"}],"wp:attachment":[{"href":"https:\/\/wp.ufpel.edu.br\/leurengeo\/wp-json\/wp\/v2\/media?parent=1238"}],"curies":[{"name":"wp","href":"https:\/\/api.w.org\/{rel}","templated":true}]}}