{"id":18,"date":"2023-11-17T20:29:47","date_gmt":"2023-11-17T23:29:47","guid":{"rendered":"https:\/\/wp.ufpel.edu.br\/letraslibras\/?page_id=18"},"modified":"2025-12-10T19:42:51","modified_gmt":"2025-12-10T22:42:51","slug":"corpo-docente","status":"publish","type":"page","link":"https:\/\/wp.ufpel.edu.br\/letraslibras\/corpo-docente\/","title":{"rendered":"Corpo Docente"},"content":{"rendered":"<p><strong>Centro de Letras e Comunica\u00e7\u00e3o<\/strong><\/p>\n<p><a href=\"https:\/\/institucional.ufpel.edu.br\/servidores\/id\/13568\">Aline de Castro e Kaster\u00a0<\/a><\/p>\n<p><a href=\"https:\/\/institucional.ufpel.edu.br\/servidores\/id\/370\">Angela Nediane dos Santos<\/a><\/p>\n<p><a href=\"https:\/\/institucional.ufpel.edu.br\/servidores\/id\/166151\">Antonielle Cantarelli Martins<\/a><\/p>\n<p><a href=\"https:\/\/institucional.ufpel.edu.br\/servidores\/id\/211129\">Bruna da Silva Branco<\/a><\/p>\n<p><a href=\"https:\/\/institucional.ufpel.edu.br\/en\/servidores\/id\/65025\">Daiana San Martins Goulart\u00a0<\/a><\/p>\n<p><a href=\"https:\/\/institucional.ufpel.edu.br\/servidores\/id\/31518\">Daniel Lopes Romeu<\/a><\/p>\n<p><a href=\"https:\/\/institucional.ufpel.edu.br\/servidores\/id\/18387\">Fabiano Souto Rosa<\/a><\/p>\n<p><a href=\"https:\/\/institucional.ufpel.edu.br\/servidores\/id\/13175\">Francielle Cantarelli Martins<\/a><\/p>\n<p><a href=\"https:\/\/institucional.ufpel.edu.br\/servidores\/id\/36361\">Ivana Gomes da Silva<\/a><\/p>\n<p><a href=\"https:\/\/institucional.ufpel.edu.br\/servidores\/id\/7356\">Karina \u00c1vila Pereira<\/a><\/p>\n<p><a href=\"https:\/\/institucional.ufpel.edu.br\/servidores\/id\/159648\">M\u00e1rcio Aur\u00e9lio Friedrich<\/a><\/p>\n<p><a href=\"https:\/\/institucional.ufpel.edu.br\/servidores\/id\/149642\">Mayara Bataglin Raugust<\/a><\/p>\n<p><a href=\"https:\/\/institucional.ufpel.edu.br\/servidores\/id\/203814\">Rogers Rocha<\/a><\/p>\n<p><a href=\"https:\/\/institucional.ufpel.edu.br\/servidores\/id\/27968\">Tatiana Bol\u00edvar Lebedeff<\/a><\/p>\n<p><strong>Faculdade de Educa\u00e7\u00e3o<\/strong><\/p>\n<p><a href=\"https:\/\/institucional.ufpel.edu.br\/servidores\/id\/37500\">Joseane Cruz Monks<\/a><\/p>\n<p><a href=\"https:\/\/institucional.ufpel.edu.br\/servidores\/id\/32085\">Let\u00edcia Maria Passos C\u00f4rrea<\/a><\/p>\n<p><a href=\"https:\/\/institucional.ufpel.edu.br\/servidores\/id\/23746\">Madalena Klein<\/a><\/p>\n<p><a href=\"https:\/\/institucional.ufpel.edu.br\/servidores\/id\/22999\">Maria Cec\u00edlia Lorea Leite<\/a><\/p>\n<p><a href=\"https:\/\/institucional.ufpel.edu.br\/servidores\/id\/31402\">Maria das Gra\u00e7as Carvalho da Silva Medeiros Gon\u00e7alves Pinto<\/a><\/p>\n<p><a href=\"https:\/\/institucional.ufpel.edu.br\/servidores\/id\/24344\">Mauro Augusto Burket Del Pino<\/a><\/p>\n<p><a href=\"https:\/\/institucional.ufpel.edu.br\/servidores\/id\/193500\">Sandro Faccin Bortolazzo<\/a><\/p>\n<p><a href=\"https:\/\/institucional.ufpel.edu.br\/servidores\/id\/37662\">V\u00e2nia Grim Thies<\/a><\/p>\n","protected":false},"excerpt":{"rendered":"<p>Centro de Letras e Comunica\u00e7\u00e3o Aline de Castro e Kaster\u00a0 Angela Nediane dos Santos Antonielle Cantarelli Martins Bruna da Silva Branco Daiana San Martins Goulart\u00a0 Daniel Lopes Romeu Fabiano Souto Rosa Francielle Cantarelli Martins Ivana Gomes da Silva Karina \u00c1vila Pereira M\u00e1rcio Aur\u00e9lio Friedrich Mayara Bataglin Raugust Rogers Rocha Tatiana Bol\u00edvar Lebedeff Faculdade de Educa\u00e7\u00e3o [&hellip;]<\/p>\n","protected":false},"author":1347,"featured_media":0,"parent":0,"menu_order":2,"comment_status":"closed","ping_status":"closed","template":"","meta":{"footnotes":""},"class_list":["post-18","page","type-page","status-publish","hentry"],"jetpack_sharing_enabled":true,"_links":{"self":[{"href":"https:\/\/wp.ufpel.edu.br\/letraslibras\/wp-json\/wp\/v2\/pages\/18","targetHints":{"allow":["GET"]}}],"collection":[{"href":"https:\/\/wp.ufpel.edu.br\/letraslibras\/wp-json\/wp\/v2\/pages"}],"about":[{"href":"https:\/\/wp.ufpel.edu.br\/letraslibras\/wp-json\/wp\/v2\/types\/page"}],"author":[{"embeddable":true,"href":"https:\/\/wp.ufpel.edu.br\/letraslibras\/wp-json\/wp\/v2\/users\/1347"}],"replies":[{"embeddable":true,"href":"https:\/\/wp.ufpel.edu.br\/letraslibras\/wp-json\/wp\/v2\/comments?post=18"}],"version-history":[{"count":3,"href":"https:\/\/wp.ufpel.edu.br\/letraslibras\/wp-json\/wp\/v2\/pages\/18\/revisions"}],"predecessor-version":[{"id":151,"href":"https:\/\/wp.ufpel.edu.br\/letraslibras\/wp-json\/wp\/v2\/pages\/18\/revisions\/151"}],"wp:attachment":[{"href":"https:\/\/wp.ufpel.edu.br\/letraslibras\/wp-json\/wp\/v2\/media?parent=18"}],"curies":[{"name":"wp","href":"https:\/\/api.w.org\/{rel}","templated":true}]}}