{"id":105,"date":"2025-12-08T18:36:21","date_gmt":"2025-12-08T21:36:21","guid":{"rendered":"https:\/\/wp.ufpel.edu.br\/letraslibras\/?page_id=105"},"modified":"2025-12-16T18:00:45","modified_gmt":"2025-12-16T21:00:45","slug":"projetos","status":"publish","type":"page","link":"https:\/\/wp.ufpel.edu.br\/letraslibras\/projetos\/","title":{"rendered":"Projetos"},"content":{"rendered":"<p><strong>Chimarr\u00e3o em Libras<\/strong><\/p>\n<ul>\n<li><em>Fomento \u00e0 utiliza\u00e7\u00e3o e flu\u00eancia da Libras<\/em><\/li>\n<\/ul>\n<p><strong>Corpus da Libras<\/strong><\/p>\n<ul>\n<li><em>Corpus Bil\u00edngue baseado em narrativas em Libras\u00a0<\/em><\/li>\n<\/ul>\n<p><strong>Libras em A\u00e7\u00e3o\u00a0<\/strong><\/p>\n<ul>\n<li><em>A\u00e7\u00f5es de divulga\u00e7\u00e3o e ensino da Libras\u00a0<\/em><\/li>\n<\/ul>\n<p><strong>Literatura Surda<\/strong><\/p>\n<ul>\n<li><em>Reposit\u00f3rio de Narrativas e experi\u00eancias do povo surdo<\/em><\/li>\n<\/ul>\n<p><strong>OBALIBRAS<\/strong><\/p>\n<ul>\n<li><em>Objetos de Aprendizagem para o Ensino de Libras<\/em><\/li>\n<\/ul>\n<p><strong>Pelotas em Libras<\/strong><\/p>\n<ul>\n<li><em>Gloss\u00e1rio: conhecendo Pelotas em Libras<\/em><\/li>\n<\/ul>\n<p><strong>SER &#8211; Libras<\/strong><\/p>\n<ul>\n<li><em>Sistema de Escrita e Registro da Libras<\/em><\/li>\n<\/ul>\n<p><strong>Spread The Sign<\/strong><\/p>\n<ul>\n<li><em>Mapeamento e registro de sinais: inserindo a Libras no Spread The Sign<\/em><\/li>\n<\/ul>\n<p><strong>Terminologia da Diversidade na Libras<\/strong><\/p>\n<ul>\n<li><em>Os Sinais da Comunidade LGBT+<\/em><\/li>\n<\/ul>\n<p><strong>Terminologia em Libras<\/strong><\/p>\n<ul>\n<li><em>Organiza\u00e7\u00e3o, An\u00e1lise e Sistematiza\u00e7\u00e3o de Gloss\u00e1rios Especializados<\/em><\/li>\n<\/ul>\n","protected":false},"excerpt":{"rendered":"<p>Chimarr\u00e3o em Libras Fomento \u00e0 utiliza\u00e7\u00e3o e flu\u00eancia da Libras Corpus da Libras Corpus Bil\u00edngue baseado em narrativas em Libras\u00a0 Libras em A\u00e7\u00e3o\u00a0 A\u00e7\u00f5es de divulga\u00e7\u00e3o e ensino da Libras\u00a0 Literatura Surda Reposit\u00f3rio de Narrativas e experi\u00eancias do povo surdo OBALIBRAS Objetos de Aprendizagem para o Ensino de Libras Pelotas em Libras Gloss\u00e1rio: conhecendo Pelotas [&hellip;]<\/p>\n","protected":false},"author":1347,"featured_media":0,"parent":0,"menu_order":3,"comment_status":"closed","ping_status":"closed","template":"","meta":{"footnotes":""},"class_list":["post-105","page","type-page","status-publish","hentry"],"jetpack_sharing_enabled":true,"_links":{"self":[{"href":"https:\/\/wp.ufpel.edu.br\/letraslibras\/wp-json\/wp\/v2\/pages\/105","targetHints":{"allow":["GET"]}}],"collection":[{"href":"https:\/\/wp.ufpel.edu.br\/letraslibras\/wp-json\/wp\/v2\/pages"}],"about":[{"href":"https:\/\/wp.ufpel.edu.br\/letraslibras\/wp-json\/wp\/v2\/types\/page"}],"author":[{"embeddable":true,"href":"https:\/\/wp.ufpel.edu.br\/letraslibras\/wp-json\/wp\/v2\/users\/1347"}],"replies":[{"embeddable":true,"href":"https:\/\/wp.ufpel.edu.br\/letraslibras\/wp-json\/wp\/v2\/comments?post=105"}],"version-history":[{"count":3,"href":"https:\/\/wp.ufpel.edu.br\/letraslibras\/wp-json\/wp\/v2\/pages\/105\/revisions"}],"predecessor-version":[{"id":153,"href":"https:\/\/wp.ufpel.edu.br\/letraslibras\/wp-json\/wp\/v2\/pages\/105\/revisions\/153"}],"wp:attachment":[{"href":"https:\/\/wp.ufpel.edu.br\/letraslibras\/wp-json\/wp\/v2\/media?parent=105"}],"curies":[{"name":"wp","href":"https:\/\/api.w.org\/{rel}","templated":true}]}}