{"id":35,"date":"2011-11-30T08:59:22","date_gmt":"2011-11-30T11:59:22","guid":{"rendered":"https:\/\/wp.ufpel.edu.br\/letras-pos\/"},"modified":"2012-02-28T14:23:43","modified_gmt":"2012-02-28T14:23:43","slug":"apresentacao","status":"publish","type":"page","link":"https:\/\/wp.ufpel.edu.br\/letras-pos\/especializacao\/apresentacao\/","title":{"rendered":"Apresenta\u00e7\u00e3o"},"content":{"rendered":"<p>O curso de P\u00f3s-Gradua\u00e7\u00e3o em Letras &#8211; especializa\u00e7\u00e3o visa ao aprofundamento e atualiza\u00e7\u00e3o de conte\u00fados, m\u00e9todos e t\u00e9cnicas de ensino na \u00e1rea da L\u00edngua Portuguesa, L\u00ednguas Estrangeiras, Literatura e Lingu\u00edstica, considerando as perspectivas da educa\u00e7\u00e3o continuada e da prepara\u00e7\u00e3o para atividades em n\u00edvel de especializa\u00e7\u00e3o.<\/p>\n<h4 style=\"text-align: left\"><span style=\"color: #993366\"><strong>P\u00fablico Alvo:<\/strong><\/span><\/h4>\n<p>Professores de L\u00edngua Portuguesa, L\u00ednguas Estrangeiras e Literatura.Graduados e formandos em Letras ou em \u00e1reas afins.<\/p>\n<h4 style=\"text-align: left\"><span style=\"color: #993366\"><strong>Dura\u00e7\u00e3o:<\/strong><\/span><\/h4>\n<p>O Curso tem dura\u00e7\u00e3o de tr\u00eas semestres letivos<\/p>\n<h4 style=\"text-align: left\"><span style=\"color: #993366\"><strong>Carga Hor\u00e1ria:<\/strong><\/span><\/h4>\n<p>O aluno dever\u00e1 obter 24 cr\u00e9ditos, num total de 408 horas\/aula<\/p>\n<h4 style=\"text-align: left\"><span style=\"color: #993366\"><strong>Conclus\u00e3o do curso:<\/strong><\/span><\/h4>\n<p>Para receber o t\u00edtulo de Especialista em Letras, o aluno, al\u00e9m de integralizar os cr\u00e9ditos, deve apresentar um Trabalho de Conclus\u00e3o de Curso que dever\u00e1 ser uma monografia, um ensaio, um artigo ou um m\u00f3dulo did\u00e1tico, sob orienta\u00e7\u00e3o de um professor.<\/p>\n","protected":false},"excerpt":{"rendered":"<p>O curso de P\u00f3s-Gradua\u00e7\u00e3o em Letras &#8211; especializa\u00e7\u00e3o visa ao aprofundamento e atualiza\u00e7\u00e3o de conte\u00fados, m\u00e9todos e t\u00e9cnicas de ensino na \u00e1rea da L\u00edngua Portuguesa, L\u00ednguas Estrangeiras, Literatura e Lingu\u00edstica, considerando as perspectivas da educa\u00e7\u00e3o continuada e da prepara\u00e7\u00e3o para atividades em n\u00edvel de especializa\u00e7\u00e3o. P\u00fablico Alvo: Professores de L\u00edngua Portuguesa, L\u00ednguas Estrangeiras e Literatura.Graduados &hellip; <\/p>\n<p><a class=\"more-link btn\" href=\"https:\/\/wp.ufpel.edu.br\/letras-pos\/especializacao\/apresentacao\/\">Continue lendo<\/a><\/p>\n","protected":false},"author":50,"featured_media":0,"parent":21,"menu_order":0,"comment_status":"closed","ping_status":"open","template":"template-onecolumn.php","meta":{"footnotes":""},"class_list":["post-35","page","type-page","status-publish","hentry","nodate","item-wrap"],"_links":{"self":[{"href":"https:\/\/wp.ufpel.edu.br\/letras-pos\/wp-json\/wp\/v2\/pages\/35","targetHints":{"allow":["GET"]}}],"collection":[{"href":"https:\/\/wp.ufpel.edu.br\/letras-pos\/wp-json\/wp\/v2\/pages"}],"about":[{"href":"https:\/\/wp.ufpel.edu.br\/letras-pos\/wp-json\/wp\/v2\/types\/page"}],"author":[{"embeddable":true,"href":"https:\/\/wp.ufpel.edu.br\/letras-pos\/wp-json\/wp\/v2\/users\/50"}],"replies":[{"embeddable":true,"href":"https:\/\/wp.ufpel.edu.br\/letras-pos\/wp-json\/wp\/v2\/comments?post=35"}],"version-history":[{"count":19,"href":"https:\/\/wp.ufpel.edu.br\/letras-pos\/wp-json\/wp\/v2\/pages\/35\/revisions"}],"predecessor-version":[{"id":59,"href":"https:\/\/wp.ufpel.edu.br\/letras-pos\/wp-json\/wp\/v2\/pages\/35\/revisions\/59"}],"up":[{"embeddable":true,"href":"https:\/\/wp.ufpel.edu.br\/letras-pos\/wp-json\/wp\/v2\/pages\/21"}],"wp:attachment":[{"href":"https:\/\/wp.ufpel.edu.br\/letras-pos\/wp-json\/wp\/v2\/media?parent=35"}],"curies":[{"name":"wp","href":"https:\/\/api.w.org\/{rel}","templated":true}]}}