{"id":29,"date":"2011-11-30T08:58:48","date_gmt":"2011-11-30T08:58:48","guid":{"rendered":"https:\/\/wp.ufpel.edu.br\/letras-pos\/"},"modified":"2015-11-10T14:53:12","modified_gmt":"2015-11-10T16:53:12","slug":"corpo-docente","status":"publish","type":"page","link":"https:\/\/wp.ufpel.edu.br\/letras-pos\/especializacao\/corpo-docente\/","title":{"rendered":"Corpo Docente"},"content":{"rendered":"<p><strong>Alem\u00e3o<\/strong><\/p>\n<p>Daniele Gallindo Gon\u00e7alves Silva &#8211; <a href=\"http:\/\/lattes.cnpq.br\/8072197385675534\" target=\"_blank\">Lattes<\/a><\/p>\n<p>Helano Jader Cavalcante Ribeiro &#8211; <a href=\"http:\/\/lattes.cnpq.br\/1446597388661121\" target=\"_blank\">Lattes<\/a><\/p>\n<p>Maria Nilse Schneider &#8211; <a href=\"http:\/\/lattes.cnpq.br\/2686343697342052\" target=\"_blank\">Lattes<\/a><\/p>\n<p>&nbsp;<\/p>\n<p><strong>Espanhol<\/strong><\/p>\n<p>Aline Coelho da Silva &#8211; <a href=\"http:\/\/lattes.cnpq.br\/4633063479804845\" target=\"_blank\">Lattes<\/a><\/p>\n<p>Ana Lourdes da Rosa Nieves Brochi Fern\u00e1ndez &#8211; <a href=\"http:\/\/lattes.cnpq.br\/7681505154374222\" target=\"_blank\">Lattes<\/a><\/p>\n<p>Ana L\u00facia Pederzolli Cavalheiro &#8211; <a href=\"http:\/\/lattes.cnpq.br\/9001789262348526\" target=\"_blank\">Lattes<\/a><\/p>\n<p>Cintia Avila Blank &#8211; <a href=\"http:\/\/lattes.cnpq.br\/1384555680953895\" target=\"_blank\">Lattes<\/a><\/p>\n<p>Elton Luiz Vergara Nunes &#8211; <a href=\"http:\/\/lattes.cnpq.br\/0123032764174574\" target=\"_blank\">Lattes<\/a><\/p>\n<p>Jo\u00e3o Luis Rocha Paix\u00e3o Cort\u00eas &#8211; <a href=\"http:\/\/lattes.cnpq.br\/9524065992835915\" target=\"_blank\">Lattes<\/a><\/p>\n<p>Maria Pia Mendoza-Sassi &#8211; <a href=\"http:\/\/lattes.cnpq.br\/3902701107193137\" target=\"_blank\">Lattes<\/a><\/p>\n<p>Uruguay Cortazzo Gonz\u00e1lez &#8211; <a href=\"http:\/\/lattes.cnpq.br\/3364992748035948\" target=\"_blank\">Lattes<\/a><\/p>\n<p>&nbsp;<\/p>\n<p><strong>Franc\u00eas<\/strong><\/p>\n<p>Ana Maria da Silva Cavalheiro &#8211; <a href=\"http:\/\/lattes.cnpq.br\/2297467864298642\" target=\"_blank\">Lattes<\/a><\/p>\n<p>Deividi Silva Blank &#8211; <a href=\"http:\/\/lattes.cnpq.br\/5172275695751464\" target=\"_blank\">Lattes<\/a><\/p>\n<p>Isabella Ferreira Mozzillo &#8211; <a href=\"http:\/\/lattes.cnpq.br\/9812747786053690\" target=\"_blank\">Lattes<\/a><\/p>\n<p>Maristela Gon\u00e7alves Sousa Machado &#8211; <a href=\"http:\/\/lattes.cnpq.br\/0243989273763931\" target=\"_blank\">Lattes<\/a><\/p>\n<p>Mariza Pereira Zanini &#8211; <a href=\"http:\/\/lattes.cnpq.br\/9443906144013194\" target=\"_blank\">Lattes<\/a><\/p>\n<p>Paula Schild Mascarenhas &#8211; <a href=\"http:\/\/lattes.cnpq.br\/1824550059895533\" target=\"_blank\">Lattes<\/a><\/p>\n<p>&nbsp;<\/p>\n<p><strong>Ingl\u00eas<\/strong><\/p>\n<p>Alessandra Baldo &#8211; <a href=\"http:\/\/lattes.cnpq.br\/9788719859553141\" target=\"_blank\">Lattes<\/a><\/p>\n<p>Eduardo Marks de Marques &#8211; <a href=\"http:\/\/lattes.cnpq.br\/9216599540037680\" target=\"_blank\">Lattes<\/a><\/p>\n<p>Fl\u00e1via Medianeira de Oliveira &#8211; <a href=\"http:\/\/lattes.cnpq.br\/3372942802055329\" target=\"_blank\">Lattes<\/a><\/p>\n<p>Janie Cristine do Amaral Gon\u00e7alves &#8211; <a href=\"http:\/\/lattes.cnpq.br\/0585798611007919\" target=\"_blank\">Lattes<\/a><\/p>\n<p>Jos\u00e9 Carlos Marques Volcato &#8211; <a href=\"http:\/\/lattes.cnpq.br\/5525239974372519\" target=\"_blank\">Lattes<\/a><\/p>\n<p>Let\u00edcia Stander Farias &#8211; <a href=\"http:\/\/lattes.cnpq.br\/5743975510512820\" target=\"_blank\">Lattes<\/a><\/p>\n<p>Rafael Vetromille de Castro &#8211; <a href=\"http:\/\/lattes.cnpq.br\/3640307400529210\" target=\"_blank\">Lattes<\/a><\/p>\n<p>Renata Kabke Pinheiro &#8211; <a href=\"http:\/\/lattes.cnpq.br\/5021153354858150\" target=\"_blank\">Lattes<\/a><\/p>\n<p>S\u00edlvia Costa Kurtz dos Santos &#8211; <a href=\"http:\/\/lattes.cnpq.br\/4241516972685426\" target=\"_blank\">Lattes<\/a><\/p>\n<p>&nbsp;<\/p>\n<p><strong>L\u00edngua Portuguesa e Latim\/Lingu\u00edstica e Ensino<\/strong><\/p>\n<p>Ana Paula Nobre da Cunha &#8211; <a href=\"http:\/\/lattes.cnpq.br\/2459320830644110\" target=\"_blank\">Lattes<\/a><\/p>\n<p>C\u00edntia da Costa Alc\u00e2ntara &#8211; <a href=\"http:\/\/lattes.cnpq.br\/8128997617839448\" target=\"_blank\">Lattes<\/a><\/p>\n<p>Cleide In\u00eas Wittke &#8211; <a href=\"http:\/\/lattes.cnpq.br\/9271700127440992\" target=\"_blank\">Lattes<\/a><\/p>\n<p>Giovana Ferreira Gon\u00e7alves &#8211; <a href=\"http:\/\/lattes.cnpq.br\/1966228513900929\" target=\"_blank\">Lattes<\/a><\/p>\n<p>Janaina Cardoso Brum &#8211; <a href=\"http:\/\/lattes.cnpq.br\/4342099235372328\" target=\"_blank\">Lattes<\/a><\/p>\n<p>Karina Giacomelli &#8211; <a href=\"http:\/\/lattes.cnpq.br\/0288454660583513\" target=\"_blank\">Lattes<\/a><\/p>\n<p>Let\u00edcia Fonseca Richthofen de Freitas &#8211; <a href=\"http:\/\/lattes.cnpq.br\/9914415339003085\" target=\"_blank\">Lattes<\/a><\/p>\n<p>Lu\u00eds Isa\u00edas Centeno do Amaral &#8211; <a href=\"http:\/\/lattes.cnpq.br\/4158643597992699\" target=\"_blank\">Lattes<\/a><\/p>\n<p>M\u00e1rcia Dresch &#8211; <a href=\"http:\/\/lattes.cnpq.br\/8158709542630349\" target=\"_blank\">Lattes<\/a><\/p>\n<p>Maria Jos\u00e9 Blaskovski Vieira &#8211; <a href=\"http:\/\/lattes.cnpq.br\/8390906949557208\" target=\"_blank\">Lattes<\/a><\/p>\n<p>Mirian Rose Brum de Paula &#8211; <a href=\"http:\/\/lattes.cnpq.br\/8713626789041848\" target=\"_blank\">Lattes<\/a><\/p>\n<p>N\u00f3ris Eunice Wiener Pureza Duarte &#8211; <a href=\"http:\/\/lattes.cnpq.br\/8609426873536780\" target=\"_blank\">Lattes<\/a><\/p>\n<p>Paula Branco de Ara\u00fajo Brauner &#8211; <a href=\"http:\/\/lattes.cnpq.br\/4671628074991361\" target=\"_blank\">Lattes<\/a><\/p>\n<p>Paula Fernanda Eick Cardoso &#8211; <a href=\"http:\/\/lattes.cnpq.br\/5325775493727475\" target=\"_blank\">Lattes<\/a><\/p>\n<p>Paulo Ricardo Silveira Borges &#8211; <a href=\"http:\/\/lattes.cnpq.br\/5832148478408235\" target=\"_blank\">Lattes<\/a><\/p>\n<p>Rejane Flor Machado &#8211; <a href=\"http:\/\/lattes.cnpq.br\/8861675082220159\" target=\"_blank\">Lattes<\/a><\/p>\n<p>Sandra Maria Leal Alves &#8211; <a href=\"http:\/\/lattes.cnpq.br\/7966418033332955\" target=\"_blank\">Lattes<\/a><\/p>\n<p>Ta\u00eds Bopp da Silva &#8211; <a href=\"http:\/\/lattes.cnpq.br\/9487645788091758\" target=\"_blank\">Lattes<\/a><\/p>\n<p>Vanessa Doumid Damasceno &#8211; <a href=\"http:\/\/lattes.cnpq.br\/5548485938932287\" target=\"_blank\">Lattes<\/a><\/p>\n<p>&nbsp;<\/p>\n<p><strong>Literatura<\/strong><\/p>\n<p>Alfeu Sparemberger &#8211; <a href=\"http:\/\/lattes.cnpq.br\/9671613350365467\" target=\"_blank\">Lattes<\/a><\/p>\n<p>Andrea Czarnobay Perrot &#8211; <a href=\"http:\/\/lattes.cnpq.br\/7722188771417051\" target=\"_blank\">Lattes<\/a><\/p>\n<p>Aulus Mandagar\u00e1 Martins &#8211; <a href=\"http:\/\/lattes.cnpq.br\/5779140095343632\" target=\"_blank\">Lattes<\/a><\/p>\n<p>Claudia Lorena Vouto da Fonseca &#8211; <a href=\"http:\/\/lattes.cnpq.br\/7009414478179425\" target=\"_blank\">Lattes<\/a><\/p>\n<p>Imgart Gr\u00fctzmann &#8211; <a href=\"http:\/\/lattes.cnpq.br\/9662229573238321\" target=\"_blank\">Lattes<\/a><\/p>\n<p>Jo\u00e3o Lu\u00eds Pereira Ourique &#8211; <a href=\"http:\/\/lattes.cnpq.br\/4095677614469415\" target=\"_blank\">Lattes<\/a><\/p>\n<p>Mitizi de Miranda Gomes &#8211; <a href=\"http:\/\/lattes.cnpq.br\/1000545445158079\" target=\"_blank\">Lattes<\/a><\/p>\n<p>&nbsp;<\/p>\n<p><strong>Libras<\/strong><\/p>\n<p>Aline de Castro e Kaster &#8211; <a href=\"http:\/\/lattes.cnpq.br\/8805938565252509\" target=\"_blank\">Lattes<\/a><\/p>\n<p>Angela Nediane dos Santos &#8211; <a href=\"http:\/\/lattes.cnpq.br\/2329619753972869\" target=\"_blank\">Lattes<\/a><\/p>\n<p>Fabiano Souto Rosa &#8211; <a href=\"http:\/\/lattes.cnpq.br\/0827970294812223\" target=\"_blank\">Lattes<\/a><\/p>\n<p>Ivana Gomes da Silva &#8211; <a href=\"http:\/\/lattes.cnpq.br\/7448597498806641\" target=\"_blank\">Lattes<\/a><\/p>\n<p>Karina \u00c1vila Pereira &#8211; <a href=\"http:\/\/lattes.cnpq.br\/6717704861000296\" target=\"_blank\">Lattes<\/a><\/p>\n<p>Mayara Bataglin Raugust &#8211; <a href=\"http:\/\/lattes.cnpq.br\/4211320104895343\" target=\"_blank\">Lattes<\/a><\/p>\n<p>Tatiana Bolivar Lebedeff &#8211; <a href=\"http:\/\/lattes.cnpq.br\/0081286250806899\" target=\"_blank\">Lattes<\/a><\/p>\n<p>&nbsp;<\/p>\n<p><strong>Professores tempor\u00e1rios e substitutos<\/strong><\/p>\n<p><strong>Alem\u00e3o<\/strong><\/p>\n<p>Daiane Mackedanz &#8211; <a href=\"http:\/\/lattes.cnpq.br\/4915689323115779\" target=\"_blank\">Lattes<\/a><\/p>\n<p>&nbsp;<\/p>\n<p><strong>Franc\u00eas<\/strong><\/p>\n<p>Carolina Peixoto Piovesan &#8211; <a href=\"http:\/\/lattes.cnpq.br\/5582038819179345\" target=\"_blank\">Lattes<\/a><\/p>\n<p>&nbsp;<\/p>\n<p><strong>L\u00edngua Portuguesa e Latim\/Lingu\u00edstica e Ensino<\/strong><\/p>\n<p>Alexander Severo Cordoba &#8211; <a href=\"http:\/\/lattes.cnpq.br\/8505418842492789\" target=\"_blank\">Lattes<\/a><\/p>\n<p>Aline Concei\u00e7\u00e3o Job da Silva &#8211; <a href=\"http:\/\/lattes.cnpq.br\/2065476109697136\" target=\"_blank\">Lattes<\/a><\/p>\n","protected":false},"excerpt":{"rendered":"<p>Alem\u00e3o Daniele Gallindo Gon\u00e7alves Silva &#8211; Lattes Helano Jader Cavalcante Ribeiro &#8211; Lattes Maria Nilse Schneider &#8211; Lattes &nbsp; Espanhol Aline Coelho da Silva &#8211; Lattes Ana Lourdes da Rosa Nieves Brochi Fern\u00e1ndez &#8211; Lattes Ana L\u00facia Pederzolli Cavalheiro &#8211; Lattes Cintia Avila Blank &#8211; Lattes Elton Luiz Vergara Nunes &#8211; Lattes Jo\u00e3o Luis Rocha &hellip; <\/p>\n<p><a class=\"more-link btn\" href=\"https:\/\/wp.ufpel.edu.br\/letras-pos\/especializacao\/corpo-docente\/\">Continue lendo<\/a><\/p>\n","protected":false},"author":50,"featured_media":0,"parent":21,"menu_order":0,"comment_status":"closed","ping_status":"closed","template":"template-onecolumn.php","meta":{"footnotes":""},"class_list":["post-29","page","type-page","status-publish","hentry","nodate","item-wrap"],"_links":{"self":[{"href":"https:\/\/wp.ufpel.edu.br\/letras-pos\/wp-json\/wp\/v2\/pages\/29","targetHints":{"allow":["GET"]}}],"collection":[{"href":"https:\/\/wp.ufpel.edu.br\/letras-pos\/wp-json\/wp\/v2\/pages"}],"about":[{"href":"https:\/\/wp.ufpel.edu.br\/letras-pos\/wp-json\/wp\/v2\/types\/page"}],"author":[{"embeddable":true,"href":"https:\/\/wp.ufpel.edu.br\/letras-pos\/wp-json\/wp\/v2\/users\/50"}],"replies":[{"embeddable":true,"href":"https:\/\/wp.ufpel.edu.br\/letras-pos\/wp-json\/wp\/v2\/comments?post=29"}],"version-history":[{"count":16,"href":"https:\/\/wp.ufpel.edu.br\/letras-pos\/wp-json\/wp\/v2\/pages\/29\/revisions"}],"predecessor-version":[{"id":269,"href":"https:\/\/wp.ufpel.edu.br\/letras-pos\/wp-json\/wp\/v2\/pages\/29\/revisions\/269"}],"up":[{"embeddable":true,"href":"https:\/\/wp.ufpel.edu.br\/letras-pos\/wp-json\/wp\/v2\/pages\/21"}],"wp:attachment":[{"href":"https:\/\/wp.ufpel.edu.br\/letras-pos\/wp-json\/wp\/v2\/media?parent=29"}],"curies":[{"name":"wp","href":"https:\/\/api.w.org\/{rel}","templated":true}]}}