{"id":27,"date":"2011-11-30T08:58:37","date_gmt":"2011-11-30T08:58:37","guid":{"rendered":"https:\/\/wp.ufpel.edu.br\/letras-pos\/"},"modified":"2012-02-23T13:39:16","modified_gmt":"2012-02-23T13:39:16","slug":"disciplinas","status":"publish","type":"page","link":"https:\/\/wp.ufpel.edu.br\/letras-pos\/especializacao\/disciplinas\/","title":{"rendered":"Disciplinas"},"content":{"rendered":"<p>-Lingu\u00edstica<\/p>\n<p>-Metodologia de Ensino<\/p>\n<p>-Metodologia do Ensino da Leitura e da Literatura<\/p>\n<p>-Sociolingu\u00edstica Educacional<\/p>\n<p>-T\u00f3picos em Gram\u00e1tica<\/p>\n<p>-L\u00ednguas em Contato<\/p>\n<p>-Introdu\u00e7\u00e3o aos Estudos de Tradu\u00e7\u00e3o<\/p>\n<p>-Literatura\/Pol\u00edtica\/Hist\u00f3ria<\/p>\n<p>-Literatura Comparada: quest\u00f5es e m\u00e9todos<\/p>\n<p>-Teoria do Conto<\/p>\n<p>-Estudos Comparados em Literaturas Lus\u00f3fonas<\/p>\n","protected":false},"excerpt":{"rendered":"<p>-Lingu\u00edstica -Metodologia de Ensino -Metodologia do Ensino da Leitura e da Literatura -Sociolingu\u00edstica Educacional -T\u00f3picos em Gram\u00e1tica -L\u00ednguas em Contato -Introdu\u00e7\u00e3o aos Estudos de Tradu\u00e7\u00e3o -Literatura\/Pol\u00edtica\/Hist\u00f3ria -Literatura Comparada: quest\u00f5es e m\u00e9todos -Teoria do Conto -Estudos Comparados em Literaturas Lus\u00f3fonas<\/p>\n","protected":false},"author":50,"featured_media":0,"parent":21,"menu_order":0,"comment_status":"closed","ping_status":"closed","template":"template-onecolumn.php","meta":{"footnotes":""},"class_list":["post-27","page","type-page","status-publish","hentry","nodate","item-wrap"],"_links":{"self":[{"href":"https:\/\/wp.ufpel.edu.br\/letras-pos\/wp-json\/wp\/v2\/pages\/27","targetHints":{"allow":["GET"]}}],"collection":[{"href":"https:\/\/wp.ufpel.edu.br\/letras-pos\/wp-json\/wp\/v2\/pages"}],"about":[{"href":"https:\/\/wp.ufpel.edu.br\/letras-pos\/wp-json\/wp\/v2\/types\/page"}],"author":[{"embeddable":true,"href":"https:\/\/wp.ufpel.edu.br\/letras-pos\/wp-json\/wp\/v2\/users\/50"}],"replies":[{"embeddable":true,"href":"https:\/\/wp.ufpel.edu.br\/letras-pos\/wp-json\/wp\/v2\/comments?post=27"}],"version-history":[{"count":10,"href":"https:\/\/wp.ufpel.edu.br\/letras-pos\/wp-json\/wp\/v2\/pages\/27\/revisions"}],"predecessor-version":[{"id":55,"href":"https:\/\/wp.ufpel.edu.br\/letras-pos\/wp-json\/wp\/v2\/pages\/27\/revisions\/55"}],"up":[{"embeddable":true,"href":"https:\/\/wp.ufpel.edu.br\/letras-pos\/wp-json\/wp\/v2\/pages\/21"}],"wp:attachment":[{"href":"https:\/\/wp.ufpel.edu.br\/letras-pos\/wp-json\/wp\/v2\/media?parent=27"}],"curies":[{"name":"wp","href":"https:\/\/api.w.org\/{rel}","templated":true}]}}