{"id":25,"date":"2011-11-30T08:58:27","date_gmt":"2011-11-30T11:58:27","guid":{"rendered":"https:\/\/wp.ufpel.edu.br\/letras-pos\/"},"modified":"2012-02-28T14:23:19","modified_gmt":"2012-02-28T14:23:19","slug":"areas-de-concentracao","status":"publish","type":"page","link":"https:\/\/wp.ufpel.edu.br\/letras-pos\/especializacao\/areas-de-concentracao\/","title":{"rendered":"\u00c1reas de Concentra\u00e7\u00e3o"},"content":{"rendered":"<h4><span style=\"color: #993366\"><strong>Lingu\u00edstica Aplicada:<\/strong><\/span><\/h4>\n<p>Descri\u00e7\u00e3o e an\u00e1lise de fen\u00f4menos lingu\u00edsticos<br \/>\nEnsino e aprendizagem de l\u00ednguas<\/p>\n<h4><span style=\"color: #993366\"><strong>Literatura Comparada:<\/strong><\/span><\/h4>\n<p>Estudos de intertextualidade<br \/>\nPalavra e imagem<br \/>\nMem\u00f3rias, Identidades e Ideologias<br \/>\nSistemas Liter\u00e1rios e Tr\u00e2nsitos Culturais<\/p>\n","protected":false},"excerpt":{"rendered":"<p>Lingu\u00edstica Aplicada: Descri\u00e7\u00e3o e an\u00e1lise de fen\u00f4menos lingu\u00edsticos Ensino e aprendizagem de l\u00ednguas Literatura Comparada: Estudos de intertextualidade Palavra e imagem Mem\u00f3rias, Identidades e Ideologias Sistemas Liter\u00e1rios e Tr\u00e2nsitos Culturais<\/p>\n","protected":false},"author":50,"featured_media":0,"parent":21,"menu_order":0,"comment_status":"closed","ping_status":"open","template":"template-onecolumn.php","meta":{"footnotes":""},"class_list":["post-25","page","type-page","status-publish","hentry","nodate","item-wrap"],"_links":{"self":[{"href":"https:\/\/wp.ufpel.edu.br\/letras-pos\/wp-json\/wp\/v2\/pages\/25","targetHints":{"allow":["GET"]}}],"collection":[{"href":"https:\/\/wp.ufpel.edu.br\/letras-pos\/wp-json\/wp\/v2\/pages"}],"about":[{"href":"https:\/\/wp.ufpel.edu.br\/letras-pos\/wp-json\/wp\/v2\/types\/page"}],"author":[{"embeddable":true,"href":"https:\/\/wp.ufpel.edu.br\/letras-pos\/wp-json\/wp\/v2\/users\/50"}],"replies":[{"embeddable":true,"href":"https:\/\/wp.ufpel.edu.br\/letras-pos\/wp-json\/wp\/v2\/comments?post=25"}],"version-history":[{"count":9,"href":"https:\/\/wp.ufpel.edu.br\/letras-pos\/wp-json\/wp\/v2\/pages\/25\/revisions"}],"predecessor-version":[{"id":183,"href":"https:\/\/wp.ufpel.edu.br\/letras-pos\/wp-json\/wp\/v2\/pages\/25\/revisions\/183"}],"up":[{"embeddable":true,"href":"https:\/\/wp.ufpel.edu.br\/letras-pos\/wp-json\/wp\/v2\/pages\/21"}],"wp:attachment":[{"href":"https:\/\/wp.ufpel.edu.br\/letras-pos\/wp-json\/wp\/v2\/media?parent=25"}],"curies":[{"name":"wp","href":"https:\/\/api.w.org\/{rel}","templated":true}]}}