{"id":23,"date":"2011-11-30T08:58:14","date_gmt":"2011-11-30T11:58:14","guid":{"rendered":"https:\/\/wp.ufpel.edu.br\/letras-pos\/"},"modified":"2013-11-27T18:32:47","modified_gmt":"2013-11-27T20:32:47","slug":"documentos","status":"publish","type":"page","link":"https:\/\/wp.ufpel.edu.br\/letras-pos\/especializacao\/documentos\/","title":{"rendered":"Documentos"},"content":{"rendered":"<p><a href=\"https:\/\/wp.ufpel.edu.br\/letras-pos\/files\/2011\/11\/formulario-de-inscri\u00e7\u00e3o.doc\">\u00a0<\/a><a href=\"https:\/\/wp.ufpel.edu.br\/clc\/files\/2013\/11\/EDITAL-SELE\u00c7\u00c3O-2014.doc\" target=\"_blank\">Clique aqui para ver o edital<\/a><\/p>\n<p><img loading=\"lazy\" decoding=\"async\" alt=\"\" src=\"http:\/\/prg.ufpel.edu.br\/imgs\/icone_doc.png\" width=\"15\" height=\"15\" border=\"0\" \/><a href=\"https:\/\/wp.ufpel.edu.br\/letras-pos\/files\/2011\/11\/formulario-de-inscri\u00e7\u00e3o.doc\">Formul\u00e1rio de Inscri\u00e7\u00e3o<\/a><\/p>\n","protected":false},"excerpt":{"rendered":"<p>\u00a0Clique aqui para ver o edital Formul\u00e1rio de Inscri\u00e7\u00e3o<\/p>\n","protected":false},"author":50,"featured_media":0,"parent":21,"menu_order":0,"comment_status":"closed","ping_status":"open","template":"","meta":{"footnotes":""},"class_list":["post-23","page","type-page","status-publish","hentry","nodate","item-wrap"],"_links":{"self":[{"href":"https:\/\/wp.ufpel.edu.br\/letras-pos\/wp-json\/wp\/v2\/pages\/23","targetHints":{"allow":["GET"]}}],"collection":[{"href":"https:\/\/wp.ufpel.edu.br\/letras-pos\/wp-json\/wp\/v2\/pages"}],"about":[{"href":"https:\/\/wp.ufpel.edu.br\/letras-pos\/wp-json\/wp\/v2\/types\/page"}],"author":[{"embeddable":true,"href":"https:\/\/wp.ufpel.edu.br\/letras-pos\/wp-json\/wp\/v2\/users\/50"}],"replies":[{"embeddable":true,"href":"https:\/\/wp.ufpel.edu.br\/letras-pos\/wp-json\/wp\/v2\/comments?post=23"}],"version-history":[{"count":10,"href":"https:\/\/wp.ufpel.edu.br\/letras-pos\/wp-json\/wp\/v2\/pages\/23\/revisions"}],"predecessor-version":[{"id":239,"href":"https:\/\/wp.ufpel.edu.br\/letras-pos\/wp-json\/wp\/v2\/pages\/23\/revisions\/239"}],"up":[{"embeddable":true,"href":"https:\/\/wp.ufpel.edu.br\/letras-pos\/wp-json\/wp\/v2\/pages\/21"}],"wp:attachment":[{"href":"https:\/\/wp.ufpel.edu.br\/letras-pos\/wp-json\/wp\/v2\/media?parent=23"}],"curies":[{"name":"wp","href":"https:\/\/api.w.org\/{rel}","templated":true}]}}