{"id":21,"date":"2011-11-30T08:58:01","date_gmt":"2011-11-30T11:58:01","guid":{"rendered":"https:\/\/wp.ufpel.edu.br\/letras-pos\/"},"modified":"2017-05-12T18:04:30","modified_gmt":"2017-05-12T21:04:30","slug":"especializacao","status":"publish","type":"page","link":"https:\/\/wp.ufpel.edu.br\/letras-pos\/especializacao\/","title":{"rendered":"Especializa\u00e7\u00e3o"},"content":{"rendered":"<p><span style=\"font-size: 12pt\"><strong>Informe em 12\/05\/2017<\/strong><\/span><\/p>\n<p><span style=\"font-size: 12pt\">O \u00faltimo ingresso para o curso de Especializa\u00e7\u00e3o em Letras ocorreu no semestre 2015\/1. H\u00e1 planos para que o curso volte a ser ofertado mas na forma EAD, por\u00e9m, sem data definida at\u00e9 o momento.<\/span><\/p>\n<p>&nbsp;<\/p>\n","protected":false},"excerpt":{"rendered":"<p>Informe em 12\/05\/2017 O \u00faltimo ingresso para o curso de Especializa\u00e7\u00e3o em Letras ocorreu no semestre 2015\/1. H\u00e1 planos para que o curso volte a ser ofertado mas na forma EAD, por\u00e9m, sem data definida at\u00e9 o momento. &nbsp;<\/p>\n","protected":false},"author":50,"featured_media":0,"parent":0,"menu_order":0,"comment_status":"closed","ping_status":"closed","template":"","meta":{"footnotes":""},"class_list":["post-21","page","type-page","status-publish","hentry","nodate","item-wrap"],"_links":{"self":[{"href":"https:\/\/wp.ufpel.edu.br\/letras-pos\/wp-json\/wp\/v2\/pages\/21","targetHints":{"allow":["GET"]}}],"collection":[{"href":"https:\/\/wp.ufpel.edu.br\/letras-pos\/wp-json\/wp\/v2\/pages"}],"about":[{"href":"https:\/\/wp.ufpel.edu.br\/letras-pos\/wp-json\/wp\/v2\/types\/page"}],"author":[{"embeddable":true,"href":"https:\/\/wp.ufpel.edu.br\/letras-pos\/wp-json\/wp\/v2\/users\/50"}],"replies":[{"embeddable":true,"href":"https:\/\/wp.ufpel.edu.br\/letras-pos\/wp-json\/wp\/v2\/comments?post=21"}],"version-history":[{"count":3,"href":"https:\/\/wp.ufpel.edu.br\/letras-pos\/wp-json\/wp\/v2\/pages\/21\/revisions"}],"predecessor-version":[{"id":277,"href":"https:\/\/wp.ufpel.edu.br\/letras-pos\/wp-json\/wp\/v2\/pages\/21\/revisions\/277"}],"wp:attachment":[{"href":"https:\/\/wp.ufpel.edu.br\/letras-pos\/wp-json\/wp\/v2\/media?parent=21"}],"curies":[{"name":"wp","href":"https:\/\/api.w.org\/{rel}","templated":true}]}}