{"id":143,"date":"2012-02-23T13:42:39","date_gmt":"2012-02-23T13:42:39","guid":{"rendered":"https:\/\/wp.ufpel.edu.br\/letras-pos\/"},"modified":"2012-03-21T00:31:08","modified_gmt":"2012-03-21T03:31:08","slug":"defesas-3","status":"publish","type":"page","link":"https:\/\/wp.ufpel.edu.br\/letras-pos\/especializacao\/defesas-3\/","title":{"rendered":"Defesas"},"content":{"rendered":"<h4><span style=\"color: #000000\"><strong>Defesas 2011:<\/strong><\/span><\/h4>\n<p><span style=\"color: #000000\"><strong><br \/>\n<\/strong><\/span><\/p>\n<h4><strong><span style=\"color: #993366\">Autor:<\/span> <\/strong>Caroline Schwarzbold<\/h4>\n<h4><strong><span style=\"color: #993366\">T\u00edtulo:<\/span> <\/strong><a href=\"..\/files\/2012\/02\/Desenvolver-a-compet%C3%AAncia-leitora-desafio-ao-professor.pdf\">Desenvolver a compet\u00eancia leitora desafio ao professor<\/a><\/h4>\n<p><strong>_<\/strong><\/p>\n<h4><strong><span style=\"color: #993366\">Autor:<\/span> <\/strong> Joice da Silva Vieira<\/h4>\n<h4><span style=\"color: #993366\"><strong>T\u00edtulo:<\/strong><\/span><a href=\"..\/files\/2012\/02\/A-influ%C3%AAncia-das-TIC-e-os-novos-dados-sobre-o-ensino-aprendizagem-no-meio-rural1.pdf\"> A influ\u00eancia das TIC e os novos dados sobre o ensino aprendizagem no meio rural<\/a><\/h4>\n<p>_<\/p>\n<h4><span style=\"color: #993366\"><strong>Autor: <\/strong><\/span> Luciane Oliveira Ribeiro<\/h4>\n<h4><span style=\"color: #993366\"><strong>Orientador: <\/strong><\/span>Alfeu Sparemberger<\/h4>\n<h4><span style=\"color: #993366\"><strong>T\u00edtulo:<\/strong><\/span> <a href=\"https:\/\/wp.ufpel.edu.br\/letras-pos\/files\/2012\/02\/A-Solidariedade-Resistente-desvendando-Vida-Verdadeira-de-Domingos-Xavier.pdf\">A Solidariedade Resistente desvendando Vida Verdadeira de Domingos Xavier<\/a><\/h4>\n<p>_<\/p>\n<h4><span style=\"color: #993366\"><strong>Autor: <\/strong><\/span>Manuella Pereira Carvalho<\/h4>\n<h4><strong><span style=\"color: #993366\">T\u00edtulo:<\/span><\/strong><a href=\"https:\/\/wp.ufpel.edu.br\/letras-pos\/files\/2012\/02\/\u00c1gua-viva-e-O-sil\u00eancio-no-jogo-metaficcional-entre-forma-e-linguagem.pdf\">\u00c1gua viva e O sil\u00eancio no jogo metaficcional entre forma e linguagem<\/a><\/h4>\n<p>_<\/p>\n<h4><strong><span style=\"color: #993366\">Autor:<\/span> <\/strong>Rafael Dias Ferreira<\/h4>\n<h4><span style=\"color: #993366\"><span style=\"color: #993366\"><strong>Orientador:<\/strong><\/span> <\/span>Prof. Dr. Jo\u00e3o Manuel dos Santos Cunha<\/h4>\n<h4><span style=\"color: #993366\"><strong>T\u00edtulo:<\/strong><\/span><a href=\"https:\/\/wp.ufpel.edu.br\/letras-pos\/files\/2012\/02\/Concentricidades-e-excentricidades-calidosc\u00f3picas-na-metafic\u00e7\u00e3o-os-lados-do-c\u00edrculo-de-Amilcar-Bettega-Barbosa.pdf\"> Concentricidades e excentricidades calidosc\u00f3picas na metafic\u00e7\u00e3o os lados do c\u00edrculo, de Amilcar Bettega Barbosa<\/a><\/h4>\n<p>_<strong> <\/strong><\/p>\n<h4><span style=\"color: #993366\"><strong>Autor: <\/strong><\/span> Rejane Radtke Gomes<\/h4>\n<h4><span style=\"color: #993366\"><strong>T\u00edtulo:<\/strong><\/span> <a href=\"..\/files\/2012\/02\/A-import%C3%A2ncia-da-descri%C3%A7%C3%A3o-e-an%C3%A1lise-dos-erros-como-identificar-e-trabalhar-as-dificuldades-recorrentes-na-escrita-dos-alunos.pdf\">A import\u00e2ncia da descri\u00e7\u00e3o e an\u00e1lise dos &#8216;erros&#8217;- como identificar e trabalhar as dificuldades recorrentes na escrita dos alunos<\/a><\/h4>\n<p>_<\/p>\n","protected":false},"excerpt":{"rendered":"<p>Defesas 2011: Autor: Caroline Schwarzbold T\u00edtulo: Desenvolver a compet\u00eancia leitora desafio ao professor _ Autor: Joice da Silva Vieira T\u00edtulo: A influ\u00eancia das TIC e os novos dados sobre o ensino aprendizagem no meio rural _ Autor: Luciane Oliveira Ribeiro Orientador: Alfeu Sparemberger T\u00edtulo: A Solidariedade Resistente desvendando Vida Verdadeira de Domingos Xavier _ Autor: &hellip; <\/p>\n<p><a class=\"more-link btn\" href=\"https:\/\/wp.ufpel.edu.br\/letras-pos\/especializacao\/defesas-3\/\">Continue lendo<\/a><\/p>\n","protected":false},"author":50,"featured_media":0,"parent":21,"menu_order":0,"comment_status":"closed","ping_status":"open","template":"template-onecolumn.php","meta":{"footnotes":""},"class_list":["post-143","page","type-page","status-publish","hentry","nodate","item-wrap"],"_links":{"self":[{"href":"https:\/\/wp.ufpel.edu.br\/letras-pos\/wp-json\/wp\/v2\/pages\/143","targetHints":{"allow":["GET"]}}],"collection":[{"href":"https:\/\/wp.ufpel.edu.br\/letras-pos\/wp-json\/wp\/v2\/pages"}],"about":[{"href":"https:\/\/wp.ufpel.edu.br\/letras-pos\/wp-json\/wp\/v2\/types\/page"}],"author":[{"embeddable":true,"href":"https:\/\/wp.ufpel.edu.br\/letras-pos\/wp-json\/wp\/v2\/users\/50"}],"replies":[{"embeddable":true,"href":"https:\/\/wp.ufpel.edu.br\/letras-pos\/wp-json\/wp\/v2\/comments?post=143"}],"version-history":[{"count":26,"href":"https:\/\/wp.ufpel.edu.br\/letras-pos\/wp-json\/wp\/v2\/pages\/143\/revisions"}],"predecessor-version":[{"id":192,"href":"https:\/\/wp.ufpel.edu.br\/letras-pos\/wp-json\/wp\/v2\/pages\/143\/revisions\/192"}],"up":[{"embeddable":true,"href":"https:\/\/wp.ufpel.edu.br\/letras-pos\/wp-json\/wp\/v2\/pages\/21"}],"wp:attachment":[{"href":"https:\/\/wp.ufpel.edu.br\/letras-pos\/wp-json\/wp\/v2\/media?parent=143"}],"curies":[{"name":"wp","href":"https:\/\/api.w.org\/{rel}","templated":true}]}}