{"id":141,"date":"2012-02-23T13:42:07","date_gmt":"2012-02-23T13:42:07","guid":{"rendered":"https:\/\/wp.ufpel.edu.br\/letras-pos\/"},"modified":"2013-11-27T18:33:39","modified_gmt":"2013-11-27T20:33:39","slug":"contatos","status":"publish","type":"page","link":"https:\/\/wp.ufpel.edu.br\/letras-pos\/especializacao\/contatos\/","title":{"rendered":"Contatos"},"content":{"rendered":"<h4><strong>Programa de P\u00f3s-Gradua\u00e7\u00e3o em Letras \u2013 Especializa\u00e7\u00e3o<\/strong><\/h4>\n<p>Universidade Federal de Pelotas \u2013 Campus Porto<br \/>\nPr\u00e9dio do Centro de Letras e Comunica\u00e7\u00e3o\/CLC \u2013 andar t\u00e9rreo, sala 107<br \/>\nRua Gomes Carneiro, 1 \u2013 Centro<br \/>\nCEP 96010-610 \u2013 Pelotas, RS<\/p>\n<p><strong>CONTATOS:<\/strong><\/p>\n<p>Telefone:\u00a0<a href=\"%2853%29%203921-1384\" target=\"_blank\">(53) 3921-139<\/a>1<\/p>\n<p>E-mail:\u00a0especletrasufpel@gmail.com<\/p>\n","protected":false},"excerpt":{"rendered":"<p>Programa de P\u00f3s-Gradua\u00e7\u00e3o em Letras \u2013 Especializa\u00e7\u00e3o Universidade Federal de Pelotas \u2013 Campus Porto Pr\u00e9dio do Centro de Letras e Comunica\u00e7\u00e3o\/CLC \u2013 andar t\u00e9rreo, sala 107 Rua Gomes Carneiro, 1 \u2013 Centro CEP 96010-610 \u2013 Pelotas, RS CONTATOS: Telefone:\u00a0(53) 3921-1391 E-mail:\u00a0especletrasufpel@gmail.com<\/p>\n","protected":false},"author":50,"featured_media":0,"parent":21,"menu_order":0,"comment_status":"closed","ping_status":"open","template":"template-onecolumn.php","meta":{"footnotes":""},"class_list":["post-141","page","type-page","status-publish","hentry","nodate","item-wrap"],"_links":{"self":[{"href":"https:\/\/wp.ufpel.edu.br\/letras-pos\/wp-json\/wp\/v2\/pages\/141","targetHints":{"allow":["GET"]}}],"collection":[{"href":"https:\/\/wp.ufpel.edu.br\/letras-pos\/wp-json\/wp\/v2\/pages"}],"about":[{"href":"https:\/\/wp.ufpel.edu.br\/letras-pos\/wp-json\/wp\/v2\/types\/page"}],"author":[{"embeddable":true,"href":"https:\/\/wp.ufpel.edu.br\/letras-pos\/wp-json\/wp\/v2\/users\/50"}],"replies":[{"embeddable":true,"href":"https:\/\/wp.ufpel.edu.br\/letras-pos\/wp-json\/wp\/v2\/comments?post=141"}],"version-history":[{"count":8,"href":"https:\/\/wp.ufpel.edu.br\/letras-pos\/wp-json\/wp\/v2\/pages\/141\/revisions"}],"predecessor-version":[{"id":241,"href":"https:\/\/wp.ufpel.edu.br\/letras-pos\/wp-json\/wp\/v2\/pages\/141\/revisions\/241"}],"up":[{"embeddable":true,"href":"https:\/\/wp.ufpel.edu.br\/letras-pos\/wp-json\/wp\/v2\/pages\/21"}],"wp:attachment":[{"href":"https:\/\/wp.ufpel.edu.br\/letras-pos\/wp-json\/wp\/v2\/media?parent=141"}],"curies":[{"name":"wp","href":"https:\/\/api.w.org\/{rel}","templated":true}]}}