{"id":977,"date":"2017-04-05T15:26:03","date_gmt":"2017-04-05T18:26:03","guid":{"rendered":"https:\/\/leppais.wordpress.com\/?page_id=977"},"modified":"2022-04-06T10:37:13","modified_gmt":"2022-04-06T13:37:13","slug":"artes","status":"publish","type":"page","link":"https:\/\/wp.ufpel.edu.br\/leppais\/producoes\/artes\/","title":{"rendered":"Artes"},"content":{"rendered":"<h1><a href=\"https:\/\/youtu.be\/4rzkBb_IsyI\">Coloniza\u00e7\u00e3o Cibern\u00e9tica<\/a><\/h1>\n<p><iframe loading=\"lazy\" title=\"Coloniza\u00e7\u00e3o Cibern\u00e9tica\" width=\"584\" height=\"329\" src=\"https:\/\/www.youtube.com\/embed\/4rzkBb_IsyI?feature=oembed\" frameborder=\"0\" allow=\"accelerometer; autoplay; clipboard-write; encrypted-media; gyroscope; picture-in-picture; web-share\" referrerpolicy=\"strict-origin-when-cross-origin\" allowfullscreen><\/iframe><\/p>\n<p style=\"text-align: justify;\">Em Coloniza\u00e7\u00e3o Cibern\u00e9tica, Mauro Bruschi apresenta figuras antropom\u00f3rficas feitas de sucatas eletr\u00f4nicas e imagens obsoletas, questionando as fronteiras imaginadas entre pessoas e m\u00e1quinas, natureza e artif\u00edcio &#8211; fruto de uma interlocu\u00e7\u00e3o entre artes e antropologia.<\/p>\n<p><a href=\"https:\/\/leppais.files.wordpress.com\/2017\/04\/texto-cyber.jpg\"><img data-recalc-dims=\"1\" loading=\"lazy\" decoding=\"async\" data-attachment-id=\"984\" data-permalink=\"https:\/\/wp.ufpel.edu.br\/leppais\/producoes\/artes\/texto-cyber\/\" data-orig-file=\"https:\/\/i0.wp.com\/wp.ufpel.edu.br\/leppais\/files\/2017\/04\/texto-cyber.jpg?fit=3508%2C4961&amp;ssl=1\" data-orig-size=\"3508,4961\" data-comments-opened=\"0\" data-image-meta=\"{&quot;aperture&quot;:&quot;0&quot;,&quot;credit&quot;:&quot;&quot;,&quot;camera&quot;:&quot;&quot;,&quot;caption&quot;:&quot;&quot;,&quot;created_timestamp&quot;:&quot;0&quot;,&quot;copyright&quot;:&quot;&quot;,&quot;focal_length&quot;:&quot;0&quot;,&quot;iso&quot;:&quot;0&quot;,&quot;shutter_speed&quot;:&quot;0&quot;,&quot;title&quot;:&quot;&quot;,&quot;orientation&quot;:&quot;1&quot;}\" data-image-title=\"TEXTO cyber\" data-image-description=\"\" data-image-caption=\"\" data-medium-file=\"https:\/\/i0.wp.com\/wp.ufpel.edu.br\/leppais\/files\/2017\/04\/texto-cyber.jpg?fit=212%2C300&amp;ssl=1\" data-large-file=\"https:\/\/i0.wp.com\/wp.ufpel.edu.br\/leppais\/files\/2017\/04\/texto-cyber.jpg?fit=584%2C826&amp;ssl=1\" class=\"alignnone size-large wp-image-984\" src=\"https:\/\/leppais.files.wordpress.com\/2017\/04\/texto-cyber.jpg?w=584&#038;resize=584%2C826\" alt=\"\" width=\"584\" height=\"826\" srcset=\"https:\/\/i0.wp.com\/wp.ufpel.edu.br\/leppais\/files\/2017\/04\/texto-cyber.jpg?w=3508&amp;ssl=1 3508w, https:\/\/i0.wp.com\/wp.ufpel.edu.br\/leppais\/files\/2017\/04\/texto-cyber.jpg?resize=212%2C300&amp;ssl=1 212w, https:\/\/i0.wp.com\/wp.ufpel.edu.br\/leppais\/files\/2017\/04\/texto-cyber.jpg?resize=768%2C1086&amp;ssl=1 768w, https:\/\/i0.wp.com\/wp.ufpel.edu.br\/leppais\/files\/2017\/04\/texto-cyber.jpg?resize=724%2C1024&amp;ssl=1 724w, https:\/\/i0.wp.com\/wp.ufpel.edu.br\/leppais\/files\/2017\/04\/texto-cyber.jpg?w=1168&amp;ssl=1 1168w, https:\/\/i0.wp.com\/wp.ufpel.edu.br\/leppais\/files\/2017\/04\/texto-cyber.jpg?w=1752&amp;ssl=1 1752w\" sizes=\"auto, (max-width: 584px) 100vw, 584px\" \/><\/a><\/p>\n<h1 class=\"item-title upload-cursor-pointer\"><a href=\"https:\/\/youtu.be\/ncCVswuOH58\">V\u00eddeo-poema ao mar<\/a><\/h1>\n<p><iframe loading=\"lazy\" title=\"V\u00eddeo-poema ao mar\" width=\"584\" height=\"329\" src=\"https:\/\/www.youtube.com\/embed\/ncCVswuOH58?feature=oembed\" frameborder=\"0\" allow=\"accelerometer; autoplay; clipboard-write; encrypted-media; gyroscope; picture-in-picture; web-share\" referrerpolicy=\"strict-origin-when-cross-origin\" allowfullscreen><\/iframe><\/p>\n<p>Mem\u00f3rias, sonhos, poemas e imagens vindas do fundo do mar.<br \/>\nPor Lisandro Moura.<br \/>\nCom trechos da m\u00fasica &#8216;Gravidade&#8217;, de Caetano Veloso.<\/p>\n<h1 class=\"upload-share-panel\"><a href=\"https:\/\/youtu.be\/44OmZsGX0a8\">Transi\u00e7\u00e3o<\/a><\/h1>\n<p><iframe loading=\"lazy\" title=\"Transi\u00e7\u00e3o\" width=\"584\" height=\"329\" src=\"https:\/\/www.youtube.com\/embed\/44OmZsGX0a8?feature=oembed\" frameborder=\"0\" allow=\"accelerometer; autoplay; clipboard-write; encrypted-media; gyroscope; picture-in-picture; web-share\" referrerpolicy=\"strict-origin-when-cross-origin\" allowfullscreen><\/iframe><\/p>\n<div class=\"upload-share-panel\" style=\"text-align: justify;\">Transi\u00e7\u00e3o \u00e9 um projeto audiovisual que nasceu a partir da experi\u00eancia de Ta\u00eds Aguiar ao passar pelo processo de transi\u00e7\u00e3o capilar \u2013 assim \u00e9 chamado a mudan\u00e7a realizada no cabelo com a finalidade de tirar todo e qualquer produto qu\u00edmico alisador \u2013 e de seu Trabalho de Conclus\u00e3o de Curso nas Ci\u00eancias Sociais \u2013 UFPel, onde trabalhou-se a rela\u00e7\u00e3o da identidade sociocultural de mulheres com seus cabelos na comunidade virtual Cacheadas em Transi\u00e7\u00e3o. Hoje, no mestrado em Antropologia Social e Cultural \u2013 UFPel, a pesquisadora permanece se debru\u00e7ando sobre o mesmo tema por\u00e9m focada exclusivamente nas mulheres negras. A proposta do v\u00eddeo \u00e9 a de apresentar uma produ\u00e7\u00e3o sens\u00edvel ao ponto de instigar reflex\u00e3o a respeito n\u00e3o apenas da mudan\u00e7a f\u00edsica, mas tamb\u00e9m de adjetivos atribu\u00eddos ao cabelo de mulheres negras.<\/div>\n<div class=\"upload-share-panel\"><\/div>\n<div class=\"upload-share-panel\">Um projeto de: Ta\u00eds Aguiar<br \/>\nRealizado por: Luciano Gioielli, Estefani Leitzke, Ana Paula Melo<\/div>\n","protected":false},"excerpt":{"rendered":"<p>Coloniza\u00e7\u00e3o Cibern\u00e9tica Em Coloniza\u00e7\u00e3o Cibern\u00e9tica, Mauro Bruschi apresenta figuras antropom\u00f3rficas feitas de sucatas eletr\u00f4nicas e imagens obsoletas, questionando as fronteiras imaginadas entre pessoas e m\u00e1quinas, natureza e artif\u00edcio &#8211; fruto de uma interlocu\u00e7\u00e3o entre artes e antropologia. V\u00eddeo-poema ao mar &hellip; <a href=\"https:\/\/wp.ufpel.edu.br\/leppais\/producoes\/artes\/\">Continue lendo <span class=\"meta-nav\">&rarr;<\/span><\/a><\/p>\n","protected":false},"author":641,"featured_media":0,"parent":233,"menu_order":5,"comment_status":"closed","ping_status":"closed","template":"sidebar-page.php","meta":{"advanced_seo_description":"","jetpack_seo_html_title":"","jetpack_seo_noindex":false,"jetpack_post_was_ever_published":false,"footnotes":""},"class_list":["post-977","page","type-page","status-publish","hentry"],"jetpack_sharing_enabled":true,"jetpack_shortlink":"https:\/\/wp.me\/PayVYo-fL","jetpack-related-posts":[{"id":851,"url":"https:\/\/wp.ufpel.edu.br\/leppais\/producoes\/entrevistas-palestras-e-aulas\/","url_meta":{"origin":977,"position":0},"title":"Palestras \/ Entrevistas","author":"antropologia","date":"31\/03\/2017","format":false,"excerpt":"Semin\u00e1rio: OS GUARANI MBY\u00c1 - A\u00e7\u00f5es e experi\u00eancias contempor\u00e2neas https:\/\/www.youtube.com\/watch?v=jYEbeQCwgBE&list=PLrqSUafHHXYyNu8IJO776-yL3g0IC2ZcL Bibliotheca P\u00fablica Pelotense - Pelotas\/RS 30 out - 01 nov de 2018 Restitui\u00e7\u00e3o de Dados de Pesquisas Etnogr\u00e1ficas https:\/\/vimeo.com\/114780326 V\u00eddeo realizado a partir de de confer\u00eancia de Mme. Fran\u00e7oise Zonabend, realizada em janeiro de 2014, na Maison des Sciences de\u2026","rel":"","context":"Post similar","block_context":{"text":"Post similar","link":""},"img":{"alt_text":"","src":"https:\/\/i0.wp.com\/img.youtube.com\/vi\/PLrqSUafHHXYyNu8IJO776-yL3g0IC2ZcL\/0.jpg?resize=350%2C200","width":350,"height":200},"classes":[]},{"id":954,"url":"https:\/\/wp.ufpel.edu.br\/leppais\/producoes\/videos-fotos-outros\/","url_meta":{"origin":977,"position":1},"title":"V\u00eddeos \/ Fotos \/ Outros","author":"antropologia","date":"04\/04\/2017","format":false,"excerpt":"Homenagem a Marc Piault https:\/\/youtu.be\/q-CXjeabf9w Homenagem p\u00f3stuma ao antrop\u00f3logo, cineasta, professor e pesquisador franc\u00eas Marc-Henri Piault (1933-2020) \u00a0 Inventos: S\u00e9rie Saberes e Sabores da Col\u00f4nia https:\/\/youtu.be\/1Tk-6RyACqQ O v\u00eddeo aborda as tecnologias desenvolvidas pela fam\u00edlia Schiavon na produ\u00e7\u00e3o agroecol\u00f3gica em sua propriedade, na Col\u00f4nia S\u00e3o Manoel, no interior de Pelotas, Rio\u2026","rel":"","context":"Post similar","block_context":{"text":"Post similar","link":""},"img":{"alt_text":"","src":"https:\/\/i0.wp.com\/wp.ufpel.edu.br\/leppais\/files\/2019\/08\/saberes-e-sabores-site.png?resize=350%2C200&ssl=1","width":350,"height":200,"srcset":"https:\/\/i0.wp.com\/wp.ufpel.edu.br\/leppais\/files\/2019\/08\/saberes-e-sabores-site.png?resize=350%2C200&ssl=1 1x, https:\/\/i0.wp.com\/wp.ufpel.edu.br\/leppais\/files\/2019\/08\/saberes-e-sabores-site.png?resize=525%2C300&ssl=1 1.5x"},"classes":[]},{"id":3259,"url":"https:\/\/wp.ufpel.edu.br\/leppais\/eventos\/abra-2020\/","url_meta":{"origin":977,"position":2},"title":"ABRA 2020","author":"antropologia","date":"23\/10\/2020","format":false,"excerpt":"Este ambiente virtual re\u00fane trabalhos de pesquisadoras\/es inscritas\/os no grupo de trabalho Antropo\u00e9ticas: outras (etno)grafias, da 32\u00aa Reuni\u00e3o Brasileira de de Antropologia (RBA). Foi criado para pensarmos alternativas mais inclusivas de intera\u00e7\u00e3o virtual em um formato que dar\u00e1 \u00eanfase ao que chamamos de \u201cexperi\u00eancias virtuais-sensoriais\u201d (texturas sonoras, fotografias, desenhos, filmes,\u2026","rel":"","context":"Post similar","block_context":{"text":"Post similar","link":""},"img":{"alt_text":"","src":"https:\/\/i0.wp.com\/wp.ufpel.edu.br\/leppais\/files\/2020\/10\/Apresentacao_1.jpg?resize=350%2C200","width":350,"height":200,"srcset":"https:\/\/i0.wp.com\/wp.ufpel.edu.br\/leppais\/files\/2020\/10\/Apresentacao_1.jpg?resize=350%2C200 1x, https:\/\/i0.wp.com\/wp.ufpel.edu.br\/leppais\/files\/2020\/10\/Apresentacao_1.jpg?resize=525%2C300 1.5x, https:\/\/i0.wp.com\/wp.ufpel.edu.br\/leppais\/files\/2020\/10\/Apresentacao_1.jpg?resize=700%2C400 2x, https:\/\/i0.wp.com\/wp.ufpel.edu.br\/leppais\/files\/2020\/10\/Apresentacao_1.jpg?resize=1050%2C600 3x, https:\/\/i0.wp.com\/wp.ufpel.edu.br\/leppais\/files\/2020\/10\/Apresentacao_1.jpg?resize=1400%2C800 4x"},"classes":[]},{"id":1422,"url":"https:\/\/wp.ufpel.edu.br\/leppais\/producoes\/programas-radiofonicos\/","url_meta":{"origin":977,"position":3},"title":"Programas Radiof\u00f4nicos","author":"antropologia","date":"12\/04\/2018","format":false,"excerpt":"Programas semanais na RadioCom 104.5 FM \u00a0","rel":"","context":"Post similar","block_context":{"text":"Post similar","link":""},"img":{"alt_text":"","src":"https:\/\/i0.wp.com\/wp.ufpel.edu.br\/leppais\/files\/2018\/04\/nos-nosotros-logo.jpg?resize=350%2C200","width":350,"height":200,"srcset":"https:\/\/i0.wp.com\/wp.ufpel.edu.br\/leppais\/files\/2018\/04\/nos-nosotros-logo.jpg?resize=350%2C200 1x, https:\/\/i0.wp.com\/wp.ufpel.edu.br\/leppais\/files\/2018\/04\/nos-nosotros-logo.jpg?resize=525%2C300 1.5x, https:\/\/i0.wp.com\/wp.ufpel.edu.br\/leppais\/files\/2018\/04\/nos-nosotros-logo.jpg?resize=700%2C400 2x"},"classes":[]},{"id":949,"url":"https:\/\/wp.ufpel.edu.br\/leppais\/projetos\/pesquisa-e-extensao\/","url_meta":{"origin":977,"position":4},"title":"Pesquisa, Extens\u00e3o e Ensino","author":"antropologia","date":"04\/04\/2017","format":false,"excerpt":"Veias Abertas da Ferrovia: contribuic\u0327o\u0303es antropoe\u0301ticas ao Centro Cultural da Estac\u0327a\u0303o (Projeto de extens\u00e3o) Trabalho colaborativo com moradores do Bairro Simo\u0303es Lopes, especialmente pessoas e fami\u0301lias comprometidas com a memo\u0301ria ferrovia\u0301ria, este projeto extensionista e\u0301 indissocia\u0301vel do ensino e da pesquisa, na medida em que ac\u0327o\u0303es a ele relacionadas esta\u0303o\u2026","rel":"","context":"Post similar","block_context":{"text":"Post similar","link":""},"img":{"alt_text":"","src":"","width":0,"height":0},"classes":[]},{"id":3910,"url":"https:\/\/wp.ufpel.edu.br\/leppais\/eventos\/mostras\/","url_meta":{"origin":977,"position":5},"title":"Mostras","author":"antropologia","date":"06\/09\/2023","format":false,"excerpt":"Mostra Itinerante Pr\u00eamio Pierre Verger no Cine Ufpel Mostra Itinerante PPV (edi\u00e7\u00e3o 2022), organizada pelo LEPPAIS (UFPEL), em parceria com o LABOME (UVA). Evento h\u00edbrido (online e na sala de Cinema da UFPel Webconfer\u00eancias dos debates com os realizadores dos filmes: https:\/\/youtu.be\/DVKSznckPyw Apresenta\u00e7\u00e3o da mostra e debate com Natasha Neri\u2026","rel":"","context":"Post similar","block_context":{"text":"Post similar","link":""},"img":{"alt_text":"","src":"https:\/\/i0.wp.com\/img.youtube.com\/vi\/DVKSznckPyw\/0.jpg?resize=350%2C200","width":350,"height":200},"classes":[]}],"jetpack_likes_enabled":true,"_links":{"self":[{"href":"https:\/\/wp.ufpel.edu.br\/leppais\/wp-json\/wp\/v2\/pages\/977","targetHints":{"allow":["GET"]}}],"collection":[{"href":"https:\/\/wp.ufpel.edu.br\/leppais\/wp-json\/wp\/v2\/pages"}],"about":[{"href":"https:\/\/wp.ufpel.edu.br\/leppais\/wp-json\/wp\/v2\/types\/page"}],"author":[{"embeddable":true,"href":"https:\/\/wp.ufpel.edu.br\/leppais\/wp-json\/wp\/v2\/users\/641"}],"replies":[{"embeddable":true,"href":"https:\/\/wp.ufpel.edu.br\/leppais\/wp-json\/wp\/v2\/comments?post=977"}],"version-history":[{"count":2,"href":"https:\/\/wp.ufpel.edu.br\/leppais\/wp-json\/wp\/v2\/pages\/977\/revisions"}],"predecessor-version":[{"id":3472,"href":"https:\/\/wp.ufpel.edu.br\/leppais\/wp-json\/wp\/v2\/pages\/977\/revisions\/3472"}],"up":[{"embeddable":true,"href":"https:\/\/wp.ufpel.edu.br\/leppais\/wp-json\/wp\/v2\/pages\/233"}],"wp:attachment":[{"href":"https:\/\/wp.ufpel.edu.br\/leppais\/wp-json\/wp\/v2\/media?parent=977"}],"curies":[{"name":"wp","href":"https:\/\/api.w.org\/{rel}","templated":true}]}}