{"id":851,"date":"2017-03-31T10:21:40","date_gmt":"2017-03-31T13:21:40","guid":{"rendered":"https:\/\/leppais.wordpress.com\/?page_id=851"},"modified":"2019-04-03T10:38:40","modified_gmt":"2019-04-03T13:38:40","slug":"entrevistas-palestras-e-aulas","status":"publish","type":"page","link":"https:\/\/wp.ufpel.edu.br\/leppais\/producoes\/entrevistas-palestras-e-aulas\/","title":{"rendered":"Palestras \/ Entrevistas"},"content":{"rendered":"<h1>Semin\u00e1rio: OS GUARANI MBY\u00c1 &#8211; A\u00e7\u00f5es e experi\u00eancias contempor\u00e2neas<\/h1>\n<p><iframe loading=\"lazy\" title=\"Sergio Baptista da Silva UFRGS\" width=\"584\" height=\"329\" src=\"https:\/\/www.youtube.com\/embed\/jYEbeQCwgBE?list=PLrqSUafHHXYyNu8IJO776-yL3g0IC2ZcL\" frameborder=\"0\" allow=\"accelerometer; autoplay; clipboard-write; encrypted-media; gyroscope; picture-in-picture; web-share\" referrerpolicy=\"strict-origin-when-cross-origin\" allowfullscreen><\/iframe><\/p>\n<p>Bibliotheca P\u00fablica Pelotense &#8211; Pelotas\/RS<br \/>\n30 out &#8211; 01 nov de 2018<\/p>\n<h1>Restitui\u00e7\u00e3o de Dados de Pesquisas Etnogr\u00e1ficas<\/h1>\n<p><iframe loading=\"lazy\" title=\"Confer\u00eancia Mme Fran\u00e7oise Zonabend: Etnografias Plurais IV - Restitui\u00e7\u00e3o e Difus\u00e3o de Dados de Pesquisa\" src=\"https:\/\/player.vimeo.com\/video\/114780326?dnt=1&amp;app_id=122963\" width=\"584\" height=\"389\" frameborder=\"0\" allow=\"autoplay; fullscreen; picture-in-picture; clipboard-write\"><\/iframe><\/p>\n<div id=\"m_7771122632629883082yui_3_16_0_1_1490913688968_43001\" dir=\"ltr\" style=\"text-align: justify\">V\u00eddeo realizado a partir de de confer\u00eancia de Mme. Fran\u00e7oise Zonabend, realizada em janeiro de 2014, na Maison des Sciences de l\u2019Homme da Universit\u00e9 de Bourgogne (Dijon, Fran\u00e7a), durante o col\u00f3quio internacional Etnografias Plurais IV: Restitui\u00e7\u00e3o e Difus\u00e3o de Dados de Pesquisa, organizado pela Soci\u00e9t\u00e9 d\u2019Ethnologie Fran\u00e7aise.<\/div>\n<div id=\"m_7771122632629883082yui_3_16_0_1_1490913688968_43002\" dir=\"ltr\" style=\"text-align: justify\">Nesta confer\u00eancia, a etn\u00f3loga, especialista em mem\u00f3ria e parentesco, narra suas dif\u00edceis experi\u00eancias de restitui\u00e7\u00e3o de pesquisas etnogr\u00e1ficas: uma, coletiva, desenvolvida entre 1968 e 1980, na cidade de Minot (Borgonha), e outra, individual, sobre a usina nuclear francesa, a partir de estudo realizado na Hague (Normandia), em que ela abre o campo de reflex\u00f5es sobre a Antropologia do risco.<\/div>\n<div dir=\"ltr\"><\/div>\n<div dir=\"ltr\"><a href=\"https:\/\/periodicos.ufpel.edu.br\/ojs2\/index.php\/tessituras\/issue\/view\/340\/showToc\">Publicado na Revista Tessituras, v. 2, n. 2, 2014<\/a><\/div>\n<div dir=\"ltr\"><\/div>\n<h1><\/h1>\n<h1>A Fotografia na Difus\u00e3o e Restitui\u00e7\u00e3o da Pesquisa: Entrevista com Philippe Bonnin<\/h1>\n<p><iframe loading=\"lazy\" title=\"Entrevista Philippe Bonin: A fotografia na difus\u00e3o e restitui\u00e7\u00e3o da pesquisa\" src=\"https:\/\/player.vimeo.com\/video\/115256421?dnt=1&amp;app_id=122963\" width=\"584\" height=\"389\" frameborder=\"0\" allow=\"autoplay; fullscreen; picture-in-picture; clipboard-write\"><\/iframe><\/p>\n<div dir=\"ltr\" style=\"text-align: justify\">Al\u00e9m de revisitar o tema do col\u00f3quio internacional Etnografias Plurais IV: Restitui\u00e7\u00e3o e Difus\u00e3o de Dados de Pesquisa, organizado pela Soci\u00e9t\u00e9 d\u2019Ethnologie Fran\u00e7aise (janeiro\/2014 \u2013 Dijon), a entrevista enfoca o estatuto da imagem fotogr\u00e1fica em duas obras organizadas pelo antrop\u00f3logo, arquiteto e fot\u00f3grafo Philippe Bonnin: \u201cImagens Habitadas: fotografia e espacialidades\u201d (2007) e \u201cVocabul\u00e1rio da Espacialidade Japonesa\u201d (2014).<\/div>\n<div dir=\"ltr\"><a href=\"https:\/\/periodicos.ufpel.edu.br\/ojs2\/index.php\/tessituras\/issue\/view\/340\/showToc\">Publicado na Revista Tessituras, v. 2, n. 2, 2014<\/a><\/div>\n<div dir=\"ltr\"><\/div>\n<h1><\/h1>\n<h1>Aula Magna de Ellen Woortman: Pr\u00e1ticas Ecol\u00f3gicas Tradicionais: Ontem e Hoje<\/h1>\n<p><iframe loading=\"lazy\" title=\"Ellen Woortman: Pr\u00e1ticas Ecol\u00f3gicas Tradicionais - ontem e hoje\" src=\"https:\/\/player.vimeo.com\/video\/99538774?dnt=1&amp;app_id=122963\" width=\"584\" height=\"389\" frameborder=\"0\" allow=\"autoplay; fullscreen; picture-in-picture; clipboard-write\"><\/iframe><\/p>\n<p style=\"text-align: justify\">Registro de aula magna de Ellen Woortman no Bacharelado em Antropologia\/UFPel, em 29 de mar\u00e7o de 2011, no audit\u00f3rio da Faculdade de Urbanismo, sobre o tema: PR\u00c1TICAS ECOL\u00d3GICAS TRADICIONAIS: ONTEM E HOJE<\/p>\n<p><a href=\"https:\/\/periodicos.ufpel.edu.br\/ojs2\/index.php\/tessituras\/article\/view\/4149\">Publicado na Revista Tessituras, v. 2, n. 1, 2014<\/a><\/p>\n<h1><\/h1>\n<h1>Como pensam as imagens? &#8211; Confer\u00eancia com o Prof. Etienne Samain<\/h1>\n<p><iframe loading=\"lazy\" title=\"Como pensam as imagens? - Confer\u00eancia com o Prof. Etienne Samain\" src=\"https:\/\/player.vimeo.com\/video\/162587162?dnt=1&amp;app_id=122963\" width=\"584\" height=\"389\" frameborder=\"0\" allow=\"autoplay; fullscreen; picture-in-picture; clipboard-write\"><\/iframe><\/p>\n<p style=\"text-align: justify\">Evento realizado em parceria do LEPPAIS, com o Programa de P\u00f3s-gradua\u00e7\u00e3o em Antropologia e o Centro de Artes, em 18\/02\/2016. Etienne Samain \u00e9 refer\u00eancia incontorn\u00e1vel de quem trabalha com Antropologia da Imagem. Foi docente do Depto de Cinema e coordenador do p\u00f3s-gradua\u00e7\u00e3o em Multimeios na UNICAMP.<br \/>\nDentre v\u00e1rias obras, foi respons\u00e1vel por O Fotogr\u00e1fico e Como Pensam as Imagens, tema de sua confer\u00eancia na UFPel, a partir das contribui\u00e7\u00f5es de Aby Warburg, Gregory Bateson e trabalhos relacionados \u00e0 Antropologia da Comunica\u00e7\u00e3o Humana.<\/p>\n<h1><\/h1>\n<h1>&#8220;N\u00f3s cultuamos todas as do\u00e7uras&#8221; &#8211; Lan\u00e7amento na Bibliotheca P\u00fablica Pelotense<\/h1>\n<p><iframe loading=\"lazy\" title=\"&quot;N\u00f3s cultuamos todas as do\u00e7uras&quot; - Lan\u00e7amento na Bibliotheca P\u00fablica Pelotense\" width=\"584\" height=\"329\" src=\"https:\/\/www.youtube.com\/embed\/Pd-d-tqKLqw?feature=oembed\" frameborder=\"0\" allow=\"accelerometer; autoplay; clipboard-write; encrypted-media; gyroscope; picture-in-picture; web-share\" referrerpolicy=\"strict-origin-when-cross-origin\" allowfullscreen><\/iframe><\/p>\n<p style=\"text-align: justify\">No dia 07 de novembro de 2015, em Pelotas\/RS, aconteceu o lan\u00e7amento do livro &#8220;N\u00f3s cultuamos todas as do\u00e7uras&#8221;: as religi\u00f5es de matriz africana e a tradi\u00e7\u00e3o doceira de Pelotas, da antrop\u00f3loga e poeta Mar\u00edlia Flo\u00f4r Kosby (Ed. Escola de Poesia). Na ocasi\u00e3o foi realizada uma mesa redonda com a presen\u00e7a da autora, da \u00ccy\u00e1 Sandrali da Osun (Conselho do Povo de Terreiro\/RS) e da Prof\u00aa. Fl\u00e1via Rieth (Departamento de Antropologia\/UFPel). Al\u00e9m da mesa redonda, houve a apresenta\u00e7\u00e3o do alab\u00ea Eduardo D&#8217;Oxal\u00e1 e do grupo musical Os baob\u00e1s do fim do mundo.<br \/>\nJunto com a publica\u00e7\u00e3o do ensaio de antropologia &#8220;N\u00f3s cultuamos todas as do\u00e7uras&#8221;, foi publicada a segunda edi\u00e7\u00e3o do livro de poemas &#8220;Os baob\u00e1s do fim do mundo&#8221;, da mesma autora.<br \/>\nAs publica\u00e7\u00f5es foram financiadas pelo Programa Procultura Pelotas.<\/p>\n<h1><\/h1>\n<h1 class=\"js-clip_title\">Colette Petonnet au Br\u00e9sil: les effets p\u00e9dagogiques d&#8217;un exercice ethnographique<\/h1>\n<p><iframe loading=\"lazy\" title=\"Colette Petonnet au Br\u00e9sil:  les effets p\u00e9dagogiques d&#039;un exercice ethnographique\" width=\"584\" height=\"329\" src=\"https:\/\/www.youtube.com\/embed\/oYY5iGWQTYU?feature=oembed\" frameborder=\"0\" allow=\"accelerometer; autoplay; clipboard-write; encrypted-media; gyroscope; picture-in-picture; web-share\" referrerpolicy=\"strict-origin-when-cross-origin\" allowfullscreen><\/iframe><\/p>\n<p style=\"text-align: justify\">Depoimentos das antrop\u00f3logas Claudia Fonseca e Claudia Turra Magni sobre as contribui\u00e7\u00f5es de uma das pioneiras da Antropologia Urbana, Colette Petonnet, para a forma\u00e7\u00e3o de antrop\u00f3logxs brasileirxs. O material foi preparado para integrar evento promovido pelo Laboratoire d&#8217;Anthropologie Urbaine \/ CNRS, entre 3 e 4 de outubro de 2013, no Mus\u00e9e National d&#8217;Histoire Naturelle, em Paris: <em>Les sentiers de l&#8217;ethnologie urbaine avec Colette Petonnet \u00ad- Seminaire d&#8217;hommage.<\/em><\/p>\n<p><a href=\"http:\/\/www.scielo.br\/scielo.php?script=sci_arttext&amp;pid=S0104-71832014000100015\">Artigo publicado com os depoimentos<\/a><\/p>\n","protected":false},"excerpt":{"rendered":"<p>Semin\u00e1rio: OS GUARANI MBY\u00c1 &#8211; A\u00e7\u00f5es e experi\u00eancias contempor\u00e2neas Bibliotheca P\u00fablica Pelotense &#8211; Pelotas\/RS 30 out &#8211; 01 nov de 2018 Restitui\u00e7\u00e3o de Dados de Pesquisas Etnogr\u00e1ficas V\u00eddeo realizado a partir de de confer\u00eancia de Mme. Fran\u00e7oise Zonabend, realizada em &hellip; <a href=\"https:\/\/wp.ufpel.edu.br\/leppais\/producoes\/entrevistas-palestras-e-aulas\/\">Continue lendo <span class=\"meta-nav\">&rarr;<\/span><\/a><\/p>\n","protected":false},"author":641,"featured_media":0,"parent":233,"menu_order":2,"comment_status":"closed","ping_status":"closed","template":"sidebar-page.php","meta":{"advanced_seo_description":"","jetpack_seo_html_title":"","jetpack_seo_noindex":false,"jetpack_post_was_ever_published":false,"footnotes":""},"class_list":["post-851","page","type-page","status-publish","hentry"],"jetpack_sharing_enabled":true,"jetpack_shortlink":"https:\/\/wp.me\/PayVYo-dJ","jetpack-related-posts":[{"id":2,"url":"https:\/\/wp.ufpel.edu.br\/leppais\/sobre\/","url_meta":{"origin":851,"position":0},"title":"Sobre","author":"antropologia","date":"05\/11\/2012","format":false,"excerpt":"Hist\u00f3rico O Laborat\u00f3rio de Ensino, Pesquisa e Produ\u00e7\u00e3o em Antropologia da Imagem e do Som foi\u00a0 inaugurado no ano de 2008 pela Prof\u00aa. Dr\u00aa. Claudia Turra Magni como um projeto de extens\u00e3o permanente e est\u00e1 situado no Instituto de Ci\u00eancias Humanas da Universidade Federal de Pelotas (UFPel).\u00a0Seu principal objetivo \u00e9\u2026","rel":"","context":"Post similar","block_context":{"text":"Post similar","link":""},"img":{"alt_text":"","src":"","width":0,"height":0},"classes":[]},{"id":3467,"url":"https:\/\/wp.ufpel.edu.br\/leppais\/producoes\/podcast\/","url_meta":{"origin":851,"position":1},"title":"Podcasts","author":"antropologia","date":"06\/04\/2022","format":false,"excerpt":"Link do Antrop\u00f3lis no Spotify Antrop\u00f3lis \u00e9 um podcast especializado em debates sobre estudos contempor\u00e2neos em antropologia, desenvolvido por uma equipe de pessoas vinculadas ao Programa de P\u00f3s gradua\u00e7\u00e3o em Antropologia da Universidade Federal de Pelotas. Trata-se de um projeto de extens\u00e3o filiado ao Laborat\u00f3rio de Ensino, Pesquisa e Produ\u00e7\u00e3o\u2026","rel":"","context":"Post similar","block_context":{"text":"Post similar","link":""},"img":{"alt_text":"","src":"https:\/\/i0.wp.com\/wp.ufpel.edu.br\/leppais\/files\/2023\/01\/Capas-podcasts-caraminholas-antropolis.jpg?resize=350%2C200&ssl=1","width":350,"height":200,"srcset":"https:\/\/i0.wp.com\/wp.ufpel.edu.br\/leppais\/files\/2023\/01\/Capas-podcasts-caraminholas-antropolis.jpg?resize=350%2C200&ssl=1 1x, https:\/\/i0.wp.com\/wp.ufpel.edu.br\/leppais\/files\/2023\/01\/Capas-podcasts-caraminholas-antropolis.jpg?resize=525%2C300&ssl=1 1.5x, https:\/\/i0.wp.com\/wp.ufpel.edu.br\/leppais\/files\/2023\/01\/Capas-podcasts-caraminholas-antropolis.jpg?resize=700%2C400&ssl=1 2x, https:\/\/i0.wp.com\/wp.ufpel.edu.br\/leppais\/files\/2023\/01\/Capas-podcasts-caraminholas-antropolis.jpg?resize=1050%2C600&ssl=1 3x"},"classes":[]},{"id":3259,"url":"https:\/\/wp.ufpel.edu.br\/leppais\/eventos\/abra-2020\/","url_meta":{"origin":851,"position":2},"title":"ABRA 2020","author":"antropologia","date":"23\/10\/2020","format":false,"excerpt":"Este ambiente virtual re\u00fane trabalhos de pesquisadoras\/es inscritas\/os no grupo de trabalho Antropo\u00e9ticas: outras (etno)grafias, da 32\u00aa Reuni\u00e3o Brasileira de de Antropologia (RBA). Foi criado para pensarmos alternativas mais inclusivas de intera\u00e7\u00e3o virtual em um formato que dar\u00e1 \u00eanfase ao que chamamos de \u201cexperi\u00eancias virtuais-sensoriais\u201d (texturas sonoras, fotografias, desenhos, filmes,\u2026","rel":"","context":"Post similar","block_context":{"text":"Post similar","link":""},"img":{"alt_text":"","src":"https:\/\/i0.wp.com\/wp.ufpel.edu.br\/leppais\/files\/2020\/10\/Apresentacao_1.jpg?resize=350%2C200","width":350,"height":200,"srcset":"https:\/\/i0.wp.com\/wp.ufpel.edu.br\/leppais\/files\/2020\/10\/Apresentacao_1.jpg?resize=350%2C200 1x, https:\/\/i0.wp.com\/wp.ufpel.edu.br\/leppais\/files\/2020\/10\/Apresentacao_1.jpg?resize=525%2C300 1.5x, https:\/\/i0.wp.com\/wp.ufpel.edu.br\/leppais\/files\/2020\/10\/Apresentacao_1.jpg?resize=700%2C400 2x, https:\/\/i0.wp.com\/wp.ufpel.edu.br\/leppais\/files\/2020\/10\/Apresentacao_1.jpg?resize=1050%2C600 3x, https:\/\/i0.wp.com\/wp.ufpel.edu.br\/leppais\/files\/2020\/10\/Apresentacao_1.jpg?resize=1400%2C800 4x"},"classes":[]},{"id":3556,"url":"https:\/\/wp.ufpel.edu.br\/leppais\/producoes\/livros\/","url_meta":{"origin":851,"position":3},"title":"Publica\u00e7\u00f5es","author":"antropologia","date":"24\/10\/2022","format":false,"excerpt":"MEMORIAL DESCRITIVO PARA PROFESSORA TITULAR: Claudia Turra Magni (PDF) FOTOBIOGRAFIAS RINC\u00c3O DAS ALMAS (PDF) M\u00c1QUINAS, CORPOS E GRAFIAS: TECNOPO\u00c9TICAS EM PERSPECTIVA TRANSDISCIPLINAR https:\/\/wp.ufpel.edu.br\/leppais\/files\/2025\/04\/15-04_Tecnopoeticas.pdf TRAJET\u00d3RIAS PESSOAIS NA ANTROPOLOGIA (AUDIO)VISUAL NO BRASIL V. 1 (PDF) ILUMINURAS - Metodologias etnogr\u00e1ficas subversivas: as po\u00e9ticas das grafias (PDF) PANDEMIA DE NARRATIVAS: VIDA EM QUARENTENA UM\u2026","rel":"","context":"Post similar","block_context":{"text":"Post similar","link":""},"img":{"alt_text":"","src":"https:\/\/i0.wp.com\/wp.ufpel.edu.br\/leppais\/files\/2025\/07\/Captura-de-tela_14-7-2025_144146_.jpeg?resize=350%2C200&ssl=1","width":350,"height":200,"srcset":"https:\/\/i0.wp.com\/wp.ufpel.edu.br\/leppais\/files\/2025\/07\/Captura-de-tela_14-7-2025_144146_.jpeg?resize=350%2C200&ssl=1 1x, https:\/\/i0.wp.com\/wp.ufpel.edu.br\/leppais\/files\/2025\/07\/Captura-de-tela_14-7-2025_144146_.jpeg?resize=525%2C300&ssl=1 1.5x"},"classes":[]},{"id":949,"url":"https:\/\/wp.ufpel.edu.br\/leppais\/projetos\/pesquisa-e-extensao\/","url_meta":{"origin":851,"position":4},"title":"Pesquisa, Extens\u00e3o e Ensino","author":"antropologia","date":"04\/04\/2017","format":false,"excerpt":"Veias Abertas da Ferrovia: contribuic\u0327o\u0303es antropoe\u0301ticas ao Centro Cultural da Estac\u0327a\u0303o (Projeto de extens\u00e3o) Trabalho colaborativo com moradores do Bairro Simo\u0303es Lopes, especialmente pessoas e fami\u0301lias comprometidas com a memo\u0301ria ferrovia\u0301ria, este projeto extensionista e\u0301 indissocia\u0301vel do ensino e da pesquisa, na medida em que ac\u0327o\u0303es a ele relacionadas esta\u0303o\u2026","rel":"","context":"Post similar","block_context":{"text":"Post similar","link":""},"img":{"alt_text":"","src":"","width":0,"height":0},"classes":[]},{"id":53,"url":"https:\/\/wp.ufpel.edu.br\/leppais\/links-uteis\/","url_meta":{"origin":851,"position":5},"title":"Links","author":"antropologia","date":"18\/07\/2013","format":false,"excerpt":"ABA - Associa\u00e7\u00e3o Brasileira de Antropologia SAB - Sociedade Brasileira de Arqueologia UFPEL - Universidade Federal de Pelotas ICH - Instituto de Ci\u00eancias Humanas PPGAnt - P\u00f3s-Gradua\u00e7\u00e3o Antropologia Gradua\u00e7\u00e3o Antropologia Social e Cultural - Arqueologia Antropologia Social Antropologia Visual \/ ABA GEPAC - Grupo de Estudos e Pesquisas em Alimenta\u00e7\u00e3o\u2026","rel":"","context":"Post similar","block_context":{"text":"Post similar","link":""},"img":{"alt_text":"","src":"","width":0,"height":0},"classes":[]}],"jetpack_likes_enabled":true,"_links":{"self":[{"href":"https:\/\/wp.ufpel.edu.br\/leppais\/wp-json\/wp\/v2\/pages\/851","targetHints":{"allow":["GET"]}}],"collection":[{"href":"https:\/\/wp.ufpel.edu.br\/leppais\/wp-json\/wp\/v2\/pages"}],"about":[{"href":"https:\/\/wp.ufpel.edu.br\/leppais\/wp-json\/wp\/v2\/types\/page"}],"author":[{"embeddable":true,"href":"https:\/\/wp.ufpel.edu.br\/leppais\/wp-json\/wp\/v2\/users\/641"}],"replies":[{"embeddable":true,"href":"https:\/\/wp.ufpel.edu.br\/leppais\/wp-json\/wp\/v2\/comments?post=851"}],"version-history":[{"count":5,"href":"https:\/\/wp.ufpel.edu.br\/leppais\/wp-json\/wp\/v2\/pages\/851\/revisions"}],"predecessor-version":[{"id":2645,"href":"https:\/\/wp.ufpel.edu.br\/leppais\/wp-json\/wp\/v2\/pages\/851\/revisions\/2645"}],"up":[{"embeddable":true,"href":"https:\/\/wp.ufpel.edu.br\/leppais\/wp-json\/wp\/v2\/pages\/233"}],"wp:attachment":[{"href":"https:\/\/wp.ufpel.edu.br\/leppais\/wp-json\/wp\/v2\/media?parent=851"}],"curies":[{"name":"wp","href":"https:\/\/api.w.org\/{rel}","templated":true}]}}