{"id":53,"date":"2013-07-18T20:45:46","date_gmt":"2013-07-18T20:45:46","guid":{"rendered":"http:\/\/leppais.wordpress.com\/?page_id=53"},"modified":"2013-07-18T20:45:46","modified_gmt":"2013-07-18T20:45:46","slug":"links-uteis","status":"publish","type":"page","link":"https:\/\/wp.ufpel.edu.br\/leppais\/links-uteis\/","title":{"rendered":"Links"},"content":{"rendered":"<p><a href=\"http:\/\/www.abant.org.br\/\"><strong>ABA<\/strong> &#8211; Associa\u00e7\u00e3o Brasileira de Antropologia<\/a><\/p>\n<p><a href=\"http:\/\/www.sabnet.com.br\/\"><strong>SAB<\/strong> &#8211; Sociedade Brasileira de Arqueologia<\/a><\/p>\n<p><a href=\"http:\/\/portal.ufpel.edu.br\/\"><strong>UFPEL<\/strong> &#8211; Universidade Federal de Pelotas<\/a><\/p>\n<p><a href=\"http:\/\/wp.ufpel.edu.br\/ich\/\"><strong>ICH<\/strong> &#8211; Instituto de Ci\u00eancias Humanas<\/a><\/p>\n<p><strong><a href=\"http:\/\/wp.ufpel.edu.br\/ppgant\/\">PPGAnt<\/a><\/strong><a href=\"http:\/\/wp.ufpel.edu.br\/ppgant\/\"> &#8211; P\u00f3s-Gradua\u00e7\u00e3o Antropologia<\/a><\/p>\n<p><a href=\"http:\/\/wp.ufpel.edu.br\/antropologia\/\">Gradua\u00e7\u00e3o Antropologia Social e Cultural &#8211; Arqueologia<\/a><\/p>\n<p><a href=\"http:\/\/antropologiasocial.com.br\/\">Antropologia Social<\/a><\/p>\n<p><a href=\"http:\/\/antropologiavisualaba.blogspot.com.br\/\">Antropologia Visual \/ ABA<\/a><\/p>\n<p><a href=\"http:\/\/www.ufrgs.br\/pgdr\/gepac\/\"><strong>GEPAC<\/strong> &#8211; Grupo de Estudos e Pesquisas em Alimenta\u00e7\u00e3o e Cultura<\/a><\/p>\n","protected":false},"excerpt":{"rendered":"<p>ABA &#8211; Associa\u00e7\u00e3o Brasileira de Antropologia SAB &#8211; Sociedade Brasileira de Arqueologia UFPEL &#8211; Universidade Federal de Pelotas ICH &#8211; Instituto de Ci\u00eancias Humanas PPGAnt &#8211; P\u00f3s-Gradua\u00e7\u00e3o Antropologia Gradua\u00e7\u00e3o Antropologia Social e Cultural &#8211; Arqueologia Antropologia Social Antropologia Visual \/ &hellip; <a href=\"https:\/\/wp.ufpel.edu.br\/leppais\/links-uteis\/\">Continue lendo <span class=\"meta-nav\">&rarr;<\/span><\/a><\/p>\n","protected":false},"author":641,"featured_media":0,"parent":0,"menu_order":5,"comment_status":"open","ping_status":"open","template":"sidebar-page.php","meta":{"advanced_seo_description":"","jetpack_seo_html_title":"","jetpack_seo_noindex":false,"jetpack_post_was_ever_published":false,"footnotes":""},"class_list":["post-53","page","type-page","status-publish","hentry"],"jetpack_sharing_enabled":true,"jetpack_shortlink":"https:\/\/wp.me\/PayVYo-R","jetpack-related-posts":[{"id":1422,"url":"https:\/\/wp.ufpel.edu.br\/leppais\/producoes\/programas-radiofonicos\/","url_meta":{"origin":53,"position":0},"title":"Programas Radiof\u00f4nicos","author":"antropologia","date":"12\/04\/2018","format":false,"excerpt":"Programas semanais na RadioCom 104.5 FM \u00a0","rel":"","context":"Post similar","block_context":{"text":"Post similar","link":""},"img":{"alt_text":"","src":"https:\/\/i0.wp.com\/wp.ufpel.edu.br\/leppais\/files\/2018\/04\/nos-nosotros-logo.jpg?resize=350%2C200","width":350,"height":200,"srcset":"https:\/\/i0.wp.com\/wp.ufpel.edu.br\/leppais\/files\/2018\/04\/nos-nosotros-logo.jpg?resize=350%2C200 1x, https:\/\/i0.wp.com\/wp.ufpel.edu.br\/leppais\/files\/2018\/04\/nos-nosotros-logo.jpg?resize=525%2C300 1.5x, https:\/\/i0.wp.com\/wp.ufpel.edu.br\/leppais\/files\/2018\/04\/nos-nosotros-logo.jpg?resize=700%2C400 2x"},"classes":[]},{"id":3467,"url":"https:\/\/wp.ufpel.edu.br\/leppais\/producoes\/podcast\/","url_meta":{"origin":53,"position":1},"title":"Podcasts","author":"antropologia","date":"06\/04\/2022","format":false,"excerpt":"Link do Antrop\u00f3lis no Spotify Antrop\u00f3lis \u00e9 um podcast especializado em debates sobre estudos contempor\u00e2neos em antropologia, desenvolvido por uma equipe de pessoas vinculadas ao Programa de P\u00f3s gradua\u00e7\u00e3o em Antropologia da Universidade Federal de Pelotas. Trata-se de um projeto de extens\u00e3o filiado ao Laborat\u00f3rio de Ensino, Pesquisa e Produ\u00e7\u00e3o\u2026","rel":"","context":"Post similar","block_context":{"text":"Post similar","link":""},"img":{"alt_text":"","src":"https:\/\/i0.wp.com\/wp.ufpel.edu.br\/leppais\/files\/2023\/01\/Capas-podcasts-caraminholas-antropolis.jpg?resize=350%2C200&ssl=1","width":350,"height":200,"srcset":"https:\/\/i0.wp.com\/wp.ufpel.edu.br\/leppais\/files\/2023\/01\/Capas-podcasts-caraminholas-antropolis.jpg?resize=350%2C200&ssl=1 1x, https:\/\/i0.wp.com\/wp.ufpel.edu.br\/leppais\/files\/2023\/01\/Capas-podcasts-caraminholas-antropolis.jpg?resize=525%2C300&ssl=1 1.5x, https:\/\/i0.wp.com\/wp.ufpel.edu.br\/leppais\/files\/2023\/01\/Capas-podcasts-caraminholas-antropolis.jpg?resize=700%2C400&ssl=1 2x, https:\/\/i0.wp.com\/wp.ufpel.edu.br\/leppais\/files\/2023\/01\/Capas-podcasts-caraminholas-antropolis.jpg?resize=1050%2C600&ssl=1 3x"},"classes":[]},{"id":949,"url":"https:\/\/wp.ufpel.edu.br\/leppais\/projetos\/pesquisa-e-extensao\/","url_meta":{"origin":53,"position":2},"title":"Pesquisa, Extens\u00e3o e Ensino","author":"antropologia","date":"04\/04\/2017","format":false,"excerpt":"Veias Abertas da Ferrovia: contribuic\u0327o\u0303es antropoe\u0301ticas ao Centro Cultural da Estac\u0327a\u0303o (Projeto de extens\u00e3o) Trabalho colaborativo com moradores do Bairro Simo\u0303es Lopes, especialmente pessoas e fami\u0301lias comprometidas com a memo\u0301ria ferrovia\u0301ria, este projeto extensionista e\u0301 indissocia\u0301vel do ensino e da pesquisa, na medida em que ac\u0327o\u0303es a ele relacionadas esta\u0303o\u2026","rel":"","context":"Post similar","block_context":{"text":"Post similar","link":""},"img":{"alt_text":"","src":"","width":0,"height":0},"classes":[]},{"id":851,"url":"https:\/\/wp.ufpel.edu.br\/leppais\/producoes\/entrevistas-palestras-e-aulas\/","url_meta":{"origin":53,"position":3},"title":"Palestras \/ Entrevistas","author":"antropologia","date":"31\/03\/2017","format":false,"excerpt":"Semin\u00e1rio: OS GUARANI MBY\u00c1 - A\u00e7\u00f5es e experi\u00eancias contempor\u00e2neas https:\/\/www.youtube.com\/watch?v=jYEbeQCwgBE&list=PLrqSUafHHXYyNu8IJO776-yL3g0IC2ZcL Bibliotheca P\u00fablica Pelotense - Pelotas\/RS 30 out - 01 nov de 2018 Restitui\u00e7\u00e3o de Dados de Pesquisas Etnogr\u00e1ficas https:\/\/vimeo.com\/114780326 V\u00eddeo realizado a partir de de confer\u00eancia de Mme. Fran\u00e7oise Zonabend, realizada em janeiro de 2014, na Maison des Sciences de\u2026","rel":"","context":"Post similar","block_context":{"text":"Post similar","link":""},"img":{"alt_text":"","src":"https:\/\/i0.wp.com\/img.youtube.com\/vi\/PLrqSUafHHXYyNu8IJO776-yL3g0IC2ZcL\/0.jpg?resize=350%2C200","width":350,"height":200},"classes":[]},{"id":3719,"url":"https:\/\/wp.ufpel.edu.br\/leppais\/producoes\/webconferencias\/","url_meta":{"origin":53,"position":4},"title":"Webconfer\u00eancias","author":"antropologia","date":"18\/01\/2023","format":false,"excerpt":"Ciclo webconfer\u00eancias sobre trajet\u00f3rias pessoais de pesquisadores que atuam na rede de antropologia visual no Brasil Vinculado ao projeto \"Territ\u00f3rios cient\u00edficos\" da Editora Sert\u00e3o Cult em parceria com a LABOME, promovemos uma s\u00e9rie de entrevistas e, ao mesmo tempo, webconfer\u00eancias sobre trajet\u00f3rias pessoais de pesquisadores que atuam na rede de\u2026","rel":"","context":"Post similar","block_context":{"text":"Post similar","link":""},"img":{"alt_text":"","src":"https:\/\/i0.wp.com\/wp.ufpel.edu.br\/leppais\/files\/2022\/06\/1-Todos.jpg?resize=350%2C200&ssl=1","width":350,"height":200,"srcset":"https:\/\/i0.wp.com\/wp.ufpel.edu.br\/leppais\/files\/2022\/06\/1-Todos.jpg?resize=350%2C200&ssl=1 1x, https:\/\/i0.wp.com\/wp.ufpel.edu.br\/leppais\/files\/2022\/06\/1-Todos.jpg?resize=525%2C300&ssl=1 1.5x, https:\/\/i0.wp.com\/wp.ufpel.edu.br\/leppais\/files\/2022\/06\/1-Todos.jpg?resize=700%2C400&ssl=1 2x"},"classes":[]},{"id":16,"url":"https:\/\/wp.ufpel.edu.br\/leppais\/projetos\/","url_meta":{"origin":53,"position":5},"title":"Projetos","author":"antropologia","date":"18\/07\/2013","format":false,"excerpt":"Pesquisa e Extens\u00e3o Ensino","rel":"","context":"Post similar","block_context":{"text":"Post similar","link":""},"img":{"alt_text":"","src":"","width":0,"height":0},"classes":[]}],"jetpack_likes_enabled":true,"_links":{"self":[{"href":"https:\/\/wp.ufpel.edu.br\/leppais\/wp-json\/wp\/v2\/pages\/53","targetHints":{"allow":["GET"]}}],"collection":[{"href":"https:\/\/wp.ufpel.edu.br\/leppais\/wp-json\/wp\/v2\/pages"}],"about":[{"href":"https:\/\/wp.ufpel.edu.br\/leppais\/wp-json\/wp\/v2\/types\/page"}],"author":[{"embeddable":true,"href":"https:\/\/wp.ufpel.edu.br\/leppais\/wp-json\/wp\/v2\/users\/641"}],"replies":[{"embeddable":true,"href":"https:\/\/wp.ufpel.edu.br\/leppais\/wp-json\/wp\/v2\/comments?post=53"}],"version-history":[{"count":0,"href":"https:\/\/wp.ufpel.edu.br\/leppais\/wp-json\/wp\/v2\/pages\/53\/revisions"}],"wp:attachment":[{"href":"https:\/\/wp.ufpel.edu.br\/leppais\/wp-json\/wp\/v2\/media?parent=53"}],"curies":[{"name":"wp","href":"https:\/\/api.w.org\/{rel}","templated":true}]}}