{"id":50,"date":"2013-07-18T20:43:59","date_gmt":"2013-07-18T20:43:59","guid":{"rendered":"http:\/\/leppais.wordpress.com\/?page_id=50"},"modified":"2023-11-17T13:36:50","modified_gmt":"2023-11-17T16:36:50","slug":"horarios","status":"publish","type":"page","link":"https:\/\/wp.ufpel.edu.br\/leppais\/horarios\/","title":{"rendered":"Hor\u00e1rio"},"content":{"rendered":"<p><img data-recalc-dims=\"1\" loading=\"lazy\" decoding=\"async\" data-attachment-id=\"3957\" data-permalink=\"https:\/\/wp.ufpel.edu.br\/leppais\/horarios\/blog-horario2023-3\/\" data-orig-file=\"https:\/\/i0.wp.com\/wp.ufpel.edu.br\/leppais\/files\/2023\/11\/Blog-Horario2023-3.jpg?fit=1693%2C1066&amp;ssl=1\" data-orig-size=\"1693,1066\" data-comments-opened=\"0\" data-image-meta=\"{&quot;aperture&quot;:&quot;0&quot;,&quot;credit&quot;:&quot;&quot;,&quot;camera&quot;:&quot;&quot;,&quot;caption&quot;:&quot;&quot;,&quot;created_timestamp&quot;:&quot;0&quot;,&quot;copyright&quot;:&quot;&quot;,&quot;focal_length&quot;:&quot;0&quot;,&quot;iso&quot;:&quot;0&quot;,&quot;shutter_speed&quot;:&quot;0&quot;,&quot;title&quot;:&quot;&quot;,&quot;orientation&quot;:&quot;0&quot;}\" data-image-title=\"Blog-Horario2023-3\" data-image-description=\"\" data-image-caption=\"\" data-medium-file=\"https:\/\/i0.wp.com\/wp.ufpel.edu.br\/leppais\/files\/2023\/11\/Blog-Horario2023-3.jpg?fit=300%2C189&amp;ssl=1\" data-large-file=\"https:\/\/i0.wp.com\/wp.ufpel.edu.br\/leppais\/files\/2023\/11\/Blog-Horario2023-3.jpg?fit=584%2C368&amp;ssl=1\" class=\"alignnone wp-image-3957 size-full\" src=\"https:\/\/i0.wp.com\/wp.ufpel.edu.br\/leppais\/files\/2023\/11\/Blog-Horario2023-3.jpg?resize=584%2C368&#038;ssl=1\" alt=\"\" width=\"584\" height=\"368\" srcset=\"https:\/\/i0.wp.com\/wp.ufpel.edu.br\/leppais\/files\/2023\/11\/Blog-Horario2023-3.jpg?w=1693&amp;ssl=1 1693w, https:\/\/i0.wp.com\/wp.ufpel.edu.br\/leppais\/files\/2023\/11\/Blog-Horario2023-3.jpg?resize=300%2C189&amp;ssl=1 300w, https:\/\/i0.wp.com\/wp.ufpel.edu.br\/leppais\/files\/2023\/11\/Blog-Horario2023-3.jpg?resize=1024%2C645&amp;ssl=1 1024w, https:\/\/i0.wp.com\/wp.ufpel.edu.br\/leppais\/files\/2023\/11\/Blog-Horario2023-3.jpg?resize=768%2C484&amp;ssl=1 768w, https:\/\/i0.wp.com\/wp.ufpel.edu.br\/leppais\/files\/2023\/11\/Blog-Horario2023-3.jpg?resize=1536%2C967&amp;ssl=1 1536w, https:\/\/i0.wp.com\/wp.ufpel.edu.br\/leppais\/files\/2023\/11\/Blog-Horario2023-3.jpg?resize=476%2C300&amp;ssl=1 476w, https:\/\/i0.wp.com\/wp.ufpel.edu.br\/leppais\/files\/2023\/11\/Blog-Horario2023-3.jpg?w=1168&amp;ssl=1 1168w\" sizes=\"auto, (max-width: 584px) 100vw, 584px\" \/><\/p>\n<p><b><\/b>Para maiores informa\u00e7\u00f5es, nos consulte atrav\u00e9s do e-mail <span style=\"color: #ff6600;\">lab.leppais@gmail.com<\/span><\/p>\n","protected":false},"excerpt":{"rendered":"<p>Para maiores informa\u00e7\u00f5es, nos consulte atrav\u00e9s do e-mail lab.leppais@gmail.com<\/p>\n","protected":false},"author":641,"featured_media":0,"parent":0,"menu_order":4,"comment_status":"closed","ping_status":"closed","template":"sidebar-page.php","meta":{"advanced_seo_description":"","jetpack_seo_html_title":"","jetpack_seo_noindex":false,"jetpack_post_was_ever_published":false,"footnotes":""},"class_list":["post-50","page","type-page","status-publish","hentry"],"jetpack_sharing_enabled":true,"jetpack_shortlink":"https:\/\/wp.me\/PayVYo-O","jetpack-related-posts":[{"id":2,"url":"https:\/\/wp.ufpel.edu.br\/leppais\/sobre\/","url_meta":{"origin":50,"position":0},"title":"Sobre","author":"antropologia","date":"05\/11\/2012","format":false,"excerpt":"Hist\u00f3rico O Laborat\u00f3rio de Ensino, Pesquisa e Produ\u00e7\u00e3o em Antropologia da Imagem e do Som foi\u00a0 inaugurado no ano de 2008 pela Prof\u00aa. Dr\u00aa. Claudia Turra Magni como um projeto de extens\u00e3o permanente e est\u00e1 situado no Instituto de Ci\u00eancias Humanas da Universidade Federal de Pelotas (UFPel).\u00a0Seu principal objetivo \u00e9\u2026","rel":"","context":"Post similar","block_context":{"text":"Post similar","link":""},"img":{"alt_text":"","src":"","width":0,"height":0},"classes":[]},{"id":949,"url":"https:\/\/wp.ufpel.edu.br\/leppais\/projetos\/pesquisa-e-extensao\/","url_meta":{"origin":50,"position":1},"title":"Pesquisa, Extens\u00e3o e Ensino","author":"antropologia","date":"04\/04\/2017","format":false,"excerpt":"Veias Abertas da Ferrovia: contribuic\u0327o\u0303es antropoe\u0301ticas ao Centro Cultural da Estac\u0327a\u0303o (Projeto de extens\u00e3o) Trabalho colaborativo com moradores do Bairro Simo\u0303es Lopes, especialmente pessoas e fami\u0301lias comprometidas com a memo\u0301ria ferrovia\u0301ria, este projeto extensionista e\u0301 indissocia\u0301vel do ensino e da pesquisa, na medida em que ac\u0327o\u0303es a ele relacionadas esta\u0303o\u2026","rel":"","context":"Post similar","block_context":{"text":"Post similar","link":""},"img":{"alt_text":"","src":"","width":0,"height":0},"classes":[]},{"id":954,"url":"https:\/\/wp.ufpel.edu.br\/leppais\/producoes\/videos-fotos-outros\/","url_meta":{"origin":50,"position":2},"title":"V\u00eddeos \/ Fotos \/ Outros","author":"antropologia","date":"04\/04\/2017","format":false,"excerpt":"Homenagem a Marc Piault https:\/\/youtu.be\/q-CXjeabf9w Homenagem p\u00f3stuma ao antrop\u00f3logo, cineasta, professor e pesquisador franc\u00eas Marc-Henri Piault (1933-2020) \u00a0 Inventos: S\u00e9rie Saberes e Sabores da Col\u00f4nia https:\/\/youtu.be\/1Tk-6RyACqQ O v\u00eddeo aborda as tecnologias desenvolvidas pela fam\u00edlia Schiavon na produ\u00e7\u00e3o agroecol\u00f3gica em sua propriedade, na Col\u00f4nia S\u00e3o Manoel, no interior de Pelotas, Rio\u2026","rel":"","context":"Post similar","block_context":{"text":"Post similar","link":""},"img":{"alt_text":"","src":"https:\/\/i0.wp.com\/wp.ufpel.edu.br\/leppais\/files\/2019\/08\/saberes-e-sabores-site.png?resize=350%2C200&ssl=1","width":350,"height":200,"srcset":"https:\/\/i0.wp.com\/wp.ufpel.edu.br\/leppais\/files\/2019\/08\/saberes-e-sabores-site.png?resize=350%2C200&ssl=1 1x, https:\/\/i0.wp.com\/wp.ufpel.edu.br\/leppais\/files\/2019\/08\/saberes-e-sabores-site.png?resize=525%2C300&ssl=1 1.5x"},"classes":[]},{"id":3467,"url":"https:\/\/wp.ufpel.edu.br\/leppais\/producoes\/podcast\/","url_meta":{"origin":50,"position":3},"title":"Podcasts","author":"antropologia","date":"06\/04\/2022","format":false,"excerpt":"Link do Antrop\u00f3lis no Spotify Antrop\u00f3lis \u00e9 um podcast especializado em debates sobre estudos contempor\u00e2neos em antropologia, desenvolvido por uma equipe de pessoas vinculadas ao Programa de P\u00f3s gradua\u00e7\u00e3o em Antropologia da Universidade Federal de Pelotas. Trata-se de um projeto de extens\u00e3o filiado ao Laborat\u00f3rio de Ensino, Pesquisa e Produ\u00e7\u00e3o\u2026","rel":"","context":"Post similar","block_context":{"text":"Post similar","link":""},"img":{"alt_text":"","src":"https:\/\/i0.wp.com\/wp.ufpel.edu.br\/leppais\/files\/2023\/01\/Capas-podcasts-caraminholas-antropolis.jpg?resize=350%2C200&ssl=1","width":350,"height":200,"srcset":"https:\/\/i0.wp.com\/wp.ufpel.edu.br\/leppais\/files\/2023\/01\/Capas-podcasts-caraminholas-antropolis.jpg?resize=350%2C200&ssl=1 1x, https:\/\/i0.wp.com\/wp.ufpel.edu.br\/leppais\/files\/2023\/01\/Capas-podcasts-caraminholas-antropolis.jpg?resize=525%2C300&ssl=1 1.5x, https:\/\/i0.wp.com\/wp.ufpel.edu.br\/leppais\/files\/2023\/01\/Capas-podcasts-caraminholas-antropolis.jpg?resize=700%2C400&ssl=1 2x, https:\/\/i0.wp.com\/wp.ufpel.edu.br\/leppais\/files\/2023\/01\/Capas-podcasts-caraminholas-antropolis.jpg?resize=1050%2C600&ssl=1 3x"},"classes":[]},{"id":809,"url":"https:\/\/wp.ufpel.edu.br\/leppais\/vida-nos-trilhos-ensaios\/","url_meta":{"origin":50,"position":4},"title":"Vida nos Trilhos &#8211; Ensaios","author":"antropologia","date":"26\/03\/2017","format":false,"excerpt":"Em aten\u00e7\u00e3o \u00e0 solicita\u00e7\u00e3o da Secretaria Municipal de Cultura de Pelotas, o Grupo de Apoio \u00e0 Pesquisa Etnogr\u00e1fica com Imagem (GRAPETI\/UFPEL), em parceria com alunos do Curso de Museologia, realizou, ao longo de 2015, uma pesquisa destinada \u00e0 execu\u00e7\u00e3o do Mem\u00f3rial da Esta\u00e7\u00e3o F\u00e9rrea de Pelotas. Esta s\u00e9rie de ensaios\u2026","rel":"","context":"Post similar","block_context":{"text":"Post similar","link":""},"img":{"alt_text":"","src":"https:\/\/i0.wp.com\/wp.ufpel.edu.br\/leppais\/files\/2017\/08\/makingof.jpg?resize=350%2C200&ssl=1","width":350,"height":200,"srcset":"https:\/\/i0.wp.com\/wp.ufpel.edu.br\/leppais\/files\/2017\/08\/makingof.jpg?resize=350%2C200&ssl=1 1x, https:\/\/i0.wp.com\/wp.ufpel.edu.br\/leppais\/files\/2017\/08\/makingof.jpg?resize=525%2C300&ssl=1 1.5x, https:\/\/i0.wp.com\/wp.ufpel.edu.br\/leppais\/files\/2017\/08\/makingof.jpg?resize=700%2C400&ssl=1 2x"},"classes":[]},{"id":851,"url":"https:\/\/wp.ufpel.edu.br\/leppais\/producoes\/entrevistas-palestras-e-aulas\/","url_meta":{"origin":50,"position":5},"title":"Palestras \/ Entrevistas","author":"antropologia","date":"31\/03\/2017","format":false,"excerpt":"Semin\u00e1rio: OS GUARANI MBY\u00c1 - A\u00e7\u00f5es e experi\u00eancias contempor\u00e2neas https:\/\/www.youtube.com\/watch?v=jYEbeQCwgBE&list=PLrqSUafHHXYyNu8IJO776-yL3g0IC2ZcL Bibliotheca P\u00fablica Pelotense - Pelotas\/RS 30 out - 01 nov de 2018 Restitui\u00e7\u00e3o de Dados de Pesquisas Etnogr\u00e1ficas https:\/\/vimeo.com\/114780326 V\u00eddeo realizado a partir de de confer\u00eancia de Mme. Fran\u00e7oise Zonabend, realizada em janeiro de 2014, na Maison des Sciences de\u2026","rel":"","context":"Post similar","block_context":{"text":"Post similar","link":""},"img":{"alt_text":"","src":"https:\/\/i0.wp.com\/img.youtube.com\/vi\/PLrqSUafHHXYyNu8IJO776-yL3g0IC2ZcL\/0.jpg?resize=350%2C200","width":350,"height":200},"classes":[]}],"jetpack_likes_enabled":true,"_links":{"self":[{"href":"https:\/\/wp.ufpel.edu.br\/leppais\/wp-json\/wp\/v2\/pages\/50","targetHints":{"allow":["GET"]}}],"collection":[{"href":"https:\/\/wp.ufpel.edu.br\/leppais\/wp-json\/wp\/v2\/pages"}],"about":[{"href":"https:\/\/wp.ufpel.edu.br\/leppais\/wp-json\/wp\/v2\/types\/page"}],"author":[{"embeddable":true,"href":"https:\/\/wp.ufpel.edu.br\/leppais\/wp-json\/wp\/v2\/users\/641"}],"replies":[{"embeddable":true,"href":"https:\/\/wp.ufpel.edu.br\/leppais\/wp-json\/wp\/v2\/comments?post=50"}],"version-history":[{"count":6,"href":"https:\/\/wp.ufpel.edu.br\/leppais\/wp-json\/wp\/v2\/pages\/50\/revisions"}],"predecessor-version":[{"id":3958,"href":"https:\/\/wp.ufpel.edu.br\/leppais\/wp-json\/wp\/v2\/pages\/50\/revisions\/3958"}],"wp:attachment":[{"href":"https:\/\/wp.ufpel.edu.br\/leppais\/wp-json\/wp\/v2\/media?parent=50"}],"curies":[{"name":"wp","href":"https:\/\/api.w.org\/{rel}","templated":true}]}}