{"id":3910,"date":"2023-09-06T15:12:43","date_gmt":"2023-09-06T18:12:43","guid":{"rendered":"https:\/\/wp.ufpel.edu.br\/leppais\/?page_id=3910"},"modified":"2023-09-06T16:03:30","modified_gmt":"2023-09-06T19:03:30","slug":"mostras","status":"publish","type":"page","link":"https:\/\/wp.ufpel.edu.br\/leppais\/eventos\/mostras\/","title":{"rendered":"Mostras"},"content":{"rendered":"<h1 class=\"entry-title\"><span style=\"color: #000000;\"><strong>Mostra Itinerante Pr\u00eamio Pierre Verger no Cine Ufpel<\/strong><\/span><\/h1>\n<p>Mostra Itinerante PPV (edi\u00e7\u00e3o 2022), organizada pelo LEPPAIS (UFPEL), em parceria com o LABOME (UVA). Evento h\u00edbrido (online e na sala de Cinema da UFPel<\/p>\n<p>Webconfer\u00eancias dos debates com os realizadores dos filmes:<\/p>\n<p><iframe loading=\"lazy\" title=\"Mostra Pr\u00eamio Pierre Verger  03 AGO 2023\" width=\"584\" height=\"329\" src=\"https:\/\/www.youtube.com\/embed\/DVKSznckPyw?feature=oembed\" frameborder=\"0\" allow=\"accelerometer; autoplay; clipboard-write; encrypted-media; gyroscope; picture-in-picture; web-share\" referrerpolicy=\"strict-origin-when-cross-origin\" allowfullscreen><\/iframe><\/p>\n<p>Apresenta\u00e7\u00e3o da mostra e debate com Natasha Neri<br \/>\nDiretora do filme: &#8220;Auto de Resist\u00eancia&#8221;<\/p>\n<hr \/>\n<p><iframe loading=\"lazy\" title=\"Mostra Pr\u00eamio Pierre Verger   10 AGO 2023\" width=\"584\" height=\"329\" src=\"https:\/\/www.youtube.com\/embed\/vMeWiAxpn9M?feature=oembed\" frameborder=\"0\" allow=\"accelerometer; autoplay; clipboard-write; encrypted-media; gyroscope; picture-in-picture; web-share\" referrerpolicy=\"strict-origin-when-cross-origin\" allowfullscreen><\/iframe><\/p>\n<p>Apresenta\u00e7\u00e3o da mostra e debate com Julia Morin, Bruno Huyer e Rose Satiko<\/p>\n<hr \/>\n<p><iframe loading=\"lazy\" title=\"Mostra Pr\u00eamio Pierre Verger  17 AGO 2023\" width=\"584\" height=\"329\" src=\"https:\/\/www.youtube.com\/embed\/F-hQm_G_xkk?feature=oembed\" frameborder=\"0\" allow=\"accelerometer; autoplay; clipboard-write; encrypted-media; gyroscope; picture-in-picture; web-share\" referrerpolicy=\"strict-origin-when-cross-origin\" allowfullscreen><\/iframe><\/p>\n<p>Apresenta\u00e7\u00e3o da mostra e debate com Lucas Marques.<\/p>\n<hr \/>\n<p><iframe loading=\"lazy\" title=\"Mostra Pr\u00eamio Pierre Verger  31 AGO 2023\" width=\"584\" height=\"329\" src=\"https:\/\/www.youtube.com\/embed\/UgqbaUTVbIc?feature=oembed\" frameborder=\"0\" allow=\"accelerometer; autoplay; clipboard-write; encrypted-media; gyroscope; picture-in-picture; web-share\" referrerpolicy=\"strict-origin-when-cross-origin\" allowfullscreen><\/iframe><\/p>\n<p>Apresenta\u00e7\u00e3o da mostra e debate com Paula Bessa Braz e Mihai Andrei Leaha<\/p>\n<hr \/>\n<p>&nbsp;<\/p>\n","protected":false},"excerpt":{"rendered":"<p>Mostra Itinerante Pr\u00eamio Pierre Verger no Cine Ufpel Mostra Itinerante PPV (edi\u00e7\u00e3o 2022), organizada pelo LEPPAIS (UFPEL), em parceria com o LABOME (UVA). Evento h\u00edbrido (online e na sala de Cinema da UFPel Webconfer\u00eancias dos debates com os realizadores dos &hellip; <a href=\"https:\/\/wp.ufpel.edu.br\/leppais\/eventos\/mostras\/\">Continue lendo <span class=\"meta-nav\">&rarr;<\/span><\/a><\/p>\n","protected":false},"author":641,"featured_media":0,"parent":24,"menu_order":1,"comment_status":"closed","ping_status":"closed","template":"sidebar-page.php","meta":{"advanced_seo_description":"","jetpack_seo_html_title":"","jetpack_seo_noindex":false,"jetpack_post_was_ever_published":false,"footnotes":""},"class_list":["post-3910","page","type-page","status-publish","hentry"],"jetpack_sharing_enabled":true,"jetpack_shortlink":"https:\/\/wp.me\/PayVYo-114","jetpack-related-posts":[{"id":1422,"url":"https:\/\/wp.ufpel.edu.br\/leppais\/producoes\/programas-radiofonicos\/","url_meta":{"origin":3910,"position":0},"title":"Programas Radiof\u00f4nicos","author":"antropologia","date":"12\/04\/2018","format":false,"excerpt":"Programas semanais na RadioCom 104.5 FM \u00a0","rel":"","context":"Post similar","block_context":{"text":"Post similar","link":""},"img":{"alt_text":"","src":"https:\/\/i0.wp.com\/wp.ufpel.edu.br\/leppais\/files\/2018\/04\/nos-nosotros-logo.jpg?resize=350%2C200","width":350,"height":200,"srcset":"https:\/\/i0.wp.com\/wp.ufpel.edu.br\/leppais\/files\/2018\/04\/nos-nosotros-logo.jpg?resize=350%2C200 1x, https:\/\/i0.wp.com\/wp.ufpel.edu.br\/leppais\/files\/2018\/04\/nos-nosotros-logo.jpg?resize=525%2C300 1.5x, https:\/\/i0.wp.com\/wp.ufpel.edu.br\/leppais\/files\/2018\/04\/nos-nosotros-logo.jpg?resize=700%2C400 2x"},"classes":[]},{"id":977,"url":"https:\/\/wp.ufpel.edu.br\/leppais\/producoes\/artes\/","url_meta":{"origin":3910,"position":1},"title":"Artes","author":"antropologia","date":"05\/04\/2017","format":false,"excerpt":"Coloniza\u00e7\u00e3o Cibern\u00e9tica https:\/\/youtu.be\/4rzkBb_IsyI Em Coloniza\u00e7\u00e3o Cibern\u00e9tica, Mauro Bruschi apresenta figuras antropom\u00f3rficas feitas de sucatas eletr\u00f4nicas e imagens obsoletas, questionando as fronteiras imaginadas entre pessoas e m\u00e1quinas, natureza e artif\u00edcio - fruto de uma interlocu\u00e7\u00e3o entre artes e antropologia. V\u00eddeo-poema ao mar https:\/\/youtu.be\/ncCVswuOH58 Mem\u00f3rias, sonhos, poemas e imagens vindas do fundo\u2026","rel":"","context":"Post similar","block_context":{"text":"Post similar","link":""},"img":{"alt_text":"","src":"https:\/\/leppais.files.wordpress.com\/2017\/04\/texto-cyber.jpg?w=350&h=200&crop=1","width":350,"height":200,"srcset":"https:\/\/leppais.files.wordpress.com\/2017\/04\/texto-cyber.jpg?w=350&h=200&crop=1 1x, https:\/\/leppais.files.wordpress.com\/2017\/04\/texto-cyber.jpg?w=525&h=300&crop=1 1.5x"},"classes":[]},{"id":851,"url":"https:\/\/wp.ufpel.edu.br\/leppais\/producoes\/entrevistas-palestras-e-aulas\/","url_meta":{"origin":3910,"position":2},"title":"Palestras \/ Entrevistas","author":"antropologia","date":"31\/03\/2017","format":false,"excerpt":"Semin\u00e1rio: OS GUARANI MBY\u00c1 - A\u00e7\u00f5es e experi\u00eancias contempor\u00e2neas https:\/\/www.youtube.com\/watch?v=jYEbeQCwgBE&list=PLrqSUafHHXYyNu8IJO776-yL3g0IC2ZcL Bibliotheca P\u00fablica Pelotense - Pelotas\/RS 30 out - 01 nov de 2018 Restitui\u00e7\u00e3o de Dados de Pesquisas Etnogr\u00e1ficas https:\/\/vimeo.com\/114780326 V\u00eddeo realizado a partir de de confer\u00eancia de Mme. Fran\u00e7oise Zonabend, realizada em janeiro de 2014, na Maison des Sciences de\u2026","rel":"","context":"Post similar","block_context":{"text":"Post similar","link":""},"img":{"alt_text":"","src":"https:\/\/i0.wp.com\/img.youtube.com\/vi\/PLrqSUafHHXYyNu8IJO776-yL3g0IC2ZcL\/0.jpg?resize=350%2C200","width":350,"height":200},"classes":[]},{"id":954,"url":"https:\/\/wp.ufpel.edu.br\/leppais\/producoes\/videos-fotos-outros\/","url_meta":{"origin":3910,"position":3},"title":"V\u00eddeos \/ Fotos \/ Outros","author":"antropologia","date":"04\/04\/2017","format":false,"excerpt":"Homenagem a Marc Piault https:\/\/youtu.be\/q-CXjeabf9w Homenagem p\u00f3stuma ao antrop\u00f3logo, cineasta, professor e pesquisador franc\u00eas Marc-Henri Piault (1933-2020) \u00a0 Inventos: S\u00e9rie Saberes e Sabores da Col\u00f4nia https:\/\/youtu.be\/1Tk-6RyACqQ O v\u00eddeo aborda as tecnologias desenvolvidas pela fam\u00edlia Schiavon na produ\u00e7\u00e3o agroecol\u00f3gica em sua propriedade, na Col\u00f4nia S\u00e3o Manoel, no interior de Pelotas, Rio\u2026","rel":"","context":"Post similar","block_context":{"text":"Post similar","link":""},"img":{"alt_text":"","src":"https:\/\/i0.wp.com\/wp.ufpel.edu.br\/leppais\/files\/2019\/08\/saberes-e-sabores-site.png?resize=350%2C200&ssl=1","width":350,"height":200,"srcset":"https:\/\/i0.wp.com\/wp.ufpel.edu.br\/leppais\/files\/2019\/08\/saberes-e-sabores-site.png?resize=350%2C200&ssl=1 1x, https:\/\/i0.wp.com\/wp.ufpel.edu.br\/leppais\/files\/2019\/08\/saberes-e-sabores-site.png?resize=525%2C300&ssl=1 1.5x"},"classes":[]},{"id":3259,"url":"https:\/\/wp.ufpel.edu.br\/leppais\/eventos\/abra-2020\/","url_meta":{"origin":3910,"position":4},"title":"ABRA 2020","author":"antropologia","date":"23\/10\/2020","format":false,"excerpt":"Este ambiente virtual re\u00fane trabalhos de pesquisadoras\/es inscritas\/os no grupo de trabalho Antropo\u00e9ticas: outras (etno)grafias, da 32\u00aa Reuni\u00e3o Brasileira de de Antropologia (RBA). Foi criado para pensarmos alternativas mais inclusivas de intera\u00e7\u00e3o virtual em um formato que dar\u00e1 \u00eanfase ao que chamamos de \u201cexperi\u00eancias virtuais-sensoriais\u201d (texturas sonoras, fotografias, desenhos, filmes,\u2026","rel":"","context":"Post similar","block_context":{"text":"Post similar","link":""},"img":{"alt_text":"","src":"https:\/\/i0.wp.com\/wp.ufpel.edu.br\/leppais\/files\/2020\/10\/Apresentacao_1.jpg?resize=350%2C200","width":350,"height":200,"srcset":"https:\/\/i0.wp.com\/wp.ufpel.edu.br\/leppais\/files\/2020\/10\/Apresentacao_1.jpg?resize=350%2C200 1x, https:\/\/i0.wp.com\/wp.ufpel.edu.br\/leppais\/files\/2020\/10\/Apresentacao_1.jpg?resize=525%2C300 1.5x, https:\/\/i0.wp.com\/wp.ufpel.edu.br\/leppais\/files\/2020\/10\/Apresentacao_1.jpg?resize=700%2C400 2x, https:\/\/i0.wp.com\/wp.ufpel.edu.br\/leppais\/files\/2020\/10\/Apresentacao_1.jpg?resize=1050%2C600 3x, https:\/\/i0.wp.com\/wp.ufpel.edu.br\/leppais\/files\/2020\/10\/Apresentacao_1.jpg?resize=1400%2C800 4x"},"classes":[]},{"id":3467,"url":"https:\/\/wp.ufpel.edu.br\/leppais\/producoes\/podcast\/","url_meta":{"origin":3910,"position":5},"title":"Podcasts","author":"antropologia","date":"06\/04\/2022","format":false,"excerpt":"Link do Antrop\u00f3lis no Spotify Antrop\u00f3lis \u00e9 um podcast especializado em debates sobre estudos contempor\u00e2neos em antropologia, desenvolvido por uma equipe de pessoas vinculadas ao Programa de P\u00f3s gradua\u00e7\u00e3o em Antropologia da Universidade Federal de Pelotas. Trata-se de um projeto de extens\u00e3o filiado ao Laborat\u00f3rio de Ensino, Pesquisa e Produ\u00e7\u00e3o\u2026","rel":"","context":"Post similar","block_context":{"text":"Post similar","link":""},"img":{"alt_text":"","src":"https:\/\/i0.wp.com\/wp.ufpel.edu.br\/leppais\/files\/2023\/01\/Capas-podcasts-caraminholas-antropolis.jpg?resize=350%2C200&ssl=1","width":350,"height":200,"srcset":"https:\/\/i0.wp.com\/wp.ufpel.edu.br\/leppais\/files\/2023\/01\/Capas-podcasts-caraminholas-antropolis.jpg?resize=350%2C200&ssl=1 1x, https:\/\/i0.wp.com\/wp.ufpel.edu.br\/leppais\/files\/2023\/01\/Capas-podcasts-caraminholas-antropolis.jpg?resize=525%2C300&ssl=1 1.5x, https:\/\/i0.wp.com\/wp.ufpel.edu.br\/leppais\/files\/2023\/01\/Capas-podcasts-caraminholas-antropolis.jpg?resize=700%2C400&ssl=1 2x, https:\/\/i0.wp.com\/wp.ufpel.edu.br\/leppais\/files\/2023\/01\/Capas-podcasts-caraminholas-antropolis.jpg?resize=1050%2C600&ssl=1 3x"},"classes":[]}],"jetpack_likes_enabled":true,"_links":{"self":[{"href":"https:\/\/wp.ufpel.edu.br\/leppais\/wp-json\/wp\/v2\/pages\/3910","targetHints":{"allow":["GET"]}}],"collection":[{"href":"https:\/\/wp.ufpel.edu.br\/leppais\/wp-json\/wp\/v2\/pages"}],"about":[{"href":"https:\/\/wp.ufpel.edu.br\/leppais\/wp-json\/wp\/v2\/types\/page"}],"author":[{"embeddable":true,"href":"https:\/\/wp.ufpel.edu.br\/leppais\/wp-json\/wp\/v2\/users\/641"}],"replies":[{"embeddable":true,"href":"https:\/\/wp.ufpel.edu.br\/leppais\/wp-json\/wp\/v2\/comments?post=3910"}],"version-history":[{"count":6,"href":"https:\/\/wp.ufpel.edu.br\/leppais\/wp-json\/wp\/v2\/pages\/3910\/revisions"}],"predecessor-version":[{"id":3919,"href":"https:\/\/wp.ufpel.edu.br\/leppais\/wp-json\/wp\/v2\/pages\/3910\/revisions\/3919"}],"up":[{"embeddable":true,"href":"https:\/\/wp.ufpel.edu.br\/leppais\/wp-json\/wp\/v2\/pages\/24"}],"wp:attachment":[{"href":"https:\/\/wp.ufpel.edu.br\/leppais\/wp-json\/wp\/v2\/media?parent=3910"}],"curies":[{"name":"wp","href":"https:\/\/api.w.org\/{rel}","templated":true}]}}