{"id":3556,"date":"2022-10-24T16:26:31","date_gmt":"2022-10-24T19:26:31","guid":{"rendered":"https:\/\/wp.ufpel.edu.br\/leppais\/?page_id=3556"},"modified":"2025-07-14T14:42:42","modified_gmt":"2025-07-14T17:42:42","slug":"livros","status":"publish","type":"page","link":"https:\/\/wp.ufpel.edu.br\/leppais\/producoes\/livros\/","title":{"rendered":"Publica\u00e7\u00f5es"},"content":{"rendered":"<p><span style=\"background-color: #ffffff; color: #000000;\"><strong> MEMORIAL DESCRITIVO PARA PROFESSORA TITULAR: Claudia Turra Magni<\/strong><\/span><\/p>\n<p><a href=\"https:\/\/i0.wp.com\/wp.ufpel.edu.br\/leppais\/files\/2025\/07\/Captura-de-tela_14-7-2025_144146_.jpeg?ssl=1\"><img data-recalc-dims=\"1\" loading=\"lazy\" decoding=\"async\" data-attachment-id=\"4379\" data-permalink=\"https:\/\/wp.ufpel.edu.br\/leppais\/producoes\/livros\/captura-de-tela_14-7-2025_144146_\/\" data-orig-file=\"https:\/\/i0.wp.com\/wp.ufpel.edu.br\/leppais\/files\/2025\/07\/Captura-de-tela_14-7-2025_144146_.jpeg?fit=662%2C936&amp;ssl=1\" data-orig-size=\"662,936\" data-comments-opened=\"0\" data-image-meta=\"{&quot;aperture&quot;:&quot;0&quot;,&quot;credit&quot;:&quot;&quot;,&quot;camera&quot;:&quot;&quot;,&quot;caption&quot;:&quot;&quot;,&quot;created_timestamp&quot;:&quot;0&quot;,&quot;copyright&quot;:&quot;&quot;,&quot;focal_length&quot;:&quot;0&quot;,&quot;iso&quot;:&quot;0&quot;,&quot;shutter_speed&quot;:&quot;0&quot;,&quot;title&quot;:&quot;&quot;,&quot;orientation&quot;:&quot;0&quot;}\" data-image-title=\"Captura de tela_14-7-2025_144146_\" data-image-description=\"\" data-image-caption=\"\" data-medium-file=\"https:\/\/i0.wp.com\/wp.ufpel.edu.br\/leppais\/files\/2025\/07\/Captura-de-tela_14-7-2025_144146_.jpeg?fit=212%2C300&amp;ssl=1\" data-large-file=\"https:\/\/i0.wp.com\/wp.ufpel.edu.br\/leppais\/files\/2025\/07\/Captura-de-tela_14-7-2025_144146_.jpeg?fit=584%2C826&amp;ssl=1\" class=\"alignnone size-full wp-image-4379\" src=\"https:\/\/i0.wp.com\/wp.ufpel.edu.br\/leppais\/files\/2025\/07\/Captura-de-tela_14-7-2025_144146_.jpeg?resize=584%2C826&#038;ssl=1\" alt=\"\" width=\"584\" height=\"826\" srcset=\"https:\/\/i0.wp.com\/wp.ufpel.edu.br\/leppais\/files\/2025\/07\/Captura-de-tela_14-7-2025_144146_.jpeg?w=662&amp;ssl=1 662w, https:\/\/i0.wp.com\/wp.ufpel.edu.br\/leppais\/files\/2025\/07\/Captura-de-tela_14-7-2025_144146_.jpeg?resize=212%2C300&amp;ssl=1 212w\" sizes=\"auto, (max-width: 584px) 100vw, 584px\" \/><\/a><\/p>\n<p><span style=\"color: #ff6600;\"><strong><a style=\"color: #ff6600;\" href=\"https:\/\/wp.ufpel.edu.br\/leppais\/files\/2025\/07\/MEMORIAL-CLAUDIA-TURRA-MAGNI.pdf\">(PDF)<\/a><\/strong><\/span><\/p>\n<p><strong>FOTOBIOGRAFIAS RINC\u00c3O DAS ALMAS<\/strong><\/p>\n<p style=\"text-align: justify;\"><a href=\"https:\/\/i0.wp.com\/wp.ufpel.edu.br\/leppais\/files\/2025\/04\/Captura-de-tela-2025-04-29-102148.png?ssl=1\"><img data-recalc-dims=\"1\" loading=\"lazy\" decoding=\"async\" data-attachment-id=\"4266\" data-permalink=\"https:\/\/wp.ufpel.edu.br\/leppais\/producoes\/livros\/captura-de-tela-2025-04-29-102148\/\" data-orig-file=\"https:\/\/i0.wp.com\/wp.ufpel.edu.br\/leppais\/files\/2025\/04\/Captura-de-tela-2025-04-29-102148.png?fit=566%2C823&amp;ssl=1\" data-orig-size=\"566,823\" data-comments-opened=\"0\" data-image-meta=\"{&quot;aperture&quot;:&quot;0&quot;,&quot;credit&quot;:&quot;&quot;,&quot;camera&quot;:&quot;&quot;,&quot;caption&quot;:&quot;&quot;,&quot;created_timestamp&quot;:&quot;0&quot;,&quot;copyright&quot;:&quot;&quot;,&quot;focal_length&quot;:&quot;0&quot;,&quot;iso&quot;:&quot;0&quot;,&quot;shutter_speed&quot;:&quot;0&quot;,&quot;title&quot;:&quot;&quot;,&quot;orientation&quot;:&quot;0&quot;}\" data-image-title=\"Captura de tela 2025-04-29 102148\" data-image-description=\"\" data-image-caption=\"\" data-medium-file=\"https:\/\/i0.wp.com\/wp.ufpel.edu.br\/leppais\/files\/2025\/04\/Captura-de-tela-2025-04-29-102148.png?fit=206%2C300&amp;ssl=1\" data-large-file=\"https:\/\/i0.wp.com\/wp.ufpel.edu.br\/leppais\/files\/2025\/04\/Captura-de-tela-2025-04-29-102148.png?fit=566%2C823&amp;ssl=1\" class=\"alignnone size-full wp-image-4266\" src=\"https:\/\/i0.wp.com\/wp.ufpel.edu.br\/leppais\/files\/2025\/04\/Captura-de-tela-2025-04-29-102148.png?resize=566%2C823&#038;ssl=1\" alt=\"\" width=\"566\" height=\"823\" srcset=\"https:\/\/i0.wp.com\/wp.ufpel.edu.br\/leppais\/files\/2025\/04\/Captura-de-tela-2025-04-29-102148.png?w=566&amp;ssl=1 566w, https:\/\/i0.wp.com\/wp.ufpel.edu.br\/leppais\/files\/2025\/04\/Captura-de-tela-2025-04-29-102148.png?resize=206%2C300&amp;ssl=1 206w\" sizes=\"auto, (max-width: 566px) 100vw, 566px\" \/><\/a><\/p>\n<p><span style=\"color: #ff6600;\"><strong><a style=\"color: #ff6600;\" href=\"https:\/\/wp.ufpel.edu.br\/leppais\/files\/2025\/04\/2024-Fotobiografias-Rincao-das-almas-EBOOK-2.pdf\">(PDF)<\/a><\/strong><\/span><\/p>\n<p style=\"text-align: justify;\"><strong><span class=\"selectable-text copyable-text false\">M\u00c1QUINAS, CORPOS E GRAFIAS: TECNOPO\u00c9TICAS EM PERSPECTIVA TRANSDISCIPLINAR<\/span><\/strong><img data-recalc-dims=\"1\" loading=\"lazy\" decoding=\"async\" data-attachment-id=\"4207\" data-permalink=\"https:\/\/wp.ufpel.edu.br\/leppais\/whatsapp-image-2025-04-14-at-13-26-23\/\" data-orig-file=\"https:\/\/i0.wp.com\/wp.ufpel.edu.br\/leppais\/files\/2025\/04\/WhatsApp-Image-2025-04-14-at-13.26.23.jpeg?fit=609%2C867&amp;ssl=1\" data-orig-size=\"609,867\" data-comments-opened=\"0\" data-image-meta=\"{&quot;aperture&quot;:&quot;0&quot;,&quot;credit&quot;:&quot;&quot;,&quot;camera&quot;:&quot;&quot;,&quot;caption&quot;:&quot;&quot;,&quot;created_timestamp&quot;:&quot;0&quot;,&quot;copyright&quot;:&quot;&quot;,&quot;focal_length&quot;:&quot;0&quot;,&quot;iso&quot;:&quot;0&quot;,&quot;shutter_speed&quot;:&quot;0&quot;,&quot;title&quot;:&quot;&quot;,&quot;orientation&quot;:&quot;0&quot;}\" data-image-title=\"M\u00e1quinas, corpos e grafias: Tecnopo\u00e9ticas em perspectiva transdisciplinar\" data-image-description=\"\" data-image-caption=\"\" data-medium-file=\"https:\/\/i0.wp.com\/wp.ufpel.edu.br\/leppais\/files\/2025\/04\/WhatsApp-Image-2025-04-14-at-13.26.23.jpeg?fit=211%2C300&amp;ssl=1\" data-large-file=\"https:\/\/i0.wp.com\/wp.ufpel.edu.br\/leppais\/files\/2025\/04\/WhatsApp-Image-2025-04-14-at-13.26.23.jpeg?fit=584%2C831&amp;ssl=1\" class=\"alignnone size-full wp-image-4207\" src=\"https:\/\/i0.wp.com\/wp.ufpel.edu.br\/leppais\/files\/2025\/04\/WhatsApp-Image-2025-04-14-at-13.26.23.jpeg?resize=584%2C831&#038;ssl=1\" alt=\"\" width=\"584\" height=\"831\" srcset=\"https:\/\/i0.wp.com\/wp.ufpel.edu.br\/leppais\/files\/2025\/04\/WhatsApp-Image-2025-04-14-at-13.26.23.jpeg?w=609&amp;ssl=1 609w, https:\/\/i0.wp.com\/wp.ufpel.edu.br\/leppais\/files\/2025\/04\/WhatsApp-Image-2025-04-14-at-13.26.23.jpeg?resize=211%2C300&amp;ssl=1 211w\" sizes=\"auto, (max-width: 584px) 100vw, 584px\" \/><\/p>\n<p><a href=\"https:\/\/wp.ufpel.edu.br\/leppais\/files\/2025\/04\/15-04_Tecnopoeticas.pdf\" target=\"_blank\" rel=\"noopener noreferrer nofollow\">Clique para acessar o 15-04_Tecnopoeticas.pdf<\/a><\/p>\n<h2><strong>TRAJET\u00d3RIAS PESSOAIS NA ANTROPOLOGIA (AUDIO)VISUAL NO BRASIL V. 1<\/strong><\/h2>\n<p><a href=\"https:\/\/editorasertaocult.com\/wp-content\/uploads\/2022\/07\/FREITAS_MAGNI_BANDEIRA-Trajetorias-pessoais-na-antropologia-audiovisual-no-Brasil.-Volume-1.pdf\"><img data-recalc-dims=\"1\" loading=\"lazy\" decoding=\"async\" data-attachment-id=\"3558\" data-permalink=\"https:\/\/wp.ufpel.edu.br\/leppais\/producoes\/livros\/tragetorias-v1\/\" data-orig-file=\"https:\/\/i0.wp.com\/wp.ufpel.edu.br\/leppais\/files\/2022\/10\/Tragetorias-V1.jpg?fit=568%2C834&amp;ssl=1\" data-orig-size=\"568,834\" data-comments-opened=\"0\" data-image-meta=\"{&quot;aperture&quot;:&quot;0&quot;,&quot;credit&quot;:&quot;&quot;,&quot;camera&quot;:&quot;&quot;,&quot;caption&quot;:&quot;&quot;,&quot;created_timestamp&quot;:&quot;0&quot;,&quot;copyright&quot;:&quot;&quot;,&quot;focal_length&quot;:&quot;0&quot;,&quot;iso&quot;:&quot;0&quot;,&quot;shutter_speed&quot;:&quot;0&quot;,&quot;title&quot;:&quot;&quot;,&quot;orientation&quot;:&quot;0&quot;}\" data-image-title=\"Tragetorias V1\" data-image-description=\"\" data-image-caption=\"\" data-medium-file=\"https:\/\/i0.wp.com\/wp.ufpel.edu.br\/leppais\/files\/2022\/10\/Tragetorias-V1.jpg?fit=204%2C300&amp;ssl=1\" data-large-file=\"https:\/\/i0.wp.com\/wp.ufpel.edu.br\/leppais\/files\/2022\/10\/Tragetorias-V1.jpg?fit=568%2C834&amp;ssl=1\" class=\"alignnone wp-image-3558 size-full\" src=\"https:\/\/i0.wp.com\/wp.ufpel.edu.br\/leppais\/files\/2022\/10\/Tragetorias-V1.jpg?resize=568%2C834&#038;ssl=1\" alt=\"\" width=\"568\" height=\"834\" srcset=\"https:\/\/i0.wp.com\/wp.ufpel.edu.br\/leppais\/files\/2022\/10\/Tragetorias-V1.jpg?w=568&amp;ssl=1 568w, https:\/\/i0.wp.com\/wp.ufpel.edu.br\/leppais\/files\/2022\/10\/Tragetorias-V1.jpg?resize=204%2C300&amp;ssl=1 204w\" sizes=\"auto, (max-width: 568px) 100vw, 568px\" \/><\/a><\/p>\n<p><a href=\"https:\/\/editorasertaocult.com\/wp-content\/uploads\/2022\/07\/FREITAS_MAGNI_BANDEIRA-Trajetorias-pessoais-na-antropologia-audiovisual-no-Brasil.-Volume-1.pdf\"><strong>(PDF)<\/strong><\/a><\/p>\n<h2><strong>ILUMINURAS &#8211; Metodologias etnogr\u00e1ficas subversivas: as po\u00e9ticas das grafias<br \/>\n<\/strong><\/h2>\n<p><a href=\"https:\/\/seer.ufrgs.br\/index.php\/iluminuras\/issue\/view\/4706\/1190\"><img data-recalc-dims=\"1\" loading=\"lazy\" decoding=\"async\" data-attachment-id=\"3568\" data-permalink=\"https:\/\/wp.ufpel.edu.br\/leppais\/producoes\/livros\/iluminuras\/\" data-orig-file=\"https:\/\/i0.wp.com\/wp.ufpel.edu.br\/leppais\/files\/2022\/10\/iluminuras.jpg?fit=869%2C1230&amp;ssl=1\" data-orig-size=\"869,1230\" data-comments-opened=\"0\" data-image-meta=\"{&quot;aperture&quot;:&quot;0&quot;,&quot;credit&quot;:&quot;&quot;,&quot;camera&quot;:&quot;&quot;,&quot;caption&quot;:&quot;&quot;,&quot;created_timestamp&quot;:&quot;0&quot;,&quot;copyright&quot;:&quot;&quot;,&quot;focal_length&quot;:&quot;0&quot;,&quot;iso&quot;:&quot;0&quot;,&quot;shutter_speed&quot;:&quot;0&quot;,&quot;title&quot;:&quot;&quot;,&quot;orientation&quot;:&quot;0&quot;}\" data-image-title=\"iluminuras\" data-image-description=\"\" data-image-caption=\"\" data-medium-file=\"https:\/\/i0.wp.com\/wp.ufpel.edu.br\/leppais\/files\/2022\/10\/iluminuras.jpg?fit=212%2C300&amp;ssl=1\" data-large-file=\"https:\/\/i0.wp.com\/wp.ufpel.edu.br\/leppais\/files\/2022\/10\/iluminuras.jpg?fit=584%2C827&amp;ssl=1\" class=\"alignnone wp-image-3568 size-full\" src=\"https:\/\/i0.wp.com\/wp.ufpel.edu.br\/leppais\/files\/2022\/10\/iluminuras.jpg?resize=584%2C827&#038;ssl=1\" alt=\"\" width=\"584\" height=\"827\" srcset=\"https:\/\/i0.wp.com\/wp.ufpel.edu.br\/leppais\/files\/2022\/10\/iluminuras.jpg?w=869&amp;ssl=1 869w, https:\/\/i0.wp.com\/wp.ufpel.edu.br\/leppais\/files\/2022\/10\/iluminuras.jpg?resize=212%2C300&amp;ssl=1 212w, https:\/\/i0.wp.com\/wp.ufpel.edu.br\/leppais\/files\/2022\/10\/iluminuras.jpg?resize=723%2C1024&amp;ssl=1 723w, https:\/\/i0.wp.com\/wp.ufpel.edu.br\/leppais\/files\/2022\/10\/iluminuras.jpg?resize=768%2C1087&amp;ssl=1 768w\" sizes=\"auto, (max-width: 584px) 100vw, 584px\" \/><\/a><\/p>\n<p><strong><a href=\"https:\/\/seer.ufrgs.br\/index.php\/iluminuras\/issue\/view\/4706\/1190\">(PDF)<\/a><\/strong><\/p>\n<h2><strong>PANDEMIA DE NARRATIVAS: VIDA EM QUARENTENA UM HIPERTEXTO SOBRE TEMPO, CORPOS E AFETOS<\/strong><\/h2>\n<p><a href=\"https:\/\/wp.ufpel.edu.br\/leppais\/files\/2022\/10\/Pandemia-de-narrativas_ebook.pdf\"><img data-recalc-dims=\"1\" loading=\"lazy\" decoding=\"async\" data-attachment-id=\"3562\" data-permalink=\"https:\/\/wp.ufpel.edu.br\/leppais\/producoes\/livros\/pandemia\/\" data-orig-file=\"https:\/\/i0.wp.com\/wp.ufpel.edu.br\/leppais\/files\/2022\/10\/pandemia.jpg?fit=900%2C901&amp;ssl=1\" data-orig-size=\"900,901\" data-comments-opened=\"0\" data-image-meta=\"{&quot;aperture&quot;:&quot;0&quot;,&quot;credit&quot;:&quot;&quot;,&quot;camera&quot;:&quot;&quot;,&quot;caption&quot;:&quot;&quot;,&quot;created_timestamp&quot;:&quot;0&quot;,&quot;copyright&quot;:&quot;&quot;,&quot;focal_length&quot;:&quot;0&quot;,&quot;iso&quot;:&quot;0&quot;,&quot;shutter_speed&quot;:&quot;0&quot;,&quot;title&quot;:&quot;&quot;,&quot;orientation&quot;:&quot;0&quot;}\" data-image-title=\"pandemia\" data-image-description=\"\" data-image-caption=\"\" data-medium-file=\"https:\/\/i0.wp.com\/wp.ufpel.edu.br\/leppais\/files\/2022\/10\/pandemia.jpg?fit=300%2C300&amp;ssl=1\" data-large-file=\"https:\/\/i0.wp.com\/wp.ufpel.edu.br\/leppais\/files\/2022\/10\/pandemia.jpg?fit=584%2C585&amp;ssl=1\" class=\"alignnone wp-image-3562 size-full\" src=\"https:\/\/i0.wp.com\/wp.ufpel.edu.br\/leppais\/files\/2022\/10\/pandemia.jpg?resize=584%2C585&#038;ssl=1\" alt=\"\" width=\"584\" height=\"585\" srcset=\"https:\/\/i0.wp.com\/wp.ufpel.edu.br\/leppais\/files\/2022\/10\/pandemia.jpg?w=900&amp;ssl=1 900w, https:\/\/i0.wp.com\/wp.ufpel.edu.br\/leppais\/files\/2022\/10\/pandemia.jpg?resize=300%2C300&amp;ssl=1 300w, https:\/\/i0.wp.com\/wp.ufpel.edu.br\/leppais\/files\/2022\/10\/pandemia.jpg?resize=150%2C150&amp;ssl=1 150w, https:\/\/i0.wp.com\/wp.ufpel.edu.br\/leppais\/files\/2022\/10\/pandemia.jpg?resize=768%2C769&amp;ssl=1 768w, https:\/\/i0.wp.com\/wp.ufpel.edu.br\/leppais\/files\/2022\/10\/pandemia.jpg?resize=50%2C50&amp;ssl=1 50w\" sizes=\"auto, (max-width: 584px) 100vw, 584px\" \/><\/a><\/p>\n<p><a href=\"https:\/\/wp.ufpel.edu.br\/leppais\/files\/2022\/10\/Pandemia-de-narrativas_ebook.pdf\"><strong>(PDF)<\/strong><\/a><\/p>\n<h2><strong>TESSITURAS: Antropo\u00e9ticas: outras (etno)grafias<br \/>\n<\/strong><\/h2>\n<p><a href=\"https:\/\/periodicos.ufpel.edu.br\/ojs2\/index.php\/tessituras\/issue\/view\/869\/showToc\"><img data-recalc-dims=\"1\" loading=\"lazy\" decoding=\"async\" data-attachment-id=\"3570\" data-permalink=\"https:\/\/wp.ufpel.edu.br\/leppais\/producoes\/livros\/tessituras\/\" data-orig-file=\"https:\/\/i0.wp.com\/wp.ufpel.edu.br\/leppais\/files\/2022\/10\/tessituras.jpg?fit=800%2C1139&amp;ssl=1\" data-orig-size=\"800,1139\" data-comments-opened=\"0\" data-image-meta=\"{&quot;aperture&quot;:&quot;0&quot;,&quot;credit&quot;:&quot;&quot;,&quot;camera&quot;:&quot;&quot;,&quot;caption&quot;:&quot;&quot;,&quot;created_timestamp&quot;:&quot;0&quot;,&quot;copyright&quot;:&quot;&quot;,&quot;focal_length&quot;:&quot;0&quot;,&quot;iso&quot;:&quot;0&quot;,&quot;shutter_speed&quot;:&quot;0&quot;,&quot;title&quot;:&quot;&quot;,&quot;orientation&quot;:&quot;0&quot;}\" data-image-title=\"tessituras\" data-image-description=\"\" data-image-caption=\"\" data-medium-file=\"https:\/\/i0.wp.com\/wp.ufpel.edu.br\/leppais\/files\/2022\/10\/tessituras.jpg?fit=211%2C300&amp;ssl=1\" data-large-file=\"https:\/\/i0.wp.com\/wp.ufpel.edu.br\/leppais\/files\/2022\/10\/tessituras.jpg?fit=584%2C832&amp;ssl=1\" class=\"alignnone wp-image-3570 size-full\" src=\"https:\/\/i0.wp.com\/wp.ufpel.edu.br\/leppais\/files\/2022\/10\/tessituras.jpg?resize=584%2C831&#038;ssl=1\" alt=\"\" width=\"584\" height=\"831\" srcset=\"https:\/\/i0.wp.com\/wp.ufpel.edu.br\/leppais\/files\/2022\/10\/tessituras.jpg?w=800&amp;ssl=1 800w, https:\/\/i0.wp.com\/wp.ufpel.edu.br\/leppais\/files\/2022\/10\/tessituras.jpg?resize=211%2C300&amp;ssl=1 211w, https:\/\/i0.wp.com\/wp.ufpel.edu.br\/leppais\/files\/2022\/10\/tessituras.jpg?resize=719%2C1024&amp;ssl=1 719w, https:\/\/i0.wp.com\/wp.ufpel.edu.br\/leppais\/files\/2022\/10\/tessituras.jpg?resize=768%2C1093&amp;ssl=1 768w\" sizes=\"auto, (max-width: 584px) 100vw, 584px\" \/><\/a><\/p>\n<p><strong><a href=\"https:\/\/periodicos.ufpel.edu.br\/ojs2\/index.php\/tessituras\/issue\/view\/869\/showToc\">(LINK)<\/a><\/strong><\/p>\n","protected":false},"excerpt":{"rendered":"<p>MEMORIAL DESCRITIVO PARA PROFESSORA TITULAR: Claudia Turra Magni (PDF) FOTOBIOGRAFIAS RINC\u00c3O DAS ALMAS (PDF) M\u00c1QUINAS, CORPOS E GRAFIAS: TECNOPO\u00c9TICAS EM PERSPECTIVA TRANSDISCIPLINAR Clique para acessar o 15-04_Tecnopoeticas.pdf TRAJET\u00d3RIAS PESSOAIS NA ANTROPOLOGIA (AUDIO)VISUAL NO BRASIL V. 1 (PDF) ILUMINURAS &#8211; Metodologias &hellip; <a href=\"https:\/\/wp.ufpel.edu.br\/leppais\/producoes\/livros\/\">Continue lendo <span class=\"meta-nav\">&rarr;<\/span><\/a><\/p>\n","protected":false},"author":641,"featured_media":0,"parent":233,"menu_order":0,"comment_status":"closed","ping_status":"closed","template":"sidebar-page.php","meta":{"advanced_seo_description":"","jetpack_seo_html_title":"","jetpack_seo_noindex":false,"jetpack_post_was_ever_published":false,"footnotes":""},"class_list":["post-3556","page","type-page","status-publish","hentry"],"jetpack_sharing_enabled":true,"jetpack_shortlink":"https:\/\/wp.me\/PayVYo-Vm","jetpack-related-posts":[{"id":949,"url":"https:\/\/wp.ufpel.edu.br\/leppais\/projetos\/pesquisa-e-extensao\/","url_meta":{"origin":3556,"position":0},"title":"Pesquisa, Extens\u00e3o e Ensino","author":"antropologia","date":"04\/04\/2017","format":false,"excerpt":"Veias Abertas da Ferrovia: contribuic\u0327o\u0303es antropoe\u0301ticas ao Centro Cultural da Estac\u0327a\u0303o (Projeto de extens\u00e3o) Trabalho colaborativo com moradores do Bairro Simo\u0303es Lopes, especialmente pessoas e fami\u0301lias comprometidas com a memo\u0301ria ferrovia\u0301ria, este projeto extensionista e\u0301 indissocia\u0301vel do ensino e da pesquisa, na medida em que ac\u0327o\u0303es a ele relacionadas esta\u0303o\u2026","rel":"","context":"Post similar","block_context":{"text":"Post similar","link":""},"img":{"alt_text":"","src":"","width":0,"height":0},"classes":[]},{"id":2,"url":"https:\/\/wp.ufpel.edu.br\/leppais\/sobre\/","url_meta":{"origin":3556,"position":1},"title":"Sobre","author":"antropologia","date":"05\/11\/2012","format":false,"excerpt":"Hist\u00f3rico O Laborat\u00f3rio de Ensino, Pesquisa e Produ\u00e7\u00e3o em Antropologia da Imagem e do Som foi\u00a0 inaugurado no ano de 2008 pela Prof\u00aa. Dr\u00aa. Claudia Turra Magni como um projeto de extens\u00e3o permanente e est\u00e1 situado no Instituto de Ci\u00eancias Humanas da Universidade Federal de Pelotas (UFPel).\u00a0Seu principal objetivo \u00e9\u2026","rel":"","context":"Post similar","block_context":{"text":"Post similar","link":""},"img":{"alt_text":"","src":"","width":0,"height":0},"classes":[]},{"id":851,"url":"https:\/\/wp.ufpel.edu.br\/leppais\/producoes\/entrevistas-palestras-e-aulas\/","url_meta":{"origin":3556,"position":2},"title":"Palestras \/ Entrevistas","author":"antropologia","date":"31\/03\/2017","format":false,"excerpt":"Semin\u00e1rio: OS GUARANI MBY\u00c1 - A\u00e7\u00f5es e experi\u00eancias contempor\u00e2neas https:\/\/www.youtube.com\/watch?v=jYEbeQCwgBE&list=PLrqSUafHHXYyNu8IJO776-yL3g0IC2ZcL Bibliotheca P\u00fablica Pelotense - Pelotas\/RS 30 out - 01 nov de 2018 Restitui\u00e7\u00e3o de Dados de Pesquisas Etnogr\u00e1ficas https:\/\/vimeo.com\/114780326 V\u00eddeo realizado a partir de de confer\u00eancia de Mme. Fran\u00e7oise Zonabend, realizada em janeiro de 2014, na Maison des Sciences de\u2026","rel":"","context":"Post similar","block_context":{"text":"Post similar","link":""},"img":{"alt_text":"","src":"https:\/\/i0.wp.com\/img.youtube.com\/vi\/PLrqSUafHHXYyNu8IJO776-yL3g0IC2ZcL\/0.jpg?resize=350%2C200","width":350,"height":200},"classes":[]},{"id":3467,"url":"https:\/\/wp.ufpel.edu.br\/leppais\/producoes\/podcast\/","url_meta":{"origin":3556,"position":3},"title":"Podcasts","author":"antropologia","date":"06\/04\/2022","format":false,"excerpt":"Link do Antrop\u00f3lis no Spotify Antrop\u00f3lis \u00e9 um podcast especializado em debates sobre estudos contempor\u00e2neos em antropologia, desenvolvido por uma equipe de pessoas vinculadas ao Programa de P\u00f3s gradua\u00e7\u00e3o em Antropologia da Universidade Federal de Pelotas. Trata-se de um projeto de extens\u00e3o filiado ao Laborat\u00f3rio de Ensino, Pesquisa e Produ\u00e7\u00e3o\u2026","rel":"","context":"Post similar","block_context":{"text":"Post similar","link":""},"img":{"alt_text":"","src":"https:\/\/i0.wp.com\/wp.ufpel.edu.br\/leppais\/files\/2023\/01\/Capas-podcasts-caraminholas-antropolis.jpg?resize=350%2C200&ssl=1","width":350,"height":200,"srcset":"https:\/\/i0.wp.com\/wp.ufpel.edu.br\/leppais\/files\/2023\/01\/Capas-podcasts-caraminholas-antropolis.jpg?resize=350%2C200&ssl=1 1x, https:\/\/i0.wp.com\/wp.ufpel.edu.br\/leppais\/files\/2023\/01\/Capas-podcasts-caraminholas-antropolis.jpg?resize=525%2C300&ssl=1 1.5x, https:\/\/i0.wp.com\/wp.ufpel.edu.br\/leppais\/files\/2023\/01\/Capas-podcasts-caraminholas-antropolis.jpg?resize=700%2C400&ssl=1 2x, https:\/\/i0.wp.com\/wp.ufpel.edu.br\/leppais\/files\/2023\/01\/Capas-podcasts-caraminholas-antropolis.jpg?resize=1050%2C600&ssl=1 3x"},"classes":[]},{"id":3259,"url":"https:\/\/wp.ufpel.edu.br\/leppais\/eventos\/abra-2020\/","url_meta":{"origin":3556,"position":4},"title":"ABRA 2020","author":"antropologia","date":"23\/10\/2020","format":false,"excerpt":"Este ambiente virtual re\u00fane trabalhos de pesquisadoras\/es inscritas\/os no grupo de trabalho Antropo\u00e9ticas: outras (etno)grafias, da 32\u00aa Reuni\u00e3o Brasileira de de Antropologia (RBA). Foi criado para pensarmos alternativas mais inclusivas de intera\u00e7\u00e3o virtual em um formato que dar\u00e1 \u00eanfase ao que chamamos de \u201cexperi\u00eancias virtuais-sensoriais\u201d (texturas sonoras, fotografias, desenhos, filmes,\u2026","rel":"","context":"Post similar","block_context":{"text":"Post similar","link":""},"img":{"alt_text":"","src":"https:\/\/i0.wp.com\/wp.ufpel.edu.br\/leppais\/files\/2020\/10\/Apresentacao_1.jpg?resize=350%2C200","width":350,"height":200,"srcset":"https:\/\/i0.wp.com\/wp.ufpel.edu.br\/leppais\/files\/2020\/10\/Apresentacao_1.jpg?resize=350%2C200 1x, https:\/\/i0.wp.com\/wp.ufpel.edu.br\/leppais\/files\/2020\/10\/Apresentacao_1.jpg?resize=525%2C300 1.5x, https:\/\/i0.wp.com\/wp.ufpel.edu.br\/leppais\/files\/2020\/10\/Apresentacao_1.jpg?resize=700%2C400 2x, https:\/\/i0.wp.com\/wp.ufpel.edu.br\/leppais\/files\/2020\/10\/Apresentacao_1.jpg?resize=1050%2C600 3x, https:\/\/i0.wp.com\/wp.ufpel.edu.br\/leppais\/files\/2020\/10\/Apresentacao_1.jpg?resize=1400%2C800 4x"},"classes":[]},{"id":954,"url":"https:\/\/wp.ufpel.edu.br\/leppais\/producoes\/videos-fotos-outros\/","url_meta":{"origin":3556,"position":5},"title":"V\u00eddeos \/ Fotos \/ Outros","author":"antropologia","date":"04\/04\/2017","format":false,"excerpt":"Homenagem a Marc Piault https:\/\/youtu.be\/q-CXjeabf9w Homenagem p\u00f3stuma ao antrop\u00f3logo, cineasta, professor e pesquisador franc\u00eas Marc-Henri Piault (1933-2020) \u00a0 Inventos: S\u00e9rie Saberes e Sabores da Col\u00f4nia https:\/\/youtu.be\/1Tk-6RyACqQ O v\u00eddeo aborda as tecnologias desenvolvidas pela fam\u00edlia Schiavon na produ\u00e7\u00e3o agroecol\u00f3gica em sua propriedade, na Col\u00f4nia S\u00e3o Manoel, no interior de Pelotas, Rio\u2026","rel":"","context":"Post similar","block_context":{"text":"Post similar","link":""},"img":{"alt_text":"","src":"https:\/\/i0.wp.com\/wp.ufpel.edu.br\/leppais\/files\/2019\/08\/saberes-e-sabores-site.png?resize=350%2C200&ssl=1","width":350,"height":200,"srcset":"https:\/\/i0.wp.com\/wp.ufpel.edu.br\/leppais\/files\/2019\/08\/saberes-e-sabores-site.png?resize=350%2C200&ssl=1 1x, https:\/\/i0.wp.com\/wp.ufpel.edu.br\/leppais\/files\/2019\/08\/saberes-e-sabores-site.png?resize=525%2C300&ssl=1 1.5x"},"classes":[]}],"jetpack_likes_enabled":true,"_links":{"self":[{"href":"https:\/\/wp.ufpel.edu.br\/leppais\/wp-json\/wp\/v2\/pages\/3556","targetHints":{"allow":["GET"]}}],"collection":[{"href":"https:\/\/wp.ufpel.edu.br\/leppais\/wp-json\/wp\/v2\/pages"}],"about":[{"href":"https:\/\/wp.ufpel.edu.br\/leppais\/wp-json\/wp\/v2\/types\/page"}],"author":[{"embeddable":true,"href":"https:\/\/wp.ufpel.edu.br\/leppais\/wp-json\/wp\/v2\/users\/641"}],"replies":[{"embeddable":true,"href":"https:\/\/wp.ufpel.edu.br\/leppais\/wp-json\/wp\/v2\/comments?post=3556"}],"version-history":[{"count":19,"href":"https:\/\/wp.ufpel.edu.br\/leppais\/wp-json\/wp\/v2\/pages\/3556\/revisions"}],"predecessor-version":[{"id":4380,"href":"https:\/\/wp.ufpel.edu.br\/leppais\/wp-json\/wp\/v2\/pages\/3556\/revisions\/4380"}],"up":[{"embeddable":true,"href":"https:\/\/wp.ufpel.edu.br\/leppais\/wp-json\/wp\/v2\/pages\/233"}],"wp:attachment":[{"href":"https:\/\/wp.ufpel.edu.br\/leppais\/wp-json\/wp\/v2\/media?parent=3556"}],"curies":[{"name":"wp","href":"https:\/\/api.w.org\/{rel}","templated":true}]}}