{"id":3467,"date":"2022-04-06T10:36:44","date_gmt":"2022-04-06T13:36:44","guid":{"rendered":"https:\/\/wp.ufpel.edu.br\/leppais\/?page_id=3467"},"modified":"2023-01-18T16:12:52","modified_gmt":"2023-01-18T19:12:52","slug":"podcast","status":"publish","type":"page","link":"https:\/\/wp.ufpel.edu.br\/leppais\/producoes\/podcast\/","title":{"rendered":"Podcasts"},"content":{"rendered":"<p><a href=\"https:\/\/open.spotify.com\/show\/3NwxK6MQiXS9DsLhd9fbnS\"><img data-recalc-dims=\"1\" loading=\"lazy\" decoding=\"async\" data-attachment-id=\"3725\" data-permalink=\"https:\/\/wp.ufpel.edu.br\/leppais\/producoes\/podcast\/capas-podcasts-caraminholas-antropolis\/\" data-orig-file=\"https:\/\/i0.wp.com\/wp.ufpel.edu.br\/leppais\/files\/2023\/01\/Capas-podcasts-caraminholas-antropolis.jpg?fit=1241%2C280&amp;ssl=1\" data-orig-size=\"1241,280\" data-comments-opened=\"0\" data-image-meta=\"{&quot;aperture&quot;:&quot;0&quot;,&quot;credit&quot;:&quot;&quot;,&quot;camera&quot;:&quot;&quot;,&quot;caption&quot;:&quot;&quot;,&quot;created_timestamp&quot;:&quot;0&quot;,&quot;copyright&quot;:&quot;&quot;,&quot;focal_length&quot;:&quot;0&quot;,&quot;iso&quot;:&quot;0&quot;,&quot;shutter_speed&quot;:&quot;0&quot;,&quot;title&quot;:&quot;&quot;,&quot;orientation&quot;:&quot;0&quot;}\" data-image-title=\"Capas podcasts &amp;#8211; caraminholas antropolis\" data-image-description=\"\" data-image-caption=\"\" data-medium-file=\"https:\/\/i0.wp.com\/wp.ufpel.edu.br\/leppais\/files\/2023\/01\/Capas-podcasts-caraminholas-antropolis.jpg?fit=300%2C68&amp;ssl=1\" data-large-file=\"https:\/\/i0.wp.com\/wp.ufpel.edu.br\/leppais\/files\/2023\/01\/Capas-podcasts-caraminholas-antropolis.jpg?fit=584%2C132&amp;ssl=1\" class=\"wp-image-3725 size-full alignnone\" src=\"https:\/\/i0.wp.com\/wp.ufpel.edu.br\/leppais\/files\/2023\/01\/Capas-podcasts-caraminholas-antropolis.jpg?resize=584%2C132&#038;ssl=1\" alt=\"\" width=\"584\" height=\"132\" srcset=\"https:\/\/i0.wp.com\/wp.ufpel.edu.br\/leppais\/files\/2023\/01\/Capas-podcasts-caraminholas-antropolis.jpg?w=1241&amp;ssl=1 1241w, https:\/\/i0.wp.com\/wp.ufpel.edu.br\/leppais\/files\/2023\/01\/Capas-podcasts-caraminholas-antropolis.jpg?resize=300%2C68&amp;ssl=1 300w, https:\/\/i0.wp.com\/wp.ufpel.edu.br\/leppais\/files\/2023\/01\/Capas-podcasts-caraminholas-antropolis.jpg?resize=1024%2C231&amp;ssl=1 1024w, https:\/\/i0.wp.com\/wp.ufpel.edu.br\/leppais\/files\/2023\/01\/Capas-podcasts-caraminholas-antropolis.jpg?resize=768%2C173&amp;ssl=1 768w, https:\/\/i0.wp.com\/wp.ufpel.edu.br\/leppais\/files\/2023\/01\/Capas-podcasts-caraminholas-antropolis.jpg?resize=500%2C113&amp;ssl=1 500w, https:\/\/i0.wp.com\/wp.ufpel.edu.br\/leppais\/files\/2023\/01\/Capas-podcasts-caraminholas-antropolis.jpg?w=1168&amp;ssl=1 1168w\" sizes=\"auto, (max-width: 584px) 100vw, 584px\" \/><\/a><\/p>\n<p><strong><a href=\"https:\/\/open.spotify.com\/show\/3NwxK6MQiXS9DsLhd9fbnS\">Link do Antrop\u00f3lis no Spotify<\/a><\/strong><\/p>\n<p>Antrop\u00f3lis \u00e9 um podcast especializado em debates sobre estudos contempor\u00e2neos em antropologia, desenvolvido por uma equipe de pessoas vinculadas ao Programa de P\u00f3s gradua\u00e7\u00e3o em Antropologia da Universidade Federal de Pelotas. Trata-se de um projeto de extens\u00e3o filiado ao Laborat\u00f3rio de Ensino, Pesquisa e Produ\u00e7\u00e3o em Antropologia da Imagem e do Som (Leppais)<br \/>\nEquipe: Guilhermo Aderaldo, Francisco Neto, Claudia Turra Magni, Ediane Oliveira e Kamila Ruiz<\/p>\n<p>Contato: antropolispodcast@gmail.com<\/p>\n<hr \/>\n<p><a href=\"https:\/\/open.spotify.com\/show\/2LT4R0bZftPxAIEOqZGHZv\"><img data-recalc-dims=\"1\" loading=\"lazy\" decoding=\"async\" data-attachment-id=\"3468\" data-permalink=\"https:\/\/wp.ufpel.edu.br\/leppais\/producoes\/podcast\/capa-blog\/\" data-orig-file=\"https:\/\/i0.wp.com\/wp.ufpel.edu.br\/leppais\/files\/2022\/04\/Capa-Blog.jpg?fit=1241%2C280&amp;ssl=1\" data-orig-size=\"1241,280\" data-comments-opened=\"0\" data-image-meta=\"{&quot;aperture&quot;:&quot;0&quot;,&quot;credit&quot;:&quot;&quot;,&quot;camera&quot;:&quot;&quot;,&quot;caption&quot;:&quot;&quot;,&quot;created_timestamp&quot;:&quot;0&quot;,&quot;copyright&quot;:&quot;&quot;,&quot;focal_length&quot;:&quot;0&quot;,&quot;iso&quot;:&quot;0&quot;,&quot;shutter_speed&quot;:&quot;0&quot;,&quot;title&quot;:&quot;&quot;,&quot;orientation&quot;:&quot;0&quot;}\" data-image-title=\"Capa Blog\" data-image-description=\"\" data-image-caption=\"\" data-medium-file=\"https:\/\/i0.wp.com\/wp.ufpel.edu.br\/leppais\/files\/2022\/04\/Capa-Blog.jpg?fit=300%2C68&amp;ssl=1\" data-large-file=\"https:\/\/i0.wp.com\/wp.ufpel.edu.br\/leppais\/files\/2022\/04\/Capa-Blog.jpg?fit=584%2C132&amp;ssl=1\" class=\"alignnone size-full wp-image-3468\" src=\"https:\/\/i0.wp.com\/wp.ufpel.edu.br\/leppais\/files\/2022\/04\/Capa-Blog.jpg?resize=584%2C132&#038;ssl=1\" alt=\"\" width=\"584\" height=\"132\" srcset=\"https:\/\/i0.wp.com\/wp.ufpel.edu.br\/leppais\/files\/2022\/04\/Capa-Blog.jpg?w=1241&amp;ssl=1 1241w, https:\/\/i0.wp.com\/wp.ufpel.edu.br\/leppais\/files\/2022\/04\/Capa-Blog.jpg?resize=300%2C68&amp;ssl=1 300w, https:\/\/i0.wp.com\/wp.ufpel.edu.br\/leppais\/files\/2022\/04\/Capa-Blog.jpg?resize=1024%2C231&amp;ssl=1 1024w, https:\/\/i0.wp.com\/wp.ufpel.edu.br\/leppais\/files\/2022\/04\/Capa-Blog.jpg?resize=768%2C173&amp;ssl=1 768w, https:\/\/i0.wp.com\/wp.ufpel.edu.br\/leppais\/files\/2022\/04\/Capa-Blog.jpg?resize=500%2C113&amp;ssl=1 500w, https:\/\/i0.wp.com\/wp.ufpel.edu.br\/leppais\/files\/2022\/04\/Capa-Blog.jpg?w=1168&amp;ssl=1 1168w\" sizes=\"auto, (max-width: 584px) 100vw, 584px\" \/><\/a><\/p>\n<p><strong><a href=\"https:\/\/open.spotify.com\/show\/2LT4R0bZftPxAIEOqZGHZv\">Link do Caraminholas no Spotify<\/a><\/strong><\/p>\n<p style=\"text-align: justify;\">Situado entre o campo da Antropologia das Emo\u00e7\u00f5es e dos Sentidos e o campo da Antropologia da Sa\u00fade, o Caraminholas \u00e9 um canal de difus\u00e3o e encontro para al\u00e9m dos espa\u00e7os acad\u00eamicos, gerando formas de restitui\u00e7\u00e3o em processo e acolhendo a participa\u00e7\u00e3o do p\u00fablico. Este \u00e9 um espa\u00e7o para o compartilhamento de experi\u00eancias de vida relacionadas \u00e0 percep\u00e7\u00e3o de fen\u00f4menos sensoriais que n\u00e3o s\u00e3o comuns a todas as pessoas, suas implica\u00e7\u00f5es sociais e \u00e0s emo\u00e7\u00f5es que tais experi\u00eancias ocasionam. Uma oportunidade para pensarmos novas e velhas abordagens em Sa\u00fade Mental, o cuidado de si e do Outro.<\/p>\n<p style=\"text-align: justify;\">&#8220;Se, como n\u00f3s, voc\u00ea anda sempre cheio de caraminholas na cabe\u00e7a, este \u00e9 o lugar certo para descobrir, compartilhar e compreender os significados que elas podem ter na vida de cada pessoa. Pensamentos, imagens, inven\u00e7\u00f5es, imagens-pensamentos, ru\u00eddos, vozes, aromas, mem\u00f3rias, sonhos, premoni\u00e7\u00f5es, acontecimentos, eis o que entendemos por caraminholas, tudo aquilo que passa por nossa mente e que comp\u00f5e quem nos tornamos. Voc\u00ea que est\u00e1 aqui conosco pode ter ouvido vozes, ter sensa\u00e7\u00f5es ou vis\u00f5es, sonhos premonit\u00f3rios, enfim, experi\u00eancias que nem todas as pessoas compartilham. Isso pode ter ocorrido em um momento pontual da sua vida ou acontecer cotidianamente. Voc\u00ea pode, ainda, conhecer algu\u00e9m que tem ou teve essas experi\u00eancias. Aqui, vamos juntas e juntos navegar por esse universo afetivo em busca de criar e difundir estrat\u00e9gias dignas de autocuidado e compreens\u00e3o para experi\u00eancias sens\u00edveis como essas.&#8221;<\/p>\n<p style=\"text-align: justify;\">Cr\u00e9ditos:<\/p>\n<p style=\"text-align: justify;\">Produ\u00e7\u00e3o: Daniele Borges, Fabiane Valmore, Luana Ribeiro Borges e Roberta Machado<br \/>\nEdi\u00e7\u00e3o: Daniele Borges<br \/>\nEqualiza\u00e7\u00e3o: Hamilton Bittencourt<br \/>\nRealiza\u00e7\u00e3o: Laborat\u00f3rio de Ensino, Pesquisa e Produ\u00e7\u00e3o em Antropologia da Imagem e do Som (LEPPAIS).<br \/>\nLocu\u00e7\u00e3o de abertura: Adilson Tiamo. M\u00fasico.<br \/>\nVinheta: Eu vou brincar de pular corda: Adilson Tiamo. M\u00fasico.<br \/>\nIntervalo po\u00e9tico:<br \/>\nM\u00fasica Jo\u00e3o- Composic\u00e3o e Voz: Orlando dos Santos Baptista.<br \/>\nIntegrante da Banda &#8220;Cancioneiros do IPUB&#8221;, fundada e coordenada pelo musicoterapeuta Vandr\u00e9 Mathias Vidal (IPUB\/UFRJ). Arranjadores e M\u00fasicos: Iure Bittar e Eneas Elpidio<br \/>\nPoesia Tremores- Composi\u00e7\u00e3o e Voz: Orlando dos Santos Baptista.<\/p>\n<p style=\"text-align: justify;\">Apoio:<\/p>\n<p style=\"text-align: justify;\">Programa de P\u00f3s-Gradua\u00e7\u00e3o em Antropologia (PPGAnt- UFPel)<br \/>\nPrograma de P\u00f3s- Gradua\u00e7\u00e3o em Enfermagem (PPGEnf-UFPel)<br \/>\nUniversidade Federal de Pelotas (UFPel)<br \/>\nUniversidade Federal do Pampa (UNIPAMPA)<br \/>\nInstituto Federal de Educa\u00e7\u00e3o, Ci\u00eancia e Tecnologia do Rio Grande do Sul (IFRS)<br \/>\nColetiva de Mulheres que ouvem vozes (CMOV)<br \/>\nAssocia\u00e7\u00e3o de Usu\u00e1rios dos Servi\u00e7os de Sa\u00fade Mental de Pelotas (AUSSMP)<br \/>\nGrupo AMA Ouvidores e Ouvidoras de vozes da Unipampa<\/p>\n","protected":false},"excerpt":{"rendered":"<p>Link do Antrop\u00f3lis no Spotify Antrop\u00f3lis \u00e9 um podcast especializado em debates sobre estudos contempor\u00e2neos em antropologia, desenvolvido por uma equipe de pessoas vinculadas ao Programa de P\u00f3s gradua\u00e7\u00e3o em Antropologia da Universidade Federal de Pelotas. Trata-se de um projeto &hellip; <a href=\"https:\/\/wp.ufpel.edu.br\/leppais\/producoes\/podcast\/\">Continue lendo <span class=\"meta-nav\">&rarr;<\/span><\/a><\/p>\n","protected":false},"author":641,"featured_media":0,"parent":233,"menu_order":4,"comment_status":"closed","ping_status":"closed","template":"sidebar-page.php","meta":{"advanced_seo_description":"","jetpack_seo_html_title":"","jetpack_seo_noindex":false,"jetpack_post_was_ever_published":false,"footnotes":""},"class_list":["post-3467","page","type-page","status-publish","hentry"],"jetpack_sharing_enabled":true,"jetpack_shortlink":"https:\/\/wp.me\/PayVYo-TV","jetpack-related-posts":[{"id":2,"url":"https:\/\/wp.ufpel.edu.br\/leppais\/sobre\/","url_meta":{"origin":3467,"position":0},"title":"Sobre","author":"antropologia","date":"05\/11\/2012","format":false,"excerpt":"Hist\u00f3rico O Laborat\u00f3rio de Ensino, Pesquisa e Produ\u00e7\u00e3o em Antropologia da Imagem e do Som foi\u00a0 inaugurado no ano de 2008 pela Prof\u00aa. Dr\u00aa. Claudia Turra Magni como um projeto de extens\u00e3o permanente e est\u00e1 situado no Instituto de Ci\u00eancias Humanas da Universidade Federal de Pelotas (UFPel).\u00a0Seu principal objetivo \u00e9\u2026","rel":"","context":"Post similar","block_context":{"text":"Post similar","link":""},"img":{"alt_text":"","src":"","width":0,"height":0},"classes":[]},{"id":977,"url":"https:\/\/wp.ufpel.edu.br\/leppais\/producoes\/artes\/","url_meta":{"origin":3467,"position":1},"title":"Artes","author":"antropologia","date":"05\/04\/2017","format":false,"excerpt":"Coloniza\u00e7\u00e3o Cibern\u00e9tica https:\/\/youtu.be\/4rzkBb_IsyI Em Coloniza\u00e7\u00e3o Cibern\u00e9tica, Mauro Bruschi apresenta figuras antropom\u00f3rficas feitas de sucatas eletr\u00f4nicas e imagens obsoletas, questionando as fronteiras imaginadas entre pessoas e m\u00e1quinas, natureza e artif\u00edcio - fruto de uma interlocu\u00e7\u00e3o entre artes e antropologia. V\u00eddeo-poema ao mar https:\/\/youtu.be\/ncCVswuOH58 Mem\u00f3rias, sonhos, poemas e imagens vindas do fundo\u2026","rel":"","context":"Post similar","block_context":{"text":"Post similar","link":""},"img":{"alt_text":"","src":"https:\/\/leppais.files.wordpress.com\/2017\/04\/texto-cyber.jpg?w=350&h=200&crop=1","width":350,"height":200,"srcset":"https:\/\/leppais.files.wordpress.com\/2017\/04\/texto-cyber.jpg?w=350&h=200&crop=1 1x, https:\/\/leppais.files.wordpress.com\/2017\/04\/texto-cyber.jpg?w=525&h=300&crop=1 1.5x"},"classes":[]},{"id":3719,"url":"https:\/\/wp.ufpel.edu.br\/leppais\/producoes\/webconferencias\/","url_meta":{"origin":3467,"position":2},"title":"Webconfer\u00eancias","author":"antropologia","date":"18\/01\/2023","format":false,"excerpt":"Ciclo webconfer\u00eancias sobre trajet\u00f3rias pessoais de pesquisadores que atuam na rede de antropologia visual no Brasil Vinculado ao projeto \"Territ\u00f3rios cient\u00edficos\" da Editora Sert\u00e3o Cult em parceria com a LABOME, promovemos uma s\u00e9rie de entrevistas e, ao mesmo tempo, webconfer\u00eancias sobre trajet\u00f3rias pessoais de pesquisadores que atuam na rede de\u2026","rel":"","context":"Post similar","block_context":{"text":"Post similar","link":""},"img":{"alt_text":"","src":"https:\/\/i0.wp.com\/wp.ufpel.edu.br\/leppais\/files\/2022\/06\/1-Todos.jpg?resize=350%2C200&ssl=1","width":350,"height":200,"srcset":"https:\/\/i0.wp.com\/wp.ufpel.edu.br\/leppais\/files\/2022\/06\/1-Todos.jpg?resize=350%2C200&ssl=1 1x, https:\/\/i0.wp.com\/wp.ufpel.edu.br\/leppais\/files\/2022\/06\/1-Todos.jpg?resize=525%2C300&ssl=1 1.5x, https:\/\/i0.wp.com\/wp.ufpel.edu.br\/leppais\/files\/2022\/06\/1-Todos.jpg?resize=700%2C400&ssl=1 2x"},"classes":[]},{"id":949,"url":"https:\/\/wp.ufpel.edu.br\/leppais\/projetos\/pesquisa-e-extensao\/","url_meta":{"origin":3467,"position":3},"title":"Pesquisa, Extens\u00e3o e Ensino","author":"antropologia","date":"04\/04\/2017","format":false,"excerpt":"Veias Abertas da Ferrovia: contribuic\u0327o\u0303es antropoe\u0301ticas ao Centro Cultural da Estac\u0327a\u0303o (Projeto de extens\u00e3o) Trabalho colaborativo com moradores do Bairro Simo\u0303es Lopes, especialmente pessoas e fami\u0301lias comprometidas com a memo\u0301ria ferrovia\u0301ria, este projeto extensionista e\u0301 indissocia\u0301vel do ensino e da pesquisa, na medida em que ac\u0327o\u0303es a ele relacionadas esta\u0303o\u2026","rel":"","context":"Post similar","block_context":{"text":"Post similar","link":""},"img":{"alt_text":"","src":"","width":0,"height":0},"classes":[]},{"id":809,"url":"https:\/\/wp.ufpel.edu.br\/leppais\/vida-nos-trilhos-ensaios\/","url_meta":{"origin":3467,"position":4},"title":"Vida nos Trilhos &#8211; Ensaios","author":"antropologia","date":"26\/03\/2017","format":false,"excerpt":"Em aten\u00e7\u00e3o \u00e0 solicita\u00e7\u00e3o da Secretaria Municipal de Cultura de Pelotas, o Grupo de Apoio \u00e0 Pesquisa Etnogr\u00e1fica com Imagem (GRAPETI\/UFPEL), em parceria com alunos do Curso de Museologia, realizou, ao longo de 2015, uma pesquisa destinada \u00e0 execu\u00e7\u00e3o do Mem\u00f3rial da Esta\u00e7\u00e3o F\u00e9rrea de Pelotas. Esta s\u00e9rie de ensaios\u2026","rel":"","context":"Post similar","block_context":{"text":"Post similar","link":""},"img":{"alt_text":"","src":"https:\/\/i0.wp.com\/wp.ufpel.edu.br\/leppais\/files\/2017\/08\/makingof.jpg?resize=350%2C200&ssl=1","width":350,"height":200,"srcset":"https:\/\/i0.wp.com\/wp.ufpel.edu.br\/leppais\/files\/2017\/08\/makingof.jpg?resize=350%2C200&ssl=1 1x, https:\/\/i0.wp.com\/wp.ufpel.edu.br\/leppais\/files\/2017\/08\/makingof.jpg?resize=525%2C300&ssl=1 1.5x, https:\/\/i0.wp.com\/wp.ufpel.edu.br\/leppais\/files\/2017\/08\/makingof.jpg?resize=700%2C400&ssl=1 2x"},"classes":[]},{"id":3259,"url":"https:\/\/wp.ufpel.edu.br\/leppais\/eventos\/abra-2020\/","url_meta":{"origin":3467,"position":5},"title":"ABRA 2020","author":"antropologia","date":"23\/10\/2020","format":false,"excerpt":"Este ambiente virtual re\u00fane trabalhos de pesquisadoras\/es inscritas\/os no grupo de trabalho Antropo\u00e9ticas: outras (etno)grafias, da 32\u00aa Reuni\u00e3o Brasileira de de Antropologia (RBA). Foi criado para pensarmos alternativas mais inclusivas de intera\u00e7\u00e3o virtual em um formato que dar\u00e1 \u00eanfase ao que chamamos de \u201cexperi\u00eancias virtuais-sensoriais\u201d (texturas sonoras, fotografias, desenhos, filmes,\u2026","rel":"","context":"Post similar","block_context":{"text":"Post similar","link":""},"img":{"alt_text":"","src":"https:\/\/i0.wp.com\/wp.ufpel.edu.br\/leppais\/files\/2020\/10\/Apresentacao_1.jpg?resize=350%2C200","width":350,"height":200,"srcset":"https:\/\/i0.wp.com\/wp.ufpel.edu.br\/leppais\/files\/2020\/10\/Apresentacao_1.jpg?resize=350%2C200 1x, https:\/\/i0.wp.com\/wp.ufpel.edu.br\/leppais\/files\/2020\/10\/Apresentacao_1.jpg?resize=525%2C300 1.5x, https:\/\/i0.wp.com\/wp.ufpel.edu.br\/leppais\/files\/2020\/10\/Apresentacao_1.jpg?resize=700%2C400 2x, https:\/\/i0.wp.com\/wp.ufpel.edu.br\/leppais\/files\/2020\/10\/Apresentacao_1.jpg?resize=1050%2C600 3x, https:\/\/i0.wp.com\/wp.ufpel.edu.br\/leppais\/files\/2020\/10\/Apresentacao_1.jpg?resize=1400%2C800 4x"},"classes":[]}],"jetpack_likes_enabled":true,"_links":{"self":[{"href":"https:\/\/wp.ufpel.edu.br\/leppais\/wp-json\/wp\/v2\/pages\/3467","targetHints":{"allow":["GET"]}}],"collection":[{"href":"https:\/\/wp.ufpel.edu.br\/leppais\/wp-json\/wp\/v2\/pages"}],"about":[{"href":"https:\/\/wp.ufpel.edu.br\/leppais\/wp-json\/wp\/v2\/types\/page"}],"author":[{"embeddable":true,"href":"https:\/\/wp.ufpel.edu.br\/leppais\/wp-json\/wp\/v2\/users\/641"}],"replies":[{"embeddable":true,"href":"https:\/\/wp.ufpel.edu.br\/leppais\/wp-json\/wp\/v2\/comments?post=3467"}],"version-history":[{"count":9,"href":"https:\/\/wp.ufpel.edu.br\/leppais\/wp-json\/wp\/v2\/pages\/3467\/revisions"}],"predecessor-version":[{"id":3729,"href":"https:\/\/wp.ufpel.edu.br\/leppais\/wp-json\/wp\/v2\/pages\/3467\/revisions\/3729"}],"up":[{"embeddable":true,"href":"https:\/\/wp.ufpel.edu.br\/leppais\/wp-json\/wp\/v2\/pages\/233"}],"wp:attachment":[{"href":"https:\/\/wp.ufpel.edu.br\/leppais\/wp-json\/wp\/v2\/media?parent=3467"}],"curies":[{"name":"wp","href":"https:\/\/api.w.org\/{rel}","templated":true}]}}