{"id":2,"date":"2012-11-05T17:31:06","date_gmt":"2012-11-05T17:31:06","guid":{"rendered":"http:\/\/leppais.wordpress.com\/?page_id=2"},"modified":"2026-01-23T15:04:07","modified_gmt":"2026-01-23T18:04:07","slug":"sobre","status":"publish","type":"page","link":"https:\/\/wp.ufpel.edu.br\/leppais\/sobre\/","title":{"rendered":"Sobre"},"content":{"rendered":"<p style=\"text-align: justify;\"><strong>Hist\u00f3rico<\/strong><br \/>\nO Laborat\u00f3rio de Ensino, Pesquisa e Produ\u00e7\u00e3o em Antropologia da Imagem e do Som foi\u00a0 inaugurado no ano de 2008 pela Prof\u00aa. Dr\u00aa. Claudia Turra Magni como um projeto de extens\u00e3o permanente e est\u00e1 situado no Instituto de Ci\u00eancias Humanas da Universidade Federal de Pelotas (UFPel).\u00a0Seu principal objetivo \u00e9 a capacita\u00e7\u00e3o t\u00e9cnica e reflexiva na explora\u00e7\u00e3o das linguagens visuais e audiovisuais aplicadas \u00e0s pesquisas sociais, o que se justifica pela import\u00e2ncia desses registros estarem associados ao embasamento te\u00f3rico desta op\u00e7\u00e3o metodol\u00f3gica, assim como \u00e0 relev\u00e2ncia desse tipo de linguagem na divulga\u00e7\u00e3o e restitui\u00e7\u00e3o de produtos acad\u00eamicos junto a amplos segmentos da sociedade.<\/p>\n<p><strong><a href=\"https:\/\/wp.ufpel.edu.br\/leppais\/files\/2026\/01\/REGULAMENTO_leppais.pdf\">Regulamento<\/a><\/strong><\/p>\n<p><strong>Equipe<\/strong><br \/>\n<span style=\"text-decoration: underline;\">Coordena\u00e7\u00e3o:<\/span><br \/>\nProf\u00aa. Dr\u00aa. Claudia Turra Magni<br \/>\nProf\u00aa. Dr\u00aa. Daniele Borges Bezerra<\/p>\n<p><span style=\"text-decoration: underline;\">T\u00e9cnico Editor de Imagens:<\/span><br \/>\nHamilton Bittencourt<\/p>\n<p><span style=\"text-decoration: underline;\">Pesquisadores associados:<\/span><br \/>\nProf\u00aa. Dr\u00aa. Fl\u00e1via Rieth<br \/>\nProf. Dr. Rog\u00e9rio Reus Gon\u00e7alves da Rosa<br \/>\nProf. Dr. Pedro Sanches<br \/>\nProf. Dr. Alexs\u00e2nder Naka\u00f3ka Elias<\/p>\n<p><strong>Contato<\/strong><br \/>\nRua Alberto Rosa, 154 &#8211; Sala 126<br \/>\nCEP 96010-770 &#8211; Pelotas \/ RS.<br \/>\n(53) 32845529<br \/>\nlab.leppais@gmail.com<\/p>\n","protected":false},"excerpt":{"rendered":"<p>Hist\u00f3rico O Laborat\u00f3rio de Ensino, Pesquisa e Produ\u00e7\u00e3o em Antropologia da Imagem e do Som foi\u00a0 inaugurado no ano de 2008 pela Prof\u00aa. Dr\u00aa. Claudia Turra Magni como um projeto de extens\u00e3o permanente e est\u00e1 situado no Instituto de Ci\u00eancias &hellip; <a href=\"https:\/\/wp.ufpel.edu.br\/leppais\/sobre\/\">Continue lendo <span class=\"meta-nav\">&rarr;<\/span><\/a><\/p>\n","protected":false},"author":641,"featured_media":0,"parent":0,"menu_order":0,"comment_status":"closed","ping_status":"closed","template":"sidebar-page.php","meta":{"advanced_seo_description":"","jetpack_seo_html_title":"","jetpack_seo_noindex":false,"jetpack_post_was_ever_published":false,"footnotes":""},"class_list":["post-2","page","type-page","status-publish","hentry"],"jetpack_sharing_enabled":true,"jetpack_shortlink":"https:\/\/wp.me\/PayVYo-2","jetpack-related-posts":[{"id":949,"url":"https:\/\/wp.ufpel.edu.br\/leppais\/projetos\/pesquisa-e-extensao\/","url_meta":{"origin":2,"position":0},"title":"Pesquisa, Extens\u00e3o e Ensino","author":"antropologia","date":"04\/04\/2017","format":false,"excerpt":"Veias Abertas da Ferrovia: contribuic\u0327o\u0303es antropoe\u0301ticas ao Centro Cultural da Estac\u0327a\u0303o (Projeto de extens\u00e3o) Trabalho colaborativo com moradores do Bairro Simo\u0303es Lopes, especialmente pessoas e fami\u0301lias comprometidas com a memo\u0301ria ferrovia\u0301ria, este projeto extensionista e\u0301 indissocia\u0301vel do ensino e da pesquisa, na medida em que ac\u0327o\u0303es a ele relacionadas esta\u0303o\u2026","rel":"","context":"Post similar","block_context":{"text":"Post similar","link":""},"img":{"alt_text":"","src":"","width":0,"height":0},"classes":[]},{"id":851,"url":"https:\/\/wp.ufpel.edu.br\/leppais\/producoes\/entrevistas-palestras-e-aulas\/","url_meta":{"origin":2,"position":1},"title":"Palestras \/ Entrevistas","author":"antropologia","date":"31\/03\/2017","format":false,"excerpt":"Semin\u00e1rio: OS GUARANI MBY\u00c1 - A\u00e7\u00f5es e experi\u00eancias contempor\u00e2neas https:\/\/www.youtube.com\/watch?v=jYEbeQCwgBE&list=PLrqSUafHHXYyNu8IJO776-yL3g0IC2ZcL Bibliotheca P\u00fablica Pelotense - Pelotas\/RS 30 out - 01 nov de 2018 Restitui\u00e7\u00e3o de Dados de Pesquisas Etnogr\u00e1ficas https:\/\/vimeo.com\/114780326 V\u00eddeo realizado a partir de de confer\u00eancia de Mme. Fran\u00e7oise Zonabend, realizada em janeiro de 2014, na Maison des Sciences de\u2026","rel":"","context":"Post similar","block_context":{"text":"Post similar","link":""},"img":{"alt_text":"","src":"https:\/\/i0.wp.com\/img.youtube.com\/vi\/PLrqSUafHHXYyNu8IJO776-yL3g0IC2ZcL\/0.jpg?resize=350%2C200","width":350,"height":200},"classes":[]},{"id":3556,"url":"https:\/\/wp.ufpel.edu.br\/leppais\/producoes\/livros\/","url_meta":{"origin":2,"position":2},"title":"Publica\u00e7\u00f5es","author":"antropologia","date":"24\/10\/2022","format":false,"excerpt":"MEMORIAL DESCRITIVO PARA PROFESSORA TITULAR: Claudia Turra Magni (PDF) FOTOBIOGRAFIAS RINC\u00c3O DAS ALMAS (PDF) M\u00c1QUINAS, CORPOS E GRAFIAS: TECNOPO\u00c9TICAS EM PERSPECTIVA TRANSDISCIPLINAR https:\/\/wp.ufpel.edu.br\/leppais\/files\/2025\/04\/15-04_Tecnopoeticas.pdf TRAJET\u00d3RIAS PESSOAIS NA ANTROPOLOGIA (AUDIO)VISUAL NO BRASIL V. 1 (PDF) ILUMINURAS - Metodologias etnogr\u00e1ficas subversivas: as po\u00e9ticas das grafias (PDF) PANDEMIA DE NARRATIVAS: VIDA EM QUARENTENA UM\u2026","rel":"","context":"Post similar","block_context":{"text":"Post similar","link":""},"img":{"alt_text":"","src":"https:\/\/i0.wp.com\/wp.ufpel.edu.br\/leppais\/files\/2025\/07\/Captura-de-tela_14-7-2025_144146_.jpeg?resize=350%2C200&ssl=1","width":350,"height":200,"srcset":"https:\/\/i0.wp.com\/wp.ufpel.edu.br\/leppais\/files\/2025\/07\/Captura-de-tela_14-7-2025_144146_.jpeg?resize=350%2C200&ssl=1 1x, https:\/\/i0.wp.com\/wp.ufpel.edu.br\/leppais\/files\/2025\/07\/Captura-de-tela_14-7-2025_144146_.jpeg?resize=525%2C300&ssl=1 1.5x"},"classes":[]},{"id":991,"url":"https:\/\/wp.ufpel.edu.br\/leppais\/projetos\/ensino\/oficinas\/","url_meta":{"origin":2,"position":3},"title":"Oficinas","author":"antropologia","date":"06\/04\/2017","format":false,"excerpt":"Oficina Antropo\u00e9ticas com Desenho e Bricolagem - Outubro 2018 M\u00f3dulo 1: Linha, tra\u00e7o e di\u00e1rio gr\u00e1fico - Prof\u00aa. Vivian Herzog (CEARTE \/ UFPEL) M\u00f3dulo 2: Bricolagem com pessoas e coisas - Prof\u00aa. Patr\u00edcia Pinheiro (PPGA \/ UFPB)","rel":"","context":"Post similar","block_context":{"text":"Post similar","link":""},"img":{"alt_text":"","src":"https:\/\/i0.wp.com\/wp.ufpel.edu.br\/leppais\/files\/2019\/03\/IMG_20181002_094441526_HDR.jpg?resize=350%2C200","width":350,"height":200,"srcset":"https:\/\/i0.wp.com\/wp.ufpel.edu.br\/leppais\/files\/2019\/03\/IMG_20181002_094441526_HDR.jpg?resize=350%2C200 1x, https:\/\/i0.wp.com\/wp.ufpel.edu.br\/leppais\/files\/2019\/03\/IMG_20181002_094441526_HDR.jpg?resize=525%2C300 1.5x, https:\/\/i0.wp.com\/wp.ufpel.edu.br\/leppais\/files\/2019\/03\/IMG_20181002_094441526_HDR.jpg?resize=700%2C400 2x, https:\/\/i0.wp.com\/wp.ufpel.edu.br\/leppais\/files\/2019\/03\/IMG_20181002_094441526_HDR.jpg?resize=1050%2C600 3x, https:\/\/i0.wp.com\/wp.ufpel.edu.br\/leppais\/files\/2019\/03\/IMG_20181002_094441526_HDR.jpg?resize=1400%2C800 4x"},"classes":[]},{"id":3259,"url":"https:\/\/wp.ufpel.edu.br\/leppais\/eventos\/abra-2020\/","url_meta":{"origin":2,"position":4},"title":"ABRA 2020","author":"antropologia","date":"23\/10\/2020","format":false,"excerpt":"Este ambiente virtual re\u00fane trabalhos de pesquisadoras\/es inscritas\/os no grupo de trabalho Antropo\u00e9ticas: outras (etno)grafias, da 32\u00aa Reuni\u00e3o Brasileira de de Antropologia (RBA). Foi criado para pensarmos alternativas mais inclusivas de intera\u00e7\u00e3o virtual em um formato que dar\u00e1 \u00eanfase ao que chamamos de \u201cexperi\u00eancias virtuais-sensoriais\u201d (texturas sonoras, fotografias, desenhos, filmes,\u2026","rel":"","context":"Post similar","block_context":{"text":"Post similar","link":""},"img":{"alt_text":"","src":"https:\/\/i0.wp.com\/wp.ufpel.edu.br\/leppais\/files\/2020\/10\/Apresentacao_1.jpg?resize=350%2C200","width":350,"height":200,"srcset":"https:\/\/i0.wp.com\/wp.ufpel.edu.br\/leppais\/files\/2020\/10\/Apresentacao_1.jpg?resize=350%2C200 1x, https:\/\/i0.wp.com\/wp.ufpel.edu.br\/leppais\/files\/2020\/10\/Apresentacao_1.jpg?resize=525%2C300 1.5x, https:\/\/i0.wp.com\/wp.ufpel.edu.br\/leppais\/files\/2020\/10\/Apresentacao_1.jpg?resize=700%2C400 2x, https:\/\/i0.wp.com\/wp.ufpel.edu.br\/leppais\/files\/2020\/10\/Apresentacao_1.jpg?resize=1050%2C600 3x, https:\/\/i0.wp.com\/wp.ufpel.edu.br\/leppais\/files\/2020\/10\/Apresentacao_1.jpg?resize=1400%2C800 4x"},"classes":[]},{"id":3467,"url":"https:\/\/wp.ufpel.edu.br\/leppais\/producoes\/podcast\/","url_meta":{"origin":2,"position":5},"title":"Podcasts","author":"antropologia","date":"06\/04\/2022","format":false,"excerpt":"Link do Antrop\u00f3lis no Spotify Antrop\u00f3lis \u00e9 um podcast especializado em debates sobre estudos contempor\u00e2neos em antropologia, desenvolvido por uma equipe de pessoas vinculadas ao Programa de P\u00f3s gradua\u00e7\u00e3o em Antropologia da Universidade Federal de Pelotas. Trata-se de um projeto de extens\u00e3o filiado ao Laborat\u00f3rio de Ensino, Pesquisa e Produ\u00e7\u00e3o\u2026","rel":"","context":"Post similar","block_context":{"text":"Post similar","link":""},"img":{"alt_text":"","src":"https:\/\/i0.wp.com\/wp.ufpel.edu.br\/leppais\/files\/2023\/01\/Capas-podcasts-caraminholas-antropolis.jpg?resize=350%2C200&ssl=1","width":350,"height":200,"srcset":"https:\/\/i0.wp.com\/wp.ufpel.edu.br\/leppais\/files\/2023\/01\/Capas-podcasts-caraminholas-antropolis.jpg?resize=350%2C200&ssl=1 1x, https:\/\/i0.wp.com\/wp.ufpel.edu.br\/leppais\/files\/2023\/01\/Capas-podcasts-caraminholas-antropolis.jpg?resize=525%2C300&ssl=1 1.5x, https:\/\/i0.wp.com\/wp.ufpel.edu.br\/leppais\/files\/2023\/01\/Capas-podcasts-caraminholas-antropolis.jpg?resize=700%2C400&ssl=1 2x, https:\/\/i0.wp.com\/wp.ufpel.edu.br\/leppais\/files\/2023\/01\/Capas-podcasts-caraminholas-antropolis.jpg?resize=1050%2C600&ssl=1 3x"},"classes":[]}],"jetpack_likes_enabled":true,"_links":{"self":[{"href":"https:\/\/wp.ufpel.edu.br\/leppais\/wp-json\/wp\/v2\/pages\/2","targetHints":{"allow":["GET"]}}],"collection":[{"href":"https:\/\/wp.ufpel.edu.br\/leppais\/wp-json\/wp\/v2\/pages"}],"about":[{"href":"https:\/\/wp.ufpel.edu.br\/leppais\/wp-json\/wp\/v2\/types\/page"}],"author":[{"embeddable":true,"href":"https:\/\/wp.ufpel.edu.br\/leppais\/wp-json\/wp\/v2\/users\/641"}],"replies":[{"embeddable":true,"href":"https:\/\/wp.ufpel.edu.br\/leppais\/wp-json\/wp\/v2\/comments?post=2"}],"version-history":[{"count":3,"href":"https:\/\/wp.ufpel.edu.br\/leppais\/wp-json\/wp\/v2\/pages\/2\/revisions"}],"predecessor-version":[{"id":4504,"href":"https:\/\/wp.ufpel.edu.br\/leppais\/wp-json\/wp\/v2\/pages\/2\/revisions\/4504"}],"wp:attachment":[{"href":"https:\/\/wp.ufpel.edu.br\/leppais\/wp-json\/wp\/v2\/media?parent=2"}],"curies":[{"name":"wp","href":"https:\/\/api.w.org\/{rel}","templated":true}]}}