{"id":40,"date":"2025-08-07T18:16:14","date_gmt":"2025-08-07T21:16:14","guid":{"rendered":"https:\/\/wp.ufpel.edu.br\/lepaps\/?page_id=40"},"modified":"2025-12-18T10:50:50","modified_gmt":"2025-12-18T13:50:50","slug":"sobre-nos","status":"publish","type":"page","link":"https:\/\/wp.ufpel.edu.br\/lepaps\/sobre-nos\/","title":{"rendered":"Sobre n\u00f3s"},"content":{"rendered":"<p data-start=\"154\" data-end=\"592\">O LEPAPS \u00e9 um projeto que busca aproximar acad\u00eamicos da Universidade Federal de Pelotas da realidade do Sistema \u00danico de Sa\u00fade, com foco na Aten\u00e7\u00e3o Prim\u00e1ria \u00e0 Sa\u00fade (APS). Sua atua\u00e7\u00e3o est\u00e1 voltada ao fortalecimento da APS por meio do desenvolvimento de a\u00e7\u00f5es que contribuam para a melhoria dos indicadores de sa\u00fade nos munic\u00edpios parceiros, a amplia\u00e7\u00e3o do n\u00famero de pessoas cadastradas e a qualifica\u00e7\u00e3o dos registros eletr\u00f4nicos em sa\u00fade.<\/p>\n<p data-start=\"594\" data-end=\"1001\">Nesse contexto, o projeto promove a integra\u00e7\u00e3o entre ensino, servi\u00e7o e comunidade, gerando benef\u00edcios diretos para os territ\u00f3rios onde as atividades s\u00e3o desenvolvidas. As a\u00e7\u00f5es realizadas envolvem processos cont\u00ednuos de avalia\u00e7\u00e3o, monitoramento e feedback, al\u00e9m da pactua\u00e7\u00e3o de metas de indicadores e do desenvolvimento de atividades de educa\u00e7\u00e3o permanente para os trabalhadores da Aten\u00e7\u00e3o Prim\u00e1ria \u00e0 Sa\u00fade.<\/p>\n<p data-start=\"1003\" data-end=\"1411\">Para alcan\u00e7ar esses objetivos, o LEPAPS atua na an\u00e1lise cr\u00edtica e na qualifica\u00e7\u00e3o dos dados dos sistemas de informa\u00e7\u00e3o em sa\u00fade dos munic\u00edpios, contribuindo para a melhoria da qualidade das informa\u00e7\u00f5es enviadas. Tamb\u00e9m s\u00e3o realizados diagn\u00f3sticos situacionais, defini\u00e7\u00e3o de prioridades, estabelecimento de metas e devolutivas sistem\u00e1ticas aos munic\u00edpios parceiros, fortalecendo a gest\u00e3o e o cuidado em sa\u00fade.<\/p>\n","protected":false},"excerpt":{"rendered":"<p>O LEPAPS \u00e9 um projeto que busca aproximar acad\u00eamicos da Universidade Federal de Pelotas da realidade do Sistema \u00danico de Sa\u00fade, com foco na Aten\u00e7\u00e3o Prim\u00e1ria \u00e0 Sa\u00fade (APS). Sua atua\u00e7\u00e3o est\u00e1 voltada ao fortalecimento da APS por meio do &hellip; <a href=\"https:\/\/wp.ufpel.edu.br\/lepaps\/sobre-nos\/\">Continue lendo <span class=\"meta-nav\">&rarr;<\/span><\/a><\/p>\n","protected":false},"author":1480,"featured_media":0,"parent":0,"menu_order":0,"comment_status":"closed","ping_status":"closed","template":"","meta":{"footnotes":""},"class_list":["post-40","page","type-page","status-publish","hentry"],"_links":{"self":[{"href":"https:\/\/wp.ufpel.edu.br\/lepaps\/wp-json\/wp\/v2\/pages\/40","targetHints":{"allow":["GET"]}}],"collection":[{"href":"https:\/\/wp.ufpel.edu.br\/lepaps\/wp-json\/wp\/v2\/pages"}],"about":[{"href":"https:\/\/wp.ufpel.edu.br\/lepaps\/wp-json\/wp\/v2\/types\/page"}],"author":[{"embeddable":true,"href":"https:\/\/wp.ufpel.edu.br\/lepaps\/wp-json\/wp\/v2\/users\/1480"}],"replies":[{"embeddable":true,"href":"https:\/\/wp.ufpel.edu.br\/lepaps\/wp-json\/wp\/v2\/comments?post=40"}],"version-history":[{"count":3,"href":"https:\/\/wp.ufpel.edu.br\/lepaps\/wp-json\/wp\/v2\/pages\/40\/revisions"}],"predecessor-version":[{"id":61,"href":"https:\/\/wp.ufpel.edu.br\/lepaps\/wp-json\/wp\/v2\/pages\/40\/revisions\/61"}],"wp:attachment":[{"href":"https:\/\/wp.ufpel.edu.br\/lepaps\/wp-json\/wp\/v2\/media?parent=40"}],"curies":[{"name":"wp","href":"https:\/\/api.w.org\/{rel}","templated":true}]}}