{"id":419,"date":"2024-08-27T15:40:34","date_gmt":"2024-08-27T18:40:34","guid":{"rendered":"https:\/\/wp.ufpel.edu.br\/lepaarq\/?page_id=419"},"modified":"2024-09-27T15:37:43","modified_gmt":"2024-09-27T18:37:43","slug":"6-arqueologia-dos-cerritos-em-unidades-de-conservacao-da-bacia-hidrografica-patos-mirim-sul-do-brasil","status":"publish","type":"page","link":"https:\/\/wp.ufpel.edu.br\/lepaarq\/?page_id=419","title":{"rendered":"6 &#8211; Arqueologia dos cerritos em Unidades de Conserva\u00e7\u00e3o da bacia hidrogr\u00e1fica Patos-Mirim, sul do Brasil"},"content":{"rendered":"<p style=\"text-align: justify;\">Este projeto versa sobre a arqueologia dos cerritos do bioma Pampa e litoral sul-brasileiro a ser realizado em tr\u00eas Unidades de Conserva\u00e7\u00e3o na bacia hidrogr\u00e1fica Patos-Mirim, litoral sul do estado do RS, fronteira com o Uruguai. Em um estudo de Arqueologia Regional com uma abordagem nas v\u00e1rias escalas da Paisagem lagunar do complexo Patos-Mirim, busca-se compreender o sistema de assentamento dos grupos construtores de cerritos, evidenciando as pr\u00e1ticas de manejo de solos, constru\u00e7\u00e3o e apropria\u00e7\u00e3o dos espa\u00e7os alagadi\u00e7os, a composi\u00e7\u00e3o de aldeias e suas \u00e1reas adjacentes, assim como aspectos da cultura material, dieta alimentar e economia, fluxo, gen\u00e9tica e mobilidade de pessoas, ideias e coisas. No campo da milit\u00e2ncia pol\u00edtica e social para preserva\u00e7\u00e3o do patrim\u00f4nio ambiental e cultural, o projeto subsidiar\u00e1 tomada de decis\u00f5es t\u00e9cnicas e pol\u00edticas sobre os planos de manejo das Unidades de Conserva\u00e7\u00e3o da Esta\u00e7\u00e3o Ecol\u00f3gica do Taim, em Santa Vit\u00f3ria do Palmar, do Parque Estadual Camaqu\u00e3, em Camaqu\u00e3, e para a implanta\u00e7\u00e3o da UC do Pontal da Barra, Pelotas. O projeto tem uma dimens\u00e3o patrimonial que envolve o recadastramento de s\u00edtios arqueol\u00f3gicos, atividades educativas e de divulga\u00e7\u00e3o cient\u00edfica junto a comunidades escolares desses munic\u00edpios. A proposta \u00e9 composta por doutores\/as de universidades do Brasil e do exterior (Espanha e Uruguai), buscando-se uma equipe de especialistas para contribuir com maestria na resolu\u00e7\u00e3o dos problemas de pesquisa do projeto. A proposta \u00e9 desenvolvida no \u00e2mbito de conv\u00eanios internacionais e acordos de coopera\u00e7\u00e3o com entidades locais e tem articula\u00e7\u00e3o com a forma\u00e7\u00e3o de jovens estudantes (gradua\u00e7\u00e3o) e profissionais em qualifica\u00e7\u00e3o (p\u00f3s-gradua\u00e7\u00e3o). \u00c9, neste sentido, um projeto que envolve a\u00e7\u00f5es de ensino, pesquisa, extens\u00e3o e milit\u00e2ncia pela preserva\u00e7\u00e3o do patrim\u00f4nio arqueol\u00f3gico.<\/p>\n<div id=\"attachment_432\" style=\"width: 1782px\" class=\"wp-caption aligncenter\"><a href=\"https:\/\/wp.ufpel.edu.br\/lepaarq\/files\/2024\/08\/Design-sem-nome-1.png\"><img loading=\"lazy\" decoding=\"async\" aria-describedby=\"caption-attachment-432\" class=\"wp-image-432 size-full\" src=\"https:\/\/wp.ufpel.edu.br\/lepaarq\/files\/2024\/08\/Design-sem-nome-1.png\" alt=\"\" width=\"1772\" height=\"709\" srcset=\"https:\/\/wp.ufpel.edu.br\/lepaarq\/files\/2024\/08\/Design-sem-nome-1.png 1772w, https:\/\/wp.ufpel.edu.br\/lepaarq\/files\/2024\/08\/Design-sem-nome-1-400x160.png 400w, https:\/\/wp.ufpel.edu.br\/lepaarq\/files\/2024\/08\/Design-sem-nome-1-1024x410.png 1024w, https:\/\/wp.ufpel.edu.br\/lepaarq\/files\/2024\/08\/Design-sem-nome-1-768x307.png 768w, https:\/\/wp.ufpel.edu.br\/lepaarq\/files\/2024\/08\/Design-sem-nome-1-1536x615.png 1536w\" sizes=\"auto, (max-width: 1772px) 100vw, 1772px\" \/><\/a><p id=\"caption-attachment-432\" class=\"wp-caption-text\">Escava\u00e7\u00e3o em Cerrito no banhado do taim, 2024. Acervo: Lepaarq<\/p><\/div>\n<p>&nbsp;<\/p>\n<div id=\"attachment_433\" style=\"width: 2010px\" class=\"wp-caption aligncenter\"><a href=\"https:\/\/wp.ufpel.edu.br\/lepaarq\/files\/2024\/08\/Design-sem-nome-2.png\"><img loading=\"lazy\" decoding=\"async\" aria-describedby=\"caption-attachment-433\" class=\"wp-image-433 size-full\" src=\"https:\/\/wp.ufpel.edu.br\/lepaarq\/files\/2024\/08\/Design-sem-nome-2.png\" alt=\"\" width=\"2000\" height=\"1000\" srcset=\"https:\/\/wp.ufpel.edu.br\/lepaarq\/files\/2024\/08\/Design-sem-nome-2.png 2000w, https:\/\/wp.ufpel.edu.br\/lepaarq\/files\/2024\/08\/Design-sem-nome-2-400x200.png 400w, https:\/\/wp.ufpel.edu.br\/lepaarq\/files\/2024\/08\/Design-sem-nome-2-1024x512.png 1024w, https:\/\/wp.ufpel.edu.br\/lepaarq\/files\/2024\/08\/Design-sem-nome-2-768x384.png 768w, https:\/\/wp.ufpel.edu.br\/lepaarq\/files\/2024\/08\/Design-sem-nome-2-1536x768.png 1536w\" sizes=\"auto, (max-width: 2000px) 100vw, 2000px\" \/><\/a><p id=\"caption-attachment-433\" class=\"wp-caption-text\">Coleta de solos no Cerrito taim 11 (2023) e imagem a\u00e9rea da lagoa do Nicola (2024). Acervo: Lepaarq<\/p><\/div>\n<p>&nbsp;<\/p>\n","protected":false},"excerpt":{"rendered":"<p>Este projeto versa sobre a arqueologia dos cerritos do bioma Pampa e litoral sul-brasileiro a ser realizado em tr\u00eas Unidades de Conserva\u00e7\u00e3o na bacia hidrogr\u00e1fica Patos-Mirim, litoral sul do estado do RS, fronteira com o Uruguai. Em um estudo de Arqueologia Regional com uma abordagem nas v\u00e1rias escalas da Paisagem lagunar do complexo Patos-Mirim, busca-se [&hellip;]<\/p>\n","protected":false},"author":469,"featured_media":0,"parent":0,"menu_order":0,"comment_status":"closed","ping_status":"closed","template":"","meta":{"footnotes":""},"class_list":["post-419","page","type-page","status-publish","hentry"],"_links":{"self":[{"href":"https:\/\/wp.ufpel.edu.br\/lepaarq\/index.php?rest_route=\/wp\/v2\/pages\/419","targetHints":{"allow":["GET"]}}],"collection":[{"href":"https:\/\/wp.ufpel.edu.br\/lepaarq\/index.php?rest_route=\/wp\/v2\/pages"}],"about":[{"href":"https:\/\/wp.ufpel.edu.br\/lepaarq\/index.php?rest_route=\/wp\/v2\/types\/page"}],"author":[{"embeddable":true,"href":"https:\/\/wp.ufpel.edu.br\/lepaarq\/index.php?rest_route=\/wp\/v2\/users\/469"}],"replies":[{"embeddable":true,"href":"https:\/\/wp.ufpel.edu.br\/lepaarq\/index.php?rest_route=%2Fwp%2Fv2%2Fcomments&post=419"}],"version-history":[{"count":4,"href":"https:\/\/wp.ufpel.edu.br\/lepaarq\/index.php?rest_route=\/wp\/v2\/pages\/419\/revisions"}],"predecessor-version":[{"id":492,"href":"https:\/\/wp.ufpel.edu.br\/lepaarq\/index.php?rest_route=\/wp\/v2\/pages\/419\/revisions\/492"}],"wp:attachment":[{"href":"https:\/\/wp.ufpel.edu.br\/lepaarq\/index.php?rest_route=%2Fwp%2Fv2%2Fmedia&parent=419"}],"curies":[{"name":"wp","href":"https:\/\/api.w.org\/{rel}","templated":true}]}}