{"id":417,"date":"2024-08-27T15:33:54","date_gmt":"2024-08-27T18:33:54","guid":{"rendered":"https:\/\/wp.ufpel.edu.br\/lepaarq\/?page_id=417"},"modified":"2024-09-27T15:37:36","modified_gmt":"2024-09-27T18:37:36","slug":"5-mapeamento-arqueologico-e-cultural-dos-objetos-lugares-manifestacoes-e-pessoas-de-referencia-as-sociedades-tradicionais-indigenas-e-afro-brasileiras-na-regiao-sul-do-estado-do-rio-grande-do-sul","status":"publish","type":"page","link":"https:\/\/wp.ufpel.edu.br\/lepaarq\/?page_id=417","title":{"rendered":"5 &#8211; Mapeamento arqueol\u00f3gico e cultural dos objetos, lugares, manifesta\u00e7\u00f5es e pessoas de refer\u00eancia \u00e0s sociedades tradicionais ind\u00edgenas e afro-brasileiras na regi\u00e3o sul do Estado do Rio Grande do Sul (MACRIASUL)."},"content":{"rendered":"<p style=\"text-align: justify;\">O projeto de Mapeamento arqueol\u00f3gico e cultural dos objetos, lugares, manifesta\u00e7\u00f5es e pessoas de refer\u00eancia \u00e0s sociedades tradicionais ind\u00edgenas e afro-brasileiras na regi\u00e3o sul do Estado do Rio Grande do Sul (MACRIASUL) \u00e9 uma realiza\u00e7\u00e3o cont\u00ednua que possibilita a constru\u00e7\u00e3o de uma hist\u00f3ria da ocupa\u00e7\u00e3o da Fronteira do Brasil com o Uruguai, dos tempos atuais aos per\u00edodos os mais remotos de ocupa\u00e7\u00e3o humana na regi\u00e3o. O processo de mapeamento arqueol\u00f3gico em ampla escala \u00e9 uma din\u00e2mica que requer sensibilidade, num contexto de arqueologia sens\u00edvel e mais num universo que as imagens marcam as cria\u00e7\u00f5es humanas e sua rela\u00e7\u00e3o com a exist\u00eancia. O Projeto de uma arqueologia tradicional ou cl\u00e1ssica que marcou o in\u00edcio desses estudos vem sendo gradativamente sendo qualificado pelos novos pensamentos que formam a arqueologia, principalmente ap\u00f3s a virada que esta desenvolveu nos anos de 1990, com a amplia\u00e7\u00e3o dos processos te\u00f3ricos conhecidos como Arqueologia Antropol\u00f3gica, Arqueologia Contextual ou mesmo P\u00f3s-Processualismo. No momento estamos aprofundando a implementa\u00e7\u00e3o de uma Arqueologia do Imagin\u00e1rio, que vem no universo da arqueologia p\u00f3s-processual, esta a ser implementada com din\u00e2micas de compartilhamento tanto com os estudantes da UFPel, que est\u00e3o em rela\u00e7\u00e3o direta com o S\u00edtio Anglo, como com as comunidades que entramos em contato em toda a regi\u00e3o. O foco no trabalho de fronteira, que envolve o projeto atual o qual se dedica a entender a ocupa\u00e7\u00e3o regional da \u00e1rea da fronteira atual com o Uruguai, marcadamente est\u00e1 relacionada a grupos muito antigos que ocuparam a regi\u00e3o h\u00e1, pelo menos, 10mil anos at\u00e9 as sociedades tradicionais atuais negras e amer\u00edndias, foco principal da investiga\u00e7\u00e3o.<\/p>\n<p style=\"text-align: justify;\">V\u00eddeo divulga\u00e7\u00e3o Projeto Macriasul &#8211; <a href=\"https:\/\/youtu.be\/Bsa71z1XJr0\">https:\/\/youtu.be\/Bsa71z1XJr0<\/a><\/p>\n<h4 style=\"text-align: justify;\"><\/h4>\n","protected":false},"excerpt":{"rendered":"<p>O projeto de Mapeamento arqueol\u00f3gico e cultural dos objetos, lugares, manifesta\u00e7\u00f5es e pessoas de refer\u00eancia \u00e0s sociedades tradicionais ind\u00edgenas e afro-brasileiras na regi\u00e3o sul do Estado do Rio Grande do Sul (MACRIASUL) \u00e9 uma realiza\u00e7\u00e3o cont\u00ednua que possibilita a constru\u00e7\u00e3o de uma hist\u00f3ria da ocupa\u00e7\u00e3o da Fronteira do Brasil com o Uruguai, dos tempos atuais [&hellip;]<\/p>\n","protected":false},"author":469,"featured_media":0,"parent":0,"menu_order":0,"comment_status":"closed","ping_status":"closed","template":"","meta":{"footnotes":""},"class_list":["post-417","page","type-page","status-publish","hentry"],"_links":{"self":[{"href":"https:\/\/wp.ufpel.edu.br\/lepaarq\/index.php?rest_route=\/wp\/v2\/pages\/417","targetHints":{"allow":["GET"]}}],"collection":[{"href":"https:\/\/wp.ufpel.edu.br\/lepaarq\/index.php?rest_route=\/wp\/v2\/pages"}],"about":[{"href":"https:\/\/wp.ufpel.edu.br\/lepaarq\/index.php?rest_route=\/wp\/v2\/types\/page"}],"author":[{"embeddable":true,"href":"https:\/\/wp.ufpel.edu.br\/lepaarq\/index.php?rest_route=\/wp\/v2\/users\/469"}],"replies":[{"embeddable":true,"href":"https:\/\/wp.ufpel.edu.br\/lepaarq\/index.php?rest_route=%2Fwp%2Fv2%2Fcomments&post=417"}],"version-history":[{"count":2,"href":"https:\/\/wp.ufpel.edu.br\/lepaarq\/index.php?rest_route=\/wp\/v2\/pages\/417\/revisions"}],"predecessor-version":[{"id":491,"href":"https:\/\/wp.ufpel.edu.br\/lepaarq\/index.php?rest_route=\/wp\/v2\/pages\/417\/revisions\/491"}],"wp:attachment":[{"href":"https:\/\/wp.ufpel.edu.br\/lepaarq\/index.php?rest_route=%2Fwp%2Fv2%2Fmedia&parent=417"}],"curies":[{"name":"wp","href":"https:\/\/api.w.org\/{rel}","templated":true}]}}