{"id":415,"date":"2024-08-27T15:33:30","date_gmt":"2024-08-27T18:33:30","guid":{"rendered":"https:\/\/wp.ufpel.edu.br\/lepaarq\/?page_id=415"},"modified":"2024-09-27T15:37:30","modified_gmt":"2024-09-27T18:37:30","slug":"4-o-cafe-arqueologico","status":"publish","type":"page","link":"https:\/\/wp.ufpel.edu.br\/lepaarq\/?page_id=415","title":{"rendered":"4 &#8211; O Caf\u00e9 Arqueol\u00f3gico"},"content":{"rendered":"<p style=\"text-align: justify;\"><span style=\"font-family: arial, helvetica, sans-serif;\"><span style=\"font-weight: 400;\">O<\/span><b> Caf\u00e9 Arqueol\u00f3gico <\/b><span style=\"font-weight: 400;\">\u00e9 um projeto de ensino que envolve busca contribuir para o processo de forma\u00e7\u00e3o dos alunos que atuam como colaboradores, laboratoristas e bolsistas nos mais variados projetos de pesquisa e extens\u00e3o do LEPAARQ.\u00a0 Com este projeto, objetiva-se proporcionar um espa\u00e7o de troca de experi\u00eancias, reflex\u00e3o e di\u00e1logo entre profissionais egressos do LEPAARQ-UFPEL e de fora da institui\u00e7\u00e3o e alunos que atuam nesta institui\u00e7\u00e3o. O Caf\u00e9 Arqueol\u00f3gico \u00e9 realizado atrav\u00e9s de tr\u00eas formas: palestras, grupo de estudos e curso de curta dura\u00e7\u00e3o:<\/span><\/span><\/p>\n<p style=\"text-align: justify;\"><span style=\"font-weight: 400; font-family: arial, helvetica, sans-serif;\">a) Atrav\u00e9s de palestras espor\u00e1dicas ministradas por profissionais e ex-alunos da UFPEL que atuaram em sua forma\u00e7\u00e3o no LEPAARQ-UFPEL. Neste sentido, a metodologia do projeto envolve palestras de aproximadamente 40 minutos com uso de data-show. As palestras s\u00e3o realizadas, preferencialmente, no espa\u00e7o do LEPAARQ, em meio aos espa\u00e7os de trabalho; b) Atrav\u00e9s de grupo de estudos que envolva a leitura e discuss\u00e3o de textos da \u00e1rea de arqueologia, antropologia e patrim\u00f4nio; c) Atrav\u00e9s de curso de curta de dura\u00e7\u00e3o de 20hs ou 40hs, que pode ou n\u00e3o envolver leitura de textos e atividades pr\u00e1ticas de campo e laborat\u00f3rio.<\/span><\/p>\n<h4 style=\"text-align: justify;\"><a style=\"color: #4a630f; text-decoration-line: none; font-family: arial, helvetica, sans-serif;\" href=\"https:\/\/wp.ufpel.edu.br\/lepaarq\/files\/2024\/08\/logo.png\"><img loading=\"lazy\" decoding=\"async\" class=\"wp-image-366 aligncenter\" src=\"https:\/\/wp.ufpel.edu.br\/lepaarq\/files\/2024\/08\/logo.png\" alt=\"\" width=\"226\" height=\"249\" srcset=\"https:\/\/wp.ufpel.edu.br\/lepaarq\/files\/2024\/08\/logo.png 1018w, https:\/\/wp.ufpel.edu.br\/lepaarq\/files\/2024\/08\/logo-362x400.png 362w, https:\/\/wp.ufpel.edu.br\/lepaarq\/files\/2024\/08\/logo-927x1024.png 927w, https:\/\/wp.ufpel.edu.br\/lepaarq\/files\/2024\/08\/logo-768x849.png 768w, https:\/\/wp.ufpel.edu.br\/lepaarq\/files\/2024\/08\/logo-600x663.png 600w, https:\/\/wp.ufpel.edu.br\/lepaarq\/files\/2024\/08\/logo-945x1044.png 945w\" sizes=\"auto, (max-width: 226px) 100vw, 226px\" \/><\/a><\/h4>\n<p style=\"text-align: justify;\">\n<p style=\"text-align: justify;\">\n","protected":false},"excerpt":{"rendered":"<p>O Caf\u00e9 Arqueol\u00f3gico \u00e9 um projeto de ensino que envolve busca contribuir para o processo de forma\u00e7\u00e3o dos alunos que atuam como colaboradores, laboratoristas e bolsistas nos mais variados projetos de pesquisa e extens\u00e3o do LEPAARQ.\u00a0 Com este projeto, objetiva-se proporcionar um espa\u00e7o de troca de experi\u00eancias, reflex\u00e3o e di\u00e1logo entre profissionais egressos do LEPAARQ-UFPEL [&hellip;]<\/p>\n","protected":false},"author":469,"featured_media":0,"parent":0,"menu_order":0,"comment_status":"closed","ping_status":"closed","template":"","meta":{"footnotes":""},"class_list":["post-415","page","type-page","status-publish","hentry"],"_links":{"self":[{"href":"https:\/\/wp.ufpel.edu.br\/lepaarq\/index.php?rest_route=\/wp\/v2\/pages\/415","targetHints":{"allow":["GET"]}}],"collection":[{"href":"https:\/\/wp.ufpel.edu.br\/lepaarq\/index.php?rest_route=\/wp\/v2\/pages"}],"about":[{"href":"https:\/\/wp.ufpel.edu.br\/lepaarq\/index.php?rest_route=\/wp\/v2\/types\/page"}],"author":[{"embeddable":true,"href":"https:\/\/wp.ufpel.edu.br\/lepaarq\/index.php?rest_route=\/wp\/v2\/users\/469"}],"replies":[{"embeddable":true,"href":"https:\/\/wp.ufpel.edu.br\/lepaarq\/index.php?rest_route=%2Fwp%2Fv2%2Fcomments&post=415"}],"version-history":[{"count":3,"href":"https:\/\/wp.ufpel.edu.br\/lepaarq\/index.php?rest_route=\/wp\/v2\/pages\/415\/revisions"}],"predecessor-version":[{"id":490,"href":"https:\/\/wp.ufpel.edu.br\/lepaarq\/index.php?rest_route=\/wp\/v2\/pages\/415\/revisions\/490"}],"wp:attachment":[{"href":"https:\/\/wp.ufpel.edu.br\/lepaarq\/index.php?rest_route=%2Fwp%2Fv2%2Fmedia&parent=415"}],"curies":[{"name":"wp","href":"https:\/\/api.w.org\/{rel}","templated":true}]}}