{"id":412,"date":"2024-08-27T15:32:54","date_gmt":"2024-08-27T18:32:54","guid":{"rendered":"https:\/\/wp.ufpel.edu.br\/lepaarq\/?page_id=412"},"modified":"2024-09-27T15:37:24","modified_gmt":"2024-09-27T18:37:24","slug":"3-projeto-arqueologia-educacao-patrimonial-e-historia-indigena-em-pelotas","status":"publish","type":"page","link":"https:\/\/wp.ufpel.edu.br\/lepaarq\/?page_id=412","title":{"rendered":"3-Projeto Arqueologia, Educa\u00e7\u00e3o Patrimonial e Hist\u00f3ria Ind\u00edgena em Pelotas"},"content":{"rendered":"<p style=\"text-align: justify;\"><span style=\"font-weight: 400; font-family: arial, helvetica, sans-serif;\">\u00a0Articula a\u00e7\u00f5es educativas do laborat\u00f3rio destinadas ao p\u00fablico escolar e \u00e0 popula\u00e7\u00e3o em geral. Recebem-se visitas de escolas nas depend\u00eancias do laborat\u00f3rio, onde \u00e9 mantida uma pequena exposi\u00e7\u00e3o did\u00e1tica, e s\u00e3o realizadas palestras e mostras de material arqueol\u00f3gico nas institui\u00e7\u00f5es de ensino. \u00c9 comum tamb\u00e9m que sejam feitas visitas guiadas de turmas de alunos de escolas de ensino fundamental e m\u00e9dio nos s\u00edtios arqueol\u00f3gicos hist\u00f3ricos e pr\u00e9-coloniais da cidade. As atividades educativas s\u00e3o realizadas no sentido de aproximar o p\u00fablico da arqueologia, trazendo \u00e0 tona discuss\u00f5es como o que \u00e9 arqueologia, qual o papel da arqueologia no mundo contempor\u00e2neo, onde se localizam os s\u00edtios arqueol\u00f3gicos e qual o seu significado, tanto para a hist\u00f3ria da regi\u00e3o de Pelotas, como para o presente das pessoas. Enfim, atrav\u00e9s de pr\u00e1ticas educativas, pesquisadores, professores e alunos da UFPEL e de escolas p\u00fablicas, de todas as idades entram em contato, conversam, debatem e compartilham ideias sobre a arqueologia e o patrim\u00f4nio cultural local.<\/span><\/p>\n<div id=\"attachment_282\" style=\"width: 595px\" class=\"wp-caption aligncenter\"><a href=\"https:\/\/wp.ufpel.edu.br\/lepaarq\/files\/2017\/09\/fig1.jpg\"><img loading=\"lazy\" decoding=\"async\" aria-describedby=\"caption-attachment-282\" class=\"wp-image-282\" src=\"https:\/\/wp.ufpel.edu.br\/lepaarq\/files\/2017\/09\/fig1.jpg\" alt=\"\" width=\"585\" height=\"441\" \/><\/a><p id=\"caption-attachment-282\" class=\"wp-caption-text\">A\u00e7\u00e3o educativa na Escola Municipal de Ensino Fundamental Wilson M\u00fcller (4\u00ba distrito- Col\u00f4nia Triunfo, Pelotas-RS), julho de 2011. Foto: Acervo LEPAARQ.<\/p><\/div>\n<div id=\"attachment_360\" style=\"width: 522px\" class=\"wp-caption aligncenter\"><a href=\"https:\/\/wp.ufpel.edu.br\/lepaarq\/files\/2024\/08\/unnamed-12.jpg\"><img loading=\"lazy\" decoding=\"async\" aria-describedby=\"caption-attachment-360\" class=\"wp-image-360 size-full\" src=\"https:\/\/wp.ufpel.edu.br\/lepaarq\/files\/2024\/08\/unnamed-12.jpg\" alt=\"\" width=\"512\" height=\"384\" srcset=\"https:\/\/wp.ufpel.edu.br\/lepaarq\/files\/2024\/08\/unnamed-12.jpg 512w, https:\/\/wp.ufpel.edu.br\/lepaarq\/files\/2024\/08\/unnamed-12-400x300.jpg 400w\" sizes=\"auto, (max-width: 512px) 100vw, 512px\" \/><\/a><p id=\"caption-attachment-360\" class=\"wp-caption-text\">Exposi\u00e7\u00e3o tempor\u00e1ria realizada na Pra\u00e7a Coronel Pedro Os\u00f3rio durante campanha de escava\u00e7\u00e3o arqueol\u00f3gica no ano de 2005. Foto: Acervo LEPAARQ.<\/p><\/div>\n<div id=\"attachment_361\" style=\"width: 522px\" class=\"wp-caption aligncenter\"><a href=\"https:\/\/wp.ufpel.edu.br\/lepaarq\/files\/2024\/08\/unnamed-13.jpg\"><img loading=\"lazy\" decoding=\"async\" aria-describedby=\"caption-attachment-361\" class=\"size-full wp-image-361\" src=\"https:\/\/wp.ufpel.edu.br\/lepaarq\/files\/2024\/08\/unnamed-13.jpg\" alt=\"Visita guiada de turma de alunos da UFPEL ao Cerrito PSG-02, em novembro de 2011. Foto: Acervo LEPAARQ.\" width=\"512\" height=\"384\" srcset=\"https:\/\/wp.ufpel.edu.br\/lepaarq\/files\/2024\/08\/unnamed-13.jpg 512w, https:\/\/wp.ufpel.edu.br\/lepaarq\/files\/2024\/08\/unnamed-13-400x300.jpg 400w\" sizes=\"auto, (max-width: 512px) 100vw, 512px\" \/><\/a><p id=\"caption-attachment-361\" class=\"wp-caption-text\">Visita guiada de turma de alunos da UFPEL ao Cerrito PSG-02, em novembro de 2011. Foto: Acervo LEPAARQ.<\/p><\/div>\n<p style=\"text-align: justify;\">\n","protected":false},"excerpt":{"rendered":"<p>\u00a0Articula a\u00e7\u00f5es educativas do laborat\u00f3rio destinadas ao p\u00fablico escolar e \u00e0 popula\u00e7\u00e3o em geral. Recebem-se visitas de escolas nas depend\u00eancias do laborat\u00f3rio, onde \u00e9 mantida uma pequena exposi\u00e7\u00e3o did\u00e1tica, e s\u00e3o realizadas palestras e mostras de material arqueol\u00f3gico nas institui\u00e7\u00f5es de ensino. \u00c9 comum tamb\u00e9m que sejam feitas visitas guiadas de turmas de alunos de [&hellip;]<\/p>\n","protected":false},"author":469,"featured_media":0,"parent":0,"menu_order":0,"comment_status":"closed","ping_status":"closed","template":"","meta":{"footnotes":""},"class_list":["post-412","page","type-page","status-publish","hentry"],"_links":{"self":[{"href":"https:\/\/wp.ufpel.edu.br\/lepaarq\/index.php?rest_route=\/wp\/v2\/pages\/412","targetHints":{"allow":["GET"]}}],"collection":[{"href":"https:\/\/wp.ufpel.edu.br\/lepaarq\/index.php?rest_route=\/wp\/v2\/pages"}],"about":[{"href":"https:\/\/wp.ufpel.edu.br\/lepaarq\/index.php?rest_route=\/wp\/v2\/types\/page"}],"author":[{"embeddable":true,"href":"https:\/\/wp.ufpel.edu.br\/lepaarq\/index.php?rest_route=\/wp\/v2\/users\/469"}],"replies":[{"embeddable":true,"href":"https:\/\/wp.ufpel.edu.br\/lepaarq\/index.php?rest_route=%2Fwp%2Fv2%2Fcomments&post=412"}],"version-history":[{"count":2,"href":"https:\/\/wp.ufpel.edu.br\/lepaarq\/index.php?rest_route=\/wp\/v2\/pages\/412\/revisions"}],"predecessor-version":[{"id":489,"href":"https:\/\/wp.ufpel.edu.br\/lepaarq\/index.php?rest_route=\/wp\/v2\/pages\/412\/revisions\/489"}],"wp:attachment":[{"href":"https:\/\/wp.ufpel.edu.br\/lepaarq\/index.php?rest_route=%2Fwp%2Fv2%2Fmedia&parent=412"}],"curies":[{"name":"wp","href":"https:\/\/api.w.org\/{rel}","templated":true}]}}