{"id":410,"date":"2024-08-27T15:29:57","date_gmt":"2024-08-27T18:29:57","guid":{"rendered":"https:\/\/wp.ufpel.edu.br\/lepaarq\/?page_id=410"},"modified":"2024-09-27T15:38:58","modified_gmt":"2024-09-27T18:38:58","slug":"2-salvamento-arqueologico-da-area-urbana-de-pelotas-programa-bid-monumenta","status":"publish","type":"page","link":"https:\/\/wp.ufpel.edu.br\/lepaarq\/?page_id=410","title":{"rendered":"\u00a02- Salvamento Arqueol\u00f3gico da \u00c1rea Urbana de Pelotas \u2013 Programa BID\/Monumenta"},"content":{"rendered":"<p style=\"text-align: justify;\"><span style=\"font-weight: 400; font-family: arial, helvetica, sans-serif;\">Trata-se de uma pesquisa de Arqueologia hist\u00f3rica que busca o estudo do centro hist\u00f3rico de Pelotas e seu patrim\u00f4nio edificado. O projeto de salvamento arqueol\u00f3gico direciona-se \u00e0 \u00e1rea central do munic\u00edpio de Pelotas, atuando na \u00e1rea de abrang\u00eancia do Programa BID\/Monumenta, que tem como objetivo a recupera\u00e7\u00e3o arquitet\u00f4nica do centro hist\u00f3rico de Pelotas. Atrav\u00e9s deste projeto j\u00e1 foram desenvolvidas escava\u00e7\u00f5es arqueol\u00f3gicas em diferentes espa\u00e7os hist\u00f3ricos da cidade de Pelotas, por exemplo: Casa 2, casa 6, Casa 8, Pra\u00e7a Cel. Pedro Os\u00f3rio e Mercado P\u00fablico, tendo sido exumados milhares de vest\u00edgios arqueol\u00f3gicos, fragment\u00e1rios ou integrais, que trazem consigo importantes informa\u00e7\u00f5es<\/span><\/p>\n<div id=\"attachment_358\" style=\"width: 522px\" class=\"wp-caption aligncenter\"><a href=\"https:\/\/wp.ufpel.edu.br\/lepaarq\/files\/2024\/08\/unnamed-9.jpg\"><img loading=\"lazy\" decoding=\"async\" aria-describedby=\"caption-attachment-358\" class=\"wp-image-358 size-full\" src=\"https:\/\/wp.ufpel.edu.br\/lepaarq\/files\/2024\/08\/unnamed-9.jpg\" alt=\"\" width=\"512\" height=\"322\" srcset=\"https:\/\/wp.ufpel.edu.br\/lepaarq\/files\/2024\/08\/unnamed-9.jpg 512w, https:\/\/wp.ufpel.edu.br\/lepaarq\/files\/2024\/08\/unnamed-9-400x252.jpg 400w\" sizes=\"auto, (max-width: 512px) 100vw, 512px\" \/><\/a><p id=\"caption-attachment-358\" class=\"wp-caption-text\">Escava\u00e7\u00e3o arqueol\u00f3gica no s\u00edtio PSGPe-02-Casa 2, no centro hist\u00f3rico da cidade de Pelotas. Foto: Acervo LEPAARQ.<\/p><\/div>\n<div id=\"attachment_356\" style=\"width: 522px\" class=\"wp-caption aligncenter\"><a href=\"https:\/\/wp.ufpel.edu.br\/lepaarq\/files\/2024\/08\/unnamed-8.jpg\"><img loading=\"lazy\" decoding=\"async\" aria-describedby=\"caption-attachment-356\" class=\"size-full wp-image-356\" src=\"https:\/\/wp.ufpel.edu.br\/lepaarq\/files\/2024\/08\/unnamed-8.jpg\" alt=\"\" width=\"512\" height=\"386\" srcset=\"https:\/\/wp.ufpel.edu.br\/lepaarq\/files\/2024\/08\/unnamed-8.jpg 512w, https:\/\/wp.ufpel.edu.br\/lepaarq\/files\/2024\/08\/unnamed-8-400x302.jpg 400w\" sizes=\"auto, (max-width: 512px) 100vw, 512px\" \/><\/a><p id=\"caption-attachment-356\" class=\"wp-caption-text\">Escava\u00e7\u00e3o arqueol\u00f3gica no s\u00edtio PSGPe-07-Casa da Banha, no centro hist\u00f3rico da cidade de Pelotas. Foto: Acervo LEPAARQ.<\/p><\/div>\n<div id=\"attachment_357\" style=\"width: 344px\" class=\"wp-caption alignnone\"><a href=\"https:\/\/wp.ufpel.edu.br\/lepaarq\/files\/2024\/08\/unnamed-10.jpg\"><img loading=\"lazy\" decoding=\"async\" aria-describedby=\"caption-attachment-357\" class=\"size-full wp-image-357\" src=\"https:\/\/wp.ufpel.edu.br\/lepaarq\/files\/2024\/08\/unnamed-10.jpg\" alt=\"\" width=\"334\" height=\"464\" srcset=\"https:\/\/wp.ufpel.edu.br\/lepaarq\/files\/2024\/08\/unnamed-10.jpg 334w, https:\/\/wp.ufpel.edu.br\/lepaarq\/files\/2024\/08\/unnamed-10-288x400.jpg 288w\" sizes=\"auto, (max-width: 334px) 100vw, 334px\" \/><\/a><p id=\"caption-attachment-357\" class=\"wp-caption-text\">Curadoria de cole\u00e7\u00e3o arqueol\u00f3gica proveniente do s\u00edtio hist\u00f3rico PSGPe-01-Casa 8. Foto: Acervo LEPAARQ.<\/p><\/div>\n","protected":false},"excerpt":{"rendered":"<p>Trata-se de uma pesquisa de Arqueologia hist\u00f3rica que busca o estudo do centro hist\u00f3rico de Pelotas e seu patrim\u00f4nio edificado. O projeto de salvamento arqueol\u00f3gico direciona-se \u00e0 \u00e1rea central do munic\u00edpio de Pelotas, atuando na \u00e1rea de abrang\u00eancia do Programa BID\/Monumenta, que tem como objetivo a recupera\u00e7\u00e3o arquitet\u00f4nica do centro hist\u00f3rico de Pelotas. Atrav\u00e9s deste [&hellip;]<\/p>\n","protected":false},"author":469,"featured_media":0,"parent":0,"menu_order":0,"comment_status":"closed","ping_status":"closed","template":"","meta":{"footnotes":""},"class_list":["post-410","page","type-page","status-publish","hentry"],"_links":{"self":[{"href":"https:\/\/wp.ufpel.edu.br\/lepaarq\/index.php?rest_route=\/wp\/v2\/pages\/410","targetHints":{"allow":["GET"]}}],"collection":[{"href":"https:\/\/wp.ufpel.edu.br\/lepaarq\/index.php?rest_route=\/wp\/v2\/pages"}],"about":[{"href":"https:\/\/wp.ufpel.edu.br\/lepaarq\/index.php?rest_route=\/wp\/v2\/types\/page"}],"author":[{"embeddable":true,"href":"https:\/\/wp.ufpel.edu.br\/lepaarq\/index.php?rest_route=\/wp\/v2\/users\/469"}],"replies":[{"embeddable":true,"href":"https:\/\/wp.ufpel.edu.br\/lepaarq\/index.php?rest_route=%2Fwp%2Fv2%2Fcomments&post=410"}],"version-history":[{"count":2,"href":"https:\/\/wp.ufpel.edu.br\/lepaarq\/index.php?rest_route=\/wp\/v2\/pages\/410\/revisions"}],"predecessor-version":[{"id":495,"href":"https:\/\/wp.ufpel.edu.br\/lepaarq\/index.php?rest_route=\/wp\/v2\/pages\/410\/revisions\/495"}],"wp:attachment":[{"href":"https:\/\/wp.ufpel.edu.br\/lepaarq\/index.php?rest_route=%2Fwp%2Fv2%2Fmedia&parent=410"}],"curies":[{"name":"wp","href":"https:\/\/api.w.org\/{rel}","templated":true}]}}