{"id":397,"date":"2024-08-27T15:11:01","date_gmt":"2024-08-27T18:11:01","guid":{"rendered":"https:\/\/wp.ufpel.edu.br\/lepaarq\/?page_id=397"},"modified":"2024-09-27T15:39:36","modified_gmt":"2024-09-27T18:39:36","slug":"397-2","status":"publish","type":"page","link":"https:\/\/wp.ufpel.edu.br\/lepaarq\/?page_id=397","title":{"rendered":"1- Arqueologia e Hist\u00f3ria ind\u00edgena do Pampa e Arqueologia dos cerritos em Unidades de Conserva\u00e7\u00e3o da bacia hidrogr\u00e1fica Patos-Mirim, sul do Brasil"},"content":{"rendered":"<p style=\"text-align: justify;\"><span style=\"font-family: arial, helvetica, sans-serif;\"><span style=\"font-weight: 400;\">O projeto <\/span><b>Arqueologia e Hist\u00f3ria ind\u00edgena do Pampa <\/b><span style=\"font-weight: 400;\">tem como objetivo realizar um estudo de arqueologia regional, em vias de compreender as diferentes facetas hist\u00f3rico-culturais do sistema de assentamento dos grupos construtores de Cerritos e grupos Guarani na por\u00e7\u00e3o meridional da Laguna dos Patos e serra do Sudeste. Sabe-se, at\u00e9 o momento, que as ocupa\u00e7\u00f5es ind\u00edgenas que habitaram a bacia hidrogr\u00e1fica da laguna dos Patos remontam a um passado milenar, chegando a, pelo menos, 2500 anos antes do presente. Entre as popula\u00e7\u00f5es mais antigas da regi\u00e3o do litoral e pampa h\u00e1 os grupos construtores de cerritos, que habitavam, preferencialmente as \u00e1reas de banhado dominando e manejando esses ambientes alagadi\u00e7os em suas atividades quotidianas. Em torno de 800 anos antes do presente, a chegada dos grupos Guarani teve um impacto significativo, reconfigurando o ambiente litor\u00e2neo e serrano, disputando espa\u00e7os territoriais com os grupos cerriteiros. Com a invas\u00e3o das popula\u00e7\u00f5es europeias, a partir do s\u00e9culo XVI, o cen\u00e1rio hist\u00f3rico e cultural foi rearranjado na regi\u00e3o, gerando um forte impacto demogr\u00e1fico e cultural nas sociedades ind\u00edgenas.\u00a0<\/span><\/span><\/p>\n<p style=\"text-align: justify;\"><span style=\"font-weight: 400; font-family: arial, helvetica, sans-serif;\">O projeto Arqueologia dos cerritos em Unidades de Conserva\u00e7\u00e3o da bacia hidrogr\u00e1fica Patos-Mirim, sul do Brasil versa sobre a arqueologia dos cerritos do bioma Pampa e litoral sul-brasileiro a ser realizado em tr\u00eas Unidades de Conserva\u00e7\u00e3o na bacia hidrogr\u00e1fica Patos-Mirim, litoral sul do estado do RS, fronteira com o Uruguai. Em um estudo de Arqueologia Regional com uma abordagem nas v\u00e1rias escalas da Paisagem lagunar do complexo Patos-Mirim, busca-se compreender o sistema de assentamento dos grupos construtores de cerritos, evidenciando as pr\u00e1ticas de manejo de solos, constru\u00e7\u00e3o e apropria\u00e7\u00e3o dos espa\u00e7os alagadi\u00e7os, a composi\u00e7\u00e3o de aldeias e suas \u00e1reas adjacentes, assim como aspectos da cultura material, dieta alimentar e economia, fluxo, gen\u00e9tica e mobilidade de pessoas, ideias e coisas. No campo da milit\u00e2ncia pol\u00edtica e social para preserva\u00e7\u00e3o do patrim\u00f4nio ambiental e cultural, o projeto subsidiar\u00e1 tomada de decis\u00f5es t\u00e9cnicas e pol\u00edticas sobre os planos de manejo das Unidades de Conserva\u00e7\u00e3o da Esta\u00e7\u00e3o Ecol\u00f3gica do Taim, em Santa Vit\u00f3ria do Palmar, do Parque Estadual Camaqu\u00e3, em Camaqu\u00e3, e para a implanta\u00e7\u00e3o da UC do Pontal da Barra, Pelotas. O projeto tem uma dimens\u00e3o patrimonial que envolve o recadastramento de s\u00edtios arqueol\u00f3gicos, atividades educativas e de divulga\u00e7\u00e3o cient\u00edfica junto a comunidades escolares desses munic\u00edpios. A proposta \u00e9 composta por doutores\/as de universidades do Brasil e do exterior (Espanha e Uruguai), buscando-se uma equipe de especialistas para contribuir com maestria na resolu\u00e7\u00e3o dos problemas de pesquisa do projeto. A proposta \u00e9 desenvolvida no \u00e2mbito de conv\u00eanios internacionais e acordos de coopera\u00e7\u00e3o com entidades locais e tem articula\u00e7\u00e3o com a forma\u00e7\u00e3o de jovens estudantes (gradua\u00e7\u00e3o) e profissionais em qualifica\u00e7\u00e3o (p\u00f3s-gradua\u00e7\u00e3o). \u00c9, neste sentido, um projeto que envolve a\u00e7\u00f5es de ensino, pesquisa, extens\u00e3o e milit\u00e2ncia pela preserva\u00e7\u00e3o do patrim\u00f4nio arqueol\u00f3gico.<\/span><\/p>\n<div id=\"attachment_398\" style=\"width: 522px\" class=\"wp-caption aligncenter\"><a href=\"https:\/\/wp.ufpel.edu.br\/lepaarq\/files\/2024\/08\/unnamed-4-1.jpg\"><img loading=\"lazy\" decoding=\"async\" aria-describedby=\"caption-attachment-398\" class=\"wp-image-398 size-full\" src=\"https:\/\/wp.ufpel.edu.br\/lepaarq\/files\/2024\/08\/unnamed-4-1.jpg\" alt=\"\" width=\"512\" height=\"382\" srcset=\"https:\/\/wp.ufpel.edu.br\/lepaarq\/files\/2024\/08\/unnamed-4-1.jpg 512w, https:\/\/wp.ufpel.edu.br\/lepaarq\/files\/2024\/08\/unnamed-4-1-400x298.jpg 400w\" sizes=\"auto, (max-width: 512px) 100vw, 512px\" \/><\/a><p id=\"caption-attachment-398\" class=\"wp-caption-text\">Escava\u00e7\u00e3o de urna funer\u00e1ria guarani no s\u00edtio PSGPA-04-Ribes, localizado na serra do Sudeste, Pelotas-RS. Foto: Acervo LEPAARQ.<\/p><\/div>\n<div id=\"attachment_340\" style=\"width: 394px\" class=\"wp-caption aligncenter\"><a href=\"https:\/\/wp.ufpel.edu.br\/lepaarq\/files\/2024\/08\/unnamed-5.jpg\"><img loading=\"lazy\" decoding=\"async\" aria-describedby=\"caption-attachment-340\" class=\"size-full wp-image-340\" src=\"https:\/\/wp.ufpel.edu.br\/lepaarq\/files\/2024\/08\/unnamed-5.jpg\" alt=\"\" width=\"384\" height=\"512\" srcset=\"https:\/\/wp.ufpel.edu.br\/lepaarq\/files\/2024\/08\/unnamed-5.jpg 384w, https:\/\/wp.ufpel.edu.br\/lepaarq\/files\/2024\/08\/unnamed-5-239x318.jpg 239w, https:\/\/wp.ufpel.edu.br\/lepaarq\/files\/2024\/08\/unnamed-5-119x159.jpg 119w\" sizes=\"auto, (max-width: 384px) 100vw, 384px\" \/><\/a><p id=\"caption-attachment-340\" class=\"wp-caption-text\">Escava\u00e7\u00e3o arqueol\u00f3gica do Cerrito PSG-03, localizado no banhado do Pontal da Barra, Pelotas-RS. Foto: Acervo LEPAARQ.<\/p><\/div>\n<div id=\"attachment_430\" style=\"width: 395px\" class=\"wp-caption alignnone\"><a href=\"https:\/\/wp.ufpel.edu.br\/lepaarq\/files\/2024\/08\/Design-sem-nome.png\"><img loading=\"lazy\" decoding=\"async\" aria-describedby=\"caption-attachment-430\" class=\"wp-image-430\" src=\"https:\/\/wp.ufpel.edu.br\/lepaarq\/files\/2024\/08\/Design-sem-nome.png\" alt=\"\" width=\"385\" height=\"259\" \/><\/a><p id=\"caption-attachment-430\" class=\"wp-caption-text\">Escava\u00e7\u00e3o e coleta de amostras de solo em cerritos do banhado do Taim. Acervo LEPAARQ.<\/p><\/div>\n","protected":false},"excerpt":{"rendered":"<p>O projeto Arqueologia e Hist\u00f3ria ind\u00edgena do Pampa tem como objetivo realizar um estudo de arqueologia regional, em vias de compreender as diferentes facetas hist\u00f3rico-culturais do sistema de assentamento dos grupos construtores de Cerritos e grupos Guarani na por\u00e7\u00e3o meridional da Laguna dos Patos e serra do Sudeste. Sabe-se, at\u00e9 o momento, que as ocupa\u00e7\u00f5es [&hellip;]<\/p>\n","protected":false},"author":469,"featured_media":0,"parent":13,"menu_order":1,"comment_status":"closed","ping_status":"closed","template":"","meta":{"footnotes":""},"class_list":["post-397","page","type-page","status-publish","hentry"],"_links":{"self":[{"href":"https:\/\/wp.ufpel.edu.br\/lepaarq\/index.php?rest_route=\/wp\/v2\/pages\/397","targetHints":{"allow":["GET"]}}],"collection":[{"href":"https:\/\/wp.ufpel.edu.br\/lepaarq\/index.php?rest_route=\/wp\/v2\/pages"}],"about":[{"href":"https:\/\/wp.ufpel.edu.br\/lepaarq\/index.php?rest_route=\/wp\/v2\/types\/page"}],"author":[{"embeddable":true,"href":"https:\/\/wp.ufpel.edu.br\/lepaarq\/index.php?rest_route=\/wp\/v2\/users\/469"}],"replies":[{"embeddable":true,"href":"https:\/\/wp.ufpel.edu.br\/lepaarq\/index.php?rest_route=%2Fwp%2Fv2%2Fcomments&post=397"}],"version-history":[{"count":9,"href":"https:\/\/wp.ufpel.edu.br\/lepaarq\/index.php?rest_route=\/wp\/v2\/pages\/397\/revisions"}],"predecessor-version":[{"id":498,"href":"https:\/\/wp.ufpel.edu.br\/lepaarq\/index.php?rest_route=\/wp\/v2\/pages\/397\/revisions\/498"}],"up":[{"embeddable":true,"href":"https:\/\/wp.ufpel.edu.br\/lepaarq\/index.php?rest_route=\/wp\/v2\/pages\/13"}],"wp:attachment":[{"href":"https:\/\/wp.ufpel.edu.br\/lepaarq\/index.php?rest_route=%2Fwp%2Fv2%2Fmedia&parent=397"}],"curies":[{"name":"wp","href":"https:\/\/api.w.org\/{rel}","templated":true}]}}