{"id":318,"date":"2024-08-13T15:12:15","date_gmt":"2024-08-13T18:12:15","guid":{"rendered":"https:\/\/wp.ufpel.edu.br\/lepaarq\/?page_id=318"},"modified":"2024-09-27T15:35:45","modified_gmt":"2024-09-27T18:35:45","slug":"home","status":"publish","type":"page","link":"https:\/\/wp.ufpel.edu.br\/lepaarq\/","title":{"rendered":"Home"},"content":{"rendered":"<p style=\"text-align: justify;\"><span style=\"font-weight: 400;\">O Laborat\u00f3rio de Ensino e Pesquisa em Antropologia e Arqueologia da Universidade Federal de Pelotas, vinculado ao Instituto de Ci\u00eancias Humanas (LEPAARQ-UFPEL), iniciou suas atividades em 24 de Agosto de 2001, com o objetivo de desenvolver pesquisas cient\u00edficas nas \u00e1reas de antropologia e arqueologia, em franca expans\u00e3o no Brasil. A principal miss\u00e3o do LEPAARQ \u00e9 desenvolver uma agenda positiva no que se refere \u00e0 preserva\u00e7\u00e3o do patrim\u00f4nio cultural, material e imaterial, gerando atividades de pesquisa, assim como programas de extens\u00e3o e ensino sobre esses temas.\u00a0<\/span><\/p>\n<p style=\"text-align: justify;\"><span style=\"font-weight: 400;\">Atuam junto ao LEPAARQ equipes multidisciplinares, vinculadas a projetos de Antropologia, Arqueologia e Patrim\u00f4nio cultural, formadas por professores pesquisadores, t\u00e9cnicos, estudantes de gradua\u00e7\u00e3o e p\u00f3s-gradua\u00e7\u00e3o, assim como variados tipos de profissionais egressos de cursos da UFPEL. O perfil multidisciplinar inclui, no momento, as \u00e1reas de Hist\u00f3ria, Geografia, Arquitetura, Turismo, Agronomia, Museologia, Antropologia e Arqueologia, bem como pesquisadores do Programa de P\u00f3s-gradua\u00e7\u00e3o em Antropologia com \u00e1rea de concentra\u00e7\u00e3o em Arqueologia da UFPEL.<\/span><\/p>\n<p style=\"text-align: justify;\"><span style=\"font-weight: 400;\">O LEPARQ abriga um importante conjunto de bens patrimoniais arqueol\u00f3gicos provenientes de s\u00edtios arqueol\u00f3gicos hist\u00f3ricos e pr\u00e9-coloniais, constitu\u00eddo de diferentes formas, sobretudo por doa\u00e7\u00f5es e Prospec\u00e7\u00f5es e Escava\u00e7\u00f5es arqueol\u00f3gicas. As mais de duzentas cole\u00e7\u00f5es arqueol\u00f3gicas comp\u00f5em a Reserva T\u00e9cnica do Instituto de Ci\u00eancias Humanas, salvaguardada pelo LEPAARQ, que realiza a curadoria, gerenciamento das cole\u00e7\u00f5es, pesquisa e exposi\u00e7\u00f5es arqueol\u00f3gicas junto ao p\u00fablico regional. O acervo \u00e9 composto predominantemente por artefatos relativos \u00e0s ocupa\u00e7\u00f5es ind\u00edgenas do Pampa e litoral Atl\u00e2ntico, cujas data\u00e7\u00f5es podem recuar a at\u00e9 12 mil anos atr\u00e1s, como instrumentos l\u00edticos, cer\u00e2micos, sepultamento humanos e vest\u00edgios arqueofaun\u00edsticos, assim como materiais da hist\u00f3ria colonial ga\u00facha, referente ao desenvolvimento das cidades oitocentistas, charqueadas, entre outros contextos hist\u00f3ricos, materializados em lou\u00e7as, vidraria, material de botica e bebidas estrangeiras, materiais construtivos e restos alimentares.<\/span><\/p>\n","protected":false},"excerpt":{"rendered":"<p>O Laborat\u00f3rio de Ensino e Pesquisa em Antropologia e Arqueologia da Universidade Federal de Pelotas, vinculado ao Instituto de Ci\u00eancias Humanas (LEPAARQ-UFPEL), iniciou suas atividades em 24 de Agosto de 2001, com o objetivo de desenvolver pesquisas cient\u00edficas nas \u00e1reas de antropologia e arqueologia, em franca expans\u00e3o no Brasil. A principal miss\u00e3o do LEPAARQ \u00e9 [&hellip;]<\/p>\n","protected":false},"author":469,"featured_media":0,"parent":0,"menu_order":0,"comment_status":"closed","ping_status":"closed","template":"","meta":{"footnotes":""},"class_list":["post-318","page","type-page","status-publish","hentry"],"_links":{"self":[{"href":"https:\/\/wp.ufpel.edu.br\/lepaarq\/index.php?rest_route=\/wp\/v2\/pages\/318","targetHints":{"allow":["GET"]}}],"collection":[{"href":"https:\/\/wp.ufpel.edu.br\/lepaarq\/index.php?rest_route=\/wp\/v2\/pages"}],"about":[{"href":"https:\/\/wp.ufpel.edu.br\/lepaarq\/index.php?rest_route=\/wp\/v2\/types\/page"}],"author":[{"embeddable":true,"href":"https:\/\/wp.ufpel.edu.br\/lepaarq\/index.php?rest_route=\/wp\/v2\/users\/469"}],"replies":[{"embeddable":true,"href":"https:\/\/wp.ufpel.edu.br\/lepaarq\/index.php?rest_route=%2Fwp%2Fv2%2Fcomments&post=318"}],"version-history":[{"count":5,"href":"https:\/\/wp.ufpel.edu.br\/lepaarq\/index.php?rest_route=\/wp\/v2\/pages\/318\/revisions"}],"predecessor-version":[{"id":486,"href":"https:\/\/wp.ufpel.edu.br\/lepaarq\/index.php?rest_route=\/wp\/v2\/pages\/318\/revisions\/486"}],"wp:attachment":[{"href":"https:\/\/wp.ufpel.edu.br\/lepaarq\/index.php?rest_route=%2Fwp%2Fv2%2Fmedia&parent=318"}],"curies":[{"name":"wp","href":"https:\/\/api.w.org\/{rel}","templated":true}]}}