{"id":291,"date":"2017-12-04T08:28:53","date_gmt":"2017-12-04T10:28:53","guid":{"rendered":"https:\/\/wp.ufpel.edu.br\/lepaarq\/?page_id=291"},"modified":"2024-09-27T15:36:34","modified_gmt":"2024-09-27T18:36:34","slug":"acervo","status":"publish","type":"page","link":"https:\/\/wp.ufpel.edu.br\/lepaarq\/?page_id=291","title":{"rendered":"Acervo"},"content":{"rendered":"<p style=\"text-align: justify;\"><span style=\"font-weight: 400;\">O acervo sob salvaguarda do LEPAARQ come\u00e7ou a ser constitu\u00eddo no ano de 2000, mesmo antes da inaugura\u00e7\u00e3o oficial do laborat\u00f3rio, a partir de doa\u00e7\u00f5es feitas pela comunidade e de coletas superficiais realizadas pela equipe em trabalhos de campo desenvolvidos no \u00e2mbito do projeto <\/span><i><span style=\"font-weight: 400;\">Introdu\u00e7\u00e3o \u00e0 Arqueologia<\/span><\/i><span style=\"font-weight: 400;\">, que<\/span> <span style=\"font-weight: 400;\">teve como principal objetivo a capacita\u00e7\u00e3o de alunos de diversos cursos da Universidade Federal de Pelotas. Esse projeto, um dos primeiros realizados pelo LEPAARQ, contou com o apoio institucional do Laborat\u00f3rio de Antropologia da Funda\u00e7\u00e3o Universidade de Rio Grande (LEPAN-FURG), tendo sido ministrado pelo Prof. Dr. Pedro Augusto Mentz Ribeiro.<\/span><\/p>\n<p style=\"text-align: justify;\"><span style=\"font-weight: 400;\">Com o passar do tempo, sistematicamente muitas doa\u00e7\u00f5es foram feitas pela comunidade, destacando-se a <\/span><strong>cole\u00e7\u00e3o de pe\u00e7as l\u00edticas<\/strong><span style=\"font-weight: 400;\"> feita pela Sr\u00aa Carla Rosane Duarte Costa, composta por oito pe\u00e7as, dentre os quais um <\/span><strong>Zo\u00f3lito<\/strong><span style=\"font-weight: 400;\"> (escultura feita em pedra) em forma de tubar\u00e3o, que por sua representatividade foi transformado em s\u00edmbolo do LEPAARQ.<\/span><\/p>\n<p style=\"text-align: justify;\"><span style=\"font-weight: 400;\">Al\u00e9m disso, Os <\/span><strong>projetos de pesquisa<\/strong><span style=\"font-weight: 400;\"> desenvolvidos pelo LEPAARQ ao longo de mais de 20 anos, foram respons\u00e1veis pela forma\u00e7\u00e3o do vasto acervo que atualmente (ano de 2024) conta com xxx cole\u00e7\u00f5es. Cada uma destas cole\u00e7\u00f5es \u00e9 formada por in\u00fameros objetos e\/ou fragmentos provenientes tanto de interven\u00e7\u00f5es arqueol\u00f3gicas (coletas superficiais, prospec\u00e7\u00f5es e escava\u00e7\u00f5es acad\u00eamicas, salvamentos arqueol\u00f3gicos e apoio institucional) quanto de campanhas de capta\u00e7\u00e3o de acervo.<\/span><\/p>\n<p style=\"text-align: justify;\"><span style=\"font-weight: 400;\">A forma\u00e7\u00e3o deste vasto acervo foi acompanhada, desde o princ\u00edpio, pela cria\u00e7\u00e3o de uma metodologia de gest\u00e3o estruturada para dar conta da preserva\u00e7\u00e3o n\u00e3o somente dos objetos arqueol\u00f3gico em sim, mas tamb\u00e9m da documenta\u00e7\u00e3o prim\u00e1ria do acervo (cadernos de campo, anota\u00e7\u00f5es, desenhos, fotografias, fichas de s\u00edtio, etc.). Para isso, foi essencial a cria\u00e7\u00e3o de instrumentos espec\u00edficos tendo em vista a organiza\u00e7\u00e3o e identifica\u00e7\u00e3o da cultura material, assim como o armazenamento e a administra\u00e7\u00e3o dos dados. A cria\u00e7\u00e3o dessa metodologia foi baseada em t\u00e9cnicas j\u00e1 utilizadas pelo LEPAARQ, acrescidas por recursos tecnol\u00f3gicos da \u00e1rea de inform\u00e1tica. O acervo do LEPAARQ \u00e9 composto basicamente por dois tipos de material arqueol\u00f3gico: pr\u00e9-coloniais e hist\u00f3ricos.\u00a0<\/span><\/p>\n<p style=\"text-align: justify;\"><span style=\"font-weight: 400;\">O <\/span><strong>acervo pr\u00e9-colonial <\/strong><span style=\"font-weight: 400;\">sob a guarda do LEPAARQ \u00e9 formado por uma diversidade de materiais cer\u00e2micos, l\u00edticos, arqueobot\u00e2nicos e zooarqueol\u00f3gicos, provenientes de diversos s\u00edtios arqueol\u00f3gicos da regi\u00e3o Sul do Estado do Rio Grande do Sul. Esses s\u00edtios foram objeto de interven\u00e7\u00f5es atrav\u00e9s de diferentes projetos de pesquisa.<\/span><\/p>\n<p style=\"text-align: justify;\"><span style=\"font-weight: 400;\">O <\/span><strong>acervo hist\u00f3rico<\/strong><span style=\"font-weight: 400;\"> prov\u00e9m das atividades realizadas no \u00e2mbito do Projeto de Salvamento Arqueol\u00f3gico da \u00c1rea Urbana de Pelotas, desenvolvido desde 2002, o qual possibilitou interven\u00e7\u00f5es em diversas \u00e1reas tais como, Pra\u00e7a Coronel Pedro Os\u00f3rio, Mercado P\u00fablico Municipal, Casas 8, 6 e 2 e Casa da Banha. Este acervo \u00e9 constitu\u00eddo por uma grande diversidade de materiais referentes \u00e0 forma\u00e7\u00e3o do n\u00facleo urbano da cidade tais como, lou\u00e7as, vidros, metais, ossos, etc.<\/span><\/p>\n<p style=\"text-align: justify;\">\n<p style=\"text-align: justify;\"><span style=\"font-weight: 400;\">O LEPAARQ tem, portanto, a responsabilidade institucional pelo acervo arqueol\u00f3gico, etnogr\u00e1fico e experimental do ICH mantido em sua Reserva T\u00e9cnica, devendo atender as demandas de gerenciamento curatorial do mesmo. O acervo arqueol\u00f3gico \u00e9 formado por Acervo Arqueol\u00f3gico em Dep\u00f3sito Permanente, Acervo Arqueol\u00f3gico em Dep\u00f3sito Tempor\u00e1rio e Cole\u00e7\u00f5es Did\u00e1ticas.\u00a0<\/span><\/p>\n<ol style=\"text-align: justify;\">\n<li style=\"font-weight: 400;\" aria-level=\"1\"><span style=\"font-weight: 400;\">Acervo Arqueol\u00f3gico em Dep\u00f3sito Permanente \u00e9 formado por cole\u00e7\u00f5es sistem\u00e1ticas de car\u00e1ter arqueol\u00f3gico, etnogr\u00e1fico e experimental ou por pe\u00e7as individuais de interesse cient\u00edfico e museol\u00f3gico advindos das seguintes formas: a) Coletas de campo realizadas por meio das pesquisas coordenadas por pesquisadores do LEPAARQ e\/ou pesquisadores vinculados a projetos da institui\u00e7\u00e3o; b) Coletas de campo realizadas por meio de pesquisas endossadas pela institui\u00e7\u00e3o; c) Doa\u00e7\u00f5es; d) Transfer\u00eancia; e) Permuta; f) Aquisi\u00e7\u00e3o.<\/span><\/li>\n<\/ol>\n<ol start=\"2\">\n<li style=\"text-align: justify;\"><span style=\"font-weight: 400;\"> Acervo Arqueol\u00f3gico em Dep\u00f3sito Tempor\u00e1rio: formado por cole\u00e7\u00f5es de car\u00e1ter arqueol\u00f3gico, etnogr\u00e1fico e experimental ou por pe\u00e7as individuais de interesse cient\u00edfico e museol\u00f3gico advindas das seguintes formas: a) Comodato; b) Coleta de campo de materiais que o LEPAARQ tem responsabilidade de guarda tempor\u00e1ria at\u00e9 a defini\u00e7\u00e3o do local de guarda permanente.\u00a0 \u00a0 \u00a0 \u00a0 \u00a0 \u00a0 \u00a0 \u00a0 \u00a0 \u00a0 \u00a0 \u00a0 \u00a0 \u00a0 \u00a0 \u00a0 \u00a0 \u00a0 \u00a0 \u00a0 \u00a0 \u00a0 \u00a0 \u00a0 \u00a0 \u00a0 \u00a0 \u00a0 \u00a0 \u00a0 \u00a0 \u00a0 \u00a0 \u00a0 \u00a0 \u00a0 \u00a0 \u00a0 \u00a0 \u00a0 \u00a0 \u00a0 \u00a0 \u00a0 \u00a0 \u00a0 \u00a0 \u00a0 \u00a0 \u00a0 \u00a0 \u00a0 \u00a0 \u00a0 \u00a0 \u00a0 \u00a0 \u00a0 \u00a0 \u00a0 \u00a0 \u00a0 \u00a0 \u00a0 \u00a0\u00a0<\/span><\/li>\n<li style=\"text-align: justify;\"><span style=\"font-weight: 400;\"> Cole\u00e7\u00f5es Did\u00e1ticas: s\u00e3o acervos de car\u00e1ter educativo e cultural, utilizados nas atividades relacionadas aos programas de educa\u00e7\u00e3o patrimonial e\/ou em sala de aula como material did\u00e1tico.<\/span><\/li>\n<\/ol>\n<div id=\"attachment_448\" style=\"width: 573px\" class=\"wp-caption aligncenter\"><a href=\"https:\/\/wp.ufpel.edu.br\/lepaarq\/files\/2024\/08\/WhatsApp-Image-2024-08-27-at-17.46.59.jpeg\"><img loading=\"lazy\" decoding=\"async\" aria-describedby=\"caption-attachment-448\" class=\"wp-image-448 \" src=\"https:\/\/wp.ufpel.edu.br\/lepaarq\/files\/2024\/08\/WhatsApp-Image-2024-08-27-at-17.46.59.jpeg\" alt=\"\" width=\"563\" height=\"423\" srcset=\"https:\/\/wp.ufpel.edu.br\/lepaarq\/files\/2024\/08\/WhatsApp-Image-2024-08-27-at-17.46.59.jpeg 1088w, https:\/\/wp.ufpel.edu.br\/lepaarq\/files\/2024\/08\/WhatsApp-Image-2024-08-27-at-17.46.59-400x300.jpeg 400w, https:\/\/wp.ufpel.edu.br\/lepaarq\/files\/2024\/08\/WhatsApp-Image-2024-08-27-at-17.46.59-1024x768.jpeg 1024w, https:\/\/wp.ufpel.edu.br\/lepaarq\/files\/2024\/08\/WhatsApp-Image-2024-08-27-at-17.46.59-768x576.jpeg 768w\" sizes=\"auto, (max-width: 563px) 100vw, 563px\" \/><\/a><p id=\"caption-attachment-448\" class=\"wp-caption-text\">Exemplares de artefatos do acervo LEPAARQ<\/p><\/div>\n<p>&nbsp;<\/p>\n","protected":false},"excerpt":{"rendered":"<p>O acervo sob salvaguarda do LEPAARQ come\u00e7ou a ser constitu\u00eddo no ano de 2000, mesmo antes da inaugura\u00e7\u00e3o oficial do laborat\u00f3rio, a partir de doa\u00e7\u00f5es feitas pela comunidade e de coletas superficiais realizadas pela equipe em trabalhos de campo desenvolvidos no \u00e2mbito do projeto Introdu\u00e7\u00e3o \u00e0 Arqueologia, que teve como principal objetivo a capacita\u00e7\u00e3o de [&hellip;]<\/p>\n","protected":false},"author":469,"featured_media":0,"parent":0,"menu_order":0,"comment_status":"closed","ping_status":"closed","template":"","meta":{"footnotes":""},"class_list":["post-291","page","type-page","status-publish","hentry"],"_links":{"self":[{"href":"https:\/\/wp.ufpel.edu.br\/lepaarq\/index.php?rest_route=\/wp\/v2\/pages\/291","targetHints":{"allow":["GET"]}}],"collection":[{"href":"https:\/\/wp.ufpel.edu.br\/lepaarq\/index.php?rest_route=\/wp\/v2\/pages"}],"about":[{"href":"https:\/\/wp.ufpel.edu.br\/lepaarq\/index.php?rest_route=\/wp\/v2\/types\/page"}],"author":[{"embeddable":true,"href":"https:\/\/wp.ufpel.edu.br\/lepaarq\/index.php?rest_route=\/wp\/v2\/users\/469"}],"replies":[{"embeddable":true,"href":"https:\/\/wp.ufpel.edu.br\/lepaarq\/index.php?rest_route=%2Fwp%2Fv2%2Fcomments&post=291"}],"version-history":[{"count":6,"href":"https:\/\/wp.ufpel.edu.br\/lepaarq\/index.php?rest_route=\/wp\/v2\/pages\/291\/revisions"}],"predecessor-version":[{"id":487,"href":"https:\/\/wp.ufpel.edu.br\/lepaarq\/index.php?rest_route=\/wp\/v2\/pages\/291\/revisions\/487"}],"wp:attachment":[{"href":"https:\/\/wp.ufpel.edu.br\/lepaarq\/index.php?rest_route=%2Fwp%2Fv2%2Fmedia&parent=291"}],"curies":[{"name":"wp","href":"https:\/\/api.w.org\/{rel}","templated":true}]}}