{"id":17,"date":"2014-11-28T16:46:24","date_gmt":"2014-11-28T18:46:24","guid":{"rendered":"https:\/\/wp.ufpel.edu.br\/lepaarq\/?page_id=17"},"modified":"2024-09-27T15:39:09","modified_gmt":"2024-09-27T18:39:09","slug":"historico","status":"publish","type":"page","link":"https:\/\/wp.ufpel.edu.br\/lepaarq\/?page_id=17","title":{"rendered":"Hist\u00f3rico"},"content":{"rendered":"<h1 style=\"text-align: justify;\">Hist\u00f3rico do LEPAARQ-UFPEL nos caminhos da antropologia e arqueologia na Universidade Federal de Pelotas<\/h1>\n<p style=\"text-align: justify;\"><span style=\"font-weight: 400;\">A hist\u00f3ria do LEPAARQ-UFPEL insere-se num processo de constitui\u00e7\u00e3o das \u00e1reas de antropologia e arqueologia na Universidade Federal de Pelotas. Processo este que tem tido uma constitui\u00e7\u00e3o desde os anos 1970. Naquele momento, as disciplinas de antropologia \u2013 com foco no ensino \u2013 repertoriavam os ramos filos\u00f3fico, cultural e da antropologia f\u00edsica. No Instituto de Ci\u00eancias Humanas (ICH), os precursores foram os professores: Hugo Kratz, Osmar Schaffer, Hilda Sim\u00f5es Lopes e Maria Luiza Andr\u00e9 da Costa.<\/span><\/p>\n<p style=\"text-align: justify;\"><span style=\"font-weight: 400;\">Os anos 1990 foi um novo momento de crescimento. A cria\u00e7\u00e3o do departamento de Filosofia e do departamento de Hist\u00f3ria e Antropologia (DHA) permitiu a instaura\u00e7\u00e3o de ambas as \u00e1reas enquanto campos cient\u00edficos independentes, cuja argumenta\u00e7\u00e3o para este rearranjo se baseou na aproxima\u00e7\u00e3o da hist\u00f3ria com a antropologia oriunda dos anos 1960. Assim, a partir de 1993, foi realizada uma s\u00e9rie de concursos na \u00e1rea de antropologia que buscavam a articula\u00e7\u00e3o com a hist\u00f3ria, tendo o objetivo de crescimento da \u00e1rea. Nesse momento, ingressam as professoras Dra. Flavia Rieth e Dra. Maria Let\u00edcia Mazzucchi Ferreira e o professor Dr. F\u00e1bio Vergara Cerqueira, que atuaram em parceria no fortalecimento das \u00e1reas de antropologia e hist\u00f3ria.<\/span><\/p>\n<p style=\"text-align: justify;\"><span style=\"font-weight: 400;\">Desta conflu\u00eancia de interesses ainda um terceiro campo cient\u00edfico emergiu. Com o incentivo da reitora da UFPEL no momento, a Dra. Inguelore S. de Sousa e do Prof. Dr. Pedro Mentz Ribeiro, professor de arqueologia e pr\u00e9-hist\u00f3ria brasileira, da Funda\u00e7\u00e3o Universidade do Rio Grande (FURG) e coordenador do Laborat\u00f3rio de Ensino e Pesquisa em Antropologia daquela Universidade (LEPAN-FURG), criou-se, em maio de 2001, o Laborat\u00f3rio de Ensino e Pesquisa em Antropologia e Arqueologia \u2013 LEPAARQ, como um projeto de extens\u00e3o permanente, vinculado ao Instituto de Ci\u00eancias Humanas. Neste primeiro momento, o LEPAARQ teve a coordena\u00e7\u00e3o do Prof. <\/span><span style=\"font-weight: 400;\">F\u00e1bio Vergara Cerqueira (\u00e1rea de arqueologia) e da professora Fl\u00e1via Rieth (antropologia). <\/span><span style=\"font-weight: 400;\">A centralidade que a discuss\u00e3o do patrim\u00f4nio material e imaterial assumiu se desenhou no cruzamento das \u00e1reas da hist\u00f3ria, antropologia e arqueologia, tanto nas discuss\u00f5es conceituais como tamb\u00e9m na gest\u00e3o do patrim\u00f4nio coletivo, seja por interm\u00e9dio de interven\u00e7\u00f5es acad\u00eamicas ou resultantes de pol\u00edticas p\u00fablicas. O contexto da cidade de Pelotas n\u00e3o pode ser menosprezado. A cidade se tornou no in\u00edcio dos anos 2001 um polo de atua\u00e7\u00e3o do Programa Monumenta, recebendo verbas p\u00fablicas para a preserva\u00e7\u00e3o do patrim\u00f4nio arquitet\u00f4nico, e reivindicando o registro de patrim\u00f4nio imaterial para a tradi\u00e7\u00e3o dos doces da cidade. Este grande projeto estatal em um contexto de preserva\u00e7\u00e3o patrimonial viu no LEPAARQ um parceiro para o estudo dos espa\u00e7os edificados da Pelotas oitocentista.<\/span><\/p>\n<div id=\"attachment_437\" style=\"width: 1782px\" class=\"wp-caption aligncenter\"><a href=\"https:\/\/wp.ufpel.edu.br\/lepaarq\/files\/2024\/08\/Design-sem-nome-3.png\"><img loading=\"lazy\" decoding=\"async\" aria-describedby=\"caption-attachment-437\" class=\"wp-image-437 size-full\" src=\"https:\/\/wp.ufpel.edu.br\/lepaarq\/files\/2024\/08\/Design-sem-nome-3.png\" alt=\"\" width=\"1772\" height=\"591\" srcset=\"https:\/\/wp.ufpel.edu.br\/lepaarq\/files\/2024\/08\/Design-sem-nome-3.png 1772w, https:\/\/wp.ufpel.edu.br\/lepaarq\/files\/2024\/08\/Design-sem-nome-3-400x133.png 400w, https:\/\/wp.ufpel.edu.br\/lepaarq\/files\/2024\/08\/Design-sem-nome-3-1024x342.png 1024w, https:\/\/wp.ufpel.edu.br\/lepaarq\/files\/2024\/08\/Design-sem-nome-3-768x256.png 768w, https:\/\/wp.ufpel.edu.br\/lepaarq\/files\/2024\/08\/Design-sem-nome-3-1536x512.png 1536w\" sizes=\"auto, (max-width: 1772px) 100vw, 1772px\" \/><\/a><p id=\"caption-attachment-437\" class=\"wp-caption-text\">Escava\u00e7\u00f5es nos casar\u00f5es do centro hist\u00f3rico de pelotas entre os anos de 2002 e 2003. Acervo: LEPAARQ-UFPEL.<\/p><\/div>\n<p style=\"text-align: justify;\"><span style=\"font-weight: 400;\">Al\u00e9m dos projetos relacionados ao patrim\u00f4nio hist\u00f3rico-arquitet\u00f4nico de Pelotas, devem ser destacados os projetos relacionados \u00e0 hist\u00f3ria de ocupa\u00e7\u00e3o dos grupos amer\u00edndios em Pelotas e regi\u00e3o, os quais, amplamente divulgados e, at\u00e9 mesmo premiados em sal\u00f5es cient\u00edficos, t\u00eam permitido colocar Pelotas no mapa da arqueologia nacional. Atualmente (ano de 2024) j\u00e1 somam-se mais de 50 s\u00edtios arqueol\u00f3gicos mapeados no munic\u00edpio de Pelotas, referentes \u00e0s ocupa\u00e7\u00f5es ind\u00edgenas dos construtores de cerritos (ind\u00edgenas da macro-etnia Charrua e Minuano) e popula\u00e7\u00f5es Guarani.Trata-se de s\u00edtios que remontam a uma hist\u00f3ria humana que chega at\u00e9 3 mil anos de ocupa\u00e7\u00f5es, portanto, muito mais antiga do que os dois s\u00e9cu<\/span>los de hist\u00f3ria da cidade de Pelotas.<\/p>\n<div id=\"attachment_438\" style=\"width: 1782px\" class=\"wp-caption aligncenter\"><a href=\"https:\/\/wp.ufpel.edu.br\/lepaarq\/files\/2024\/08\/Design-sem-nome-4.png\"><img loading=\"lazy\" decoding=\"async\" aria-describedby=\"caption-attachment-438\" class=\"wp-image-438 size-full\" src=\"https:\/\/wp.ufpel.edu.br\/lepaarq\/files\/2024\/08\/Design-sem-nome-4.png\" alt=\"\" width=\"1772\" height=\"591\" srcset=\"https:\/\/wp.ufpel.edu.br\/lepaarq\/files\/2024\/08\/Design-sem-nome-4.png 1772w, https:\/\/wp.ufpel.edu.br\/lepaarq\/files\/2024\/08\/Design-sem-nome-4-400x133.png 400w, https:\/\/wp.ufpel.edu.br\/lepaarq\/files\/2024\/08\/Design-sem-nome-4-1024x342.png 1024w, https:\/\/wp.ufpel.edu.br\/lepaarq\/files\/2024\/08\/Design-sem-nome-4-768x256.png 768w, https:\/\/wp.ufpel.edu.br\/lepaarq\/files\/2024\/08\/Design-sem-nome-4-1536x512.png 1536w\" sizes=\"auto, (max-width: 1772px) 100vw, 1772px\" \/><\/a><p id=\"caption-attachment-438\" class=\"wp-caption-text\">Escava\u00e7\u00f5es arqueol\u00f3gicas em cerritos localizados na margem da laguna dos Patos, Pelotas-RS. Acervo: LEPAARQ-UFPEL.<\/p><\/div>\n<p style=\"text-align: justify;\"><span style=\"font-weight: 400;\">O desenvolvimento da \u00e1rea de Arqueologia na UFPEL passa pela trajet\u00f3ria do LEPAARQ, tanto no que se refere ao ensino, \u00e0 pesquisa e \u00e0 extens\u00e3o. O crescimento da \u00e1rea intensificou-se quando no ano de 2008 foi criado, via REUNI, o Bacharelado em Antropologia com linha de forma\u00e7\u00e3o em Arqueologia, a partir do qual houve um aumento significativo de docentes e pesquisadores de ambas as \u00e1reas do conhecimento, al\u00e9m, \u00e9 claro, de dezenas de estudantes que hoje disp\u00f5em de um curso focado. Al\u00e9m de novas disciplinas e cursos, foram ampliadas enormemente as linhas de pesquisa, ao que hoje se disp\u00f5e na UFPEL de uma cobertura de tem\u00e1ticas social e politicamente importantes, como: Arqueologia ind\u00edgena, Arqueologia da di\u00e1spora africana, Conserva\u00e7\u00e3o aplicada \u00e0 arqueologia e gest\u00e3o de acervos, Arqueologia de g\u00eanero, Etnoarqueologia, Arqueobot\u00e2nica, Zooarqueologia, entre outras abordagens contempor\u00e2neas. \u00c9 importante mencionar a cria\u00e7\u00e3o de cursos criados na mesma \u00e9poca, como Conserva\u00e7\u00e3o e Restaura\u00e7\u00e3o e Museologia, al\u00e9m da consolida\u00e7\u00e3o de outros cursos da \u00e1rea de humanas j\u00e1 existentes, como Hist\u00f3ria e Geografia, atrav\u00e9s dos quais, muitas parcerias j\u00e1 foram estabelecidas.<\/span><\/p>\n<div id=\"legenda\" style=\"text-align: justify;\">\n<div style=\"width: 502px\" class=\"wp-caption aligncenter\"><img loading=\"lazy\" decoding=\"async\" class=\"\" src=\"https:\/\/wp.ufpel.edu.br\/lepaarq\/files\/2017\/09\/Figura02-copy.jpg\" alt=\"\" width=\"492\" height=\"230\" \/><p class=\"wp-caption-text\">Integrantes da equipe do LEPAARQ em miss\u00e3o arqueol\u00f3gica em Rondon\u00f3polis, Mato Grosso. Ano 2006. Acervo: LEPAARQ<\/p><\/div>\n<\/div>\n<p style=\"text-align: justify;\"><span style=\"font-weight: 400;\">Outro marco importante foi a cria\u00e7\u00e3o do Programa de P\u00f3s-gradua\u00e7\u00e3o em Antropologia (PPGANT), criado no ano de 2012, a n\u00edvel de mestrado, e que foi qualificado ainda mais no ano de 2016, quando aprovado o doutorado. O PPGANT abriu as portas para a arqueologia da UFPEL para um ambiente de alta mobilidade de estudantes em n\u00edvel profissional, professores e pesquisadores de v\u00e1rios cantos do mundo, ampliando ainda mais as parcerias internacionais. Se antigamente, para formar-se em arqueologia no sul do Brasil, era necess\u00e1rio o deslocamento para Universidades do Sudeste ou Nordeste do Brasil ou mesmo ir para\u00a0<\/span>o estrangeiro, atualmente, \u00e9 poss\u00edvel entrar no curso de gradua\u00e7\u00e3o e ter uma forma\u00e7\u00e3o completa at\u00e9 o n\u00edvel de p\u00f3s-doutorado na Universidade Federal de Pelotas, em ambas as \u00e1reas do conhecimento. E essa traget\u00f3ria est\u00e1 absolutamente consolidada, visto que no ano de 2019 foi inaugurado o Bacharelado em Arqueologia na UFPEL, redimensionando, em alguns aspectos, o perfil dos profissionais aqui formados.<\/p>\n<div id=\"attachment_439\" style=\"width: 1782px\" class=\"wp-caption aligncenter\"><a href=\"https:\/\/wp.ufpel.edu.br\/lepaarq\/files\/2024\/08\/Design-sem-nome-5.png\"><img loading=\"lazy\" decoding=\"async\" aria-describedby=\"caption-attachment-439\" class=\"wp-image-439 size-full\" src=\"https:\/\/wp.ufpel.edu.br\/lepaarq\/files\/2024\/08\/Design-sem-nome-5.png\" alt=\"\" width=\"1772\" height=\"591\" srcset=\"https:\/\/wp.ufpel.edu.br\/lepaarq\/files\/2024\/08\/Design-sem-nome-5.png 1772w, https:\/\/wp.ufpel.edu.br\/lepaarq\/files\/2024\/08\/Design-sem-nome-5-400x133.png 400w, https:\/\/wp.ufpel.edu.br\/lepaarq\/files\/2024\/08\/Design-sem-nome-5-1024x342.png 1024w, https:\/\/wp.ufpel.edu.br\/lepaarq\/files\/2024\/08\/Design-sem-nome-5-768x256.png 768w, https:\/\/wp.ufpel.edu.br\/lepaarq\/files\/2024\/08\/Design-sem-nome-5-1536x512.png 1536w\" sizes=\"auto, (max-width: 1772px) 100vw, 1772px\" \/><\/a><p id=\"caption-attachment-439\" class=\"wp-caption-text\">Equipe de campo em esva\u00e7\u00e3o no s\u00edtio Guarani Camping, Pelotas-RS, ano de 2006. Acervo: LEPAARQ-UFPEL.<\/p><\/div>\n<p style=\"text-align: justify;\"><span style=\"font-weight: 400;\">A partir de 2004, a disciplina de Arqueologia foi incorporada na grade curricular do curso de Licenciatura em Hist\u00f3ria, como disciplina optativa, ampliando os conte\u00fados ensinados na \u00e1rea, que costumavam ser trabalhados somente na disciplina de Pr\u00e9-hist\u00f3ria. Em 2005, foi oferecida, pela primeira vez, ao Curso de Bacharelado em Turismo, a disciplina de Patrim\u00f4nio Arqueol\u00f3gico. Com a inser\u00e7\u00e3o da \u00e1rea de arqueologia na matriz curricular destes cursos, construiu-se o cen\u00e1rio para o oferecimento, pela Universidade, de um curso de gradua\u00e7\u00e3o em Arqueologia. A cria\u00e7\u00e3o do curso de gradua\u00e7\u00e3o em antropologia com linha de forma\u00e7\u00e3o em arqueologia instaurado na UFPEL no ano de 2008 permitiu a expans\u00e3o do corpo docente espec\u00edfico das \u00e1reas, possibilitando a completa institucionaliza\u00e7\u00e3o das \u00e1reas nesta Universidade. De sua inaugura\u00e7\u00e3o, no ano de 2001, para c\u00e1, com a cria\u00e7\u00e3o de cursos de gradua\u00e7\u00e3o e p\u00f3s-gradua\u00e7\u00e3o e o fortalecimento de ambas as \u00e1reas do conhecimento, o LEPAARQ se apresenta como um territ\u00f3rio que nos possibilita desenvolver projetos conjuntos, muito embora a atua\u00e7\u00e3o interdisciplinar seja ainda um desafio para todos. Ao completar mais de duas d\u00e9cadas, o LEPAARQ comp\u00f5e um cen\u00e1rio institucional consolidado que resulta do esfor\u00e7o de professores, estudantes e funcion\u00e1rios que passaram por esta institui\u00e7\u00e3o. Hoje, com um caminho bem marcado e concretizado, o LEPAARQ persiste no processo de forma\u00e7\u00e3o profissional, contribuindo a cada dia para o crescimento das \u00e1reas de arqueologia e antropologia no Brasil.<\/span><\/p>\n<div id=\"attachment_327\" style=\"width: 522px\" class=\"wp-caption alignnone\"><a href=\"https:\/\/wp.ufpel.edu.br\/lepaarq\/files\/2024\/08\/unnamed-3.jpg\"><img loading=\"lazy\" decoding=\"async\" aria-describedby=\"caption-attachment-327\" class=\"wp-image-327 size-full\" src=\"https:\/\/wp.ufpel.edu.br\/lepaarq\/files\/2024\/08\/unnamed-3.jpg\" alt=\"\" width=\"512\" height=\"384\" srcset=\"https:\/\/wp.ufpel.edu.br\/lepaarq\/files\/2024\/08\/unnamed-3.jpg 512w, https:\/\/wp.ufpel.edu.br\/lepaarq\/files\/2024\/08\/unnamed-3-424x318.jpg 424w, https:\/\/wp.ufpel.edu.br\/lepaarq\/files\/2024\/08\/unnamed-3-212x159.jpg 212w\" sizes=\"auto, (max-width: 512px) 100vw, 512px\" \/><\/a><p id=\"caption-attachment-327\" class=\"wp-caption-text\">Escava\u00e7\u00e3o em s\u00edtio Cerrito localizado no banhado do Taim, Santa Vit\u00f3ria do Palmar, ano de 2024. Acervo: LEPAARQ-UFPEL.<\/p><\/div>\n<div id=\"legenda\"><\/div>\n","protected":false},"excerpt":{"rendered":"<p>Hist\u00f3rico do LEPAARQ-UFPEL nos caminhos da antropologia e arqueologia na Universidade Federal de Pelotas A hist\u00f3ria do LEPAARQ-UFPEL insere-se num processo de constitui\u00e7\u00e3o das \u00e1reas de antropologia e arqueologia na Universidade Federal de Pelotas. Processo este que tem tido uma constitui\u00e7\u00e3o desde os anos 1970. Naquele momento, as disciplinas de antropologia \u2013 com foco no [&hellip;]<\/p>\n","protected":false},"author":469,"featured_media":0,"parent":0,"menu_order":2,"comment_status":"closed","ping_status":"closed","template":"","meta":{"footnotes":""},"class_list":["post-17","page","type-page","status-publish","hentry"],"_links":{"self":[{"href":"https:\/\/wp.ufpel.edu.br\/lepaarq\/index.php?rest_route=\/wp\/v2\/pages\/17","targetHints":{"allow":["GET"]}}],"collection":[{"href":"https:\/\/wp.ufpel.edu.br\/lepaarq\/index.php?rest_route=\/wp\/v2\/pages"}],"about":[{"href":"https:\/\/wp.ufpel.edu.br\/lepaarq\/index.php?rest_route=\/wp\/v2\/types\/page"}],"author":[{"embeddable":true,"href":"https:\/\/wp.ufpel.edu.br\/lepaarq\/index.php?rest_route=\/wp\/v2\/users\/469"}],"replies":[{"embeddable":true,"href":"https:\/\/wp.ufpel.edu.br\/lepaarq\/index.php?rest_route=%2Fwp%2Fv2%2Fcomments&post=17"}],"version-history":[{"count":33,"href":"https:\/\/wp.ufpel.edu.br\/lepaarq\/index.php?rest_route=\/wp\/v2\/pages\/17\/revisions"}],"predecessor-version":[{"id":496,"href":"https:\/\/wp.ufpel.edu.br\/lepaarq\/index.php?rest_route=\/wp\/v2\/pages\/17\/revisions\/496"}],"wp:attachment":[{"href":"https:\/\/wp.ufpel.edu.br\/lepaarq\/index.php?rest_route=%2Fwp%2Fv2%2Fmedia&parent=17"}],"curies":[{"name":"wp","href":"https:\/\/api.w.org\/{rel}","templated":true}]}}