{"id":138,"date":"2014-12-01T17:51:25","date_gmt":"2014-12-01T19:51:25","guid":{"rendered":"https:\/\/wp.ufpel.edu.br\/lepaarq\/?page_id=138"},"modified":"2024-09-27T15:38:19","modified_gmt":"2024-09-27T18:38:19","slug":"endosso-institucional","status":"publish","type":"page","link":"https:\/\/wp.ufpel.edu.br\/lepaarq\/?page_id=138","title":{"rendered":"Endosso Institucional"},"content":{"rendered":"<p class=\"ecxMsoNormal\" style=\"text-align: justify;\">Aqui voc\u00ea receber\u00e1 orienta\u00e7\u00f5es sobre como solicitar Endosso Institucional da Universidade Federal de Pelotas, atrav\u00e9s do <strong>LEPAARQ<\/strong>, para o desenvolvimento de projetos na \u00e1rea de Arqueologia.<\/p>\n<p class=\"ecxMsoNormal\" style=\"text-align: justify;\">Seguindo os passos determinados pela <a href=\"https:\/\/wp.ufpel.edu.br\/lepaarq\/files\/2015\/03\/Portaria-para-Endosso_Institucional-UFPEL.pdf\" target=\"_blank\" rel=\"noopener noreferrer\">Portaria 067\/2011<\/a> do Instituto de Ci\u00eancias Humanas da UFPEL e pelo <strong>Termo de Responsabilidade para Concess\u00e3o de Endosso Institucional em Processos de Pesquisa Arqueol\u00f3gica, <\/strong>basta enviar o projeto de pesquisa com uma proposta financeira para o Diretor do<strong> ICH-UFPEL, <\/strong>solicitando o apoio atrav\u00e9s de endosso institucional.<\/p>\n<p class=\"ecxMsoNormal\" style=\"text-align: justify;\"><strong>Diretor do ICH-UFPEL: Prof. Dr. Sebasti\u00e3o Peres<\/strong><\/p>\n<p class=\"ecxMsoNormal\" style=\"text-align: justify;\"><strong>e-mail: endossoich@gmail.com<\/strong><\/p>\n<p style=\"text-align: justify;\">\u00a0<a href=\"https:\/\/wp.ufpel.edu.br\/lepaarq\/files\/2014\/12\/Portaria_193_Termo_Endosso_Lepaarq2.pdf\" target=\"_blank\" rel=\"noopener noreferrer\"><strong>PORTARIA 193\/2014<\/strong><\/a><\/p>\n<p style=\"text-align: justify;\">CONSIDERANDO os termos da Portaria 067\/2011 do Diretor do Instituto de Ci\u00eancias Humanas que regulamenta a concess\u00e3o de Endosso Institucional pelo Instituto de Ci\u00eancias Humanas para a realiza\u00e7\u00e3o de pesquisas arqueol\u00f3gicas, nos termos em que disp\u00f5e a Lei n.\u00ba 3.924, de 26 de julho de 1961 e a Portaria IPHAN 07, de 01 de dezembro de 1988<\/p>\n<p style=\"text-align: justify;\">CONSIDERANDO a solicita\u00e7\u00e3o do Laborat\u00f3rio de Ensino e Pesquisa em Antropologia e Arqueologia \u2013 LEPAARQ;<\/p>\n<p style=\"text-align: justify;\">O Diretor do Instituto de Ci\u00eancias Humanas, no uso de suas atribui\u00e7\u00f5es legais:<\/p>\n<p style=\"text-align: justify;\"><strong>RESOLVE:<\/strong><\/p>\n<p style=\"text-align: justify;\"><strong>INSTITUIR o Termo de Responsabilidade para Concess\u00e3o de Endosso Institucional em Processos de Pesquisa Arqueol\u00f3gica sob a responsabilidade da Reserva T\u00e9cnica sob a guarda do Laborat\u00f3rio de Ensino e Pesquisa em Antropologia e Arqueologia<\/strong><\/p>\n<p style=\"text-align: justify;\"><strong>\u00a0<\/strong>\u00a0\u00a0\u00a0\u00a0\u00a0\u00a0\u00a0\u00a0\u00a0\u00a0\u00a0 O Laborat\u00f3rio de Ensino e Pesquisa em Antropologia e Arqueologia da Universidade Federal de Pelotas (LEPAARQ-UFPEL) descreve abaixo as normas que devem ser cumpridas, pelo empreendedor e pelo arque\u00f3logo respons\u00e1vel pelo projeto de pesquisa arqueol\u00f3gica, como condi\u00e7\u00e3o para a concess\u00e3o de Endosso Institucional exigido pela legisla\u00e7\u00e3o federal, em conson\u00e2ncia com as Normas Reguladoras de Presta\u00e7\u00e3o de Servi\u00e7o da Universidade Federal de Pelotas e com a Portaria 000\/2011 do Instituto de Ci\u00eancias Humanas da mesma Universidade. Pelo Endosso Institucional, o LEPAARQ responsabilizar-se-\u00e1 pela guarda e preserva\u00e7\u00e3o permanente do acervo arqueol\u00f3gico recuperado no projeto de pesquisa. Partindo dos princ\u00edpios b\u00e1sicos de Museologia, Arqueologia e conserva\u00e7\u00e3o de acervos, estabeleceram-se as seguintes condicionantes para concess\u00e3o do endosso:<\/p>\n<p style=\"text-align: justify;\"><strong>1 &#8211; Quanto ao material arqueol\u00f3gico e documenta\u00e7\u00e3o produzida:<\/strong><\/p>\n<p style=\"text-align: justify;\">1.1- O material arqueol\u00f3gico, juntamente com c\u00f3pia digital de toda a documenta\u00e7\u00e3o original produzida em campo e em laborat\u00f3rio &#8211; di\u00e1rios de campo, imagens, desenhos, plantas, croquis, fichas de an\u00e1lise, fichas de cat\u00e1logo, entre outras -, bem como os relat\u00f3rios parciais e o relat\u00f3rio final, dever\u00e3o ser entregues, ao LEPAARQ, ap\u00f3s a pesquisa conclu\u00edda. A documenta\u00e7\u00e3o dever\u00e1 ser separada por s\u00edtio arqueol\u00f3gico, inclusive o di\u00e1rio de campo. O prazo para entrega do material arqueol\u00f3gico, bem como a c\u00f3pia digital da documenta\u00e7\u00e3o original, produzida em campo e em laborat\u00f3rio, n\u00e3o dever\u00e1 ultrapassar doze meses ap\u00f3s a entrega dos relat\u00f3rios ao IPHAN. As c\u00f3pias devem ser produzidas em formato digital, em arquivos em PDF ou Word. As imagens e fotografias devem ser produzidas em JPEG, com resolu\u00e7\u00e3o m\u00ednima de 300dpi.<\/p>\n<p style=\"text-align: justify;\">1.2- O material arqueol\u00f3gico dever\u00e1 ser entregue ao LEPAARQ limpo, numerado, catalogado, quantificado, analisado, conservado e armazenado. Para o armazenamento ver instru\u00e7\u00f5es em anexo. Por\u00e9m, respeitando as especificidades de cada tipo de material arqueol\u00f3gico, cujas caracter\u00edsticas, muitas vezes, s\u00e3o imprevis\u00edveis, \u00e9 indispens\u00e1vel que a equipe de arque\u00f3logos do LEPAARQ seja consultada previamente para definir o procedimento de curadoria, conforme os interesses dessa institui\u00e7\u00e3o.<\/p>\n<p style=\"text-align: justify;\">1.3- O registro do material dever\u00e1 seguir a numera\u00e7\u00e3o e cataloga\u00e7\u00e3o adotadas pelo LEPAARQ, para s\u00edtios e acervos arqueol\u00f3gicos, visando a inclus\u00e3o dos dados no Sistema de Gest\u00e3o do Banco de Dados. <strong>Nesse sentido, deve-se consultar previamente a equipe do LEPAARQ antes da marca\u00e7\u00e3o da numera\u00e7\u00e3o e cataloga\u00e7\u00e3o da cole\u00e7\u00e3o.<\/strong><\/p>\n<p style=\"text-align: justify;\">1.4- Os materiais numerados e catalogados dever\u00e3o ser embalados e etiquetados por categoria de material.<\/p>\n<p style=\"text-align: justify;\">1.5- O armazenamento do acervo arqueol\u00f3gico dever\u00e1 ser feito em caixas pl\u00e1sticas brancas de polipropileno, tipo \u201cBox\u201d (Marfinite Mod. 1002). Dimens\u00f5es das caixas: 32cm C x 16,5cm L x 12,5cm A. Cada caixa deve conter no m\u00e1ximo 4kg. Em caso de materiais que n\u00e3o se encaixem no tipo de embalagem, o respons\u00e1vel pelo projeto dever\u00e1 consultar a equipe do LEPAARQ para, em conjunto, definir o melhor tipo de embalagem.<\/p>\n<p style=\"text-align: justify;\"><strong>2 &#8211; Quanto \u00e0 Contrapartida Financeira \u00e0 Concess\u00e3o de Endosso Institucional<\/strong><\/p>\n<p style=\"text-align: justify;\">Identifica\u00e7\u00e3o do Projeto:<\/p>\n<p style=\"text-align: justify;\">Responsabilidade T\u00e9cnica:<\/p>\n<p style=\"text-align: justify;\">Contrapartida Financeira:<\/p>\n<p style=\"text-align: justify;\">2.1 &#8211; O Instituto de Ci\u00eancias Humanas, ap\u00f3s avalia\u00e7\u00e3o e aprova\u00e7\u00e3o t\u00e9cnica, ir\u00e1 cobrar um valor em R$ pelo documento oficial.<\/p>\n<p style=\"text-align: justify;\">2.2 &#8211; Guarda do material arqueol\u00f3gico. Ao t\u00e9rmino da pesquisa, em caso de terem sido coletados materiais arqueol\u00f3gicos, o respons\u00e1vel pelo projeto dever\u00e1 informar ao LEPAARQ o n\u00famero de caixas a serem depositadas na reserva t\u00e9cnica (considerando os itens 1.2 a 1.5) e repassar ao Instituto de Ci\u00eancias Humanas um adendo no valor de $ 300,00 (trezentos reais) por caixa contendo material arqueol\u00f3gico.<\/p>\n<p style=\"text-align: justify;\">Segue exemplifica\u00e7\u00e3o did\u00e1tica com fotos, que dever\u00e1 conduzir o acondicionamento do material a ser guardado na reserva t\u00e9cnica sob a guarda do LEPAARQ ao t\u00e9rmino da pesquisa arqueol\u00f3gica.<\/p>\n<p style=\"text-align: justify;\">Secretaria do Instituto de Ci\u00eancias Humanas, aos vinte e seis dias do ano de dois mil e quatorze.<\/p>\n<p style=\"text-align: justify;\">\n<p style=\"text-align: justify;\">Sidney Gon\u00e7alves Vieira<\/p>\n<p style=\"text-align: justify;\">Diretor<\/p>\n<p style=\"text-align: justify;\">Instituto de Ci\u00eancias Humanas<\/p>\n<p style=\"text-align: justify;\">\n<p style=\"text-align: justify;\"><strong>PROCEDIMENTOS PARA ACONDICIONAMENTO DO MATERIAL ARQUEOL\u00d3GICO.<\/strong><\/p>\n<p style=\"text-align: justify;\"><strong>\u00a0Material utilizado no processo de embalagem do material arqueol\u00f3gico.<\/strong><\/p>\n<p style=\"text-align: justify;\"><a href=\"https:\/\/wp.ufpel.edu.br\/lepaarq\/files\/2014\/12\/imgendosso1.jpg\"><img loading=\"lazy\" decoding=\"async\" class=\"aligncenter size-full wp-image-145\" src=\"https:\/\/wp.ufpel.edu.br\/lepaarq\/files\/2014\/12\/imgendosso1.jpg\" alt=\"imgendosso1\" width=\"1181\" height=\"886\" srcset=\"https:\/\/wp.ufpel.edu.br\/lepaarq\/files\/2014\/12\/imgendosso1.jpg 1181w, https:\/\/wp.ufpel.edu.br\/lepaarq\/files\/2014\/12\/imgendosso1-212x159.jpg 212w, https:\/\/wp.ufpel.edu.br\/lepaarq\/files\/2014\/12\/imgendosso1-424x318.jpg 424w\" sizes=\"auto, (max-width: 1181px) 100vw, 1181px\" \/><\/a><\/p>\n<p style=\"text-align: justify;\">\n<p style=\"text-align: justify;\"><strong>Embalagem da etiqueta de an\u00e1lise com a finalidade de preservar a pe\u00e7a assim como as informa\u00e7\u00f5es contidas na etiqueta.<\/strong><\/p>\n<p style=\"text-align: justify;\"><a href=\"https:\/\/wp.ufpel.edu.br\/lepaarq\/files\/2014\/12\/imgendosso2.jpg\"><img loading=\"lazy\" decoding=\"async\" class=\"aligncenter size-full wp-image-146\" src=\"https:\/\/wp.ufpel.edu.br\/lepaarq\/files\/2014\/12\/imgendosso2.jpg\" alt=\"imgendosso2\" width=\"1181\" height=\"1575\" srcset=\"https:\/\/wp.ufpel.edu.br\/lepaarq\/files\/2014\/12\/imgendosso2.jpg 1181w, https:\/\/wp.ufpel.edu.br\/lepaarq\/files\/2014\/12\/imgendosso2-119x159.jpg 119w, https:\/\/wp.ufpel.edu.br\/lepaarq\/files\/2014\/12\/imgendosso2-238x318.jpg 238w\" sizes=\"auto, (max-width: 1181px) 100vw, 1181px\" \/><\/a><\/p>\n<p style=\"text-align: justify;\">\n<p style=\"text-align: justify;\"><strong>Processo de acomoda\u00e7\u00e3o do material arqueol\u00f3gico em pl\u00e1stico bolha, evitando contato direto com as demais pe\u00e7as e prevenindo quebra ou algum tipo de danifica\u00e7\u00e3o no material.<\/strong><\/p>\n<p style=\"text-align: justify;\"><a href=\"https:\/\/wp.ufpel.edu.br\/lepaarq\/files\/2014\/12\/imgendosso3.jpg\"><img loading=\"lazy\" decoding=\"async\" class=\"aligncenter size-full wp-image-147\" src=\"https:\/\/wp.ufpel.edu.br\/lepaarq\/files\/2014\/12\/imgendosso3.jpg\" alt=\"imgendosso3\" width=\"1181\" height=\"1575\" srcset=\"https:\/\/wp.ufpel.edu.br\/lepaarq\/files\/2014\/12\/imgendosso3.jpg 1181w, https:\/\/wp.ufpel.edu.br\/lepaarq\/files\/2014\/12\/imgendosso3-119x159.jpg 119w, https:\/\/wp.ufpel.edu.br\/lepaarq\/files\/2014\/12\/imgendosso3-238x318.jpg 238w\" sizes=\"auto, (max-width: 1181px) 100vw, 1181px\" \/><\/a> <a href=\"https:\/\/wp.ufpel.edu.br\/lepaarq\/files\/2014\/12\/imgendosso4.jpg\"><img loading=\"lazy\" decoding=\"async\" class=\"aligncenter size-full wp-image-148\" src=\"https:\/\/wp.ufpel.edu.br\/lepaarq\/files\/2014\/12\/imgendosso4.jpg\" alt=\"imgendosso4\" width=\"1181\" height=\"1575\" srcset=\"https:\/\/wp.ufpel.edu.br\/lepaarq\/files\/2014\/12\/imgendosso4.jpg 1181w, https:\/\/wp.ufpel.edu.br\/lepaarq\/files\/2014\/12\/imgendosso4-119x159.jpg 119w, https:\/\/wp.ufpel.edu.br\/lepaarq\/files\/2014\/12\/imgendosso4-238x318.jpg 238w\" sizes=\"auto, (max-width: 1181px) 100vw, 1181px\" \/><\/a> <a href=\"https:\/\/wp.ufpel.edu.br\/lepaarq\/files\/2014\/12\/imgendosso5.jpg\"><img loading=\"lazy\" decoding=\"async\" class=\"aligncenter size-full wp-image-149\" src=\"https:\/\/wp.ufpel.edu.br\/lepaarq\/files\/2014\/12\/imgendosso5.jpg\" alt=\"imgendosso5\" width=\"1181\" height=\"1575\" srcset=\"https:\/\/wp.ufpel.edu.br\/lepaarq\/files\/2014\/12\/imgendosso5.jpg 1181w, https:\/\/wp.ufpel.edu.br\/lepaarq\/files\/2014\/12\/imgendosso5-119x159.jpg 119w, https:\/\/wp.ufpel.edu.br\/lepaarq\/files\/2014\/12\/imgendosso5-238x318.jpg 238w\" sizes=\"auto, (max-width: 1181px) 100vw, 1181px\" \/><\/a> <a href=\"https:\/\/wp.ufpel.edu.br\/lepaarq\/files\/2014\/12\/imgendosso6.jpg\"><img loading=\"lazy\" decoding=\"async\" class=\"aligncenter size-full wp-image-150\" src=\"https:\/\/wp.ufpel.edu.br\/lepaarq\/files\/2014\/12\/imgendosso6.jpg\" alt=\"imgendosso6\" width=\"1181\" height=\"1575\" srcset=\"https:\/\/wp.ufpel.edu.br\/lepaarq\/files\/2014\/12\/imgendosso6.jpg 1181w, https:\/\/wp.ufpel.edu.br\/lepaarq\/files\/2014\/12\/imgendosso6-119x159.jpg 119w, https:\/\/wp.ufpel.edu.br\/lepaarq\/files\/2014\/12\/imgendosso6-238x318.jpg 238w\" sizes=\"auto, (max-width: 1181px) 100vw, 1181px\" \/><\/a><\/p>\n<p style=\"text-align: justify;\">\n<p style=\"text-align: justify;\"><strong>Processo de acomoda\u00e7\u00e3o do material arqueol\u00f3gico, j\u00e1 embalado em pl\u00e1stico bolha, junto \u00e0 etiqueta de an\u00e1lise, tamb\u00e9m devidamente embalada.<\/strong><\/p>\n<p style=\"text-align: justify;\"><a href=\"https:\/\/wp.ufpel.edu.br\/lepaarq\/files\/2014\/12\/imgendosso7.jpg\"><img loading=\"lazy\" decoding=\"async\" class=\"aligncenter size-full wp-image-151\" src=\"https:\/\/wp.ufpel.edu.br\/lepaarq\/files\/2014\/12\/imgendosso7.jpg\" alt=\"imgendosso7\" width=\"1181\" height=\"1575\" srcset=\"https:\/\/wp.ufpel.edu.br\/lepaarq\/files\/2014\/12\/imgendosso7.jpg 1181w, https:\/\/wp.ufpel.edu.br\/lepaarq\/files\/2014\/12\/imgendosso7-119x159.jpg 119w, https:\/\/wp.ufpel.edu.br\/lepaarq\/files\/2014\/12\/imgendosso7-238x318.jpg 238w\" sizes=\"auto, (max-width: 1181px) 100vw, 1181px\" \/><\/a> <a href=\"https:\/\/wp.ufpel.edu.br\/lepaarq\/files\/2014\/12\/imgendosso8.jpg\"><img loading=\"lazy\" decoding=\"async\" class=\"aligncenter size-full wp-image-152\" src=\"https:\/\/wp.ufpel.edu.br\/lepaarq\/files\/2014\/12\/imgendosso8.jpg\" alt=\"imgendosso8\" width=\"1181\" height=\"1575\" srcset=\"https:\/\/wp.ufpel.edu.br\/lepaarq\/files\/2014\/12\/imgendosso8.jpg 1181w, https:\/\/wp.ufpel.edu.br\/lepaarq\/files\/2014\/12\/imgendosso8-119x159.jpg 119w, https:\/\/wp.ufpel.edu.br\/lepaarq\/files\/2014\/12\/imgendosso8-238x318.jpg 238w\" sizes=\"auto, (max-width: 1181px) 100vw, 1181px\" \/><\/a><\/p>\n<p style=\"text-align: justify;\">\n<p style=\"text-align: justify;\"><strong>Processo de acomoda\u00e7\u00e3o do cat\u00e1logo. Todas as pe\u00e7as devidamente embaladas individualmente juntam-se \u00e0 totalidade do cat\u00e1logo em outra embalagem com a identifica\u00e7\u00e3o do cat\u00e1logo.<\/strong><\/p>\n<p style=\"text-align: justify;\"><a href=\"https:\/\/wp.ufpel.edu.br\/lepaarq\/files\/2014\/12\/imgendosso9.jpg\"><img loading=\"lazy\" decoding=\"async\" class=\"aligncenter size-full wp-image-153\" src=\"https:\/\/wp.ufpel.edu.br\/lepaarq\/files\/2014\/12\/imgendosso9.jpg\" alt=\"imgendosso9\" width=\"1181\" height=\"886\" srcset=\"https:\/\/wp.ufpel.edu.br\/lepaarq\/files\/2014\/12\/imgendosso9.jpg 1181w, https:\/\/wp.ufpel.edu.br\/lepaarq\/files\/2014\/12\/imgendosso9-212x159.jpg 212w, https:\/\/wp.ufpel.edu.br\/lepaarq\/files\/2014\/12\/imgendosso9-424x318.jpg 424w\" sizes=\"auto, (max-width: 1181px) 100vw, 1181px\" \/><\/a> <a href=\"https:\/\/wp.ufpel.edu.br\/lepaarq\/files\/2014\/12\/imgendosso10.jpg\"><img loading=\"lazy\" decoding=\"async\" class=\"aligncenter size-full wp-image-154\" src=\"https:\/\/wp.ufpel.edu.br\/lepaarq\/files\/2014\/12\/imgendosso10.jpg\" alt=\"imgendosso10\" width=\"1181\" height=\"886\" srcset=\"https:\/\/wp.ufpel.edu.br\/lepaarq\/files\/2014\/12\/imgendosso10.jpg 1181w, https:\/\/wp.ufpel.edu.br\/lepaarq\/files\/2014\/12\/imgendosso10-212x159.jpg 212w, https:\/\/wp.ufpel.edu.br\/lepaarq\/files\/2014\/12\/imgendosso10-424x318.jpg 424w\" sizes=\"auto, (max-width: 1181px) 100vw, 1181px\" \/><\/a><\/p>\n<p style=\"text-align: justify;\">\n<p style=\"text-align: justify;\"><strong>Modelo de caixa a ser usado para acondicionamento do material (Caixa marfinite branca Mod. 1002)<\/strong><\/p>\n<p style=\"text-align: justify;\"><a href=\"https:\/\/wp.ufpel.edu.br\/lepaarq\/files\/2014\/12\/Portaria_193_Termo_Endosso_Lepaarq2.pdf\" target=\"_blank\" rel=\"noopener noreferrer\"><img loading=\"lazy\" decoding=\"async\" class=\"size-full wp-image-155\" src=\"https:\/\/wp.ufpel.edu.br\/lepaarq\/files\/2014\/12\/imgendosso11.jpg\" alt=\"imgendosso11\" width=\"850\" height=\"567\" srcset=\"https:\/\/wp.ufpel.edu.br\/lepaarq\/files\/2014\/12\/imgendosso11.jpg 850w, https:\/\/wp.ufpel.edu.br\/lepaarq\/files\/2014\/12\/imgendosso11-212x141.jpg 212w, https:\/\/wp.ufpel.edu.br\/lepaarq\/files\/2014\/12\/imgendosso11-424x282.jpg 424w\" sizes=\"auto, (max-width: 850px) 100vw, 850px\" \/><\/a><\/p>\n","protected":false},"excerpt":{"rendered":"<p>Aqui voc\u00ea receber\u00e1 orienta\u00e7\u00f5es sobre como solicitar Endosso Institucional da Universidade Federal de Pelotas, atrav\u00e9s do LEPAARQ, para o desenvolvimento de projetos na \u00e1rea de Arqueologia. Seguindo os passos determinados pela Portaria 067\/2011 do Instituto de Ci\u00eancias Humanas da UFPEL e pelo Termo de Responsabilidade para Concess\u00e3o de Endosso Institucional em Processos de Pesquisa Arqueol\u00f3gica, [&hellip;]<\/p>\n","protected":false},"author":469,"featured_media":0,"parent":0,"menu_order":0,"comment_status":"closed","ping_status":"closed","template":"","meta":{"footnotes":""},"class_list":["post-138","page","type-page","status-publish","hentry"],"_links":{"self":[{"href":"https:\/\/wp.ufpel.edu.br\/lepaarq\/index.php?rest_route=\/wp\/v2\/pages\/138","targetHints":{"allow":["GET"]}}],"collection":[{"href":"https:\/\/wp.ufpel.edu.br\/lepaarq\/index.php?rest_route=\/wp\/v2\/pages"}],"about":[{"href":"https:\/\/wp.ufpel.edu.br\/lepaarq\/index.php?rest_route=\/wp\/v2\/types\/page"}],"author":[{"embeddable":true,"href":"https:\/\/wp.ufpel.edu.br\/lepaarq\/index.php?rest_route=\/wp\/v2\/users\/469"}],"replies":[{"embeddable":true,"href":"https:\/\/wp.ufpel.edu.br\/lepaarq\/index.php?rest_route=%2Fwp%2Fv2%2Fcomments&post=138"}],"version-history":[{"count":21,"href":"https:\/\/wp.ufpel.edu.br\/lepaarq\/index.php?rest_route=\/wp\/v2\/pages\/138\/revisions"}],"predecessor-version":[{"id":493,"href":"https:\/\/wp.ufpel.edu.br\/lepaarq\/index.php?rest_route=\/wp\/v2\/pages\/138\/revisions\/493"}],"wp:attachment":[{"href":"https:\/\/wp.ufpel.edu.br\/lepaarq\/index.php?rest_route=%2Fwp%2Fv2%2Fmedia&parent=138"}],"curies":[{"name":"wp","href":"https:\/\/api.w.org\/{rel}","templated":true}]}}