{"id":9,"date":"2014-06-16T08:31:33","date_gmt":"2014-06-16T11:31:33","guid":{"rendered":"https:\/\/wp.ufpel.edu.br\/lep\/?page_id=9"},"modified":"2016-09-21T11:06:59","modified_gmt":"2016-09-21T14:06:59","slug":"sobre-o-lep","status":"publish","type":"page","link":"https:\/\/wp.ufpel.edu.br\/lep\/sobre-o-lep\/","title":{"rendered":"Sobre o LEP"},"content":{"rendered":"<p>Este projeto pretende refletir sobre os museus como agentes educativos e colaborar para a qualifica\u00e7\u00e3o das a\u00e7\u00f5es educativas desenvolvidas por estas institui\u00e7\u00f5es. Para tanto se investiga as a\u00e7\u00f5es educativas desenvolvidas em diversas institui\u00e7\u00f5es museol\u00f3gicas do Rio Grande do Sul. Al\u00e9m disso, constituiu uma Mediateca, que re\u00fane material educativo e de divulga\u00e7\u00e3o produzido por diversos museus e por institui\u00e7\u00f5es, nacionais e internacionais, voltadas para o patrim\u00f4nio e o disponibiliza para consulta, oportunizando o contato com diferentes experi\u00eancias educativas.<\/p>\n<p>&nbsp;<\/p>\n<hr \/>\n<p style=\"text-align: center\"><span style=\"font-family: 'comic sans ms', sans-serif\"><strong><span style=\"font-size: 14pt\">EQUIPE<\/span><\/strong><\/span><\/p>\n<p style=\"text-align: center\"><span style=\"font-size: 10pt\"><strong>Coordena\u00e7\u00e3o<\/strong>:<\/span> Prof\u00aa Dr\u00aa <span style=\"font-size: 12pt\">Carla Gastaud<\/span><\/p>\n<p style=\"text-align: center\"><span style=\"font-size: 10pt\"><strong>Discentes bolsistas:<\/strong> \u00a0<span style=\"font-size: 12pt\">Camila Silveira,<\/span>\u00a0<\/span><span style=\"font-size: 12pt\">Ildaiane Vergara,\u00a0Marlene Oliveira, Rafael Chaves,\u00a0Yanne Roberto<\/span><\/p>\n<p style=\"text-align: center\"><strong><span style=\"font-size: 10pt\">Discentes colaboradores:\u00a0<\/span><\/strong><span style=\"font-size: 10pt\"><span style=\"font-size: 12pt\">Gizele Amaro<\/span><\/span><\/p>\n<hr \/>\n<p>&nbsp;<\/p>\n<p style=\"text-align: center\"><strong><span style=\"font-size: 14pt;font-family: 'comic sans ms', sans-serif\">CONTATO<\/span><\/strong><\/p>\n<p style=\"text-align: center\"><strong><span style=\"font-size: 10pt\">Facebook:<\/span><\/strong> \u00a0www.facebook.com\/Lepparaopatrimonio<\/p>\n<p style=\"text-align: center\"><strong><span style=\"font-size: 10pt\">Email:<\/span><\/strong> lep.patrimonio@gmail.com<\/p>\n<p class=\"corTexto\" style=\"text-align: center\">\u00a0<strong><span style=\"font-size: 10pt\">Endere\u00e7o\u00a0Institucional<\/span>:<\/strong><br \/>\nCampus Lobo da Costa<br \/>\nRua Lobo da Costa, 1877 &#8211; Centro<br \/>\nPelotas &#8211; RS, Brasil &#8211; 96010-150<\/p>\n<p>&nbsp;<\/p>\n","protected":false},"excerpt":{"rendered":"<p>Este projeto pretende refletir sobre os museus como agentes educativos e colaborar para a qualifica\u00e7\u00e3o das a\u00e7\u00f5es educativas desenvolvidas por estas institui\u00e7\u00f5es. Para tanto se investiga as a\u00e7\u00f5es educativas desenvolvidas em diversas institui\u00e7\u00f5es museol\u00f3gicas do Rio Grande do Sul. Al\u00e9m disso, constituiu uma Mediateca, que re\u00fane material educativo e de divulga\u00e7\u00e3o produzido por diversos museus&#8230; <\/p>\n<div class=\"link-more\"><a href=\"https:\/\/wp.ufpel.edu.br\/lep\/sobre-o-lep\/\">Leia mais<\/a><\/div>\n","protected":false},"author":406,"featured_media":0,"parent":0,"menu_order":1,"comment_status":"closed","ping_status":"closed","template":"","meta":{"footnotes":""},"class_list":["post-9","page","type-page","status-publish","hentry"],"_links":{"self":[{"href":"https:\/\/wp.ufpel.edu.br\/lep\/wp-json\/wp\/v2\/pages\/9","targetHints":{"allow":["GET"]}}],"collection":[{"href":"https:\/\/wp.ufpel.edu.br\/lep\/wp-json\/wp\/v2\/pages"}],"about":[{"href":"https:\/\/wp.ufpel.edu.br\/lep\/wp-json\/wp\/v2\/types\/page"}],"author":[{"embeddable":true,"href":"https:\/\/wp.ufpel.edu.br\/lep\/wp-json\/wp\/v2\/users\/406"}],"replies":[{"embeddable":true,"href":"https:\/\/wp.ufpel.edu.br\/lep\/wp-json\/wp\/v2\/comments?post=9"}],"version-history":[{"count":13,"href":"https:\/\/wp.ufpel.edu.br\/lep\/wp-json\/wp\/v2\/pages\/9\/revisions"}],"predecessor-version":[{"id":313,"href":"https:\/\/wp.ufpel.edu.br\/lep\/wp-json\/wp\/v2\/pages\/9\/revisions\/313"}],"wp:attachment":[{"href":"https:\/\/wp.ufpel.edu.br\/lep\/wp-json\/wp\/v2\/media?parent=9"}],"curies":[{"name":"wp","href":"https:\/\/api.w.org\/{rel}","templated":true}]}}