{"id":78,"date":"2014-07-17T17:38:00","date_gmt":"2014-07-17T20:38:00","guid":{"rendered":"https:\/\/wp.ufpel.edu.br\/lep\/?page_id=78"},"modified":"2014-07-17T18:35:18","modified_gmt":"2014-07-17T21:35:18","slug":"galeria","status":"publish","type":"page","link":"https:\/\/wp.ufpel.edu.br\/lep\/galeria\/","title":{"rendered":"Galeria"},"content":{"rendered":"<p>&nbsp;<\/p>\n<figure id=\"attachment_136\" aria-describedby=\"caption-attachment-136\" style=\"width: 424px\" class=\"wp-caption alignnone\"><a href=\"https:\/\/wp.ufpel.edu.br\/lep\/files\/2014\/07\/10544759_771702702851257_3983625497856897593_o.jpg\"><img loading=\"lazy\" decoding=\"async\" class=\"size-medium wp-image-136\" src=\"https:\/\/wp.ufpel.edu.br\/lep\/files\/2014\/07\/10544759_771702702851257_3983625497856897593_o-424x318.jpg\" alt=\"Encerramento da disciplina A\u00e7\u00e3o Cultural e Educativa em Museus e anivers\u00e1rio do Jo\u00e3o Pedro\" width=\"424\" height=\"318\" srcset=\"https:\/\/wp.ufpel.edu.br\/lep\/files\/2014\/07\/10544759_771702702851257_3983625497856897593_o-424x318.jpg 424w, https:\/\/wp.ufpel.edu.br\/lep\/files\/2014\/07\/10544759_771702702851257_3983625497856897593_o-212x159.jpg 212w, https:\/\/wp.ufpel.edu.br\/lep\/files\/2014\/07\/10544759_771702702851257_3983625497856897593_o.jpg 2048w\" sizes=\"auto, (max-width: 424px) 100vw, 424px\" \/><\/a><figcaption id=\"caption-attachment-136\" class=\"wp-caption-text\">Encerramento da disciplina A\u00e7\u00e3o Cultural e Educativa em Museus e anivers\u00e1rio do Jo\u00e3o Pedro<\/figcaption><\/figure>\n<figure id=\"attachment_42\" aria-describedby=\"caption-attachment-42\" style=\"width: 424px\" class=\"wp-caption alignnone\"><a href=\"https:\/\/wp.ufpel.edu.br\/lep\/files\/2014\/06\/10177267_10201698838980114_913001209391653256_n.jpg\"><img loading=\"lazy\" decoding=\"async\" class=\"wp-image-42 size-medium\" src=\"https:\/\/wp.ufpel.edu.br\/lep\/files\/2014\/06\/10177267_10201698838980114_913001209391653256_n-424x318.jpg\" alt=\"10177267_10201698838980114_913001209391653256_n\" width=\"424\" height=\"318\" srcset=\"https:\/\/wp.ufpel.edu.br\/lep\/files\/2014\/06\/10177267_10201698838980114_913001209391653256_n-424x318.jpg 424w, https:\/\/wp.ufpel.edu.br\/lep\/files\/2014\/06\/10177267_10201698838980114_913001209391653256_n-212x159.jpg 212w, https:\/\/wp.ufpel.edu.br\/lep\/files\/2014\/06\/10177267_10201698838980114_913001209391653256_n.jpg 960w\" sizes=\"auto, (max-width: 424px) 100vw, 424px\" \/><\/a><figcaption id=\"caption-attachment-42\" class=\"wp-caption-text\">Aula de A\u00e7\u00e3o Cultural e Educativa em Museus do curso de Museologia da UFPel<\/figcaption><\/figure>\n<figure id=\"attachment_46\" aria-describedby=\"caption-attachment-46\" style=\"width: 424px\" class=\"wp-caption alignnone\"><a href=\"https:\/\/wp.ufpel.edu.br\/lep\/files\/2014\/06\/IMG_20140416_105316.jpg\"><img loading=\"lazy\" decoding=\"async\" class=\"size-medium wp-image-46\" src=\"https:\/\/wp.ufpel.edu.br\/lep\/files\/2014\/06\/IMG_20140416_105316-424x318.jpg\" alt=\"Aula de A\u00e7\u00e3o Cultural e Educativa em Museus do curso de Museologia da UFPel\" width=\"424\" height=\"318\" srcset=\"https:\/\/wp.ufpel.edu.br\/lep\/files\/2014\/06\/IMG_20140416_105316-424x318.jpg 424w, https:\/\/wp.ufpel.edu.br\/lep\/files\/2014\/06\/IMG_20140416_105316-212x159.jpg 212w\" sizes=\"auto, (max-width: 424px) 100vw, 424px\" \/><\/a><figcaption id=\"caption-attachment-46\" class=\"wp-caption-text\">Aula de A\u00e7\u00e3o Cultural e Educativa em Museus do curso de Museologia da UFPel<\/figcaption><\/figure>\n<figure id=\"attachment_48\" aria-describedby=\"caption-attachment-48\" style=\"width: 424px\" class=\"wp-caption alignnone\"><a href=\"https:\/\/wp.ufpel.edu.br\/lep\/files\/2014\/06\/IMG_20140416_105405.jpg\"><img loading=\"lazy\" decoding=\"async\" class=\"wp-image-48 size-medium\" src=\"https:\/\/wp.ufpel.edu.br\/lep\/files\/2014\/06\/IMG_20140416_105405-424x318.jpg\" alt=\"IMG_20140416_105405\" width=\"424\" height=\"318\" srcset=\"https:\/\/wp.ufpel.edu.br\/lep\/files\/2014\/06\/IMG_20140416_105405-424x318.jpg 424w, https:\/\/wp.ufpel.edu.br\/lep\/files\/2014\/06\/IMG_20140416_105405-212x159.jpg 212w\" sizes=\"auto, (max-width: 424px) 100vw, 424px\" \/><\/a><figcaption id=\"caption-attachment-48\" class=\"wp-caption-text\">Aula pr\u00e1tica de A\u00e7\u00e3o Cultural e educativa em Museus<\/figcaption><\/figure>\n<figure id=\"attachment_41\" aria-describedby=\"caption-attachment-41\" style=\"width: 424px\" class=\"wp-caption alignnone\"><a href=\"https:\/\/wp.ufpel.edu.br\/lep\/files\/2014\/06\/10169199_10201698838700107_5821939871524730182_n.jpg\"><img loading=\"lazy\" decoding=\"async\" class=\"wp-image-41 size-medium\" src=\"https:\/\/wp.ufpel.edu.br\/lep\/files\/2014\/06\/10169199_10201698838700107_5821939871524730182_n-424x318.jpg\" alt=\"10169199_10201698838700107_5821939871524730182_n\" width=\"424\" height=\"318\" srcset=\"https:\/\/wp.ufpel.edu.br\/lep\/files\/2014\/06\/10169199_10201698838700107_5821939871524730182_n-424x318.jpg 424w, https:\/\/wp.ufpel.edu.br\/lep\/files\/2014\/06\/10169199_10201698838700107_5821939871524730182_n-212x159.jpg 212w, https:\/\/wp.ufpel.edu.br\/lep\/files\/2014\/06\/10169199_10201698838700107_5821939871524730182_n.jpg 960w\" sizes=\"auto, (max-width: 424px) 100vw, 424px\" \/><\/a><figcaption id=\"caption-attachment-41\" class=\"wp-caption-text\">Aula pr\u00e1tica de A\u00e7\u00e3o Cultural e educativa em Museus<\/figcaption><\/figure>\n<figure id=\"attachment_49\" aria-describedby=\"caption-attachment-49\" style=\"width: 424px\" class=\"wp-caption alignnone\"><a href=\"https:\/\/wp.ufpel.edu.br\/lep\/files\/2014\/06\/IMG_20140416_105422.jpg\"><img loading=\"lazy\" decoding=\"async\" class=\"size-medium wp-image-49\" src=\"https:\/\/wp.ufpel.edu.br\/lep\/files\/2014\/06\/IMG_20140416_105422-424x318.jpg\" alt=\"Aula pr\u00e1tica de A\u00e7\u00e3o Cultural e educativa em Museus\" width=\"424\" height=\"318\" srcset=\"https:\/\/wp.ufpel.edu.br\/lep\/files\/2014\/06\/IMG_20140416_105422-424x318.jpg 424w, https:\/\/wp.ufpel.edu.br\/lep\/files\/2014\/06\/IMG_20140416_105422-212x159.jpg 212w\" sizes=\"auto, (max-width: 424px) 100vw, 424px\" \/><\/a><figcaption id=\"caption-attachment-49\" class=\"wp-caption-text\">Aula pr\u00e1tica de A\u00e7\u00e3o Cultural e educativa em Museus<\/figcaption><\/figure>\n<figure id=\"attachment_47\" aria-describedby=\"caption-attachment-47\" style=\"width: 424px\" class=\"wp-caption alignnone\"><a href=\"https:\/\/wp.ufpel.edu.br\/lep\/files\/2014\/06\/IMG_20140416_105356.jpg\"><img loading=\"lazy\" decoding=\"async\" class=\"wp-image-47 size-medium\" src=\"https:\/\/wp.ufpel.edu.br\/lep\/files\/2014\/06\/IMG_20140416_105356-424x318.jpg\" alt=\"IMG_20140416_105356\" width=\"424\" height=\"318\" srcset=\"https:\/\/wp.ufpel.edu.br\/lep\/files\/2014\/06\/IMG_20140416_105356-424x318.jpg 424w, https:\/\/wp.ufpel.edu.br\/lep\/files\/2014\/06\/IMG_20140416_105356-212x159.jpg 212w\" sizes=\"auto, (max-width: 424px) 100vw, 424px\" \/><\/a><figcaption id=\"caption-attachment-47\" class=\"wp-caption-text\">Aula pr\u00e1tica de A\u00e7\u00e3o Cultural e educativa em Museus<\/figcaption><\/figure>\n<figure id=\"attachment_39\" aria-describedby=\"caption-attachment-39\" style=\"width: 424px\" class=\"wp-caption alignnone\"><a href=\"https:\/\/wp.ufpel.edu.br\/lep\/files\/2014\/06\/1982085_10201698837100067_490840795124325868_n.jpg\"><img loading=\"lazy\" decoding=\"async\" class=\"wp-image-39 size-medium\" src=\"https:\/\/wp.ufpel.edu.br\/lep\/files\/2014\/06\/1982085_10201698837100067_490840795124325868_n-424x318.jpg\" alt=\"1982085_10201698837100067_490840795124325868_n\" width=\"424\" height=\"318\" srcset=\"https:\/\/wp.ufpel.edu.br\/lep\/files\/2014\/06\/1982085_10201698837100067_490840795124325868_n-424x318.jpg 424w, https:\/\/wp.ufpel.edu.br\/lep\/files\/2014\/06\/1982085_10201698837100067_490840795124325868_n-212x159.jpg 212w, https:\/\/wp.ufpel.edu.br\/lep\/files\/2014\/06\/1982085_10201698837100067_490840795124325868_n.jpg 960w\" sizes=\"auto, (max-width: 424px) 100vw, 424px\" \/><\/a><figcaption id=\"caption-attachment-39\" class=\"wp-caption-text\">Aula pr\u00e1tica de A\u00e7\u00e3o Cultural e educativa em Museus<\/figcaption><\/figure>\n","protected":false},"excerpt":{"rendered":"<p>&nbsp;<\/p>\n","protected":false},"author":406,"featured_media":0,"parent":0,"menu_order":4,"comment_status":"closed","ping_status":"closed","template":"","meta":{"footnotes":""},"class_list":["post-78","page","type-page","status-publish","hentry"],"_links":{"self":[{"href":"https:\/\/wp.ufpel.edu.br\/lep\/wp-json\/wp\/v2\/pages\/78","targetHints":{"allow":["GET"]}}],"collection":[{"href":"https:\/\/wp.ufpel.edu.br\/lep\/wp-json\/wp\/v2\/pages"}],"about":[{"href":"https:\/\/wp.ufpel.edu.br\/lep\/wp-json\/wp\/v2\/types\/page"}],"author":[{"embeddable":true,"href":"https:\/\/wp.ufpel.edu.br\/lep\/wp-json\/wp\/v2\/users\/406"}],"replies":[{"embeddable":true,"href":"https:\/\/wp.ufpel.edu.br\/lep\/wp-json\/wp\/v2\/comments?post=78"}],"version-history":[{"count":5,"href":"https:\/\/wp.ufpel.edu.br\/lep\/wp-json\/wp\/v2\/pages\/78\/revisions"}],"predecessor-version":[{"id":137,"href":"https:\/\/wp.ufpel.edu.br\/lep\/wp-json\/wp\/v2\/pages\/78\/revisions\/137"}],"wp:attachment":[{"href":"https:\/\/wp.ufpel.edu.br\/lep\/wp-json\/wp\/v2\/media?parent=78"}],"curies":[{"name":"wp","href":"https:\/\/api.w.org\/{rel}","templated":true}]}}