{"id":305,"date":"2016-09-15T16:42:31","date_gmt":"2016-09-15T19:42:31","guid":{"rendered":"https:\/\/wp.ufpel.edu.br\/lep\/?page_id=305"},"modified":"2016-09-15T16:43:29","modified_gmt":"2016-09-15T19:43:29","slug":"download-livro-colorir-para-conhecer","status":"publish","type":"page","link":"https:\/\/wp.ufpel.edu.br\/lep\/jogos\/download-livro-colorir-para-conhecer\/","title":{"rendered":"Download Livro Colorir Para Conhecer"},"content":{"rendered":"<p>Fa\u00e7a aqui download do livro em pdf:\u00a0<a href=\"https:\/\/wp.ufpel.edu.br\/lep\/files\/2016\/09\/Livro-Colorir-Para-Conhecer.pdf\">Download Colorir Para Conhecer<\/a><\/p>\n<p><a href=\"https:\/\/wp.ufpel.edu.br\/lep\/files\/2016\/09\/3-2.png\"><img loading=\"lazy\" decoding=\"async\" class=\"alignnone size-medium wp-image-309\" src=\"https:\/\/wp.ufpel.edu.br\/lep\/files\/2016\/09\/3-2-356x318.png\" alt=\"3-2\" width=\"356\" height=\"318\" srcset=\"https:\/\/wp.ufpel.edu.br\/lep\/files\/2016\/09\/3-2-356x318.png 356w, https:\/\/wp.ufpel.edu.br\/lep\/files\/2016\/09\/3-2-178x159.png 178w, https:\/\/wp.ufpel.edu.br\/lep\/files\/2016\/09\/3-2.png 714w\" sizes=\"auto, (max-width: 356px) 100vw, 356px\" \/><\/a><\/p>\n<p>&#8220;Este livro traz uma pequena mostra dos detalhes dos estuques dos forros da<br \/>\nCasa n\u00ba 8, da Pra\u00e7a Coronel Pedro Os\u00f3rio, na cidade de Pelotas, no estado do<br \/>\nRio Grande do Sul, onde se localiza o Museu do Doce da Universidade Federal<br \/>\nde Pelotas.<br \/>\nO Casar\u00e3o foi constru\u00eddo 1878, para servir como resid\u00eancia para a fam\u00edlia do<br \/>\nConselheiro Francisco Antunes Maciel (segundo Bar\u00e3o de Cacequi e Conselheiro<br \/>\ndo Imp\u00e9rio).<br \/>\nOs estuques de forros que apresentamos aqui \u201cest\u00e3o relacionados \u00e0 fun\u00e7\u00e3o de<br \/>\ncada ambiente: instrumentos musicais nas salas de m\u00fasica; pratos, talheres e<br \/>\nalimentos nas salas de jantar. O requinte da ornamenta\u00e7\u00e3o tamb\u00e9m se<br \/>\nrelacionava ao prest\u00edgio social, econ\u00f4mico, cultural e pol\u00edtico dos propriet\u00e1rios\u201d<br \/>\n(SANTOS, 2011).<br \/>\nOs estuques em relevo da Casa 8 s\u00e3o ainda mais importantes porque restam<br \/>\ndeles poucos exemplares, muitos deles destru\u00eddos por infiltra\u00e7\u00f5es que resultaram<br \/>\nna sua ru\u00edna e remo\u00e7\u00e3o, j\u00e1 que \u201co material utilizado, que \u00e9 a mistura de cal,<br \/>\ngesso e areia ou p\u00f3 de m\u00e1rmore \u00e9 muito perec\u00edvel em raz\u00e3o da umidade,<br \/>\nchegando a causar o colapso da estrutura\u201d. Al\u00e9m disso, \u201ca falta de profissionais<br \/>\nespecializados na conserva\u00e7\u00e3o desses forros e a desinforma\u00e7\u00e3o dos propriet\u00e1rios<br \/>\nsobre seu valor art\u00edstico acarretaram na perda significativa deste acervo\u201d<br \/>\n(ROSISKI et al.)<br \/>\nPor isso este livro, para que o gesto de colorir aproxime de nossos olhos os belos<br \/>\nexemplares de estuques em relevo da Casa 8!&#8221;<\/p>\n","protected":false},"excerpt":{"rendered":"<p>Fa\u00e7a aqui download do livro em pdf:\u00a0Download Colorir Para Conhecer &#8220;Este livro traz uma pequena mostra dos detalhes dos estuques dos forros da Casa n\u00ba 8, da Pra\u00e7a Coronel Pedro Os\u00f3rio, na cidade de Pelotas, no estado do Rio Grande do Sul, onde se localiza o Museu do Doce da Universidade Federal de Pelotas. O&#8230; <\/p>\n<div class=\"link-more\"><a href=\"https:\/\/wp.ufpel.edu.br\/lep\/jogos\/download-livro-colorir-para-conhecer\/\">Leia mais<\/a><\/div>\n","protected":false},"author":406,"featured_media":0,"parent":252,"menu_order":1,"comment_status":"closed","ping_status":"closed","template":"","meta":{"footnotes":""},"class_list":["post-305","page","type-page","status-publish","hentry"],"_links":{"self":[{"href":"https:\/\/wp.ufpel.edu.br\/lep\/wp-json\/wp\/v2\/pages\/305","targetHints":{"allow":["GET"]}}],"collection":[{"href":"https:\/\/wp.ufpel.edu.br\/lep\/wp-json\/wp\/v2\/pages"}],"about":[{"href":"https:\/\/wp.ufpel.edu.br\/lep\/wp-json\/wp\/v2\/types\/page"}],"author":[{"embeddable":true,"href":"https:\/\/wp.ufpel.edu.br\/lep\/wp-json\/wp\/v2\/users\/406"}],"replies":[{"embeddable":true,"href":"https:\/\/wp.ufpel.edu.br\/lep\/wp-json\/wp\/v2\/comments?post=305"}],"version-history":[{"count":2,"href":"https:\/\/wp.ufpel.edu.br\/lep\/wp-json\/wp\/v2\/pages\/305\/revisions"}],"predecessor-version":[{"id":310,"href":"https:\/\/wp.ufpel.edu.br\/lep\/wp-json\/wp\/v2\/pages\/305\/revisions\/310"}],"up":[{"embeddable":true,"href":"https:\/\/wp.ufpel.edu.br\/lep\/wp-json\/wp\/v2\/pages\/252"}],"wp:attachment":[{"href":"https:\/\/wp.ufpel.edu.br\/lep\/wp-json\/wp\/v2\/media?parent=305"}],"curies":[{"name":"wp","href":"https:\/\/api.w.org\/{rel}","templated":true}]}}