{"id":252,"date":"2016-09-09T11:26:55","date_gmt":"2016-09-09T14:26:55","guid":{"rendered":"https:\/\/wp.ufpel.edu.br\/lep\/?page_id=252"},"modified":"2016-09-15T16:35:50","modified_gmt":"2016-09-15T19:35:50","slug":"jogos","status":"publish","type":"page","link":"https:\/\/wp.ufpel.edu.br\/lep\/jogos\/","title":{"rendered":"Jogos e A\u00e7\u00f5es Educativas"},"content":{"rendered":"<p>Jogos desenvolvidos pelo Laborat\u00f3rio de Educa\u00e7\u00e3o para o Patrim\u00f4nio.<\/p>\n<p>&nbsp;<\/p>\n<p><strong>Jogo Labirinto Que Casa \u00c9?<\/strong><\/p>\n<p><a href=\"https:\/\/wp.ufpel.edu.br\/lep\/files\/2016\/09\/IMG_0808.jpg\"><img loading=\"lazy\" decoding=\"async\" class=\"alignnone size-medium wp-image-295\" src=\"https:\/\/wp.ufpel.edu.br\/lep\/files\/2016\/09\/IMG_0808-424x318.jpg\" alt=\"img_0808\" width=\"424\" height=\"318\" srcset=\"https:\/\/wp.ufpel.edu.br\/lep\/files\/2016\/09\/IMG_0808-424x318.jpg 424w, https:\/\/wp.ufpel.edu.br\/lep\/files\/2016\/09\/IMG_0808-212x159.jpg 212w, https:\/\/wp.ufpel.edu.br\/lep\/files\/2016\/09\/IMG_0808-768x576.jpg 768w\" sizes=\"auto, (max-width: 424px) 100vw, 424px\" \/><\/a><\/p>\n<p>&nbsp;<\/p>\n<p><strong>Jogo Quebra-Cabe\u00e7a da Pra\u00e7a<\/strong><\/p>\n<p><a href=\"https:\/\/wp.ufpel.edu.br\/lep\/files\/2016\/09\/IMG_0811.jpg\"><img loading=\"lazy\" decoding=\"async\" class=\"alignnone size-medium wp-image-296\" src=\"https:\/\/wp.ufpel.edu.br\/lep\/files\/2016\/09\/IMG_0811-424x318.jpg\" alt=\"img_0811\" width=\"424\" height=\"318\" srcset=\"https:\/\/wp.ufpel.edu.br\/lep\/files\/2016\/09\/IMG_0811-424x318.jpg 424w, https:\/\/wp.ufpel.edu.br\/lep\/files\/2016\/09\/IMG_0811-212x159.jpg 212w, https:\/\/wp.ufpel.edu.br\/lep\/files\/2016\/09\/IMG_0811-768x576.jpg 768w\" sizes=\"auto, (max-width: 424px) 100vw, 424px\" \/><\/a><\/p>\n<p>&nbsp;<\/p>\n<p><strong>Jogo de Mem\u00f3ria Detalhes do Museu do Doce<\/strong><\/p>\n<p><a href=\"https:\/\/wp.ufpel.edu.br\/lep\/files\/2016\/09\/IMG_0810.jpg\"><img loading=\"lazy\" decoding=\"async\" class=\"alignnone size-medium wp-image-297\" src=\"https:\/\/wp.ufpel.edu.br\/lep\/files\/2016\/09\/IMG_0810-424x318.jpg\" alt=\"img_0810\" width=\"424\" height=\"318\" srcset=\"https:\/\/wp.ufpel.edu.br\/lep\/files\/2016\/09\/IMG_0810-424x318.jpg 424w, https:\/\/wp.ufpel.edu.br\/lep\/files\/2016\/09\/IMG_0810-212x159.jpg 212w, https:\/\/wp.ufpel.edu.br\/lep\/files\/2016\/09\/IMG_0810-768x576.jpg 768w\" sizes=\"auto, (max-width: 424px) 100vw, 424px\" \/><\/a><\/p>\n<p>&nbsp;<\/p>\n<p><strong>Jogo de Mem\u00f3ria Mercado das Pulgas<\/strong><\/p>\n<p><a href=\"https:\/\/wp.ufpel.edu.br\/lep\/files\/2016\/09\/IMG_0816.jpg\"><img loading=\"lazy\" decoding=\"async\" class=\"alignnone size-medium wp-image-298\" src=\"https:\/\/wp.ufpel.edu.br\/lep\/files\/2016\/09\/IMG_0816-424x318.jpg\" alt=\"img_0816\" width=\"424\" height=\"318\" srcset=\"https:\/\/wp.ufpel.edu.br\/lep\/files\/2016\/09\/IMG_0816-424x318.jpg 424w, https:\/\/wp.ufpel.edu.br\/lep\/files\/2016\/09\/IMG_0816-212x159.jpg 212w, https:\/\/wp.ufpel.edu.br\/lep\/files\/2016\/09\/IMG_0816-768x576.jpg 768w\" sizes=\"auto, (max-width: 424px) 100vw, 424px\" \/><\/a><\/p>\n<p>&nbsp;<\/p>\n<p><strong>Livro de Colorir &#8211; Colorir Para Conhecer<\/strong><\/p>\n<p><a href=\"https:\/\/wp.ufpel.edu.br\/lep\/files\/2016\/09\/IMG_0814.jpg\"><img loading=\"lazy\" decoding=\"async\" class=\"alignnone size-medium wp-image-299\" src=\"https:\/\/wp.ufpel.edu.br\/lep\/files\/2016\/09\/IMG_0814-424x318.jpg\" alt=\"img_0814\" width=\"424\" height=\"318\" srcset=\"https:\/\/wp.ufpel.edu.br\/lep\/files\/2016\/09\/IMG_0814-424x318.jpg 424w, https:\/\/wp.ufpel.edu.br\/lep\/files\/2016\/09\/IMG_0814-212x159.jpg 212w, https:\/\/wp.ufpel.edu.br\/lep\/files\/2016\/09\/IMG_0814-768x576.jpg 768w\" sizes=\"auto, (max-width: 424px) 100vw, 424px\" \/><\/a><\/p>\n<p>&nbsp;<\/p>\n<p><strong>Desenhos para Colorir &#8211; realizado no Dia do Patrim\u00f4nio 2015.<\/strong><\/p>\n<p><a href=\"https:\/\/wp.ufpel.edu.br\/lep\/files\/2016\/09\/IMG_0815.jpg\"><img loading=\"lazy\" decoding=\"async\" class=\"alignnone size-medium wp-image-300\" src=\"https:\/\/wp.ufpel.edu.br\/lep\/files\/2016\/09\/IMG_0815-424x318.jpg\" alt=\"img_0815\" width=\"424\" height=\"318\" srcset=\"https:\/\/wp.ufpel.edu.br\/lep\/files\/2016\/09\/IMG_0815-424x318.jpg 424w, https:\/\/wp.ufpel.edu.br\/lep\/files\/2016\/09\/IMG_0815-212x159.jpg 212w, https:\/\/wp.ufpel.edu.br\/lep\/files\/2016\/09\/IMG_0815-768x576.jpg 768w\" sizes=\"auto, (max-width: 424px) 100vw, 424px\" \/><\/a><\/p>\n<p>&nbsp;<\/p>\n<p><strong>Jogo de Tabuleiro &#8211; Viagem de volta ao passado &#8211; Museu da Baronesa<\/strong> (realizado pela turma da disciplina A\u00e7\u00e3o Educativa 2015)<\/p>\n<p><a href=\"https:\/\/wp.ufpel.edu.br\/lep\/files\/2016\/09\/IMG_0818.jpg\"><img loading=\"lazy\" decoding=\"async\" class=\"alignnone size-medium wp-image-301\" src=\"https:\/\/wp.ufpel.edu.br\/lep\/files\/2016\/09\/IMG_0818-424x318.jpg\" alt=\"img_0818\" width=\"424\" height=\"318\" srcset=\"https:\/\/wp.ufpel.edu.br\/lep\/files\/2016\/09\/IMG_0818-424x318.jpg 424w, https:\/\/wp.ufpel.edu.br\/lep\/files\/2016\/09\/IMG_0818-212x159.jpg 212w, https:\/\/wp.ufpel.edu.br\/lep\/files\/2016\/09\/IMG_0818-768x576.jpg 768w\" sizes=\"auto, (max-width: 424px) 100vw, 424px\" \/><\/a><\/p>\n","protected":false},"excerpt":{"rendered":"<p>Jogos desenvolvidos pelo Laborat\u00f3rio de Educa\u00e7\u00e3o para o Patrim\u00f4nio. &nbsp; Jogo Labirinto Que Casa \u00c9? &nbsp; Jogo Quebra-Cabe\u00e7a da Pra\u00e7a &nbsp; Jogo de Mem\u00f3ria Detalhes do Museu do Doce &nbsp; Jogo de Mem\u00f3ria Mercado das Pulgas &nbsp; Livro de Colorir &#8211; Colorir Para Conhecer &nbsp; Desenhos para Colorir &#8211; realizado no Dia do Patrim\u00f4nio 2015&#8230;. <\/p>\n<div class=\"link-more\"><a href=\"https:\/\/wp.ufpel.edu.br\/lep\/jogos\/\">Leia mais<\/a><\/div>\n","protected":false},"author":406,"featured_media":0,"parent":0,"menu_order":2,"comment_status":"closed","ping_status":"closed","template":"","meta":{"footnotes":""},"class_list":["post-252","page","type-page","status-publish","hentry"],"_links":{"self":[{"href":"https:\/\/wp.ufpel.edu.br\/lep\/wp-json\/wp\/v2\/pages\/252","targetHints":{"allow":["GET"]}}],"collection":[{"href":"https:\/\/wp.ufpel.edu.br\/lep\/wp-json\/wp\/v2\/pages"}],"about":[{"href":"https:\/\/wp.ufpel.edu.br\/lep\/wp-json\/wp\/v2\/types\/page"}],"author":[{"embeddable":true,"href":"https:\/\/wp.ufpel.edu.br\/lep\/wp-json\/wp\/v2\/users\/406"}],"replies":[{"embeddable":true,"href":"https:\/\/wp.ufpel.edu.br\/lep\/wp-json\/wp\/v2\/comments?post=252"}],"version-history":[{"count":4,"href":"https:\/\/wp.ufpel.edu.br\/lep\/wp-json\/wp\/v2\/pages\/252\/revisions"}],"predecessor-version":[{"id":302,"href":"https:\/\/wp.ufpel.edu.br\/lep\/wp-json\/wp\/v2\/pages\/252\/revisions\/302"}],"wp:attachment":[{"href":"https:\/\/wp.ufpel.edu.br\/lep\/wp-json\/wp\/v2\/media?parent=252"}],"curies":[{"name":"wp","href":"https:\/\/api.w.org\/{rel}","templated":true}]}}