{"id":117,"date":"2014-07-17T18:14:10","date_gmt":"2014-07-17T21:14:10","guid":{"rendered":"https:\/\/wp.ufpel.edu.br\/lep\/?page_id=117"},"modified":"2016-10-05T15:50:25","modified_gmt":"2016-10-05T18:50:25","slug":"oficina","status":"publish","type":"page","link":"https:\/\/wp.ufpel.edu.br\/lep\/artigos-e-textos-digitais\/oficina\/","title":{"rendered":"Oficinas no LEP"},"content":{"rendered":"<p style=\"text-align: center\">\n<p style=\"text-align: center\"><strong>2016<\/strong><\/p>\n<p>Dia do Patrim\u00f4nio em Pelotas 2015:<strong> \u201cDetalhes do Museu do doce da UFPel\u201d.<\/strong><\/p>\n<p>Esta oficina foi desenvolvida a partir da reflex\u00e3o necess\u00e1ria sobre como as comunidades se identificam com os bens patrimoniais, na busca de que as a\u00e7\u00f5es educativas sejam um modo de ampliar o olhar que se dirige ao patrim\u00f4nio, fortalecendo identidades culturais.<\/p>\n<p>&nbsp;<\/p>\n<p style=\"text-align: center\"><strong>2015<\/strong><\/p>\n<p>Dia do Patrim\u00f4nio em Pelotas 2015:<strong> \u201cColorir para conhecer &#8211; Detalhes do Museu do doce da UFPel\u201d. <\/strong><\/p>\n<p>Esta oficina foi desenvolvida a partir da reflex\u00e3o necess\u00e1ria sobre como as comunidades se identificam com os bens patrimoniais, na busca de que as a\u00e7\u00f5es educativas sejam um modo de ampliar o olhar que se dirige ao patrim\u00f4nio, fortalecendo identidades culturais.<\/p>\n<p>&nbsp;<\/p>\n<p>VIII Encontro Nacional de Estudantes de Museologia (ENEMU):<strong> \u201cEduca\u00e7\u00e3o em Museus: O que \u00e9? Para quem? Modos de fazer?\u201d.<\/strong><\/p>\n<p>Refletir sobre as a\u00e7\u00f5es educativas para o patrim\u00f4nio conceitos, m\u00e9todos, aplica\u00e7\u00f5es e oportunizar aos participantes o contato com diferentes materiais educativos, dispon\u00edveis na Mediateca do LEP, produzidos por diversas institui\u00e7\u00f5es de mem\u00f3ria, ampliando seu repert\u00f3rio e incentivando-os a pensar em a\u00e7\u00f5es educativas para suas futuras exposi\u00e7\u00f5es.<\/p>\n<p style=\"text-align: center\">\n<p style=\"text-align: center\"><strong>2014<\/strong><\/p>\n<p style=\"text-align: center\"><strong>Oficina Educa\u00e7\u00e3o em Museus<\/strong><\/p>\n<p style=\"text-align: justify\"><span class=\"userContent\">O LEP realizou nos dias 12, 19 e 26 de junho de 2014 a Oficina Educa\u00e7\u00e3o em Museus: a produ\u00e7\u00e3o de material educativo para os museus da Col\u00f4nia de Pelotas, com os museus: Museu Gruppelli, Museu Etnogr\u00e1fico da Col\u00f4nia Maciel, e Museu e Espa\u00e7o Cultural da Col\u00f4nia Francesa. A oficina teve como objetivo auxiliar os Museus da Col\u00f4nia e Museu de Morro Redondo na produ\u00e7\u00e3o de material educativo.<\/span><\/p>\n<p style=\"text-align: justify\"><a href=\"https:\/\/wp.ufpel.edu.br\/lep\/files\/2014\/07\/10269197_741834135838114_3241867999250946517_o.jpg\"><img loading=\"lazy\" decoding=\"async\" class=\"alignnone size-medium wp-image-120\" src=\"https:\/\/wp.ufpel.edu.br\/lep\/files\/2014\/07\/10269197_741834135838114_3241867999250946517_o-424x318.jpg\" alt=\"Oficia 1\" width=\"424\" height=\"318\" srcset=\"https:\/\/wp.ufpel.edu.br\/lep\/files\/2014\/07\/10269197_741834135838114_3241867999250946517_o-424x318.jpg 424w, https:\/\/wp.ufpel.edu.br\/lep\/files\/2014\/07\/10269197_741834135838114_3241867999250946517_o-212x159.jpg 212w, https:\/\/wp.ufpel.edu.br\/lep\/files\/2014\/07\/10269197_741834135838114_3241867999250946517_o.jpg 2048w\" sizes=\"auto, (max-width: 424px) 100vw, 424px\" \/><\/a> <a href=\"https:\/\/wp.ufpel.edu.br\/lep\/files\/2014\/07\/10317746_741834209171440_4186566557224443257_o.jpg\"><img loading=\"lazy\" decoding=\"async\" class=\"alignnone size-medium wp-image-121\" src=\"https:\/\/wp.ufpel.edu.br\/lep\/files\/2014\/07\/10317746_741834209171440_4186566557224443257_o-424x318.jpg\" alt=\"oficina 5\" width=\"424\" height=\"318\" srcset=\"https:\/\/wp.ufpel.edu.br\/lep\/files\/2014\/07\/10317746_741834209171440_4186566557224443257_o-424x318.jpg 424w, https:\/\/wp.ufpel.edu.br\/lep\/files\/2014\/07\/10317746_741834209171440_4186566557224443257_o-212x159.jpg 212w, https:\/\/wp.ufpel.edu.br\/lep\/files\/2014\/07\/10317746_741834209171440_4186566557224443257_o.jpg 2048w\" sizes=\"auto, (max-width: 424px) 100vw, 424px\" \/><\/a> <a href=\"https:\/\/wp.ufpel.edu.br\/lep\/files\/2014\/07\/1498902_741834189171442_2955339288748007261_o.jpg\"><img loading=\"lazy\" decoding=\"async\" class=\"alignnone size-medium wp-image-122\" src=\"https:\/\/wp.ufpel.edu.br\/lep\/files\/2014\/07\/1498902_741834189171442_2955339288748007261_o-424x318.jpg\" alt=\"oficina 3\" width=\"424\" height=\"318\" srcset=\"https:\/\/wp.ufpel.edu.br\/lep\/files\/2014\/07\/1498902_741834189171442_2955339288748007261_o-424x318.jpg 424w, https:\/\/wp.ufpel.edu.br\/lep\/files\/2014\/07\/1498902_741834189171442_2955339288748007261_o-212x159.jpg 212w, https:\/\/wp.ufpel.edu.br\/lep\/files\/2014\/07\/1498902_741834189171442_2955339288748007261_o.jpg 2048w\" sizes=\"auto, (max-width: 424px) 100vw, 424px\" \/><\/a> <a href=\"https:\/\/wp.ufpel.edu.br\/lep\/files\/2014\/07\/1900508_741834159171445_9019556807845501554_o.jpg\"><img loading=\"lazy\" decoding=\"async\" class=\"alignnone size-medium wp-image-123\" src=\"https:\/\/wp.ufpel.edu.br\/lep\/files\/2014\/07\/1900508_741834159171445_9019556807845501554_o-424x318.jpg\" alt=\"oficina 2\" width=\"424\" height=\"318\" srcset=\"https:\/\/wp.ufpel.edu.br\/lep\/files\/2014\/07\/1900508_741834159171445_9019556807845501554_o-424x318.jpg 424w, https:\/\/wp.ufpel.edu.br\/lep\/files\/2014\/07\/1900508_741834159171445_9019556807845501554_o-212x159.jpg 212w, https:\/\/wp.ufpel.edu.br\/lep\/files\/2014\/07\/1900508_741834159171445_9019556807845501554_o.jpg 2048w\" sizes=\"auto, (max-width: 424px) 100vw, 424px\" \/><\/a><\/p>\n","protected":false},"excerpt":{"rendered":"<p>2016 Dia do Patrim\u00f4nio em Pelotas 2015: \u201cDetalhes do Museu do doce da UFPel\u201d. Esta oficina foi desenvolvida a partir da reflex\u00e3o necess\u00e1ria sobre como as comunidades se identificam com os bens patrimoniais, na busca de que as a\u00e7\u00f5es educativas sejam um modo de ampliar o olhar que se dirige ao patrim\u00f4nio, fortalecendo identidades culturais&#8230;. <\/p>\n<div class=\"link-more\"><a href=\"https:\/\/wp.ufpel.edu.br\/lep\/artigos-e-textos-digitais\/oficina\/\">Leia mais<\/a><\/div>\n","protected":false},"author":406,"featured_media":0,"parent":176,"menu_order":2,"comment_status":"closed","ping_status":"closed","template":"","meta":{"footnotes":""},"class_list":["post-117","page","type-page","status-publish","hentry"],"_links":{"self":[{"href":"https:\/\/wp.ufpel.edu.br\/lep\/wp-json\/wp\/v2\/pages\/117","targetHints":{"allow":["GET"]}}],"collection":[{"href":"https:\/\/wp.ufpel.edu.br\/lep\/wp-json\/wp\/v2\/pages"}],"about":[{"href":"https:\/\/wp.ufpel.edu.br\/lep\/wp-json\/wp\/v2\/types\/page"}],"author":[{"embeddable":true,"href":"https:\/\/wp.ufpel.edu.br\/lep\/wp-json\/wp\/v2\/users\/406"}],"replies":[{"embeddable":true,"href":"https:\/\/wp.ufpel.edu.br\/lep\/wp-json\/wp\/v2\/comments?post=117"}],"version-history":[{"count":10,"href":"https:\/\/wp.ufpel.edu.br\/lep\/wp-json\/wp\/v2\/pages\/117\/revisions"}],"predecessor-version":[{"id":343,"href":"https:\/\/wp.ufpel.edu.br\/lep\/wp-json\/wp\/v2\/pages\/117\/revisions\/343"}],"up":[{"embeddable":true,"href":"https:\/\/wp.ufpel.edu.br\/lep\/wp-json\/wp\/v2\/pages\/176"}],"wp:attachment":[{"href":"https:\/\/wp.ufpel.edu.br\/lep\/wp-json\/wp\/v2\/media?parent=117"}],"curies":[{"name":"wp","href":"https:\/\/api.w.org\/{rel}","templated":true}]}}