{"id":536,"date":"2017-08-23T09:10:30","date_gmt":"2017-08-23T12:10:30","guid":{"rendered":"https:\/\/wp.ufpel.edu.br\/lencibio\/?page_id=536"},"modified":"2017-08-24T10:16:51","modified_gmt":"2017-08-24T13:16:51","slug":"estrutura","status":"publish","type":"page","link":"https:\/\/wp.ufpel.edu.br\/lencibio\/estrutura\/","title":{"rendered":"Estrutura"},"content":{"rendered":"<p style=\"text-align: center\"><img data-recalc-dims=\"1\" data-attachment-id=\"544\" data-permalink=\"https:\/\/wp.ufpel.edu.br\/lencibio\/estrutura\/ppapappaa\/\" data-orig-file=\"https:\/\/i0.wp.com\/wp.ufpel.edu.br\/lencibio\/files\/2017\/08\/ppapappaa.jpg?fit=400%2C400&amp;ssl=1\" data-orig-size=\"400,400\" data-comments-opened=\"0\" data-image-meta=\"{&quot;aperture&quot;:&quot;0&quot;,&quot;credit&quot;:&quot;&quot;,&quot;camera&quot;:&quot;&quot;,&quot;caption&quot;:&quot;&quot;,&quot;created_timestamp&quot;:&quot;0&quot;,&quot;copyright&quot;:&quot;&quot;,&quot;focal_length&quot;:&quot;0&quot;,&quot;iso&quot;:&quot;0&quot;,&quot;shutter_speed&quot;:&quot;0&quot;,&quot;title&quot;:&quot;&quot;,&quot;orientation&quot;:&quot;0&quot;}\" data-image-title=\"ppapappaa\" data-image-description=\"\" data-image-caption=\"\" data-medium-file=\"https:\/\/i0.wp.com\/wp.ufpel.edu.br\/lencibio\/files\/2017\/08\/ppapappaa.jpg?fit=400%2C400&amp;ssl=1\" data-large-file=\"https:\/\/i0.wp.com\/wp.ufpel.edu.br\/lencibio\/files\/2017\/08\/ppapappaa.jpg?fit=400%2C400&amp;ssl=1\" class=\" wp-image-544 alignleft\" src=\"https:\/\/i0.wp.com\/wp.ufpel.edu.br\/lencibio\/files\/2017\/08\/ppapappaa.jpg?resize=308%2C308&#038;ssl=1\" alt=\"\" width=\"308\" height=\"308\" srcset=\"https:\/\/i0.wp.com\/wp.ufpel.edu.br\/lencibio\/files\/2017\/08\/ppapappaa.jpg?w=400&amp;ssl=1 400w, https:\/\/i0.wp.com\/wp.ufpel.edu.br\/lencibio\/files\/2017\/08\/ppapappaa.jpg?resize=200%2C200&amp;ssl=1 200w\" sizes=\"(max-width: 308px) 100vw, 308px\" \/><\/p>\n<p>&nbsp;<\/p>\n<p>&nbsp;<\/p>\n<p style=\"text-align: center\">Disponibiliza um espa\u00e7o amplo, que conta com uma televis\u00e3o, computadores, geladeira, arm\u00e1rios, materiais de laborat\u00f3rio, materiais escolares, uma estante com livros e recursos did\u00e1ticos, e uma mesa para trabalhos em grupo e reuni\u00f5es.<\/p>\n<p>&nbsp;<\/p>\n<p>&nbsp;<\/p>\n<p>&nbsp;<\/p>\n<p>&nbsp;<\/p>\n<p>&nbsp;<\/p>\n<p><img data-recalc-dims=\"1\" data-attachment-id=\"242\" data-permalink=\"https:\/\/wp.ufpel.edu.br\/lencibio\/sobre\/dsc00531\/\" data-orig-file=\"https:\/\/i0.wp.com\/wp.ufpel.edu.br\/lencibio\/files\/2017\/07\/DSC00531-e1502374873347.jpg?fit=4078%2C2983&amp;ssl=1\" data-orig-size=\"4078,2983\" data-comments-opened=\"0\" data-image-meta=\"{&quot;aperture&quot;:&quot;3.2&quot;,&quot;credit&quot;:&quot;&quot;,&quot;camera&quot;:&quot;DSC-W710&quot;,&quot;caption&quot;:&quot;&quot;,&quot;created_timestamp&quot;:&quot;1361910126&quot;,&quot;copyright&quot;:&quot;&quot;,&quot;focal_length&quot;:&quot;5&quot;,&quot;iso&quot;:&quot;320&quot;,&quot;shutter_speed&quot;:&quot;0.033333333333333&quot;,&quot;title&quot;:&quot;&quot;,&quot;orientation&quot;:&quot;1&quot;}\" data-image-title=\"DSC00531\" data-image-description=\"\" data-image-caption=\"\" data-medium-file=\"https:\/\/i0.wp.com\/wp.ufpel.edu.br\/lencibio\/files\/2017\/07\/DSC00531-e1502374873347.jpg?fit=400%2C293&amp;ssl=1\" data-large-file=\"https:\/\/i0.wp.com\/wp.ufpel.edu.br\/lencibio\/files\/2017\/07\/DSC00531-e1502374873347.jpg?fit=1024%2C749&amp;ssl=1\" class=\"wp-image-242 alignright\" src=\"https:\/\/i0.wp.com\/wp.ufpel.edu.br\/lencibio\/files\/2017\/07\/DSC00531-e1502374873347-400x293.jpg?resize=317%2C232&#038;ssl=1\" alt=\"\" width=\"317\" height=\"232\" srcset=\"https:\/\/i0.wp.com\/wp.ufpel.edu.br\/lencibio\/files\/2017\/07\/DSC00531-e1502374873347.jpg?resize=400%2C293&amp;ssl=1 400w, https:\/\/i0.wp.com\/wp.ufpel.edu.br\/lencibio\/files\/2017\/07\/DSC00531-e1502374873347.jpg?resize=768%2C562&amp;ssl=1 768w, https:\/\/i0.wp.com\/wp.ufpel.edu.br\/lencibio\/files\/2017\/07\/DSC00531-e1502374873347.jpg?resize=1024%2C749&amp;ssl=1 1024w, https:\/\/i0.wp.com\/wp.ufpel.edu.br\/lencibio\/files\/2017\/07\/DSC00531-e1502374873347.jpg?w=2000&amp;ssl=1 2000w, https:\/\/i0.wp.com\/wp.ufpel.edu.br\/lencibio\/files\/2017\/07\/DSC00531-e1502374873347.jpg?w=3000&amp;ssl=1 3000w\" sizes=\"(max-width: 317px) 100vw, 317px\" \/><\/p>\n<p>&nbsp;<\/p>\n<p>&nbsp;<\/p>\n<p style=\"text-align: center\">Disponibiliza uma sala de aula, com capacidade para vinte alunos, quadro branco, aparelho multim\u00eddia e ar condicionado.<\/p>\n<p style=\"text-align: center\">A mesma \u00e9 utilizada pelos professores do laborat\u00f3rio em suas aulas, e tamb\u00e9m por outros professores do curso de Ci\u00eancias Biol\u00f3gicas Licenciatura.<\/p>\n<p>&nbsp;<\/p>\n<p><img data-recalc-dims=\"1\" data-attachment-id=\"241\" data-permalink=\"https:\/\/wp.ufpel.edu.br\/lencibio\/sobre\/dsc00408\/\" data-orig-file=\"https:\/\/i0.wp.com\/wp.ufpel.edu.br\/lencibio\/files\/2017\/07\/DSC00408-e1502374401281.jpg?fit=2649%2C3248&amp;ssl=1\" data-orig-size=\"2649,3248\" data-comments-opened=\"0\" data-image-meta=\"{&quot;aperture&quot;:&quot;3.2&quot;,&quot;credit&quot;:&quot;&quot;,&quot;camera&quot;:&quot;DSC-W710&quot;,&quot;caption&quot;:&quot;&quot;,&quot;created_timestamp&quot;:&quot;1335733103&quot;,&quot;copyright&quot;:&quot;&quot;,&quot;focal_length&quot;:&quot;5&quot;,&quot;iso&quot;:&quot;160&quot;,&quot;shutter_speed&quot;:&quot;0.033333333333333&quot;,&quot;title&quot;:&quot;&quot;,&quot;orientation&quot;:&quot;1&quot;}\" data-image-title=\"DSC00408\" data-image-description=\"\" data-image-caption=\"\" data-medium-file=\"https:\/\/i0.wp.com\/wp.ufpel.edu.br\/lencibio\/files\/2017\/07\/DSC00408-e1502374401281.jpg?fit=326%2C400&amp;ssl=1\" data-large-file=\"https:\/\/i0.wp.com\/wp.ufpel.edu.br\/lencibio\/files\/2017\/07\/DSC00408-e1502374401281.jpg?fit=835%2C1024&amp;ssl=1\" class=\"wp-image-241 alignleft\" src=\"https:\/\/i0.wp.com\/wp.ufpel.edu.br\/lencibio\/files\/2017\/07\/DSC00408-e1502374401281-326x400.jpg?resize=262%2C322&#038;ssl=1\" alt=\"\" width=\"262\" height=\"322\" srcset=\"https:\/\/i0.wp.com\/wp.ufpel.edu.br\/lencibio\/files\/2017\/07\/DSC00408-e1502374401281.jpg?resize=326%2C400&amp;ssl=1 326w, https:\/\/i0.wp.com\/wp.ufpel.edu.br\/lencibio\/files\/2017\/07\/DSC00408-e1502374401281.jpg?resize=768%2C942&amp;ssl=1 768w, https:\/\/i0.wp.com\/wp.ufpel.edu.br\/lencibio\/files\/2017\/07\/DSC00408-e1502374401281.jpg?resize=835%2C1024&amp;ssl=1 835w, https:\/\/i0.wp.com\/wp.ufpel.edu.br\/lencibio\/files\/2017\/07\/DSC00408-e1502374401281.jpg?w=2000&amp;ssl=1 2000w\" sizes=\"(max-width: 262px) 100vw, 262px\" \/><\/p>\n<p>&nbsp;<\/p>\n<p style=\"text-align: center\">Disponibiliza um microsc\u00f3pio \u00f3ptico, para os discentes das licenciaturas, que podem retira-lo para utiliza\u00e7\u00e3o em aulas e projetos.<\/p>\n<p>&nbsp;<\/p>\n<p><strong>Obs.: Para a utiliza\u00e7\u00e3o do microsc\u00f3pio, deve-se realizar o agendamento pr\u00e9vio via e-mail: lencibioufpel2017@gmail.com<\/strong><\/p>\n","protected":false},"excerpt":{"rendered":"<p>&nbsp; &nbsp; Disponibiliza um espa\u00e7o amplo, que conta com uma televis\u00e3o, computadores, geladeira, arm\u00e1rios, materiais de laborat\u00f3rio, materiais escolares, uma estante com livros e recursos did\u00e1ticos, e uma mesa para trabalhos em grupo e reuni\u00f5es. &nbsp; &nbsp; &nbsp; &nbsp; &nbsp; &nbsp; &nbsp; Disponibiliza uma sala de aula, com capacidade para vinte alunos, quadro branco, aparelho [&hellip;]<\/p>\n","protected":false},"author":780,"featured_media":0,"parent":0,"menu_order":0,"comment_status":"closed","ping_status":"closed","template":"","meta":{"jetpack_post_was_ever_published":false,"footnotes":""},"class_list":["post-536","page","type-page","status-publish","hentry"],"jetpack_sharing_enabled":true,"jetpack_shortlink":"https:\/\/wp.me\/P90WYW-8E","jetpack-related-posts":[],"_links":{"self":[{"href":"https:\/\/wp.ufpel.edu.br\/lencibio\/wp-json\/wp\/v2\/pages\/536","targetHints":{"allow":["GET"]}}],"collection":[{"href":"https:\/\/wp.ufpel.edu.br\/lencibio\/wp-json\/wp\/v2\/pages"}],"about":[{"href":"https:\/\/wp.ufpel.edu.br\/lencibio\/wp-json\/wp\/v2\/types\/page"}],"author":[{"embeddable":true,"href":"https:\/\/wp.ufpel.edu.br\/lencibio\/wp-json\/wp\/v2\/users\/780"}],"replies":[{"embeddable":true,"href":"https:\/\/wp.ufpel.edu.br\/lencibio\/wp-json\/wp\/v2\/comments?post=536"}],"version-history":[{"count":5,"href":"https:\/\/wp.ufpel.edu.br\/lencibio\/wp-json\/wp\/v2\/pages\/536\/revisions"}],"predecessor-version":[{"id":545,"href":"https:\/\/wp.ufpel.edu.br\/lencibio\/wp-json\/wp\/v2\/pages\/536\/revisions\/545"}],"wp:attachment":[{"href":"https:\/\/wp.ufpel.edu.br\/lencibio\/wp-json\/wp\/v2\/media?parent=536"}],"curies":[{"name":"wp","href":"https:\/\/api.w.org\/{rel}","templated":true}]}}