{"id":516,"date":"2017-08-23T08:47:52","date_gmt":"2017-08-23T11:47:52","guid":{"rendered":"https:\/\/wp.ufpel.edu.br\/lencibio\/?page_id=516"},"modified":"2017-08-24T10:18:37","modified_gmt":"2017-08-24T13:18:37","slug":"acervo-lencibio","status":"publish","type":"page","link":"https:\/\/wp.ufpel.edu.br\/lencibio\/acervo-lencibio\/","title":{"rendered":"Acervo LENCIBIO"},"content":{"rendered":"<p style=\"text-align: justify\">O Laborat\u00f3rio de Ensino de Ci\u00eancias e Biologia, conta com um acervo de materiais did\u00e1ticos e livros did\u00e1ticos, os mesmos s\u00e3o compartilhados com discentes das licenciaturas, docentes da rede p\u00fablica e da universidade.<\/p>\n<p style=\"text-align: justify\">Para a realiza\u00e7\u00e3o do empr\u00e9stimo, deve-se realizar o cadastro no pr\u00f3prio laborat\u00f3rio. O agendamento pr\u00e9vio pode ser realizado via e-mail:\u00a0lencibioufpel2017@gmail.com<\/p>\n<p style=\"text-align: justify\"><span style=\"background-color: #ffffff;color: #ff0000\">Obs.: Cada item retirado tem o prazo de uma semana para devolu\u00e7\u00e3o, caso seja necess\u00e1rio prorroga-lo, deve-se entrar em contato via e-mail.\u00a0<\/span><\/p>\n","protected":false},"excerpt":{"rendered":"<p>O Laborat\u00f3rio de Ensino de Ci\u00eancias e Biologia, conta com um acervo de materiais did\u00e1ticos e livros did\u00e1ticos, os mesmos s\u00e3o compartilhados com discentes das licenciaturas, docentes da rede p\u00fablica e da universidade. Para a realiza\u00e7\u00e3o do empr\u00e9stimo, deve-se realizar o cadastro no pr\u00f3prio laborat\u00f3rio. O agendamento pr\u00e9vio pode ser realizado via e-mail:\u00a0lencibioufpel2017@gmail.com Obs.: Cada [&hellip;]<\/p>\n","protected":false},"author":780,"featured_media":0,"parent":0,"menu_order":0,"comment_status":"closed","ping_status":"closed","template":"","meta":{"jetpack_post_was_ever_published":false,"footnotes":""},"class_list":["post-516","page","type-page","status-publish","hentry"],"jetpack_sharing_enabled":true,"jetpack_shortlink":"https:\/\/wp.me\/P90WYW-8k","jetpack-related-posts":[],"_links":{"self":[{"href":"https:\/\/wp.ufpel.edu.br\/lencibio\/wp-json\/wp\/v2\/pages\/516","targetHints":{"allow":["GET"]}}],"collection":[{"href":"https:\/\/wp.ufpel.edu.br\/lencibio\/wp-json\/wp\/v2\/pages"}],"about":[{"href":"https:\/\/wp.ufpel.edu.br\/lencibio\/wp-json\/wp\/v2\/types\/page"}],"author":[{"embeddable":true,"href":"https:\/\/wp.ufpel.edu.br\/lencibio\/wp-json\/wp\/v2\/users\/780"}],"replies":[{"embeddable":true,"href":"https:\/\/wp.ufpel.edu.br\/lencibio\/wp-json\/wp\/v2\/comments?post=516"}],"version-history":[{"count":2,"href":"https:\/\/wp.ufpel.edu.br\/lencibio\/wp-json\/wp\/v2\/pages\/516\/revisions"}],"predecessor-version":[{"id":546,"href":"https:\/\/wp.ufpel.edu.br\/lencibio\/wp-json\/wp\/v2\/pages\/516\/revisions\/546"}],"wp:attachment":[{"href":"https:\/\/wp.ufpel.edu.br\/lencibio\/wp-json\/wp\/v2\/media?parent=516"}],"curies":[{"name":"wp","href":"https:\/\/api.w.org\/{rel}","templated":true}]}}