{"id":470,"date":"2017-08-21T16:05:55","date_gmt":"2017-08-21T19:05:55","guid":{"rendered":"https:\/\/wp.ufpel.edu.br\/lencibio\/?page_id=470"},"modified":"2017-08-22T13:59:20","modified_gmt":"2017-08-22T16:59:20","slug":"botanica","status":"publish","type":"page","link":"https:\/\/wp.ufpel.edu.br\/lencibio\/botanica\/","title":{"rendered":"Bot\u00e2nica"},"content":{"rendered":"<p style=\"text-align: center\"><strong>Bot\u00e2nica<\/strong><\/p>\n<p style=\"text-align: center\"><strong>Estruturas das flores<\/strong><\/p>\n<p><img data-recalc-dims=\"1\" data-attachment-id=\"475\" data-permalink=\"https:\/\/wp.ufpel.edu.br\/lencibio\/botanica\/dsc00391\/\" data-orig-file=\"https:\/\/i0.wp.com\/wp.ufpel.edu.br\/lencibio\/files\/2017\/08\/DSC00391-e1503344175615.jpg?fit=4089%2C3214&amp;ssl=1\" data-orig-size=\"4089,3214\" data-comments-opened=\"0\" data-image-meta=\"{&quot;aperture&quot;:&quot;3.2&quot;,&quot;credit&quot;:&quot;&quot;,&quot;camera&quot;:&quot;DSC-W710&quot;,&quot;caption&quot;:&quot;&quot;,&quot;created_timestamp&quot;:&quot;1335727336&quot;,&quot;copyright&quot;:&quot;&quot;,&quot;focal_length&quot;:&quot;5&quot;,&quot;iso&quot;:&quot;100&quot;,&quot;shutter_speed&quot;:&quot;0.033333333333333&quot;,&quot;title&quot;:&quot;&quot;,&quot;orientation&quot;:&quot;1&quot;}\" data-image-title=\"DSC00391\" data-image-description=\"\" data-image-caption=\"\" data-medium-file=\"https:\/\/i0.wp.com\/wp.ufpel.edu.br\/lencibio\/files\/2017\/08\/DSC00391-e1503344175615.jpg?fit=400%2C314&amp;ssl=1\" data-large-file=\"https:\/\/i0.wp.com\/wp.ufpel.edu.br\/lencibio\/files\/2017\/08\/DSC00391-e1503344175615.jpg?fit=1024%2C805&amp;ssl=1\" class=\"alignnone wp-image-475\" src=\"https:\/\/i0.wp.com\/wp.ufpel.edu.br\/lencibio\/files\/2017\/08\/DSC00391.jpg?resize=363%2C272&#038;ssl=1\" alt=\"\" width=\"363\" height=\"272\" \/> <img data-recalc-dims=\"1\" data-attachment-id=\"477\" data-permalink=\"https:\/\/wp.ufpel.edu.br\/lencibio\/botanica\/dsc00392\/\" data-orig-file=\"https:\/\/i0.wp.com\/wp.ufpel.edu.br\/lencibio\/files\/2017\/08\/DSC00392-e1503342897138.jpg?fit=3283%2C3479&amp;ssl=1\" data-orig-size=\"3283,3479\" data-comments-opened=\"0\" data-image-meta=\"{&quot;aperture&quot;:&quot;3.2&quot;,&quot;credit&quot;:&quot;&quot;,&quot;camera&quot;:&quot;DSC-W710&quot;,&quot;caption&quot;:&quot;&quot;,&quot;created_timestamp&quot;:&quot;1335727399&quot;,&quot;copyright&quot;:&quot;&quot;,&quot;focal_length&quot;:&quot;5&quot;,&quot;iso&quot;:&quot;125&quot;,&quot;shutter_speed&quot;:&quot;0.033333333333333&quot;,&quot;title&quot;:&quot;&quot;,&quot;orientation&quot;:&quot;1&quot;}\" data-image-title=\"DSC00392\" data-image-description=\"\" data-image-caption=\"\" data-medium-file=\"https:\/\/i0.wp.com\/wp.ufpel.edu.br\/lencibio\/files\/2017\/08\/DSC00392-e1503342897138.jpg?fit=377%2C400&amp;ssl=1\" data-large-file=\"https:\/\/i0.wp.com\/wp.ufpel.edu.br\/lencibio\/files\/2017\/08\/DSC00392-e1503342897138.jpg?fit=966%2C1024&amp;ssl=1\" class=\"alignnone wp-image-477\" src=\"https:\/\/i0.wp.com\/wp.ufpel.edu.br\/lencibio\/files\/2017\/08\/DSC00392-e1503342897138-377x400.jpg?resize=259%2C275&#038;ssl=1\" alt=\"\" width=\"259\" height=\"275\" srcset=\"https:\/\/i0.wp.com\/wp.ufpel.edu.br\/lencibio\/files\/2017\/08\/DSC00392-e1503342897138.jpg?resize=377%2C400&amp;ssl=1 377w, https:\/\/i0.wp.com\/wp.ufpel.edu.br\/lencibio\/files\/2017\/08\/DSC00392-e1503342897138.jpg?resize=768%2C814&amp;ssl=1 768w, https:\/\/i0.wp.com\/wp.ufpel.edu.br\/lencibio\/files\/2017\/08\/DSC00392-e1503342897138.jpg?resize=966%2C1024&amp;ssl=1 966w, https:\/\/i0.wp.com\/wp.ufpel.edu.br\/lencibio\/files\/2017\/08\/DSC00392-e1503342897138.jpg?w=2000&amp;ssl=1 2000w, https:\/\/i0.wp.com\/wp.ufpel.edu.br\/lencibio\/files\/2017\/08\/DSC00392-e1503342897138.jpg?w=3000&amp;ssl=1 3000w\" sizes=\"(max-width: 259px) 100vw, 259px\" \/><\/p>\n<p style=\"text-align: justify\">As flores permitem a reprodu\u00e7\u00e3o sexuada das angiospermas. \u00c9 nelas que ocorre a fecunda\u00e7\u00e3o, ou seja, a uni\u00e3o de uma c\u00e9lula masculina com uma c\u00e9lula sexual feminina &#8211; depois disso formam-se frutos e sementes. Uma flor completa comp\u00f5em-se de v\u00e1rias partes como: ped\u00fanculo, recept\u00e1culo floral, s\u00e9palas, p\u00e9talas, estames e carpelos.<\/p>\n<p><!--nextpage--><\/p>\n<p style=\"text-align: center\"><strong>Bot\u00e2nica<\/strong><\/p>\n<p style=\"text-align: center\"><strong>Recurso did\u00e1tico de monodicotiled\u00f4neas e eudicotiled\u00f4neas<\/strong><\/p>\n<p><img data-recalc-dims=\"1\" data-attachment-id=\"497\" data-permalink=\"https:\/\/wp.ufpel.edu.br\/lencibio\/botanica\/dsc00538\/\" data-orig-file=\"https:\/\/i0.wp.com\/wp.ufpel.edu.br\/lencibio\/files\/2017\/08\/DSC00538.jpg?fit=4608%2C3456&amp;ssl=1\" data-orig-size=\"4608,3456\" data-comments-opened=\"0\" data-image-meta=\"{&quot;aperture&quot;:&quot;3.2&quot;,&quot;credit&quot;:&quot;&quot;,&quot;camera&quot;:&quot;DSC-W710&quot;,&quot;caption&quot;:&quot;&quot;,&quot;created_timestamp&quot;:&quot;1362879386&quot;,&quot;copyright&quot;:&quot;&quot;,&quot;focal_length&quot;:&quot;5&quot;,&quot;iso&quot;:&quot;400&quot;,&quot;shutter_speed&quot;:&quot;0.076923076923077&quot;,&quot;title&quot;:&quot;&quot;,&quot;orientation&quot;:&quot;1&quot;}\" data-image-title=\"DSC00538\" data-image-description=\"\" data-image-caption=\"\" data-medium-file=\"https:\/\/i0.wp.com\/wp.ufpel.edu.br\/lencibio\/files\/2017\/08\/DSC00538.jpg?fit=400%2C300&amp;ssl=1\" data-large-file=\"https:\/\/i0.wp.com\/wp.ufpel.edu.br\/lencibio\/files\/2017\/08\/DSC00538.jpg?fit=1024%2C768&amp;ssl=1\" class=\"alignnone wp-image-497\" src=\"https:\/\/i0.wp.com\/wp.ufpel.edu.br\/lencibio\/files\/2017\/08\/DSC00538.jpg?resize=296%2C222&#038;ssl=1\" alt=\"\" width=\"296\" height=\"222\" srcset=\"https:\/\/i0.wp.com\/wp.ufpel.edu.br\/lencibio\/files\/2017\/08\/DSC00538.jpg?resize=400%2C300&amp;ssl=1 400w, https:\/\/i0.wp.com\/wp.ufpel.edu.br\/lencibio\/files\/2017\/08\/DSC00538.jpg?resize=768%2C576&amp;ssl=1 768w, https:\/\/i0.wp.com\/wp.ufpel.edu.br\/lencibio\/files\/2017\/08\/DSC00538.jpg?resize=1024%2C768&amp;ssl=1 1024w, https:\/\/i0.wp.com\/wp.ufpel.edu.br\/lencibio\/files\/2017\/08\/DSC00538.jpg?w=2000&amp;ssl=1 2000w, https:\/\/i0.wp.com\/wp.ufpel.edu.br\/lencibio\/files\/2017\/08\/DSC00538.jpg?w=3000&amp;ssl=1 3000w\" sizes=\"(max-width: 296px) 100vw, 296px\" \/> <img data-recalc-dims=\"1\" data-attachment-id=\"499\" data-permalink=\"https:\/\/wp.ufpel.edu.br\/lencibio\/botanica\/dsc00539\/\" data-orig-file=\"https:\/\/i0.wp.com\/wp.ufpel.edu.br\/lencibio\/files\/2017\/08\/DSC00539.jpg?fit=4608%2C3456&amp;ssl=1\" data-orig-size=\"4608,3456\" data-comments-opened=\"0\" data-image-meta=\"{&quot;aperture&quot;:&quot;3.2&quot;,&quot;credit&quot;:&quot;&quot;,&quot;camera&quot;:&quot;DSC-W710&quot;,&quot;caption&quot;:&quot;&quot;,&quot;created_timestamp&quot;:&quot;1362879393&quot;,&quot;copyright&quot;:&quot;&quot;,&quot;focal_length&quot;:&quot;5&quot;,&quot;iso&quot;:&quot;400&quot;,&quot;shutter_speed&quot;:&quot;0.076923076923077&quot;,&quot;title&quot;:&quot;&quot;,&quot;orientation&quot;:&quot;1&quot;}\" data-image-title=\"DSC00539\" data-image-description=\"\" data-image-caption=\"\" data-medium-file=\"https:\/\/i0.wp.com\/wp.ufpel.edu.br\/lencibio\/files\/2017\/08\/DSC00539.jpg?fit=400%2C300&amp;ssl=1\" data-large-file=\"https:\/\/i0.wp.com\/wp.ufpel.edu.br\/lencibio\/files\/2017\/08\/DSC00539.jpg?fit=1024%2C768&amp;ssl=1\" class=\"alignnone wp-image-499\" src=\"https:\/\/i0.wp.com\/wp.ufpel.edu.br\/lencibio\/files\/2017\/08\/DSC00539.jpg?resize=294%2C221&#038;ssl=1\" alt=\"\" width=\"294\" height=\"221\" srcset=\"https:\/\/i0.wp.com\/wp.ufpel.edu.br\/lencibio\/files\/2017\/08\/DSC00539.jpg?resize=400%2C300&amp;ssl=1 400w, https:\/\/i0.wp.com\/wp.ufpel.edu.br\/lencibio\/files\/2017\/08\/DSC00539.jpg?resize=768%2C576&amp;ssl=1 768w, https:\/\/i0.wp.com\/wp.ufpel.edu.br\/lencibio\/files\/2017\/08\/DSC00539.jpg?resize=1024%2C768&amp;ssl=1 1024w, https:\/\/i0.wp.com\/wp.ufpel.edu.br\/lencibio\/files\/2017\/08\/DSC00539.jpg?w=2000&amp;ssl=1 2000w, https:\/\/i0.wp.com\/wp.ufpel.edu.br\/lencibio\/files\/2017\/08\/DSC00539.jpg?w=3000&amp;ssl=1 3000w\" sizes=\"(max-width: 294px) 100vw, 294px\" \/><\/p>\n<p><!--nextpage--><\/p>\n<p style=\"text-align: center\"><strong>Bot\u00e2nica<\/strong><\/p>\n<p style=\"text-align: center\"><strong>Maquete articulada das partes reprodutivas das flores<\/strong><\/p>\n<p><img data-recalc-dims=\"1\" data-attachment-id=\"500\" data-permalink=\"https:\/\/wp.ufpel.edu.br\/lencibio\/botanica\/dsc00540\/\" data-orig-file=\"https:\/\/i0.wp.com\/wp.ufpel.edu.br\/lencibio\/files\/2017\/08\/DSC00540.jpg?fit=4608%2C3456&amp;ssl=1\" data-orig-size=\"4608,3456\" data-comments-opened=\"0\" data-image-meta=\"{&quot;aperture&quot;:&quot;3.2&quot;,&quot;credit&quot;:&quot;&quot;,&quot;camera&quot;:&quot;DSC-W710&quot;,&quot;caption&quot;:&quot;&quot;,&quot;created_timestamp&quot;:&quot;1362879471&quot;,&quot;copyright&quot;:&quot;&quot;,&quot;focal_length&quot;:&quot;5&quot;,&quot;iso&quot;:&quot;320&quot;,&quot;shutter_speed&quot;:&quot;0.033333333333333&quot;,&quot;title&quot;:&quot;&quot;,&quot;orientation&quot;:&quot;1&quot;}\" data-image-title=\"DSC00540\" data-image-description=\"\" data-image-caption=\"\" data-medium-file=\"https:\/\/i0.wp.com\/wp.ufpel.edu.br\/lencibio\/files\/2017\/08\/DSC00540.jpg?fit=400%2C300&amp;ssl=1\" data-large-file=\"https:\/\/i0.wp.com\/wp.ufpel.edu.br\/lencibio\/files\/2017\/08\/DSC00540.jpg?fit=1024%2C768&amp;ssl=1\" class=\"alignnone size-medium wp-image-500\" src=\"https:\/\/i0.wp.com\/wp.ufpel.edu.br\/lencibio\/files\/2017\/08\/DSC00540.jpg?resize=400%2C300&#038;ssl=1\" alt=\"\" width=\"400\" height=\"300\" srcset=\"https:\/\/i0.wp.com\/wp.ufpel.edu.br\/lencibio\/files\/2017\/08\/DSC00540.jpg?resize=400%2C300&amp;ssl=1 400w, https:\/\/i0.wp.com\/wp.ufpel.edu.br\/lencibio\/files\/2017\/08\/DSC00540.jpg?resize=768%2C576&amp;ssl=1 768w, https:\/\/i0.wp.com\/wp.ufpel.edu.br\/lencibio\/files\/2017\/08\/DSC00540.jpg?resize=1024%2C768&amp;ssl=1 1024w, https:\/\/i0.wp.com\/wp.ufpel.edu.br\/lencibio\/files\/2017\/08\/DSC00540.jpg?w=2000&amp;ssl=1 2000w, https:\/\/i0.wp.com\/wp.ufpel.edu.br\/lencibio\/files\/2017\/08\/DSC00540.jpg?w=3000&amp;ssl=1 3000w\" sizes=\"(max-width: 400px) 100vw, 400px\" \/> <img data-recalc-dims=\"1\" data-attachment-id=\"501\" data-permalink=\"https:\/\/wp.ufpel.edu.br\/lencibio\/botanica\/dsc00541\/\" data-orig-file=\"https:\/\/i0.wp.com\/wp.ufpel.edu.br\/lencibio\/files\/2017\/08\/DSC00541.jpg?fit=4608%2C3456&amp;ssl=1\" data-orig-size=\"4608,3456\" data-comments-opened=\"0\" data-image-meta=\"{&quot;aperture&quot;:&quot;3.2&quot;,&quot;credit&quot;:&quot;&quot;,&quot;camera&quot;:&quot;DSC-W710&quot;,&quot;caption&quot;:&quot;&quot;,&quot;created_timestamp&quot;:&quot;1362879494&quot;,&quot;copyright&quot;:&quot;&quot;,&quot;focal_length&quot;:&quot;5&quot;,&quot;iso&quot;:&quot;320&quot;,&quot;shutter_speed&quot;:&quot;0.033333333333333&quot;,&quot;title&quot;:&quot;&quot;,&quot;orientation&quot;:&quot;1&quot;}\" data-image-title=\"DSC00541\" data-image-description=\"\" data-image-caption=\"\" data-medium-file=\"https:\/\/i0.wp.com\/wp.ufpel.edu.br\/lencibio\/files\/2017\/08\/DSC00541.jpg?fit=400%2C300&amp;ssl=1\" data-large-file=\"https:\/\/i0.wp.com\/wp.ufpel.edu.br\/lencibio\/files\/2017\/08\/DSC00541.jpg?fit=1024%2C768&amp;ssl=1\" class=\"alignnone size-medium wp-image-501\" src=\"https:\/\/i0.wp.com\/wp.ufpel.edu.br\/lencibio\/files\/2017\/08\/DSC00541.jpg?resize=400%2C300&#038;ssl=1\" alt=\"\" width=\"400\" height=\"300\" srcset=\"https:\/\/i0.wp.com\/wp.ufpel.edu.br\/lencibio\/files\/2017\/08\/DSC00541.jpg?resize=400%2C300&amp;ssl=1 400w, https:\/\/i0.wp.com\/wp.ufpel.edu.br\/lencibio\/files\/2017\/08\/DSC00541.jpg?resize=768%2C576&amp;ssl=1 768w, https:\/\/i0.wp.com\/wp.ufpel.edu.br\/lencibio\/files\/2017\/08\/DSC00541.jpg?resize=1024%2C768&amp;ssl=1 1024w, https:\/\/i0.wp.com\/wp.ufpel.edu.br\/lencibio\/files\/2017\/08\/DSC00541.jpg?w=2000&amp;ssl=1 2000w, https:\/\/i0.wp.com\/wp.ufpel.edu.br\/lencibio\/files\/2017\/08\/DSC00541.jpg?w=3000&amp;ssl=1 3000w\" sizes=\"(max-width: 400px) 100vw, 400px\" \/><\/p>\n","protected":false},"excerpt":{"rendered":"<p>Bot\u00e2nica Estruturas das flores As flores permitem a reprodu\u00e7\u00e3o sexuada das angiospermas. \u00c9 nelas que ocorre a fecunda\u00e7\u00e3o, ou seja, a uni\u00e3o de uma c\u00e9lula masculina com uma c\u00e9lula sexual feminina &#8211; depois disso formam-se frutos e sementes. Uma flor completa comp\u00f5em-se de v\u00e1rias partes como: ped\u00fanculo, recept\u00e1culo floral, s\u00e9palas, p\u00e9talas, estames e carpelos.<\/p>\n","protected":false},"author":780,"featured_media":0,"parent":0,"menu_order":0,"comment_status":"closed","ping_status":"closed","template":"","meta":{"jetpack_post_was_ever_published":false,"footnotes":""},"class_list":["post-470","page","type-page","status-publish","hentry"],"jetpack_sharing_enabled":true,"jetpack_shortlink":"https:\/\/wp.me\/P90WYW-7A","jetpack-related-posts":[],"_links":{"self":[{"href":"https:\/\/wp.ufpel.edu.br\/lencibio\/wp-json\/wp\/v2\/pages\/470","targetHints":{"allow":["GET"]}}],"collection":[{"href":"https:\/\/wp.ufpel.edu.br\/lencibio\/wp-json\/wp\/v2\/pages"}],"about":[{"href":"https:\/\/wp.ufpel.edu.br\/lencibio\/wp-json\/wp\/v2\/types\/page"}],"author":[{"embeddable":true,"href":"https:\/\/wp.ufpel.edu.br\/lencibio\/wp-json\/wp\/v2\/users\/780"}],"replies":[{"embeddable":true,"href":"https:\/\/wp.ufpel.edu.br\/lencibio\/wp-json\/wp\/v2\/comments?post=470"}],"version-history":[{"count":5,"href":"https:\/\/wp.ufpel.edu.br\/lencibio\/wp-json\/wp\/v2\/pages\/470\/revisions"}],"predecessor-version":[{"id":502,"href":"https:\/\/wp.ufpel.edu.br\/lencibio\/wp-json\/wp\/v2\/pages\/470\/revisions\/502"}],"wp:attachment":[{"href":"https:\/\/wp.ufpel.edu.br\/lencibio\/wp-json\/wp\/v2\/media?parent=470"}],"curies":[{"name":"wp","href":"https:\/\/api.w.org\/{rel}","templated":true}]}}