{"id":464,"date":"2017-08-21T15:58:49","date_gmt":"2017-08-21T18:58:49","guid":{"rendered":"https:\/\/wp.ufpel.edu.br\/lencibio\/?page_id=464"},"modified":"2017-08-22T12:31:39","modified_gmt":"2017-08-22T15:31:39","slug":"9o-ano8a-serie","status":"publish","type":"page","link":"https:\/\/wp.ufpel.edu.br\/lencibio\/9o-ano8a-serie\/","title":{"rendered":"9\u00ba ano\/8\u00aa s\u00e9rie"},"content":{"rendered":"<p><img data-recalc-dims=\"1\" data-attachment-id=\"486\" data-permalink=\"https:\/\/wp.ufpel.edu.br\/lencibio\/9o-ano8a-serie\/9-ano\/\" data-orig-file=\"https:\/\/i0.wp.com\/wp.ufpel.edu.br\/lencibio\/files\/2017\/08\/9-ANO.jpeg?fit=401%2C803&amp;ssl=1\" data-orig-size=\"401,803\" data-comments-opened=\"0\" data-image-meta=\"{&quot;aperture&quot;:&quot;0&quot;,&quot;credit&quot;:&quot;&quot;,&quot;camera&quot;:&quot;&quot;,&quot;caption&quot;:&quot;&quot;,&quot;created_timestamp&quot;:&quot;0&quot;,&quot;copyright&quot;:&quot;&quot;,&quot;focal_length&quot;:&quot;0&quot;,&quot;iso&quot;:&quot;0&quot;,&quot;shutter_speed&quot;:&quot;0&quot;,&quot;title&quot;:&quot;&quot;,&quot;orientation&quot;:&quot;0&quot;}\" data-image-title=\"9 ANO\" data-image-description=\"\" data-image-caption=\"\" data-medium-file=\"https:\/\/i0.wp.com\/wp.ufpel.edu.br\/lencibio\/files\/2017\/08\/9-ANO.jpeg?fit=200%2C400&amp;ssl=1\" data-large-file=\"https:\/\/i0.wp.com\/wp.ufpel.edu.br\/lencibio\/files\/2017\/08\/9-ANO.jpeg?fit=401%2C803&amp;ssl=1\" class=\"size-medium wp-image-486 alignleft\" src=\"https:\/\/i0.wp.com\/wp.ufpel.edu.br\/lencibio\/files\/2017\/08\/9-ANO.jpeg?resize=200%2C400&#038;ssl=1\" alt=\"\" width=\"200\" height=\"400\" srcset=\"https:\/\/i0.wp.com\/wp.ufpel.edu.br\/lencibio\/files\/2017\/08\/9-ANO.jpeg?resize=200%2C400&amp;ssl=1 200w, https:\/\/i0.wp.com\/wp.ufpel.edu.br\/lencibio\/files\/2017\/08\/9-ANO.jpeg?w=401&amp;ssl=1 401w\" sizes=\"(max-width: 200px) 100vw, 200px\" \/>1- Jornadas.cie &#8211; Ci\u00eancias (Ma\u00edra Rosa Carnevalle)<\/p>\n<p>2-Ci\u00eancia, Natureza e Cotidiano &#8211; Ci\u00eancias, Criatividade, Pesquisa, Conhecimento (Jos\u00e9 Trivellato, Silvia Trivellato, Marcelo Motokane, J\u00falio Foschini Lisboa e Carlos Kantor)<\/p>\n<p>3-Ci\u00eancias Naturais (Olga Santana, Anibal Fonseca e Erika Mozena)<\/p>\n<p>4-Ci\u00eancias &#8211; Mat\u00e9ria e Energia (Fernando Gewandsznajder)<\/p>\n<p>5- Ci\u00eancias &#8211; Mat\u00e9ria e Energia (Fernando Gewandsznajder)<\/p>\n<p>6- Projeto Radix &#8211; Raiz do Conhecimento &#8211; Ci\u00eancias (Leonel Delvai Favali, Karina Alessandra Pess\u00f4a da Silva e Elisangela Andrade Angelo)<\/p>\n<p>7- Ci\u00eancias &#8211; Tecnologia e Sociedade (Cec\u00edlia Valle)<\/p>\n<p>8- Ci\u00eancias &#8211; Novo Pensar &#8211; Biologia, F\u00edsica e Qu\u00edmica (Dem\u00e9trio Ossowski, Eduardo Martins e Jos\u00e9 Roberto Bonjorno)<\/p>\n<p>9- Investigar e Conhecer &#8211; Ci\u00eancias da Natureza (S\u00f4nia Lopes)<\/p>\n<p>10- Ci\u00eancias &#8211; Novo Pensar &#8211; Qu\u00edmica e F\u00edsica (Dem\u00e9trio Ossowski Gowdak e Eduardo Lavieri Martins)<\/p>\n<p>11- Ci\u00eancias &#8211; Perspectiva (Ana Maria Pereira, Ana Paula Bemfeito, Carlos Eduardo Pinto, Margarida Santana e M\u00f4nica Waldhelm)<\/p>\n<p>12-Ci\u00eancias Naturais &#8211; Aprendendo com o cotidiano (Eduardo Leite do Canto)<\/p>\n<p>&nbsp;<\/p>\n","protected":false},"excerpt":{"rendered":"<p>1- Jornadas.cie &#8211; Ci\u00eancias (Ma\u00edra Rosa Carnevalle) 2-Ci\u00eancia, Natureza e Cotidiano &#8211; Ci\u00eancias, Criatividade, Pesquisa, Conhecimento (Jos\u00e9 Trivellato, Silvia Trivellato, Marcelo Motokane, J\u00falio Foschini Lisboa e Carlos Kantor) 3-Ci\u00eancias Naturais (Olga Santana, Anibal Fonseca e Erika Mozena) 4-Ci\u00eancias &#8211; Mat\u00e9ria e Energia (Fernando Gewandsznajder) 5- Ci\u00eancias &#8211; Mat\u00e9ria e Energia (Fernando Gewandsznajder) 6- Projeto Radix [&hellip;]<\/p>\n","protected":false},"author":780,"featured_media":0,"parent":0,"menu_order":0,"comment_status":"closed","ping_status":"closed","template":"","meta":{"jetpack_post_was_ever_published":false,"footnotes":""},"class_list":["post-464","page","type-page","status-publish","hentry"],"jetpack_sharing_enabled":true,"jetpack_shortlink":"https:\/\/wp.me\/P90WYW-7u","jetpack-related-posts":[],"_links":{"self":[{"href":"https:\/\/wp.ufpel.edu.br\/lencibio\/wp-json\/wp\/v2\/pages\/464","targetHints":{"allow":["GET"]}}],"collection":[{"href":"https:\/\/wp.ufpel.edu.br\/lencibio\/wp-json\/wp\/v2\/pages"}],"about":[{"href":"https:\/\/wp.ufpel.edu.br\/lencibio\/wp-json\/wp\/v2\/types\/page"}],"author":[{"embeddable":true,"href":"https:\/\/wp.ufpel.edu.br\/lencibio\/wp-json\/wp\/v2\/users\/780"}],"replies":[{"embeddable":true,"href":"https:\/\/wp.ufpel.edu.br\/lencibio\/wp-json\/wp\/v2\/comments?post=464"}],"version-history":[{"count":4,"href":"https:\/\/wp.ufpel.edu.br\/lencibio\/wp-json\/wp\/v2\/pages\/464\/revisions"}],"predecessor-version":[{"id":511,"href":"https:\/\/wp.ufpel.edu.br\/lencibio\/wp-json\/wp\/v2\/pages\/464\/revisions\/511"}],"wp:attachment":[{"href":"https:\/\/wp.ufpel.edu.br\/lencibio\/wp-json\/wp\/v2\/media?parent=464"}],"curies":[{"name":"wp","href":"https:\/\/api.w.org\/{rel}","templated":true}]}}