{"id":460,"date":"2017-08-21T15:57:57","date_gmt":"2017-08-21T18:57:57","guid":{"rendered":"https:\/\/wp.ufpel.edu.br\/lencibio\/?page_id=460"},"modified":"2017-08-22T11:56:33","modified_gmt":"2017-08-22T14:56:33","slug":"8o-ano7a-serie","status":"publish","type":"page","link":"https:\/\/wp.ufpel.edu.br\/lencibio\/8o-ano7a-serie\/","title":{"rendered":"8\u00ba ano\/7\u00aa s\u00e9rie"},"content":{"rendered":"<p>1- Ci\u00eancias &#8211; Perspectiva (Ana Maria Pereira, Margarida Santana e M\u00f4nica Waldhelm)<img data-recalc-dims=\"1\" data-attachment-id=\"483\" data-permalink=\"https:\/\/wp.ufpel.edu.br\/lencibio\/8o-ano7a-serie\/8-ano\/\" data-orig-file=\"https:\/\/i0.wp.com\/wp.ufpel.edu.br\/lencibio\/files\/2017\/08\/8-ANO.jpeg?fit=394%2C1194&amp;ssl=1\" data-orig-size=\"394,1194\" data-comments-opened=\"0\" data-image-meta=\"{&quot;aperture&quot;:&quot;0&quot;,&quot;credit&quot;:&quot;&quot;,&quot;camera&quot;:&quot;&quot;,&quot;caption&quot;:&quot;&quot;,&quot;created_timestamp&quot;:&quot;0&quot;,&quot;copyright&quot;:&quot;&quot;,&quot;focal_length&quot;:&quot;0&quot;,&quot;iso&quot;:&quot;0&quot;,&quot;shutter_speed&quot;:&quot;0&quot;,&quot;title&quot;:&quot;&quot;,&quot;orientation&quot;:&quot;0&quot;}\" data-image-title=\"8 ANO\" data-image-description=\"\" data-image-caption=\"\" data-medium-file=\"https:\/\/i0.wp.com\/wp.ufpel.edu.br\/lencibio\/files\/2017\/08\/8-ANO.jpeg?fit=132%2C400&amp;ssl=1\" data-large-file=\"https:\/\/i0.wp.com\/wp.ufpel.edu.br\/lencibio\/files\/2017\/08\/8-ANO.jpeg?fit=338%2C1024&amp;ssl=1\" class=\"size-medium wp-image-483 alignleft\" src=\"https:\/\/i0.wp.com\/wp.ufpel.edu.br\/lencibio\/files\/2017\/08\/8-ANO.jpeg?resize=132%2C400&#038;ssl=1\" alt=\"\" width=\"132\" height=\"400\" srcset=\"https:\/\/i0.wp.com\/wp.ufpel.edu.br\/lencibio\/files\/2017\/08\/8-ANO.jpeg?resize=132%2C400&amp;ssl=1 132w, https:\/\/i0.wp.com\/wp.ufpel.edu.br\/lencibio\/files\/2017\/08\/8-ANO.jpeg?resize=338%2C1024&amp;ssl=1 338w, https:\/\/i0.wp.com\/wp.ufpel.edu.br\/lencibio\/files\/2017\/08\/8-ANO.jpeg?w=394&amp;ssl=1 394w\" sizes=\"(max-width: 132px) 100vw, 132px\" \/><\/p>\n<p>2- Campanha das Ci\u00eancias (Jos\u00e9 Manoel, Eduardo Schechtmann, Luiz Carlos Ferrer e Herick Martin Velloso)<\/p>\n<p>3- Ci\u00eancias (Jo\u00e3o Batista Aguilar e Paula Signorini)<\/p>\n<p>4- Ci\u00eancias Naturais no Dia-a-Dia (Jenner Proc\u00f3pio de Alvarenga, Jos\u00e9 Luiz Pedersoli, Moacir Assis D&#8217;Assun\u00e7\u00e3o Filho e Weillington Caldeira Gomes)<\/p>\n<p>5- Jornadas.Ci\u00ean (Ma\u00edra Rosa Carnevalle)<\/p>\n<p>6- Ci\u00eancias Naturais (Olga Santana e Anibal Fonseca)<\/p>\n<p>7- Ci\u00eancias &#8211; Entendendo a Natureza (C\u00e9sar da Silva J\u00fanior, Sezar Sasson e Paulo S\u00e9rgio Bedaque Sanches)<\/p>\n<p>8-Ci\u00eancias, Educa\u00e7\u00e3o Ambiental &#8211; O corpo humano (Daniel Cruz)<\/p>\n<p>9-Projeto Ararib\u00e1 &#8211; Ci\u00eancias (Jos\u00e9 Luiz Carvalho da Cruz)<\/p>\n<p>10- Ararib\u00e1 Ci\u00eancias &#8211; Guia de Estudo (Rita Helena Br\u00f6ckelmann)<\/p>\n<p>11- Ci\u00eancias (Cec\u00edlia Valle)<\/p>\n<p>12- Projeto Radix &#8211; Raiz do Conhecimento &#8211; Ci\u00eancias (Leonel Delvai Favalli, Karina Alessandra Pess\u00f4a da Silva e Elisangela Andrade Angelo)<\/p>\n<p>13- Guia e Recursos Did\u00e1ticos &#8211; Ci\u00eancias (Jos\u00e9 Luiz Carvalho da Cruz)<\/p>\n<p>14- Ci\u00eancias &#8211; Novo Pensar &#8211; Corpo Humano (Dem\u00e9trio Ossowski Gowdak e Eduardo Lavieri Martins)<\/p>\n<p>15- Ci\u00eancias &#8211; Perspectiva (Ana Maria Pereira, Margarida Santana e M\u00f4nica Waldhelm)<\/p>\n<p>16- Ci\u00eancias (Fernando Gewandsznajder)<\/p>\n<p>17- Projeto Radix &#8211; Ci\u00eancias (Leonel Delvai Favalli, Karina Alessandra Pess\u00f4a e Elisangela Andrade Angelo)<\/p>\n<p>18- Ci\u00eancias &#8211; O corpo humano ( Carlos Barros e Wilson Roberto Paulino)<\/p>\n","protected":false},"excerpt":{"rendered":"<p>1- Ci\u00eancias &#8211; Perspectiva (Ana Maria Pereira, Margarida Santana e M\u00f4nica Waldhelm) 2- Campanha das Ci\u00eancias (Jos\u00e9 Manoel, Eduardo Schechtmann, Luiz Carlos Ferrer e Herick Martin Velloso) 3- Ci\u00eancias (Jo\u00e3o Batista Aguilar e Paula Signorini) 4- Ci\u00eancias Naturais no Dia-a-Dia (Jenner Proc\u00f3pio de Alvarenga, Jos\u00e9 Luiz Pedersoli, Moacir Assis D&#8217;Assun\u00e7\u00e3o Filho e Weillington Caldeira Gomes) [&hellip;]<\/p>\n","protected":false},"author":780,"featured_media":0,"parent":0,"menu_order":0,"comment_status":"closed","ping_status":"closed","template":"","meta":{"jetpack_post_was_ever_published":false,"footnotes":""},"class_list":["post-460","page","type-page","status-publish","hentry"],"jetpack_sharing_enabled":true,"jetpack_shortlink":"https:\/\/wp.me\/P90WYW-7q","jetpack-related-posts":[],"_links":{"self":[{"href":"https:\/\/wp.ufpel.edu.br\/lencibio\/wp-json\/wp\/v2\/pages\/460","targetHints":{"allow":["GET"]}}],"collection":[{"href":"https:\/\/wp.ufpel.edu.br\/lencibio\/wp-json\/wp\/v2\/pages"}],"about":[{"href":"https:\/\/wp.ufpel.edu.br\/lencibio\/wp-json\/wp\/v2\/types\/page"}],"author":[{"embeddable":true,"href":"https:\/\/wp.ufpel.edu.br\/lencibio\/wp-json\/wp\/v2\/users\/780"}],"replies":[{"embeddable":true,"href":"https:\/\/wp.ufpel.edu.br\/lencibio\/wp-json\/wp\/v2\/comments?post=460"}],"version-history":[{"count":4,"href":"https:\/\/wp.ufpel.edu.br\/lencibio\/wp-json\/wp\/v2\/pages\/460\/revisions"}],"predecessor-version":[{"id":509,"href":"https:\/\/wp.ufpel.edu.br\/lencibio\/wp-json\/wp\/v2\/pages\/460\/revisions\/509"}],"wp:attachment":[{"href":"https:\/\/wp.ufpel.edu.br\/lencibio\/wp-json\/wp\/v2\/media?parent=460"}],"curies":[{"name":"wp","href":"https:\/\/api.w.org\/{rel}","templated":true}]}}