{"id":456,"date":"2017-08-21T15:57:28","date_gmt":"2017-08-21T18:57:28","guid":{"rendered":"https:\/\/wp.ufpel.edu.br\/lencibio\/?page_id=456"},"modified":"2017-08-22T11:33:03","modified_gmt":"2017-08-22T14:33:03","slug":"7o-ano6a-serie","status":"publish","type":"page","link":"https:\/\/wp.ufpel.edu.br\/lencibio\/7o-ano6a-serie\/","title":{"rendered":"7\u00ba ano\/6\u00aa s\u00e9rie"},"content":{"rendered":"<p><img data-recalc-dims=\"1\" data-attachment-id=\"480\" data-permalink=\"https:\/\/wp.ufpel.edu.br\/lencibio\/7o-ano6a-serie\/7-ano\/\" data-orig-file=\"https:\/\/i0.wp.com\/wp.ufpel.edu.br\/lencibio\/files\/2017\/08\/7-ANO.jpeg?fit=401%2C599&amp;ssl=1\" data-orig-size=\"401,599\" data-comments-opened=\"0\" data-image-meta=\"{&quot;aperture&quot;:&quot;0&quot;,&quot;credit&quot;:&quot;&quot;,&quot;camera&quot;:&quot;&quot;,&quot;caption&quot;:&quot;&quot;,&quot;created_timestamp&quot;:&quot;0&quot;,&quot;copyright&quot;:&quot;&quot;,&quot;focal_length&quot;:&quot;0&quot;,&quot;iso&quot;:&quot;0&quot;,&quot;shutter_speed&quot;:&quot;0&quot;,&quot;title&quot;:&quot;&quot;,&quot;orientation&quot;:&quot;0&quot;}\" data-image-title=\"7 ANO\" data-image-description=\"\" data-image-caption=\"\" data-medium-file=\"https:\/\/i0.wp.com\/wp.ufpel.edu.br\/lencibio\/files\/2017\/08\/7-ANO.jpeg?fit=268%2C400&amp;ssl=1\" data-large-file=\"https:\/\/i0.wp.com\/wp.ufpel.edu.br\/lencibio\/files\/2017\/08\/7-ANO.jpeg?fit=401%2C599&amp;ssl=1\" class=\"size-medium wp-image-480 alignleft\" src=\"https:\/\/i0.wp.com\/wp.ufpel.edu.br\/lencibio\/files\/2017\/08\/7-ANO.jpeg?resize=268%2C400&#038;ssl=1\" alt=\"\" width=\"268\" height=\"400\" srcset=\"https:\/\/i0.wp.com\/wp.ufpel.edu.br\/lencibio\/files\/2017\/08\/7-ANO.jpeg?resize=268%2C400&amp;ssl=1 268w, https:\/\/i0.wp.com\/wp.ufpel.edu.br\/lencibio\/files\/2017\/08\/7-ANO.jpeg?w=401&amp;ssl=1 401w\" sizes=\"(max-width: 268px) 100vw, 268px\" \/>1- Ci\u00eancias &#8211; Novo Pensar &#8211; Seres Vivos (Dem\u00e9trio Gowdak e Eduardo Martins)<\/p>\n<p>2- Ci\u00eancias &#8211; Perspectiva (Ana Maria Pereira, Margarida Santana e M\u00f4nica Waldhelm)<\/p>\n<p>3- Ci\u00eancias Naturais (Olga Santana e Animal Fonseca)<\/p>\n<p>4- Link da Ci\u00eancia (Silvia Bortolozzo e Suzana Maluhy)<\/p>\n<p>5- Ci\u00eancias &#8211; A vida na terra (Fernando Gewandsznajder)<\/p>\n<p>6- Ci\u00eancias Naturais &#8211; Aprendendo com o Cotidiano (Eduardo Leite do Canto)<\/p>\n<p>7- Ararib\u00e1 Ci\u00eancias &#8211; Guia de Estudo (Rita Helena Br\u00f6ckelmann)<\/p>\n<p>8- Ci\u00eancias &#8211; Os seres vivos (Carlos Barros e Wilson Roberto Paulino)<\/p>\n<p>&nbsp;<\/p>\n","protected":false},"excerpt":{"rendered":"<p>1- Ci\u00eancias &#8211; Novo Pensar &#8211; Seres Vivos (Dem\u00e9trio Gowdak e Eduardo Martins) 2- Ci\u00eancias &#8211; Perspectiva (Ana Maria Pereira, Margarida Santana e M\u00f4nica Waldhelm) 3- Ci\u00eancias Naturais (Olga Santana e Animal Fonseca) 4- Link da Ci\u00eancia (Silvia Bortolozzo e Suzana Maluhy) 5- Ci\u00eancias &#8211; A vida na terra (Fernando Gewandsznajder) 6- Ci\u00eancias Naturais &#8211; [&hellip;]<\/p>\n","protected":false},"author":780,"featured_media":0,"parent":0,"menu_order":0,"comment_status":"closed","ping_status":"closed","template":"","meta":{"jetpack_post_was_ever_published":false,"footnotes":""},"class_list":["post-456","page","type-page","status-publish","hentry"],"jetpack_sharing_enabled":true,"jetpack_shortlink":"https:\/\/wp.me\/P90WYW-7m","jetpack-related-posts":[],"_links":{"self":[{"href":"https:\/\/wp.ufpel.edu.br\/lencibio\/wp-json\/wp\/v2\/pages\/456","targetHints":{"allow":["GET"]}}],"collection":[{"href":"https:\/\/wp.ufpel.edu.br\/lencibio\/wp-json\/wp\/v2\/pages"}],"about":[{"href":"https:\/\/wp.ufpel.edu.br\/lencibio\/wp-json\/wp\/v2\/types\/page"}],"author":[{"embeddable":true,"href":"https:\/\/wp.ufpel.edu.br\/lencibio\/wp-json\/wp\/v2\/users\/780"}],"replies":[{"embeddable":true,"href":"https:\/\/wp.ufpel.edu.br\/lencibio\/wp-json\/wp\/v2\/comments?post=456"}],"version-history":[{"count":4,"href":"https:\/\/wp.ufpel.edu.br\/lencibio\/wp-json\/wp\/v2\/pages\/456\/revisions"}],"predecessor-version":[{"id":507,"href":"https:\/\/wp.ufpel.edu.br\/lencibio\/wp-json\/wp\/v2\/pages\/456\/revisions\/507"}],"wp:attachment":[{"href":"https:\/\/wp.ufpel.edu.br\/lencibio\/wp-json\/wp\/v2\/media?parent=456"}],"curies":[{"name":"wp","href":"https:\/\/api.w.org\/{rel}","templated":true}]}}