{"id":451,"date":"2017-08-21T15:56:22","date_gmt":"2017-08-21T18:56:22","guid":{"rendered":"https:\/\/wp.ufpel.edu.br\/lencibio\/?page_id=451"},"modified":"2017-08-22T11:26:55","modified_gmt":"2017-08-22T14:26:55","slug":"6o-ano5a-serie","status":"publish","type":"page","link":"https:\/\/wp.ufpel.edu.br\/lencibio\/6o-ano5a-serie\/","title":{"rendered":"6\u00ba ano\/5\u00aa s\u00e9rie"},"content":{"rendered":"<p><img data-recalc-dims=\"1\" data-attachment-id=\"474\" data-permalink=\"https:\/\/wp.ufpel.edu.br\/lencibio\/6o-ano5a-serie\/6-ano\/\" data-orig-file=\"https:\/\/i0.wp.com\/wp.ufpel.edu.br\/lencibio\/files\/2017\/08\/6-ANO.jpeg?fit=782%2C996&amp;ssl=1\" data-orig-size=\"782,996\" data-comments-opened=\"0\" data-image-meta=\"{&quot;aperture&quot;:&quot;0&quot;,&quot;credit&quot;:&quot;&quot;,&quot;camera&quot;:&quot;&quot;,&quot;caption&quot;:&quot;&quot;,&quot;created_timestamp&quot;:&quot;0&quot;,&quot;copyright&quot;:&quot;&quot;,&quot;focal_length&quot;:&quot;0&quot;,&quot;iso&quot;:&quot;0&quot;,&quot;shutter_speed&quot;:&quot;0&quot;,&quot;title&quot;:&quot;&quot;,&quot;orientation&quot;:&quot;0&quot;}\" data-image-title=\"6 ANO\" data-image-description=\"\" data-image-caption=\"\" data-medium-file=\"https:\/\/i0.wp.com\/wp.ufpel.edu.br\/lencibio\/files\/2017\/08\/6-ANO.jpeg?fit=314%2C400&amp;ssl=1\" data-large-file=\"https:\/\/i0.wp.com\/wp.ufpel.edu.br\/lencibio\/files\/2017\/08\/6-ANO.jpeg?fit=782%2C996&amp;ssl=1\" class=\"size-medium wp-image-474 alignleft\" src=\"https:\/\/i0.wp.com\/wp.ufpel.edu.br\/lencibio\/files\/2017\/08\/6-ANO.jpeg?resize=314%2C400&#038;ssl=1\" alt=\"\" width=\"314\" height=\"400\" srcset=\"https:\/\/i0.wp.com\/wp.ufpel.edu.br\/lencibio\/files\/2017\/08\/6-ANO.jpeg?resize=314%2C400&amp;ssl=1 314w, https:\/\/i0.wp.com\/wp.ufpel.edu.br\/lencibio\/files\/2017\/08\/6-ANO.jpeg?resize=768%2C978&amp;ssl=1 768w, https:\/\/i0.wp.com\/wp.ufpel.edu.br\/lencibio\/files\/2017\/08\/6-ANO.jpeg?w=782&amp;ssl=1 782w\" sizes=\"(max-width: 314px) 100vw, 314px\" \/>1- O meio ambiente (Daniel Cruz)<\/p>\n<p>2- Ci\u00eancias &#8211; O planeta terra (Fernando Gewandsznajder)<\/p>\n<p>3- Terra e Universo (Cec\u00edlia Valle)<\/p>\n<p>4- Ci\u00eancias, Natureza e Cotidiano (Jos\u00e9 Trivellato, Silvia Trivellato, Marcelo Motokane, J\u00falio Foschini Lisboa e Carlos Kantor)<\/p>\n<p>5- Ci\u00eancias &#8211; O planeta terra (Fernando Gewandsznajder)<\/p>\n<p>6- Ci\u00eancias &#8211; O meio ambiente (Carlos Barros e Wilson Paulino)<\/p>\n<p>7-Buriti Ci\u00eancias &#8211; Guia e Recursos Did\u00e1ticos para o Professor (Maria Martins Sanchez)<\/p>\n<p>8- Ci\u00eancias &#8211; O meio ambiente (Carlos Barros e Wilson Roberto Paulino)<\/p>\n<p>9-Buriti Ci\u00eancias &#8211; Guia e Recursos Did\u00e1ticos para o Professor (Marisa Martins Sanchez)<\/p>\n<p>10- Projeto Ararib\u00e1 &#8211; Ci\u00eancias (Jos\u00e9 Luiz Carvalho da Cruz)<\/p>\n<p>11-\u00a0Buriti Ci\u00eancias &#8211; Guia e Recursos Did\u00e1ticos para o Professor (Maria Martins Sanchez)<\/p>\n<p>12- Ci\u00eancias Naturais (Olga Santana e Anibal Fonseca)<\/p>\n<p>13- Ararib\u00e1 Plus (Ma\u00edra Rosa Carnevalle)<\/p>\n<p>14- Ci\u00eancias &#8211; Planeta Terra (Fernando Gewandsznajder)<\/p>\n<p>15- Projeto Ararib\u00e1 &#8211; Guia de Estudos (Rita Helena Br\u00f6ckelmann)<\/p>\n<p>16- Ci\u00eancias &#8211; Perspectiva (Ana Maria Pereira, Margarida Santana e M\u00f4nica Waldhelm)<\/p>\n<p>17- Ci\u00eancias &#8211; Link da Ci\u00eancias (Silvia Bortolozzo e Suzana Maluhy)<\/p>\n<p>18- Projeto Arariba- Ci\u00eancias (Rita Helena Br\u00f6ckelmann)<\/p>\n<p>19- Ci\u00eancias &#8211; O planeta terra (Fernando Gewandsznajder)<\/p>\n<p>20- Ci\u00eancias &#8211; O planeta terra (Fernando Gewandsznajder)<\/p>\n<p>21- Ci\u00eancias &#8211; Novo Pensar &#8211; Meio Ambiente (Dem\u00e9trio Gowdak e Eduardo Martins)<\/p>\n<p>22-Projeto R\u00e1dix &#8211; Raiz do Conhecimento &#8211; Ci\u00eancias (Leonel Delvai Favalli, Karina Alessandra Pess\u00f4a e Elisangela Andrade Angelo)<\/p>\n<p>23-\u00a0Projeto R\u00e1dix &#8211; Raiz do Conhecimento &#8211; Ci\u00eancias (Leonel Delvai Favalli, Karina Alessandra Pess\u00f4a e Elisangela Andrade Angelo)<\/p>\n<p>24- Ci\u00eancias Naturais &#8211; Aprendendo com o Cotidiano (Eduardo Leite do Canto)<\/p>\n<p>25- Ci\u00eancias, Vida e Ambiente (Cec\u00edlia Valle)<\/p>\n<p>26- Projeto Ararib\u00e1 &#8211; Ci\u00eancias ( Jos\u00e9 Luiz Caralho da Cruz)<\/p>\n","protected":false},"excerpt":{"rendered":"<p>1- O meio ambiente (Daniel Cruz) 2- Ci\u00eancias &#8211; O planeta terra (Fernando Gewandsznajder) 3- Terra e Universo (Cec\u00edlia Valle) 4- Ci\u00eancias, Natureza e Cotidiano (Jos\u00e9 Trivellato, Silvia Trivellato, Marcelo Motokane, J\u00falio Foschini Lisboa e Carlos Kantor) 5- Ci\u00eancias &#8211; O planeta terra (Fernando Gewandsznajder) 6- Ci\u00eancias &#8211; O meio ambiente (Carlos Barros e Wilson [&hellip;]<\/p>\n","protected":false},"author":780,"featured_media":0,"parent":0,"menu_order":0,"comment_status":"closed","ping_status":"closed","template":"","meta":{"jetpack_post_was_ever_published":false,"footnotes":""},"class_list":["post-451","page","type-page","status-publish","hentry"],"jetpack_sharing_enabled":true,"jetpack_shortlink":"https:\/\/wp.me\/P90WYW-7h","jetpack-related-posts":[],"_links":{"self":[{"href":"https:\/\/wp.ufpel.edu.br\/lencibio\/wp-json\/wp\/v2\/pages\/451","targetHints":{"allow":["GET"]}}],"collection":[{"href":"https:\/\/wp.ufpel.edu.br\/lencibio\/wp-json\/wp\/v2\/pages"}],"about":[{"href":"https:\/\/wp.ufpel.edu.br\/lencibio\/wp-json\/wp\/v2\/types\/page"}],"author":[{"embeddable":true,"href":"https:\/\/wp.ufpel.edu.br\/lencibio\/wp-json\/wp\/v2\/users\/780"}],"replies":[{"embeddable":true,"href":"https:\/\/wp.ufpel.edu.br\/lencibio\/wp-json\/wp\/v2\/comments?post=451"}],"version-history":[{"count":5,"href":"https:\/\/wp.ufpel.edu.br\/lencibio\/wp-json\/wp\/v2\/pages\/451\/revisions"}],"predecessor-version":[{"id":505,"href":"https:\/\/wp.ufpel.edu.br\/lencibio\/wp-json\/wp\/v2\/pages\/451\/revisions\/505"}],"wp:attachment":[{"href":"https:\/\/wp.ufpel.edu.br\/lencibio\/wp-json\/wp\/v2\/media?parent=451"}],"curies":[{"name":"wp","href":"https:\/\/api.w.org\/{rel}","templated":true}]}}