{"id":402,"date":"2017-08-21T14:52:25","date_gmt":"2017-08-21T17:52:25","guid":{"rendered":"https:\/\/wp.ufpel.edu.br\/lencibio\/?page_id=402"},"modified":"2017-08-21T15:56:32","modified_gmt":"2017-08-21T18:56:32","slug":"zoologia","status":"publish","type":"page","link":"https:\/\/wp.ufpel.edu.br\/lencibio\/zoologia\/","title":{"rendered":"Zoologia"},"content":{"rendered":"<p style=\"text-align: center\"><strong>Zoologia<\/strong><\/p>\n<p><img data-recalc-dims=\"1\" data-attachment-id=\"433\" data-permalink=\"https:\/\/wp.ufpel.edu.br\/lencibio\/zoologia\/dsc00535\/\" data-orig-file=\"https:\/\/i0.wp.com\/wp.ufpel.edu.br\/lencibio\/files\/2017\/08\/DSC00535-e1503341750782.jpg?fit=4492%2C2568&amp;ssl=1\" data-orig-size=\"4492,2568\" data-comments-opened=\"0\" data-image-meta=\"{&quot;aperture&quot;:&quot;3.2&quot;,&quot;credit&quot;:&quot;&quot;,&quot;camera&quot;:&quot;DSC-W710&quot;,&quot;caption&quot;:&quot;&quot;,&quot;created_timestamp&quot;:&quot;1362874152&quot;,&quot;copyright&quot;:&quot;&quot;,&quot;focal_length&quot;:&quot;5&quot;,&quot;iso&quot;:&quot;400&quot;,&quot;shutter_speed&quot;:&quot;0.04&quot;,&quot;title&quot;:&quot;&quot;,&quot;orientation&quot;:&quot;1&quot;}\" data-image-title=\"DSC00535\" data-image-description=\"\" data-image-caption=\"\" data-medium-file=\"https:\/\/i0.wp.com\/wp.ufpel.edu.br\/lencibio\/files\/2017\/08\/DSC00535-e1503341750782.jpg?fit=400%2C229&amp;ssl=1\" data-large-file=\"https:\/\/i0.wp.com\/wp.ufpel.edu.br\/lencibio\/files\/2017\/08\/DSC00535-e1503341750782.jpg?fit=1024%2C585&amp;ssl=1\" class=\"alignnone wp-image-433\" src=\"https:\/\/i0.wp.com\/wp.ufpel.edu.br\/lencibio\/files\/2017\/08\/DSC00535.jpg?resize=317%2C238&#038;ssl=1\" alt=\"\" width=\"317\" height=\"238\" \/> <img data-recalc-dims=\"1\" data-attachment-id=\"434\" data-permalink=\"https:\/\/wp.ufpel.edu.br\/lencibio\/zoologia\/dsc00537\/\" data-orig-file=\"https:\/\/i0.wp.com\/wp.ufpel.edu.br\/lencibio\/files\/2017\/08\/DSC00537.jpg?fit=4608%2C3456&amp;ssl=1\" data-orig-size=\"4608,3456\" data-comments-opened=\"0\" data-image-meta=\"{&quot;aperture&quot;:&quot;3.2&quot;,&quot;credit&quot;:&quot;&quot;,&quot;camera&quot;:&quot;DSC-W710&quot;,&quot;caption&quot;:&quot;&quot;,&quot;created_timestamp&quot;:&quot;1362874202&quot;,&quot;copyright&quot;:&quot;&quot;,&quot;focal_length&quot;:&quot;5&quot;,&quot;iso&quot;:&quot;400&quot;,&quot;shutter_speed&quot;:&quot;0.05&quot;,&quot;title&quot;:&quot;&quot;,&quot;orientation&quot;:&quot;1&quot;}\" data-image-title=\"DSC00537\" data-image-description=\"\" data-image-caption=\"\" data-medium-file=\"https:\/\/i0.wp.com\/wp.ufpel.edu.br\/lencibio\/files\/2017\/08\/DSC00537.jpg?fit=400%2C300&amp;ssl=1\" data-large-file=\"https:\/\/i0.wp.com\/wp.ufpel.edu.br\/lencibio\/files\/2017\/08\/DSC00537.jpg?fit=1024%2C768&amp;ssl=1\" class=\"alignnone wp-image-434\" src=\"https:\/\/i0.wp.com\/wp.ufpel.edu.br\/lencibio\/files\/2017\/08\/DSC00537.jpg?resize=319%2C239&#038;ssl=1\" alt=\"\" width=\"319\" height=\"239\" srcset=\"https:\/\/i0.wp.com\/wp.ufpel.edu.br\/lencibio\/files\/2017\/08\/DSC00537.jpg?resize=400%2C300&amp;ssl=1 400w, https:\/\/i0.wp.com\/wp.ufpel.edu.br\/lencibio\/files\/2017\/08\/DSC00537.jpg?resize=768%2C576&amp;ssl=1 768w, https:\/\/i0.wp.com\/wp.ufpel.edu.br\/lencibio\/files\/2017\/08\/DSC00537.jpg?resize=1024%2C768&amp;ssl=1 1024w, https:\/\/i0.wp.com\/wp.ufpel.edu.br\/lencibio\/files\/2017\/08\/DSC00537.jpg?w=2000&amp;ssl=1 2000w, https:\/\/i0.wp.com\/wp.ufpel.edu.br\/lencibio\/files\/2017\/08\/DSC00537.jpg?w=3000&amp;ssl=1 3000w\" sizes=\"(max-width: 319px) 100vw, 319px\" \/><\/p>\n<p style=\"text-align: justify\">Os por\u00edferos, tamb\u00e9m conhecidos como espongi\u00e1rios ou esponjas, sup\u00f5em-se que eles sejam originados de seres unicelulares e heter\u00f3trofos que se agruparam em col\u00f4nias. Esses animais n\u00e3o possuem tecidos bem definidos e n\u00e3o apresentam \u00f3rg\u00e3os nem sistemas. S\u00e3o exclusivamente aqu\u00e1ticos, predominantemente marinhos, mas existem algumas esp\u00e9cies que vivem em \u00e1gua doce. Alimentam-se de restos org\u00e2nicos ou de microrganismos que capturam filtrando a \u00e1gua que penetra em seu corpo. \u00a0Material adapt\u00e1vel para alunos com defici\u00eancia visual.<\/p>\n<p>&nbsp;<\/p>\n","protected":false},"excerpt":{"rendered":"<p>Zoologia Os por\u00edferos, tamb\u00e9m conhecidos como espongi\u00e1rios ou esponjas, sup\u00f5em-se que eles sejam originados de seres unicelulares e heter\u00f3trofos que se agruparam em col\u00f4nias. Esses animais n\u00e3o possuem tecidos bem definidos e n\u00e3o apresentam \u00f3rg\u00e3os nem sistemas. S\u00e3o exclusivamente aqu\u00e1ticos, predominantemente marinhos, mas existem algumas esp\u00e9cies que vivem em \u00e1gua doce. Alimentam-se de restos org\u00e2nicos [&hellip;]<\/p>\n","protected":false},"author":780,"featured_media":0,"parent":0,"menu_order":0,"comment_status":"closed","ping_status":"closed","template":"","meta":{"jetpack_post_was_ever_published":false,"footnotes":""},"class_list":["post-402","page","type-page","status-publish","hentry"],"jetpack_sharing_enabled":true,"jetpack_shortlink":"https:\/\/wp.me\/P90WYW-6u","jetpack-related-posts":[],"_links":{"self":[{"href":"https:\/\/wp.ufpel.edu.br\/lencibio\/wp-json\/wp\/v2\/pages\/402","targetHints":{"allow":["GET"]}}],"collection":[{"href":"https:\/\/wp.ufpel.edu.br\/lencibio\/wp-json\/wp\/v2\/pages"}],"about":[{"href":"https:\/\/wp.ufpel.edu.br\/lencibio\/wp-json\/wp\/v2\/types\/page"}],"author":[{"embeddable":true,"href":"https:\/\/wp.ufpel.edu.br\/lencibio\/wp-json\/wp\/v2\/users\/780"}],"replies":[{"embeddable":true,"href":"https:\/\/wp.ufpel.edu.br\/lencibio\/wp-json\/wp\/v2\/comments?post=402"}],"version-history":[{"count":6,"href":"https:\/\/wp.ufpel.edu.br\/lencibio\/wp-json\/wp\/v2\/pages\/402\/revisions"}],"predecessor-version":[{"id":453,"href":"https:\/\/wp.ufpel.edu.br\/lencibio\/wp-json\/wp\/v2\/pages\/402\/revisions\/453"}],"wp:attachment":[{"href":"https:\/\/wp.ufpel.edu.br\/lencibio\/wp-json\/wp\/v2\/media?parent=402"}],"curies":[{"name":"wp","href":"https:\/\/api.w.org\/{rel}","templated":true}]}}