{"id":389,"date":"2017-08-21T14:51:00","date_gmt":"2017-08-21T17:51:00","guid":{"rendered":"https:\/\/wp.ufpel.edu.br\/lencibio\/?page_id=389"},"modified":"2017-08-21T15:48:58","modified_gmt":"2017-08-21T18:48:58","slug":"linhas-3","status":"publish","type":"page","link":"https:\/\/wp.ufpel.edu.br\/lencibio\/linhas-3\/","title":{"rendered":"Linhas"},"content":{"rendered":"<ul>\n<li>Recursos Did\u00e1ticos para o Ensino de Ci\u00eancias e Biologia;<\/li>\n<li>Recursos Did\u00e1ticos Adaptados para o Ensino de Ci\u00eancias e Biologia;<\/li>\n<li>Livro Did\u00e1tico;<\/li>\n<li>Tecnologias Educacionais;<\/li>\n<\/ul>\n","protected":false},"excerpt":{"rendered":"<p>Recursos Did\u00e1ticos para o Ensino de Ci\u00eancias e Biologia; Recursos Did\u00e1ticos Adaptados para o Ensino de Ci\u00eancias e Biologia; Livro Did\u00e1tico; Tecnologias Educacionais;<\/p>\n","protected":false},"author":780,"featured_media":0,"parent":0,"menu_order":0,"comment_status":"closed","ping_status":"closed","template":"","meta":{"jetpack_post_was_ever_published":false,"footnotes":""},"class_list":["post-389","page","type-page","status-publish","hentry"],"jetpack_sharing_enabled":true,"jetpack_shortlink":"https:\/\/wp.me\/P90WYW-6h","jetpack-related-posts":[],"_links":{"self":[{"href":"https:\/\/wp.ufpel.edu.br\/lencibio\/wp-json\/wp\/v2\/pages\/389","targetHints":{"allow":["GET"]}}],"collection":[{"href":"https:\/\/wp.ufpel.edu.br\/lencibio\/wp-json\/wp\/v2\/pages"}],"about":[{"href":"https:\/\/wp.ufpel.edu.br\/lencibio\/wp-json\/wp\/v2\/types\/page"}],"author":[{"embeddable":true,"href":"https:\/\/wp.ufpel.edu.br\/lencibio\/wp-json\/wp\/v2\/users\/780"}],"replies":[{"embeddable":true,"href":"https:\/\/wp.ufpel.edu.br\/lencibio\/wp-json\/wp\/v2\/comments?post=389"}],"version-history":[{"count":3,"href":"https:\/\/wp.ufpel.edu.br\/lencibio\/wp-json\/wp\/v2\/pages\/389\/revisions"}],"predecessor-version":[{"id":447,"href":"https:\/\/wp.ufpel.edu.br\/lencibio\/wp-json\/wp\/v2\/pages\/389\/revisions\/447"}],"wp:attachment":[{"href":"https:\/\/wp.ufpel.edu.br\/lencibio\/wp-json\/wp\/v2\/media?parent=389"}],"curies":[{"name":"wp","href":"https:\/\/api.w.org\/{rel}","templated":true}]}}