{"id":384,"date":"2017-08-21T14:50:41","date_gmt":"2017-08-21T17:50:41","guid":{"rendered":"https:\/\/wp.ufpel.edu.br\/lencibio\/?page_id=384"},"modified":"2017-08-24T13:57:01","modified_gmt":"2017-08-24T16:57:01","slug":"projetos-2","status":"publish","type":"page","link":"https:\/\/wp.ufpel.edu.br\/lencibio\/projetos-2\/","title":{"rendered":"Projetos"},"content":{"rendered":"<p style=\"text-align: center\"><strong>Biologia sob a lente<\/strong><\/p>\n<p style=\"text-align: justify\"><strong> Coordenador:\u00a0<\/strong>Robledo Lima Gil<\/p>\n<p style=\"text-align: justify\"><strong>Resumo:<\/strong> A forma\u00e7\u00e3o de professores e a doc\u00eancia propriamente dita s\u00e3o foco de discuss\u00f5es e cr\u00edticas ao longo dos tempos, buscando-se melhorias na forma\u00e7\u00e3o inicial e continuada. Discuss\u00f5es procuram qualificar a doc\u00eancia nos cursos de forma\u00e7\u00e3o superior e nas institui\u00e7\u00f5es de ensino b\u00e1sico, fomentando indicativos de mudan\u00e7as. A pesquisa tem como objetivo avaliar o curr\u00edculo em a\u00e7\u00e3o, as rela\u00e7\u00f5es professor-aluno, o ensino e aprendizagem no contexto do Curso de Licenciatura em Ci\u00eancias Biol\u00f3gicas da UFPEL. Os resultados ser\u00e3o utilizados para promo\u00e7\u00e3o de debates, reflex\u00f5es e a\u00e7\u00f5es para a melhoria do curso em quest\u00e3o, com intuito de envolver a comunidade acad\u00eamica. Esta pesquisa articula-se com as atividades do NDE, do PIBID, dos Novos Talentos, do OBEDUC, do Mestrado Profissional em Ensino de Ci\u00eancias (PPGECM\/UFPEL) e do Laborat\u00f3rio de Ensino de Ci\u00eancias e Biologia (LENCIBIO\/UFPEL).<\/p>\n<p style=\"text-align: justify\"><strong>Objetivo:<\/strong> Avaliar o curr\u00edculo em a\u00e7\u00e3o, as rela\u00e7\u00f5es professor-aluno, o ensino e aprendizagem no contexto do Curso de Licenciatura em Ci\u00eancias Biol\u00f3gicas da UFPEL.<\/p>\n","protected":false},"excerpt":{"rendered":"<p>Biologia sob a lente Coordenador:\u00a0Robledo Lima Gil Resumo: A forma\u00e7\u00e3o de professores e a doc\u00eancia propriamente dita s\u00e3o foco de discuss\u00f5es e cr\u00edticas ao longo dos tempos, buscando-se melhorias na forma\u00e7\u00e3o inicial e continuada. Discuss\u00f5es procuram qualificar a doc\u00eancia nos cursos de forma\u00e7\u00e3o superior e nas institui\u00e7\u00f5es de ensino b\u00e1sico, fomentando indicativos de mudan\u00e7as. A [&hellip;]<\/p>\n","protected":false},"author":780,"featured_media":0,"parent":0,"menu_order":0,"comment_status":"closed","ping_status":"closed","template":"","meta":{"jetpack_post_was_ever_published":false,"footnotes":""},"class_list":["post-384","page","type-page","status-publish","hentry"],"jetpack_sharing_enabled":true,"jetpack_shortlink":"https:\/\/wp.me\/P90WYW-6c","jetpack-related-posts":[],"_links":{"self":[{"href":"https:\/\/wp.ufpel.edu.br\/lencibio\/wp-json\/wp\/v2\/pages\/384","targetHints":{"allow":["GET"]}}],"collection":[{"href":"https:\/\/wp.ufpel.edu.br\/lencibio\/wp-json\/wp\/v2\/pages"}],"about":[{"href":"https:\/\/wp.ufpel.edu.br\/lencibio\/wp-json\/wp\/v2\/types\/page"}],"author":[{"embeddable":true,"href":"https:\/\/wp.ufpel.edu.br\/lencibio\/wp-json\/wp\/v2\/users\/780"}],"replies":[{"embeddable":true,"href":"https:\/\/wp.ufpel.edu.br\/lencibio\/wp-json\/wp\/v2\/comments?post=384"}],"version-history":[{"count":2,"href":"https:\/\/wp.ufpel.edu.br\/lencibio\/wp-json\/wp\/v2\/pages\/384\/revisions"}],"predecessor-version":[{"id":552,"href":"https:\/\/wp.ufpel.edu.br\/lencibio\/wp-json\/wp\/v2\/pages\/384\/revisions\/552"}],"wp:attachment":[{"href":"https:\/\/wp.ufpel.edu.br\/lencibio\/wp-json\/wp\/v2\/media?parent=384"}],"curies":[{"name":"wp","href":"https:\/\/api.w.org\/{rel}","templated":true}]}}